{"id":5473,"date":"2024-01-27T13:31:18","date_gmt":"2024-01-27T12:31:18","guid":{"rendered":"https:\/\/ntnui.no\/tindegruppa\/?page_id=5473"},"modified":"2026-03-21T16:15:55","modified_gmt":"2026-03-21T15:15:55","slug":"for-medlemmer","status":"publish","type":"page","link":"https:\/\/ntnui.no\/tindegruppa\/for-medlemmer\/","title":{"rendered":"For medlemmer"},"content":{"rendered":"\n<div class=\"wp-block-columns alignwide is-layout-flex wp-container-core-columns-is-layout-1 wp-block-columns-is-layout-flex\" style=\"margin-bottom:0\">\n<div class=\"wp-block-column has-text-color has-background has-link-color wp-elements-2d38d8cb9261c62acc369e3b0f5e54f9 is-layout-flow wp-block-column-is-layout-flow\" style=\"color:#000000;background-color:#ffe97d;padding-top:2em;padding-right:2em;padding-bottom:2em;padding-left:2em\">\n<h2 class=\"wp-block-heading\" id=\"single\" style=\"font-size:40px\"><strong><a href=\"https:\/\/ntnui.no\/tindegruppa\/utlan-av-utstyr\/\" data-type=\"page\" data-id=\"1285\">Utstyr<\/a><\/strong><\/h2>\n\n\n\n<hr class=\"wp-block-separator has-text-color has-css-opacity has-background is-style-wide\" style=\"background-color:#000000;color:#000000\" \/>\n\n\n\n<ul class=\"wp-block-list has-normal-font-size\">\n<li>vi har masse utsty til utl\u00e5n s\u00e5 bare l\u00e5ne<\/li>\n\n\n\n<li>yeee<\/li>\n<\/ul>\n<\/div>\n\n\n\n<div class=\"wp-block-column has-text-color has-background has-link-color wp-elements-d2f760564bc962e9d292bed71bef4f75 is-layout-flow wp-block-column-is-layout-flow\" style=\"color:#000000;background-color:#d1d1e1;padding-top:2em;padding-right:2em;padding-bottom:2em;padding-left:2em\">\n<h2 class=\"wp-block-heading\" id=\"family\" style=\"font-size:40px\">R<a href=\"https:\/\/ntnui.no\/tindegruppa\/refusjon-av-reiseutgifter-2\/\" data-type=\"page\" data-id=\"6024\">efusjone<\/a><\/h2>\n\n\n\n<hr class=\"wp-block-separator has-css-opacity is-style-wide\" \/>\n\n\n\n<ul class=\"wp-block-list has-normal-font-size\">\n<li>utbetaling av reseutgifer er god beskrevet p\u00e5 denne siden<\/li>\n\n\n\n<li>hawwww<\/li>\n<\/ul>\n<\/div>\n\n\n\n<div class=\"wp-block-column has-text-color has-background has-link-color wp-elements-17e854fcd73c28798107e43fc84b695f is-layout-flow wp-block-column-is-layout-flow\" style=\"color:#000000;background-color:#c0ebf1;padding-top:2em;padding-right:2em;padding-bottom:2em;padding-left:2em\">\n<h2 class=\"wp-block-heading\" id=\"patron\" style=\"font-size:40px\">Selnes hytta<\/h2>\n\n\n\n<hr class=\"wp-block-separator has-css-opacity is-style-wide\" \/>\n\n\n\n<ul class=\"wp-block-list has-normal-font-size\">\n<li>gratis for tg medlemer og 50 kr for ikke medlem<\/li>\n\n\n\n<li>10 potensielle soveplasser<\/li>\n<\/ul>\n<\/div>\n<\/div>\n\n\n\n<div class=\"wp-block-media-text alignfull has-media-on-the-right is-stacked-on-mobile is-vertically-aligned-center is-style-default\" style=\"grid-template-columns:auto 56%\"><div class=\"wp-block-media-text__content\">\n<h2 class=\"wp-block-heading has-text-color\" style=\"color:#000000\"><strong>Coffe with a friend<\/strong><\/h2>\n\n\n\n<p class=\"has-text-color\" style=\"color:#636363;font-size:17px;line-height:1.1\">sindre kval\u00f8(, espresso 2026)<\/p>\n<\/div><figure class=\"wp-block-media-text__media\"><img loading=\"lazy\" decoding=\"async\" width=\"3648\" height=\"2736\" src=\"https:\/\/ntnui.no\/tindegruppa\/wp-content\/uploads\/sites\/261\/2026\/03\/20260208_165422.jpg\" alt=\"\" class=\"wp-image-7398 size-full\" \/><\/figure><\/div>\n\n\n\n<p><\/p>\n","protected":false},"excerpt":{"rendered":"<p>Utstyr Refusjone Selnes hytta Coffe with a friend sindre kval\u00f8(, espresso 2026)<\/p>\n","protected":false},"author":219,"featured_media":0,"parent":0,"menu_order":0,"comment_status":"closed","ping_status":"closed","template":"","meta":{"_coblocks_attr":"","_coblocks_dimensions":"","_coblocks_responsive_height":"","_coblocks_accordion_ie_support":"","_price":"","_stock":"","_tribe_ticket_header":"","_tribe_default_ticket_provider":"","_tribe_ticket_capacity":"0","_ticket_start_date":"","_ticket_end_date":"","_tribe_ticket_show_description":"","_tribe_ticket_show_not_going":false,"_tribe_ticket_use_global_stock":"","_tribe_ticket_global_stock_level":"","_global_stock_mode":"","_global_stock_cap":"","_tribe_rsvp_for_event":"","_tribe_ticket_going_count":"","_tribe_ticket_not_going_count":"","_tribe_tickets_list":[],"_tribe_ticket_has_attendee_info_fields":false,"footnotes":""},"class_list":["post-5473","page","type-page","status-publish","hentry"],"featured_image_src":null,"featured_image_src_square":null,"ticketed":false,"_links":{"self":[{"href":"https:\/\/ntnui.no\/tindegruppa\/wp-json\/wp\/v2\/pages\/5473","targetHints":{"allow":["GET"]}}],"collection":[{"href":"https:\/\/ntnui.no\/tindegruppa\/wp-json\/wp\/v2\/pages"}],"about":[{"href":"https:\/\/ntnui.no\/tindegruppa\/wp-json\/wp\/v2\/types\/page"}],"author":[{"embeddable":true,"href":"https:\/\/ntnui.no\/tindegruppa\/wp-json\/wp\/v2\/users\/219"}],"replies":[{"embeddable":true,"href":"https:\/\/ntnui.no\/tindegruppa\/wp-json\/wp\/v2\/comments?post=5473"}],"version-history":[{"count":4,"href":"https:\/\/ntnui.no\/tindegruppa\/wp-json\/wp\/v2\/pages\/5473\/revisions"}],"predecessor-version":[{"id":7411,"href":"https:\/\/ntnui.no\/tindegruppa\/wp-json\/wp\/v2\/pages\/5473\/revisions\/7411"}],"wp:attachment":[{"href":"https:\/\/ntnui.no\/tindegruppa\/wp-json\/wp\/v2\/media?parent=5473"}],"curies":[{"name":"wp","href":"https:\/\/api.w.org\/{rel}","templated":true}]}}