{"id":3780,"date":"2021-09-26T13:46:32","date_gmt":"2021-09-26T12:46:32","guid":{"rendered":"https:\/\/ntnui.no\/tindegruppa\/?page_id=3780"},"modified":"2024-09-22T15:36:17","modified_gmt":"2024-09-22T13:36:17","slug":"tindegruppa-biblioteket","status":"publish","type":"page","link":"https:\/\/ntnui.no\/tindegruppa\/tindegruppa-biblioteket\/","title":{"rendered":"Tindegruppa Biblioteket"},"content":{"rendered":"\n<p>Tindegruppa har et bibliotek som TG-medlemmer kan l\u00e5ne fra gratis som inkluderer diverse klatref\u00f8rere og annen klatrelitteratur. B\u00f8kene kan hentes p\u00e5 SIT Gl\u00f8shaugen ved avtale med Utstyrsansvarlig, via <a href=\"mailto:tindegruppa-utstyr@ntnui.no\">e-post<\/a>. Du kan se utvalget her:<\/p>\n\n\n\n<div class=\"wp-block-buttons is-layout-flex wp-block-buttons-is-layout-flex\">\n<div class=\"wp-block-button\"><a class=\"wp-block-button__link\" href=\"https:\/\/docs.google.com\/spreadsheets\/d\/1cGpnDUcFK0o_qbKCOnJaQE6b5FzmQU1H6pMj1oNJ9wM\/edit?usp=sharing\">Biblioteket<\/a><\/div>\n\n\n\n<div class=\"wp-block-button\"><a class=\"wp-block-button__link\" href=\"mailto:pernille.landro@ntnui.no\">Mail<\/a><\/div>\n<\/div>\n","protected":false},"excerpt":{"rendered":"<p>Tindegruppa har et bibliotek som TG-medlemmer kan l\u00e5ne fra gratis som inkluderer diverse klatref\u00f8rere og annen klatrelitteratur. B\u00f8kene kan hentes p\u00e5 SIT Gl\u00f8shaugen ved avtale med Utstyrsansvarlig, via e-post. Du kan se utvalget her:<\/p>\n","protected":false},"author":269,"featured_media":0,"parent":0,"menu_order":0,"comment_status":"closed","ping_status":"closed","template":"","meta":{"_coblocks_attr":"","_coblocks_dimensions":"","_coblocks_responsive_height":"","_coblocks_accordion_ie_support":"","_price":"","_stock":"","_tribe_ticket_header":"","_tribe_default_ticket_provider":"","_tribe_ticket_capacity":"0","_ticket_start_date":"","_ticket_end_date":"","_tribe_ticket_show_description":"","_tribe_ticket_show_not_going":false,"_tribe_ticket_use_global_stock":"","_tribe_ticket_global_stock_level":"","_global_stock_mode":"","_global_stock_cap":"","_tribe_rsvp_for_event":"","_tribe_ticket_going_count":"","_tribe_ticket_not_going_count":"","_tribe_tickets_list":[],"_tribe_ticket_has_attendee_info_fields":false,"footnotes":""},"class_list":["post-3780","page","type-page","status-publish","hentry"],"featured_image_src":null,"featured_image_src_square":null,"ticketed":false,"_links":{"self":[{"href":"https:\/\/ntnui.no\/tindegruppa\/wp-json\/wp\/v2\/pages\/3780","targetHints":{"allow":["GET"]}}],"collection":[{"href":"https:\/\/ntnui.no\/tindegruppa\/wp-json\/wp\/v2\/pages"}],"about":[{"href":"https:\/\/ntnui.no\/tindegruppa\/wp-json\/wp\/v2\/types\/page"}],"author":[{"embeddable":true,"href":"https:\/\/ntnui.no\/tindegruppa\/wp-json\/wp\/v2\/users\/269"}],"replies":[{"embeddable":true,"href":"https:\/\/ntnui.no\/tindegruppa\/wp-json\/wp\/v2\/comments?post=3780"}],"version-history":[{"count":2,"href":"https:\/\/ntnui.no\/tindegruppa\/wp-json\/wp\/v2\/pages\/3780\/revisions"}],"predecessor-version":[{"id":6010,"href":"https:\/\/ntnui.no\/tindegruppa\/wp-json\/wp\/v2\/pages\/3780\/revisions\/6010"}],"wp:attachment":[{"href":"https:\/\/ntnui.no\/tindegruppa\/wp-json\/wp\/v2\/media?parent=3780"}],"curies":[{"name":"wp","href":"https:\/\/api.w.org\/{rel}","templated":true}]}}