{"id":3227,"date":"2021-03-21T15:59:45","date_gmt":"2021-03-21T14:59:45","guid":{"rendered":"https:\/\/ntnui.no\/tindegruppa\/?page_id=3227"},"modified":"2025-01-23T13:18:52","modified_gmt":"2025-01-23T12:18:52","slug":"brattkort-og-brattkorttest","status":"publish","type":"page","link":"https:\/\/ntnui.no\/tindegruppa\/brattkort-og-brattkorttest\/","title":{"rendered":"Brattkort"},"content":{"rendered":"\n<p>For \u00e5 kunne klatre p\u00e5 kommersielle og offentlige klatrevegger i Norge kreves det at man har brattkort. Brattkort er et nasjonalt ferdighetsbevis for de som vil sikre klatrere p\u00e5 innend\u00f8rs klatrevegger. Ved \u00e5 best\u00e5 brattkorttesten har du vist at du behersker de grunnleggende ferdighetene for sikring av andre, b\u00e5de p\u00e5 led og topptau.&nbsp;<\/p>\n\n\n\n<div class=\"wp-block-coblocks-accordion\">\n<div class=\"wp-block-coblocks-accordion-item\"><details><summary class=\"wp-block-coblocks-accordion-item__title\"><strong>Brattkorttesten <\/strong><\/summary><div class=\"wp-block-coblocks-accordion-item__content\">\n<p>Brattkorttesten koster 100 kr. <\/p>\n\n\n\n<p>Testen kan tas mot et gebyr hos de fleste klatresentere som har klatrevegger for tauklatring. Testen kan tas gjennom Tindegruppa selv om man har tatt kurs med en annen klatreklubb\/klatressenter og omvendt.<\/p>\n\n\n\n<p>Se <a href=\"https:\/\/www.youtube.com\/watch?v=7KzhBoks5Sk\" data-type=\"URL\" data-id=\"https:\/\/www.youtube.com\/watch?v=7KzhBoks5Sk\"><strong>brattkortvideoen<\/strong><\/a>  og <a href=\"https:\/\/klatring.no\/brattkortproven\" data-type=\"URL\" data-id=\"https:\/\/klatring.no\/brattkortproven\"><strong>brattkortpr\u00f8ven<\/strong><\/a> til NKF for en oversikt over hvordan brattkorttesten foreg\u00e5r og hva som kreves. <\/p>\n\n\n\n<p>Hvis du kan alt som brattkortpr\u00f8ven krever og kan \u00e5 sikre fra f\u00f8r av er det mulig melde seg opp til testen <a href=\"https:\/\/ntnui.no\/tindegruppa\/grunnkurs-inne\/\" data-type=\"URL\" data-id=\"https:\/\/ntnui.no\/tindegruppa\/grunnkurs-inne\/\">her<\/a>. Hvis ikke anbefales det \u00e5 ta et grunnkurs f\u00f8r man tar pr\u00f8ven. <\/p>\n<\/div><\/details><\/div>\n\n\n\n<div class=\"wp-block-coblocks-accordion-item\"><details><summary class=\"wp-block-coblocks-accordion-item__title\"><strong>Mer info om brattkort<\/strong><\/summary><div class=\"wp-block-coblocks-accordion-item__content\">\n<p>For mer info om brattkort og topptaukort finnes p\u00e5 nettsidene til Norges klatreforbund.<\/p>\n\n\n\n<div style=\"height:35px\" aria-hidden=\"true\" class=\"wp-block-spacer\"><\/div>\n\n\n\n<div class=\"wp-block-buttons is-layout-flex wp-block-buttons-is-layout-flex\">\n<div class=\"wp-block-button\"><a class=\"wp-block-button__link\" href=\"https:\/\/klatring.no\/brattkort-og-topptaukort-2\">NKF<\/a><\/div>\n<\/div>\n<\/div><\/details><\/div>\n\n\n\n<div class=\"wp-block-coblocks-accordion-item\"><details><summary class=\"wp-block-coblocks-accordion-item__title\"><strong>Registrering av brattkort<\/strong><\/summary><div class=\"wp-block-coblocks-accordion-item__content\">\n<p> Hvis du har best\u00e5tt testen og skal registrere brattkort gj\u00f8res dette p\u00e5 brattkompetanse sin nettside.<\/p>\n\n\n\n<p>Pris for registrering er 350,- (pr 1. januar 2025)<\/p>\n\n\n\n<div style=\"height:35px\" aria-hidden=\"true\" class=\"wp-block-spacer\"><\/div>\n\n\n\n<div class=\"wp-block-buttons is-layout-flex wp-block-buttons-is-layout-flex\">\n<div class=\"wp-block-button\"><a class=\"wp-block-button__link\" href=\"https:\/\/www.brattkompetanse.no\/\">Brattkompetanse<\/a><\/div>\n<\/div>\n<\/div><\/details><\/div>\n<\/div>\n\n\n\n<p><\/p>\n\n\n\n<div class=\"wp-block-group is-layout-flow wp-block-group-is-layout-flow\"><div class=\"wp-block-group__inner-container\"><\/div><\/div>\n\n\n","protected":false},"excerpt":{"rendered":"<p>For \u00e5 kunne klatre p\u00e5 kommersielle og offentlige klatrevegger i Norge kreves det at man har brattkort. Brattkort er et nasjonalt ferdighetsbevis for de som vil sikre klatrere p\u00e5 innend\u00f8rs klatrevegger. Ved \u00e5 best\u00e5 brattkorttesten har du vist at du behersker de grunnleggende ferdighetene for sikring av andre, b\u00e5de p\u00e5 led og topptau.&nbsp;<\/p>\n","protected":false},"author":219,"featured_media":0,"parent":0,"menu_order":0,"comment_status":"closed","ping_status":"closed","template":"","meta":{"_coblocks_attr":"","_coblocks_dimensions":"","_coblocks_responsive_height":"","_coblocks_accordion_ie_support":"","_price":"","_stock":"","_tribe_ticket_header":"","_tribe_default_ticket_provider":"","_tribe_ticket_capacity":"0","_ticket_start_date":"","_ticket_end_date":"","_tribe_ticket_show_description":"","_tribe_ticket_show_not_going":false,"_tribe_ticket_use_global_stock":"","_tribe_ticket_global_stock_level":"","_global_stock_mode":"","_global_stock_cap":"","_tribe_rsvp_for_event":"","_tribe_ticket_going_count":"","_tribe_ticket_not_going_count":"","_tribe_tickets_list":[],"_tribe_ticket_has_attendee_info_fields":false,"footnotes":""},"class_list":["post-3227","page","type-page","status-publish","hentry"],"featured_image_src":null,"featured_image_src_square":null,"ticketed":false,"_links":{"self":[{"href":"https:\/\/ntnui.no\/tindegruppa\/wp-json\/wp\/v2\/pages\/3227","targetHints":{"allow":["GET"]}}],"collection":[{"href":"https:\/\/ntnui.no\/tindegruppa\/wp-json\/wp\/v2\/pages"}],"about":[{"href":"https:\/\/ntnui.no\/tindegruppa\/wp-json\/wp\/v2\/types\/page"}],"author":[{"embeddable":true,"href":"https:\/\/ntnui.no\/tindegruppa\/wp-json\/wp\/v2\/users\/219"}],"replies":[{"embeddable":true,"href":"https:\/\/ntnui.no\/tindegruppa\/wp-json\/wp\/v2\/comments?post=3227"}],"version-history":[{"count":13,"href":"https:\/\/ntnui.no\/tindegruppa\/wp-json\/wp\/v2\/pages\/3227\/revisions"}],"predecessor-version":[{"id":6356,"href":"https:\/\/ntnui.no\/tindegruppa\/wp-json\/wp\/v2\/pages\/3227\/revisions\/6356"}],"wp:attachment":[{"href":"https:\/\/ntnui.no\/tindegruppa\/wp-json\/wp\/v2\/media?parent=3227"}],"curies":[{"name":"wp","href":"https:\/\/api.w.org\/{rel}","templated":true}]}}