{"id":3068,"date":"2021-03-03T17:39:12","date_gmt":"2021-03-03T16:39:12","guid":{"rendered":"https:\/\/ntnui.no\/tindegruppa\/?page_id=3068"},"modified":"2026-03-21T16:43:07","modified_gmt":"2026-03-21T15:43:07","slug":"andre-steder-a-klatre-i-trondheim","status":"publish","type":"page","link":"https:\/\/ntnui.no\/tindegruppa\/andre-steder-a-klatre-i-trondheim\/","title":{"rendered":"Inneklatring i Trondheim"},"content":{"rendered":"\n<div class=\"wp-block-group\"><div class=\"wp-block-group__inner-container is-layout-flow wp-block-group-is-layout-flow\">\n<h2 class=\"wp-block-heading has-custom-lineheight\" style=\"line-height:3\">GRIP<\/h2>\n\n\n\n<p>GRIP er den st\u00f8rste akt\u00f8ren for inneklatring i Trondheim med to store og moderne klatresentre med b\u00e5de tauklatring og buldring.<\/p>\n<\/div><\/div>\n\n\n\n<div class=\"wp-block-group\"><div class=\"wp-block-group__inner-container is-layout-flow wp-block-group-is-layout-flow\">\n<h4 class=\"wp-block-heading has-custom-lineheight\" style=\"line-height:3\">GRIP Sluppen<\/h4>\n\n\n\n<p>Senteret best\u00e5r av 2000m2 buldring og 1000m2 med tauklatring. Hovedveggen er 20m h\u00f8y og overhengende s\u00e5 om du skal klatre p\u00e5 den trenger man minst 50m tau. Du finner ogs\u00e5 21 selvsikrere slik at du f\u00e5r klatret selv om du mangler klatrepartner. Det skrues kontinuerlig nye ruter slik at du alltid har noe nytt \u00e5 bryne deg p\u00e5.&nbsp;Sluppen er lett tilgjengelig via sykkel, bil eller buss. En mer detaljert oversikt finnes p\u00e5 nettsidene deres. Tindegruppa sine tirsdagsbuldringer er p\u00e5 Grip Sluppen.<\/p>\n\n\n\n<figure class=\"wp-block-embed-wordpress wp-block-embed is-type-wp-embed is-provider-grip-klatring\"><div class=\"wp-block-embed__wrapper\">\nhttps:\/\/gripklatring.no\/sluppen\/#\n<\/div><\/figure>\n<\/div><\/div>\n\n\n\n<div class=\"wp-block-group\"><div class=\"wp-block-group__inner-container is-layout-flow wp-block-group-is-layout-flow\">\n<h4 class=\"wp-block-heading has-custom-lineheight\" style=\"line-height:3\">GRIP Leangen<\/h4>\n\n\n\n<p>Tauveggene er 17 og 12 meter. P\u00e5 veggen som er 12 meter finner man flere soner med rikelig med selvsikrere. Buldring finner man over to etasjer og her finner man noe \u00e5 buldre p\u00e5 uansett ferdighetsniv\u00e5. Ogs\u00e5 om man aldri har klatret f\u00f8r.&nbsp; Treningsarealet ferdigstilles h\u00f8sten 23 og kommer til \u00e5 ha spraywalls, moonbrett, to kilterbrett og bra med styrkeapparater. Alt der \u00e5pent minus kilterbrettene. P\u00e5 barneromet finner man 26 linjer med selvsikrere og veldig snart en lekeavdeling for de minste. Her kan man etterhvert arrangere barnebursdag. I resepsjonsomr\u00e5det finner man Grip Cafe med mat, drikke og bakevarer. Vi har selvf\u00f8lgelig ogs\u00e5 en klatrebutikk med alt du trenger av klatreutstyr.<\/p>\n\n\n\n<figure class=\"wp-block-embed-wordpress wp-block-embed is-type-wp-embed is-provider-grip-klatring coblocks-animate\" data-coblocks-animation=\"fadeIn\"><div class=\"wp-block-embed__wrapper\">\nhttps:\/\/gripklatring.no\/grip-klatring-leangen\/\n<\/div><\/figure>\n<\/div><\/div>\n\n\n\n<h2 class=\"wp-block-heading has-custom-lineheight\" style=\"line-height:3\">Buld<\/h2>\n\n\n\n<p>UTE.no og Trondheim Buldresenter er blitt til Buld.no gjennom ombygging og utbygging av gamle \u201cUtehallen\u201d.\u00a0<a href=\"https:\/\/buld.no\/\">https:\/\/buld.no\/<\/a><\/p>\n\n\n\n<h2 class=\"wp-block-heading has-custom-lineheight\" style=\"line-height:3\"><\/h2>\n\n\n\n<p><\/p>\n","protected":false},"excerpt":{"rendered":"<p>GRIP GRIP er den st\u00f8rste akt\u00f8ren for inneklatring i Trondheim med to store og moderne klatresentre med b\u00e5de tauklatring og buldring. GRIP Sluppen Senteret best\u00e5r av 2000m2 buldring og 1000m2 med tauklatring. Hovedveggen er 20m h\u00f8y og overhengende s\u00e5 om du skal klatre p\u00e5 den trenger man minst 50m tau. Du finner ogs\u00e5 21 selvsikrere [&hellip;]<\/p>\n","protected":false},"author":269,"featured_media":0,"parent":0,"menu_order":0,"comment_status":"closed","ping_status":"closed","template":"","meta":{"_coblocks_attr":"","_coblocks_dimensions":"","_coblocks_responsive_height":"","_coblocks_accordion_ie_support":"","_price":"","_stock":"","_tribe_ticket_header":"","_tribe_default_ticket_provider":"","_tribe_ticket_capacity":"0","_ticket_start_date":"","_ticket_end_date":"","_tribe_ticket_show_description":"","_tribe_ticket_show_not_going":false,"_tribe_ticket_use_global_stock":"","_tribe_ticket_global_stock_level":"","_global_stock_mode":"","_global_stock_cap":"","_tribe_rsvp_for_event":"","_tribe_ticket_going_count":"","_tribe_ticket_not_going_count":"","_tribe_tickets_list":[],"_tribe_ticket_has_attendee_info_fields":false,"footnotes":""},"class_list":["post-3068","page","type-page","status-publish","hentry"],"featured_image_src":null,"featured_image_src_square":null,"ticketed":false,"_links":{"self":[{"href":"https:\/\/ntnui.no\/tindegruppa\/wp-json\/wp\/v2\/pages\/3068","targetHints":{"allow":["GET"]}}],"collection":[{"href":"https:\/\/ntnui.no\/tindegruppa\/wp-json\/wp\/v2\/pages"}],"about":[{"href":"https:\/\/ntnui.no\/tindegruppa\/wp-json\/wp\/v2\/types\/page"}],"author":[{"embeddable":true,"href":"https:\/\/ntnui.no\/tindegruppa\/wp-json\/wp\/v2\/users\/269"}],"replies":[{"embeddable":true,"href":"https:\/\/ntnui.no\/tindegruppa\/wp-json\/wp\/v2\/comments?post=3068"}],"version-history":[{"count":14,"href":"https:\/\/ntnui.no\/tindegruppa\/wp-json\/wp\/v2\/pages\/3068\/revisions"}],"predecessor-version":[{"id":7436,"href":"https:\/\/ntnui.no\/tindegruppa\/wp-json\/wp\/v2\/pages\/3068\/revisions\/7436"}],"wp:attachment":[{"href":"https:\/\/ntnui.no\/tindegruppa\/wp-json\/wp\/v2\/media?parent=3068"}],"curies":[{"name":"wp","href":"https:\/\/api.w.org\/{rel}","templated":true}]}}