{"id":3052,"date":"2021-03-03T17:26:00","date_gmt":"2021-03-03T16:26:00","guid":{"rendered":"https:\/\/ntnui.no\/tindegruppa\/?page_id=3052"},"modified":"2026-01-09T15:18:10","modified_gmt":"2026-01-09T14:18:10","slug":"kurs","status":"publish","type":"page","link":"https:\/\/ntnui.no\/tindegruppa\/kurs\/","title":{"rendered":"Kurs"},"content":{"rendered":"\n<figure class=\"wp-block-image alignfull size-large\"><img loading=\"lazy\" decoding=\"async\" width=\"1500\" height=\"1000\" src=\"https:\/\/ntnui.no\/tindegruppa\/wp-content\/uploads\/sites\/261\/2021\/09\/2020-10-15_Jolsgard-TG_GK-9_liten.jpg\" alt=\"\" class=\"wp-image-3688\" \/><\/figure>\n\n\n\n<div class=\"wp-block-group\"><div class=\"wp-block-group__inner-container is-layout-flow wp-block-group-is-layout-flow\">\n<p class=\"has-dark-black-color has-text-color\">Tindegruppa holder b\u00e5de kurs for deg som \u00f8nsker \u00e5 starte med tauklatring og for deg som har klatret en stund, og \u00f8nsker \u00e5 l\u00e6re mer. Under finner du en kort oversikt over alle kursene Tindegruppa holder. Nederst p\u00e5 siden er en kursplan for semesteret. Mer informasjon samt registrering for kursene kan finnes p\u00e5 siden til hvert av kursene.<\/p>\n<\/div><\/div>\n\n\n\n<div class=\"wp-block-group\"><div class=\"wp-block-group__inner-container is-layout-flow wp-block-group-is-layout-flow\">\n<div class=\"wp-block-group\"><div class=\"wp-block-group__inner-container is-layout-flow wp-block-group-is-layout-flow\"><\/div><\/div>\n<\/div><\/div>\n\n\n\n<div class=\"wp-block-coblocks-accordion\">\n<div class=\"wp-block-coblocks-accordion-item\"><details><summary class=\"wp-block-coblocks-accordion-item__title has-text-color has-dark-black-color\">Grunnkurs inne<\/summary><div class=\"wp-block-coblocks-accordion-item__content\">\n<p class=\"has-dark-black-color has-text-color\">Grunnkurset er for deg som \u00f8nsker \u00e5 starte med tauklatring og ta brattkort. Kurset gir grunnleggende sikrings og klatrekunnskaper og mulighet for \u00e5 ta brattkorttesten.<\/p>\n\n\n\n<p class=\"has-dark-black-color has-text-color has-custom-weight\" style=\"font-weight:bold\"><a href=\"https:\/\/ntnui.no\/tindegruppa\/grunnkurs-inne\/\" data-type=\"URL\" data-id=\"https:\/\/ntnui.no\/tindegruppa\/grunnkurs-inne\/\">Til siden for grunnkurs<\/a>.<\/p>\n<\/div><\/details><\/div>\n\n\n\n<div class=\"wp-block-coblocks-accordion-item\"><details><summary class=\"wp-block-coblocks-accordion-item__title has-text-color has-dark-black-color\">Kilekurs<\/summary><div class=\"wp-block-coblocks-accordion-item__content\">\n<p class=\"has-dark-black-color has-text-color\">Kilekurs er for deg som har klatret p\u00e5 led b\u00e5de inne og ute og som vil ta steget videre til naturlige sikringer. P\u00e5 kurset l\u00e6rer man klatring p\u00e5 naturlige sikringsmidler og taulagsrutiner ved klatring over flere taulengder.<\/p>\n\n\n\n<p class=\"has-dark-black-color has-text-color\"><strong><a href=\"https:\/\/ntnui.no\/tindegruppa\/kilekurs\/\" data-type=\"page\" data-id=\"3033\">Til siden for kilekurs<\/a><\/strong>.<\/p>\n<\/div><\/details><\/div>\n\n\n\n<div class=\"wp-block-coblocks-accordion-item\"><details><summary class=\"wp-block-coblocks-accordion-item__title has-text-color has-dark-black-color\">Kameratredningskurs<\/summary><div class=\"wp-block-coblocks-accordion-item__content\">\n<p class=\"has-dark-black-color has-text-color\">Kameratredningskurset er for deg som kan \u00e5 klatre p\u00e5 naturlige sikringer og som \u00f8nsker \u00e5 v\u00e6re bedre forberedt hvis det skulle skje et uhell. Kurset skal gi en grundig innf\u00f8ring i kameratredning og h\u00e5ndtering av uhell og ulykker til fjells.<\/p>\n\n\n\n<p class=\"has-dark-black-color has-text-color\"><strong><a href=\"https:\/\/ntnui.no\/tindegruppa\/kameratredningskurs\/\" data-type=\"page\" data-id=\"3038\">Til siden for kameratredningskurs<\/a><\/strong>.<\/p>\n<\/div><\/details><\/div>\n\n\n\n<div class=\"wp-block-coblocks-accordion-item\"><details><summary class=\"wp-block-coblocks-accordion-item__title has-text-color has-dark-black-color\">Klatreinstrukt\u00f8r Inne<\/summary><div class=\"wp-block-coblocks-accordion-item__content\">\n<p class=\"has-dark-black-color has-text-color\">Klatreinstrukt\u00f8r inne kurset er for deg som har klatret en stund og som \u00f8nsker \u00e5 kunne l\u00e6re bort trygg klatring og sikring som en NKF godkjent klatreinstrukt\u00f8r.<\/p>\n\n\n\n<p class=\"has-dark-black-color has-text-color\"><a href=\"https:\/\/ntnui.no\/tindegruppa\/klatreinstruktor-inne\/\" data-type=\"URL\" data-id=\"https:\/\/ntnui.no\/tindegruppa\/klatreinstruktor-inne\/\"><strong>Til siden for klatreinstrukt\u00f8r inne kurs.<\/strong><\/a><\/p>\n<\/div><\/details><\/div>\n\n\n\n<div class=\"wp-block-coblocks-accordion-item\"><details><summary class=\"wp-block-coblocks-accordion-item__title has-text-color has-dark-black-color\">Ruteskruerkurs<\/summary><div class=\"wp-block-coblocks-accordion-item__content\">\n<p class=\"has-dark-black-color has-text-color\">Ruteskruerkurs er for deg som \u00f8nsker \u00e5 skru klatreruter. Du l\u00e6rer deg  grunnleggende tauteknikk knyttet til rutesetting og hva man burde tenke p\u00e5 n\u00e5r man setter opp en ny klatrerute<\/p>\n\n\n\n<p class=\"has-dark-black-color has-text-color\"><strong>Siden er under arbeid.<\/strong><\/p>\n<\/div><\/details><\/div>\n<\/div>\n\n\n\n<p><\/p>\n\n\n\n<div class=\"wp-block-group has-dark-black-color has-text-color\"><div class=\"wp-block-group__inner-container is-layout-flow wp-block-group-is-layout-flow\">\n<h2 class=\"wp-block-heading has-text-align-center\"><span class=\"has-inline-color has-dark-black-color\">Kursplan for semesteret<\/span><\/h2>\n\n\n\n<p>Registrering for hvert kurs blir lagt ut p\u00e5 siden for respektive kurs kl 12:00, 2 uker f\u00f8r kurset skal holdes. (Se tabellen under hvis du er usikker)<\/p>\n\n\n\n<p>P\u00e5 datoene det er grunnkurs vil Helgaseter v\u00e6re (delvis)stengt mellom 17-22.<\/p>\n<\/div><\/div>\n\n\n\n<div class=\"wp-block-group\"><div class=\"wp-block-group__inner-container is-layout-flow wp-block-group-is-layout-flow\">\n<div class=\"wp-block-group alignfull\"><div class=\"wp-block-group__inner-container is-layout-flow wp-block-group-is-layout-flow\">\n<figure class=\"wp-block-table alignfull is-style-stripes\"><table class=\"has-background has-fixed-layout\" style=\"background-color:#f3f4f5\"><thead><tr><th class=\"has-text-align-center\" data-align=\"center\">Kurs<\/th><th class=\"has-text-align-center\" data-align=\"center\">Dato<\/th><th class=\"has-text-align-center\" data-align=\"center\">P\u00e5melding publiseres<\/th><th class=\"has-text-align-center\" data-align=\"center\">Tid<\/th><\/tr><\/thead><tbody><tr><td class=\"has-text-align-center\" data-align=\"center\">Brattkort tester<\/td><td class=\"has-text-align-center\" data-align=\"center\">8. april<\/td><td class=\"has-text-align-center\" data-align=\"center\">1. februar<\/td><td class=\"has-text-align-center\" data-align=\"center\">17.00 &#8211; 19.00<\/td><\/tr><tr><td class=\"has-text-align-center\" data-align=\"center\"><span class=\"has-inline-color has-dark-black-color\">Grunnkurs<\/span> nr.1 <\/td><td class=\"has-text-align-center\" data-align=\"center\">28. og 29. januar<\/td><td class=\"has-text-align-center\" data-align=\"center\">2 uker f\u00f8r<\/td><td class=\"has-text-align-center\" data-align=\"center\"><span class=\"has-inline-color has-dark-black-color\">17:00-22:00<\/span><\/td><\/tr><tr><td class=\"has-text-align-center\" data-align=\"center\"><span class=\"has-inline-color has-dark-black-color\">Grunnkurs <\/span>nr.2<br><\/td><td class=\"has-text-align-center\" data-align=\"center\">2. og 3. februar<\/td><td class=\"has-text-align-center\" data-align=\"center\">2 uker f\u00f8r<\/td><td class=\"has-text-align-center\" data-align=\"center\"><span class=\"has-inline-color has-dark-black-color\">17:00-22:00<\/span><\/td><\/tr><tr><td class=\"has-text-align-center\" data-align=\"center\">Grunnkurs nr.3<\/td><td class=\"has-text-align-center\" data-align=\"center\">25. og 26. februar<\/td><td class=\"has-text-align-center\" data-align=\"center\">2 uker f\u00f8r<\/td><td class=\"has-text-align-center\" data-align=\"center\">17:00-22:00<\/td><\/tr><tr><td class=\"has-text-align-center\" data-align=\"center\">Grunnkurs nr.4<\/td><td class=\"has-text-align-center\" data-align=\"center\">25. og 26. mars<\/td><td class=\"has-text-align-center\" data-align=\"center\">2 uker f\u00f8r<\/td><td class=\"has-text-align-center\" data-align=\"center\">17:00-22:00<\/td><\/tr><tr><td class=\"has-text-align-center\" data-align=\"center\">Grunnkurs nr.5<\/td><td class=\"has-text-align-center\" data-align=\"center\">13. og 14. april<\/td><td class=\"has-text-align-center\" data-align=\"center\">2 uker f\u00f8r<\/td><td class=\"has-text-align-center\" data-align=\"center\">17:00-22:00<\/td><\/tr><tr><td class=\"has-text-align-center\" data-align=\"center\"> Kilekurs nr.1<br><\/td><td class=\"has-text-align-center\" data-align=\"center\">april<\/td><td class=\"has-text-align-center\" data-align=\"center\">tba<\/td><td class=\"has-text-align-center\" data-align=\"center\"><\/td><\/tr><tr><td class=\"has-text-align-center\" data-align=\"center\">Kilekurs nr.2<\/td><td class=\"has-text-align-center\" data-align=\"center\">april\/mai<\/td><td class=\"has-text-align-center\" data-align=\"center\">tba<\/td><td class=\"has-text-align-center\" data-align=\"center\"><\/td><\/tr><tr><td class=\"has-text-align-center\" data-align=\"center\"><\/td><td class=\"has-text-align-center\" data-align=\"center\"><\/td><td class=\"has-text-align-center\" data-align=\"center\"><\/td><td class=\"has-text-align-center\" data-align=\"center\"><\/td><\/tr><tr><td class=\"has-text-align-center\" data-align=\"center\">Instrukt\u00f8rkurs<\/td><td class=\"has-text-align-center\" data-align=\"center\">31.01-01.02<\/td><td class=\"has-text-align-center\" data-align=\"center\"><a href=\"https:\/\/docs.google.com\/forms\/d\/e\/1FAIpQLSdjfAEMHAMHUyZOBJUA97hWBf93QMwiOiiVWWejbd59qWEKRA\/viewform?usp=header\">S\u00f8knad<\/a><\/td><td class=\"has-text-align-center\" data-align=\"center\">09:00-17:00<\/td><\/tr><\/tbody><\/table><\/figure>\n<\/div><\/div>\n<\/div><\/div>\n\n\n\n<p><\/p>\n","protected":false},"excerpt":{"rendered":"<p>Tindegruppa holder b\u00e5de kurs for deg som \u00f8nsker \u00e5 starte med tauklatring og for deg som har klatret en stund, og \u00f8nsker \u00e5 l\u00e6re mer. Under finner du en kort oversikt over alle kursene Tindegruppa holder. Nederst p\u00e5 siden er en kursplan for semesteret. Mer informasjon samt registrering for kursene kan finnes p\u00e5 siden til [&hellip;]<\/p>\n","protected":false},"author":219,"featured_media":0,"parent":0,"menu_order":0,"comment_status":"closed","ping_status":"closed","template":"","meta":{"_coblocks_attr":"","_coblocks_dimensions":"","_coblocks_responsive_height":"","_coblocks_accordion_ie_support":"","_price":"","_stock":"","_tribe_ticket_header":"","_tribe_default_ticket_provider":"","_tribe_ticket_capacity":"0","_ticket_start_date":"","_ticket_end_date":"","_tribe_ticket_show_description":"","_tribe_ticket_show_not_going":false,"_tribe_ticket_use_global_stock":"","_tribe_ticket_global_stock_level":"","_global_stock_mode":"","_global_stock_cap":"","_tribe_rsvp_for_event":"","_tribe_ticket_going_count":"","_tribe_ticket_not_going_count":"","_tribe_tickets_list":[],"_tribe_ticket_has_attendee_info_fields":false,"footnotes":""},"class_list":["post-3052","page","type-page","status-publish","hentry"],"featured_image_src":null,"featured_image_src_square":null,"ticketed":false,"_links":{"self":[{"href":"https:\/\/ntnui.no\/tindegruppa\/wp-json\/wp\/v2\/pages\/3052","targetHints":{"allow":["GET"]}}],"collection":[{"href":"https:\/\/ntnui.no\/tindegruppa\/wp-json\/wp\/v2\/pages"}],"about":[{"href":"https:\/\/ntnui.no\/tindegruppa\/wp-json\/wp\/v2\/types\/page"}],"author":[{"embeddable":true,"href":"https:\/\/ntnui.no\/tindegruppa\/wp-json\/wp\/v2\/users\/219"}],"replies":[{"embeddable":true,"href":"https:\/\/ntnui.no\/tindegruppa\/wp-json\/wp\/v2\/comments?post=3052"}],"version-history":[{"count":78,"href":"https:\/\/ntnui.no\/tindegruppa\/wp-json\/wp\/v2\/pages\/3052\/revisions"}],"predecessor-version":[{"id":7024,"href":"https:\/\/ntnui.no\/tindegruppa\/wp-json\/wp\/v2\/pages\/3052\/revisions\/7024"}],"wp:attachment":[{"href":"https:\/\/ntnui.no\/tindegruppa\/wp-json\/wp\/v2\/media?parent=3052"}],"curies":[{"name":"wp","href":"https:\/\/api.w.org\/{rel}","templated":true}]}}