{"id":3047,"date":"2021-03-21T16:00:50","date_gmt":"2021-03-21T15:00:50","guid":{"rendered":"https:\/\/ntnui.no\/tindegruppa\/?page_id=3047"},"modified":"2024-02-20T13:16:43","modified_gmt":"2024-02-20T12:16:43","slug":"instruktor-for-tg","status":"publish","type":"page","link":"https:\/\/ntnui.no\/tindegruppa\/instruktor-for-tg\/","title":{"rendered":"Instrukt\u00f8r for TG"},"content":{"rendered":"\n<h3 class=\"wp-block-heading\">Allerede instrukt\u00f8r?<\/h3>\n\n\n\n<p>\u00d8nsker du \u00e5 holde kurs for Tindegruppa? Er du klatreleder inne eller har tatt en h\u00f8yere instrukt\u00f8r utdanning? Ta kontakt med <a href=\"mailto:tindegruppa-kurs@ntnui.no\"><strong>kursansvarlig<\/strong><\/a> hvis du \u00f8nsker \u00e5 holde kurs i regi av tindegruppa og bli en del av instrukt\u00f8rgruppa v\u00e5r.<\/p>\n\n\n\n<h3 class=\"wp-block-heading\">Bli klatreinstrukt\u00f8r inne<\/h3>\n\n\n\n<p>Hvis du \u00f8nsker \u00e5 bli NKF godkjent instrukt\u00f8r holder Tindegruppa klatreinstrukt\u00f8r-inne kurs. Se <strong>klatreinstrukt\u00f8r-inne<\/strong> for mer informasjon og registrering. Hvis Tindegruppa ikke holder kurs dette semesteret er det mulig \u00e5 ta kurset gjennom <a href=\"https:\/\/gripklatring.no\/kurs-2\/\" data-type=\"URL\" data-id=\"https:\/\/gripklatring.no\/kurs-2\/\"><strong>Grip Klatring<\/strong><\/a>. <\/p>\n\n\n\n<h3 class=\"wp-block-heading\">Utdanning som NF instrukt\u00f8r<\/h3>\n\n\n\n<p>Er du student, har mye erfaring med kileklatring og \u00f8nsker \u00e5 bli NF godkjent instrukt\u00f8r? Da vil gjerne Tindegruppa bli med p\u00e5 laget! Ta kontakt med <a href=\"mailto:tindegruppa-kurs@ntnui.no\"><strong>kursansvarlig<\/strong><\/a> om du er interessert i at tindegruppa skal hjelpe deg p\u00e5 veien. Hvis du lurer p\u00e5 om du er kvalifisert til \u00e5 bli NF godkjent instrukt\u00f8r og hvilke muligheter man har som instrukt\u00f8r finnes info om dette p\u00e5 <a href=\"https:\/\/fjellsportforum.no\/\" data-type=\"URL\" data-id=\"https:\/\/fjellsportforum.no\/\"><strong>Norsk Fjellsportforum<\/strong><\/a> sine nettsider. <\/p>\n\n\n\n<h3 class=\"wp-block-heading\">Videreutdanning som NKF instrukt\u00f8r<\/h3>\n\n\n\n<p>Er du student, har mye erfaring som NKF instrukt\u00f8r og \u00f8nsker \u00e5 g\u00e5 videre i trenerl\u00f8ypa til NKF? Da vil gjerne Tindegruppa bli med p\u00e5 laget! Ta kontakt med <a href=\"mailto:tindegruppa-kurs@ntnui.no\"><strong>kursansvarlig<\/strong><\/a> om du er interessert i at tindegruppa skal hjelpe deg p\u00e5 veien. Hvis du lurer p\u00e5 om du er kvalifisert til \u00e5 bli NKF trener og hva dette inneb\u00e6rer finnes info om dette p\u00e5 <a href=\"https:\/\/fjellsportforum.no\/\"><strong>NKF<\/strong><\/a> sine nettsider.<\/p>\n","protected":false},"excerpt":{"rendered":"<p>Allerede instrukt\u00f8r? \u00d8nsker du \u00e5 holde kurs for Tindegruppa? Er du klatreleder inne eller har tatt en h\u00f8yere instrukt\u00f8r utdanning? Ta kontakt med kursansvarlig hvis du \u00f8nsker \u00e5 holde kurs i regi av tindegruppa og bli en del av instrukt\u00f8rgruppa v\u00e5r. Bli klatreinstrukt\u00f8r inne Hvis du \u00f8nsker \u00e5 bli NKF godkjent instrukt\u00f8r holder Tindegruppa klatreinstrukt\u00f8r-inne [&hellip;]<\/p>\n","protected":false},"author":219,"featured_media":0,"parent":0,"menu_order":0,"comment_status":"closed","ping_status":"closed","template":"","meta":{"_coblocks_attr":"","_coblocks_dimensions":"","_coblocks_responsive_height":"","_coblocks_accordion_ie_support":"","_price":"","_stock":"","_tribe_ticket_header":"","_tribe_default_ticket_provider":"","_tribe_ticket_capacity":"0","_ticket_start_date":"","_ticket_end_date":"","_tribe_ticket_show_description":"","_tribe_ticket_show_not_going":false,"_tribe_ticket_use_global_stock":"","_tribe_ticket_global_stock_level":"","_global_stock_mode":"","_global_stock_cap":"","_tribe_rsvp_for_event":"","_tribe_ticket_going_count":"","_tribe_ticket_not_going_count":"","_tribe_tickets_list":[],"_tribe_ticket_has_attendee_info_fields":false,"footnotes":""},"class_list":["post-3047","page","type-page","status-publish","hentry"],"featured_image_src":null,"featured_image_src_square":null,"ticketed":false,"_links":{"self":[{"href":"https:\/\/ntnui.no\/tindegruppa\/wp-json\/wp\/v2\/pages\/3047","targetHints":{"allow":["GET"]}}],"collection":[{"href":"https:\/\/ntnui.no\/tindegruppa\/wp-json\/wp\/v2\/pages"}],"about":[{"href":"https:\/\/ntnui.no\/tindegruppa\/wp-json\/wp\/v2\/types\/page"}],"author":[{"embeddable":true,"href":"https:\/\/ntnui.no\/tindegruppa\/wp-json\/wp\/v2\/users\/219"}],"replies":[{"embeddable":true,"href":"https:\/\/ntnui.no\/tindegruppa\/wp-json\/wp\/v2\/comments?post=3047"}],"version-history":[{"count":11,"href":"https:\/\/ntnui.no\/tindegruppa\/wp-json\/wp\/v2\/pages\/3047\/revisions"}],"predecessor-version":[{"id":5549,"href":"https:\/\/ntnui.no\/tindegruppa\/wp-json\/wp\/v2\/pages\/3047\/revisions\/5549"}],"wp:attachment":[{"href":"https:\/\/ntnui.no\/tindegruppa\/wp-json\/wp\/v2\/media?parent=3047"}],"curies":[{"name":"wp","href":"https:\/\/api.w.org\/{rel}","templated":true}]}}