{"id":3042,"date":"2022-01-12T22:43:09","date_gmt":"2022-01-12T21:43:09","guid":{"rendered":"https:\/\/ntnui.no\/tindegruppa\/?page_id=3042"},"modified":"2026-01-09T15:18:58","modified_gmt":"2026-01-09T14:18:58","slug":"klatreinstruktor-inne","status":"publish","type":"page","link":"https:\/\/ntnui.no\/tindegruppa\/klatreinstruktor-inne\/","title":{"rendered":"Klatreinstrukt\u00f8r inne"},"content":{"rendered":"\n<h3 class=\"wp-block-heading\">Hva er et klatreinstrukt\u00f8r inne kurs?<\/h3>\n\n\n\n<p>Klatreinstrukt\u00f8r inne er et kompetansegivende kurs for \u00e5 bli NKF-godkjent instrukt\u00f8r. Kurset holdes for \u00e5 sikre at grunnkurs og andre klatreaktiviteter holdes p\u00e5 en sikker og bra m\u00e5te. Klatreinstrukt\u00f8r inne er ogs\u00e5 opptakskrav til trenerutdanningen i klatring, og gj\u00f8r ogs\u00e5 at man kan ta et kortere Sport 1-kurs. <\/p>\n\n\n\n<h3 class=\"wp-block-heading\">Hvorfor arrangerer TG kurset?<\/h3>\n\n\n\n<p>TG bruker kurset som en mulighet for \u00e5 rekruttere dere til \u00e5 bli instrukt\u00f8rer for TG og ta del i instrukt\u00f8rgruppa v\u00e5r. Som en del av instrukt\u00f8rgruppa er man med p\u00e5 \u00e5 l\u00e6re bort klatring p\u00e5 en trygg og sikker m\u00e5te til en studentvennlig pris. I tillegg er det en god mulighet for bidra til et bra studentklatremilj\u00f8!<\/p>\n\n\n\n<h3 class=\"wp-block-heading\">Praktisk info om kurset:<\/h3>\n\n\n\n<p class=\"mb-0 pb-0 mt-0 pt-0\"><strong>Pris:<\/strong> 800 kr avhengig av antall deltakere.<\/p>\n\n\n\n<p class=\"mb-0 pb-0 mt-0 pt-0\"><strong>Tid<\/strong>: Kurset vil foreg\u00e5 over tre kvelder med til sammen 16 timer utdanning.<\/p>\n\n\n\n<p><strong>Hvor:<\/strong> Klatrehallen p\u00e5 Dragvoll idrettssenter, Loholt alle 81, 7049 Trondheim.<\/p>\n\n\n\n<p><strong>Forkunnskaper og ferdigheter:<\/strong> Tilsvarende 12 mnd erfaring fra klatring. Man m\u00e5 kunne lede kursruter (grad 4\/5) sikkert og metodisk. Grunnleggende metoder for sikring p\u00e5 led og topptau m\u00e5 beherskes fullt ut og man m\u00e5 v\u00e6re komfortabel med \u00e5 falle og sikre fall p\u00e5 led. M\u00e5 ha hatt brattkort i hvertfall 1 \u00e5r. <\/p>\n\n\n\n<p><strong>Utstyr:<\/strong> Personlig utstyr som sele, sko, brems. <\/p>\n\n\n\n<p class=\"mb-0 pb-0 mt-0 pt-0\"><strong>Krav:<\/strong>  &nbsp;<\/p>\n\n\n\n<ul class=\"wp-block-list\">\n<li>Man m\u00e5 ha brattkort.<\/li>\n\n\n\n<li>Det kreves at du er medlem av NTNUI og TG for \u00e5 ta v\u00e5re kurs.\u00a0<\/li>\n\n\n\n<li>24 timer praksis i etterkant av kurset.<\/li>\n\n\n\n<li>At man blir en del av instrukt\u00f8r gruppa til TG og binder seg til \u00e5 v\u00e6re med p\u00e5 2 kurs. Et kurs for \u00e5 &#8220;observere&#8221; og et som assistent der man selv er ansvarlig instrukt\u00f8r. Dette vil omtrentlig tilsvare de 24 timene med praksis som er p\u00e5lagt fra NKF.<\/li>\n\n\n\n<li>At man bidrar med \u00e5 arrangere brattkorttester.<\/li>\n<\/ul>\n\n\n\n<h3 class=\"wp-block-heading\"><strong>M\u00e5l for kurset:<\/strong><\/h3>\n\n\n\n<ul class=\"wp-block-list\">\n<li>Ha en grundig forst\u00e5else av standard metodesett ved innend\u00f8rs klatring, herunder knuter, bruk av taubrems, bruk av kortslynger, sikringskjeden og toppanker, og evne til \u00e5 bruke og vurdere dette.<\/li>\n\n\n\n<li>Kunne formidle de ulike l\u00e6ringsmomentene p\u00e5 et innend\u00f8rs klatrekurs (Grunnkurs i innend\u00f8rs klatring) til nybegynnere p\u00e5 en trygg, sikker og pedagogisk m\u00e5te.<\/li>\n\n\n\n<li>Kjenne og mestre utstyr som blir brukt og kunne gj\u00f8re rede for feil bruk og konsekvensene av dette. <\/li>\n<\/ul>\n\n\n\n<h3 class=\"wp-block-heading\">Med klatreinstrukt\u00f8r inne kan man:<\/h3>\n\n\n\n<ul class=\"wp-block-list\">\n<li>v\u00e6re instrukt\u00f8r og kursleder p\u00e5 grunnleggende klatrekurs innend\u00f8rs (grunnkurs inne\/nybegynnerkurs).<\/li>\n\n\n\n<li>organisere\/lede klatreaktiviteter med tau innend\u00f8rs.<\/li>\n\n\n\n<li>gjennomf\u00f8re brattkorttest.<\/li>\n\n\n\n<li>bidra til et sikkert studentklatremilj\u00f8.<\/li>\n<\/ul>\n\n\n\n<h3 class=\"wp-block-heading\">Registrering<\/h3>\n\n\n\n<p>Mer informasjon om kurset ligger p\u00e5 NKF sine nettsider:  <\/p>\n\n\n\n<div class=\"wp-block-buttons is-layout-flex wp-block-buttons-is-layout-flex\">\n<div class=\"wp-block-button\"><a class=\"wp-block-button__link wp-element-button\" href=\"https:\/\/klatring.no\/klatreinstruktor-inne\" target=\"_blank\" rel=\"noreferrer noopener\">NKF Klatreinstrukt\u00f8r inne<\/a><\/div>\n<\/div>\n\n\n","protected":false},"excerpt":{"rendered":"<p>Hva er et klatreinstrukt\u00f8r inne kurs? Klatreinstrukt\u00f8r inne er et kompetansegivende kurs for \u00e5 bli NKF-godkjent instrukt\u00f8r. Kurset holdes for \u00e5 sikre at grunnkurs og andre klatreaktiviteter holdes p\u00e5 en sikker og bra m\u00e5te. Klatreinstrukt\u00f8r inne er ogs\u00e5 opptakskrav til trenerutdanningen i klatring, og gj\u00f8r ogs\u00e5 at man kan ta et kortere Sport 1-kurs. Hvorfor [&hellip;]<\/p>\n","protected":false},"author":219,"featured_media":0,"parent":0,"menu_order":0,"comment_status":"closed","ping_status":"closed","template":"","meta":{"_coblocks_attr":"","_coblocks_dimensions":"","_coblocks_responsive_height":"","_coblocks_accordion_ie_support":"","_price":"","_stock":"","_tribe_ticket_header":"","_tribe_default_ticket_provider":"","_tribe_ticket_capacity":"0","_ticket_start_date":"","_ticket_end_date":"","_tribe_ticket_show_description":"","_tribe_ticket_show_not_going":false,"_tribe_ticket_use_global_stock":"","_tribe_ticket_global_stock_level":"","_global_stock_mode":"","_global_stock_cap":"","_tribe_rsvp_for_event":"","_tribe_ticket_going_count":"","_tribe_ticket_not_going_count":"","_tribe_tickets_list":[],"_tribe_ticket_has_attendee_info_fields":false,"footnotes":""},"class_list":["post-3042","page","type-page","status-publish","hentry"],"featured_image_src":null,"featured_image_src_square":null,"ticketed":false,"_links":{"self":[{"href":"https:\/\/ntnui.no\/tindegruppa\/wp-json\/wp\/v2\/pages\/3042","targetHints":{"allow":["GET"]}}],"collection":[{"href":"https:\/\/ntnui.no\/tindegruppa\/wp-json\/wp\/v2\/pages"}],"about":[{"href":"https:\/\/ntnui.no\/tindegruppa\/wp-json\/wp\/v2\/types\/page"}],"author":[{"embeddable":true,"href":"https:\/\/ntnui.no\/tindegruppa\/wp-json\/wp\/v2\/users\/219"}],"replies":[{"embeddable":true,"href":"https:\/\/ntnui.no\/tindegruppa\/wp-json\/wp\/v2\/comments?post=3042"}],"version-history":[{"count":21,"href":"https:\/\/ntnui.no\/tindegruppa\/wp-json\/wp\/v2\/pages\/3042\/revisions"}],"predecessor-version":[{"id":7025,"href":"https:\/\/ntnui.no\/tindegruppa\/wp-json\/wp\/v2\/pages\/3042\/revisions\/7025"}],"wp:attachment":[{"href":"https:\/\/ntnui.no\/tindegruppa\/wp-json\/wp\/v2\/media?parent=3042"}],"curies":[{"name":"wp","href":"https:\/\/api.w.org\/{rel}","templated":true}]}}