{"id":3038,"date":"2021-03-03T18:02:24","date_gmt":"2021-03-03T17:02:24","guid":{"rendered":"https:\/\/ntnui.no\/tindegruppa\/?page_id=3038"},"modified":"2025-04-23T13:48:35","modified_gmt":"2025-04-23T11:48:35","slug":"kameratredningskurs","status":"publish","type":"page","link":"https:\/\/ntnui.no\/tindegruppa\/kameratredningskurs\/","title":{"rendered":"Kameratredningskurs"},"content":{"rendered":"\n<h3 class=\"wp-block-heading\">Hva er et kameratredningskurs?<\/h3>\n\n\n\n<p>Kameratredningskurs er et viderekommende, utend\u00f8rs kurs med fokus p\u00e5 metoder for kameratredning n\u00e5r det skjer ulykker i fjellet. Kurset er rettet mot de som klatrer p\u00e5 naturlige sikringer og deg som planlegger \u00e5 bli NF-instrukt\u00f8r.&nbsp;Kurset skal gj\u00f8re deltakerne i stand til \u00e5 h\u00e5ndtere ulike metoder for kameratredning i realistiske situasjoner p\u00e5 klatretur. Det er ikke forbeholdt instrukt\u00f8rer, og heller ikke kompetansegivende. NKF anbefaler alle som vil bli NF-godkjente instrukt\u00f8rer \u00e5 ta dette kurset i forkant av metodekurset.<\/p>\n\n\n\n<h3 class=\"wp-block-heading\">Praktisk info om kurset<\/h3>\n\n\n\n<p class=\"mb-0 pb-0 mt-0 pt-0\"><strong>Pris:<\/strong> 1750 kroner<\/p>\n\n\n\n<p class=\"mb-0 pb-0 mt-0 pt-0\"><strong>Tidspunkt:<\/strong> Kurset g\u00e5r over ei helg, fra fredag ettermiddag til s\u00f8ndag en gang. N\u00e6rmere tidspunkt for avreise avklares med instrukt\u00f8rer og andre deltakere. <\/p>\n\n\n\n<p><strong>Hvor:<\/strong> Kaldklova (Agdenes) (Eventuelt andre egnede klatrefelt i regionen)<\/p>\n\n\n\n<p><strong>Forkunnskaper:<\/strong> Deltakerne b\u00f8r ha nok erfaring med leding p\u00e5 naturlige sikringer til at alt fokuset kan ligge p\u00e5 redningsmetodene og IKKE p\u00e5 grunnleggende teknikker\/metoder for klatring p\u00e5 naturlige sikringer.<\/p>\n\n\n\n<p>Deltakere <strong>m\u00e5<\/strong> v\u00e6re komfortabel med \u00e5 lede enkle ruter p\u00e5 grad 4 p\u00e5 egne (naturlige) sikringer, og v\u00e6re komfortabel med \u00e5 bygge standplass med egne sikringer.<\/p>\n\n\n\n<p class=\"mb-0 pb-0 mt-0 pt-0\"><strong>Krav: <\/strong>Det kreves at man er medlem av NTNUI og TG for \u00e5 ta v\u00e5re kurs.&nbsp;<\/p>\n\n\n\n<p><strong>Utstyr:<\/strong> Tindegruppa stiller ikke med alt n\u00f8dvendig utstyr. Kursavgift dekker bare selve kurset. Du m\u00e5 selv stille med noe av utstyret:<\/p>\n\n\n\n<p>Klaterutstyr (si ifra til hvis dere ikke f\u00e5r tak i noe p\u00e5 lista):<\/p>\n\n\n\n<ul class=\"wp-block-list\">\n<li>Klatrehjelm<\/li>\n\n\n\n<li>Klatresele<\/li>\n\n\n\n<li>Klatresko (Noen som funker bra p\u00e5 sva)<\/li>\n\n\n\n<li>Taubrems (med guidefunksjon)<\/li>\n\n\n\n<li>3 eller flere l\u00e5sekarabinere<\/li>\n\n\n\n<li>2 eller flere klemknuteslynger (6mm)<\/li>\n\n\n\n<li>2 eller flere 120 (og eller 240) cm langslynger<\/li>\n\n\n\n<li>Et lite utvalg vanlige karabinere uten l\u00e5s<\/li>\n<\/ul>\n\n\n\n<p>Generelt utstyr:<\/p>\n\n\n\n<ul class=\"wp-block-list\">\n<li>Kl\u00e6r etter v\u00e6ret<\/li>\n\n\n\n<li>Fjellsko\/anmarsjsko<\/li>\n\n\n\n<li>Hodelykt<\/li>\n\n\n\n<li>Vann. Det er vanskelig \u00e5 finne ferskvann n\u00e6r feltet s\u00e5 ta med mye vann!<\/li>\n\n\n\n<li>F\u00f8rstehjelpsutstyr<\/li>\n\n\n\n<li>Overnattingsutstyr &#8211; Telt, Liggeunderlag og sovepose.<\/li>\n\n\n\n<li>Mat og drikke til 2,5 dager i camp<\/li>\n\n\n\n<li>Vedsekk er heller ikke dumt<\/li>\n<\/ul>\n\n\n\n<h3 class=\"wp-block-heading\">M\u00e5l for kurset<\/h3>\n\n\n\n<p>-\u00c5 bli kjent med metoder og teknikker for \u00e5 kunne redde ut deg selv og din<br>taulagskamerat fra vanskelige situasjoner i fjellet, i tillegg til ferdigheter og kunnskap for \u00e5 forhindre slike situasjoner. Samtidig begynne \u00e5 jobbe med evnen \u00e5 improvisere ved hjelp av basis metoder. <\/p>\n\n\n\n<h2 class=\"wp-block-heading\">P\u00e5melding\/kj\u00f8p av kurs<\/h2>\n\n\n\n<p>Hvis det ikke vises noen kurs under er det fordi de ikke er lagt ut for registrering\/kj\u00f8p enda. Se kursplan for n\u00e5r dette skjer.<\/p>\n\n\n","protected":false},"excerpt":{"rendered":"<p>Hva er et kameratredningskurs? Kameratredningskurs er et viderekommende, utend\u00f8rs kurs med fokus p\u00e5 metoder for kameratredning n\u00e5r det skjer ulykker i fjellet. Kurset er rettet mot de som klatrer p\u00e5 naturlige sikringer og deg som planlegger \u00e5 bli NF-instrukt\u00f8r.&nbsp;Kurset skal gj\u00f8re deltakerne i stand til \u00e5 h\u00e5ndtere ulike metoder for kameratredning i realistiske situasjoner p\u00e5 [&hellip;]<\/p>\n","protected":false},"author":219,"featured_media":0,"parent":0,"menu_order":0,"comment_status":"closed","ping_status":"closed","template":"","meta":{"_coblocks_attr":"","_coblocks_dimensions":"","_coblocks_responsive_height":"","_coblocks_accordion_ie_support":"","_price":"","_stock":"","_tribe_ticket_header":"","_tribe_default_ticket_provider":"","_tribe_ticket_capacity":"0","_ticket_start_date":"","_ticket_end_date":"","_tribe_ticket_show_description":"","_tribe_ticket_show_not_going":false,"_tribe_ticket_use_global_stock":"","_tribe_ticket_global_stock_level":"","_global_stock_mode":"","_global_stock_cap":"","_tribe_rsvp_for_event":"","_tribe_ticket_going_count":"","_tribe_ticket_not_going_count":"","_tribe_tickets_list":[],"_tribe_ticket_has_attendee_info_fields":false,"footnotes":""},"class_list":["post-3038","page","type-page","status-publish","hentry"],"featured_image_src":null,"featured_image_src_square":null,"ticketed":false,"_links":{"self":[{"href":"https:\/\/ntnui.no\/tindegruppa\/wp-json\/wp\/v2\/pages\/3038","targetHints":{"allow":["GET"]}}],"collection":[{"href":"https:\/\/ntnui.no\/tindegruppa\/wp-json\/wp\/v2\/pages"}],"about":[{"href":"https:\/\/ntnui.no\/tindegruppa\/wp-json\/wp\/v2\/types\/page"}],"author":[{"embeddable":true,"href":"https:\/\/ntnui.no\/tindegruppa\/wp-json\/wp\/v2\/users\/219"}],"replies":[{"embeddable":true,"href":"https:\/\/ntnui.no\/tindegruppa\/wp-json\/wp\/v2\/comments?post=3038"}],"version-history":[{"count":16,"href":"https:\/\/ntnui.no\/tindegruppa\/wp-json\/wp\/v2\/pages\/3038\/revisions"}],"predecessor-version":[{"id":6585,"href":"https:\/\/ntnui.no\/tindegruppa\/wp-json\/wp\/v2\/pages\/3038\/revisions\/6585"}],"wp:attachment":[{"href":"https:\/\/ntnui.no\/tindegruppa\/wp-json\/wp\/v2\/media?parent=3038"}],"curies":[{"name":"wp","href":"https:\/\/api.w.org\/{rel}","templated":true}]}}