{"id":3033,"date":"2021-03-02T08:32:39","date_gmt":"2021-03-02T07:32:39","guid":{"rendered":"https:\/\/ntnui.no\/tindegruppa\/?page_id=3033"},"modified":"2023-09-20T20:26:18","modified_gmt":"2023-09-20T18:26:18","slug":"kilekurs","status":"publish","type":"page","link":"https:\/\/ntnui.no\/tindegruppa\/kilekurs\/","title":{"rendered":"Kilekurs"},"content":{"rendered":"\n<h3 class=\"wp-block-heading\">Hva er et kilekurs?<\/h3>\n\n\n\n<p>Et kilekurs, ogs\u00e5 kalt tradkurs, er et viderekommende utend\u00f8rs klatrekurs med fokus p\u00e5 sikring og sikker klatring p\u00e5 naturlige sikringer i fjellet. <\/p>\n\n\n\n<h3 class=\"wp-block-heading\">Praktisk info om kurset<\/h3>\n\n\n\n<p class=\"mb-0 pb-0 mt-0 pt-0\"><strong>Pris:<\/strong> 1500 kroner<\/p>\n\n\n\n<p class=\"mb-0 pb-0 mt-0 pt-0\"><strong>Tidspunkt:<\/strong> Oppm\u00f8te for kurset er kl 16:00 (dette kan variere, se mail dere f\u00e5r fra instrukt\u00f8r f\u00f8r kurset) utenfor hovedbygget p\u00e5 Gl\u00f8shaugen (Galtvort). Kurset g\u00e5r over ei helg og hjemreise blir p\u00e5 s\u00f8ndag en gang. Tidspunktet avhenger av hvor gira deltakerne er og hvor bra v\u00e6r det er. <\/p>\n\n\n\n<p><strong>Hvor:<\/strong> Kaldklova i Agdenes kommune.<\/p>\n\n\n\n<p><strong>Forkunnskaper:<\/strong> Deltagere m\u00e5 ha en del erfaring med klatring fra f\u00f8r. <strong>Deltagere b\u00f8r sikkert og metodisk lede grad 5 p\u00e5 bolta ruter.<\/strong><\/p>\n\n\n\n<p class=\"mb-0 pb-0 mt-0 pt-0\"><strong>Brattkort:<\/strong> Alle deltakere m\u00e5 ha brattkort for \u00e5 ta dette kurset.<\/p>\n\n\n\n<p class=\"mb-0 pb-0 mt-0 pt-0\"> <strong>Krav: <\/strong>Det kreves at man er medlem av NTNUI og TG for \u00e5 ta v\u00e5re kurs.&nbsp;Deltagere m\u00e5 v\u00e6re 18 \u00e5r. <strong>Igjen, alle deltakere m\u00e5 ha brattkort<\/strong>.<\/p>\n\n\n\n<p><strong>Utstyr:<\/strong> Tindegruppa stiller ikke med alt n\u00f8dvendig utstyr. Kursavgift dekker bare selve kurset. Men som TG medlem f\u00e5r du 20% p\u00e5 VPG. Du m\u00e5 selv stille med noe av utstyret:<\/p>\n\n\n\n<p>Klaterutstyr som m\u00e5 tas med:<\/p>\n\n\n\n<ul class=\"wp-block-list\"><li>Klatrehjelm<\/li><li>Klatresele<\/li><li>Klatresko<\/li><li>Taubrems (helst av typen atc guidebrems)<\/li><li>60 meter klatretau (tg kan stille med noe)<\/li><li>3x vanlig karabinere<\/li><li>3x skrukarabinere<\/li><li>240 cm slynge<\/li><li>120 cm slynge<\/li><li>Hvis du har s\u00e5 ta med naturlige sikringsmidler selv &#8211; kiler, kamkiler &#8230;<\/li><\/ul>\n\n\n\n<p>Generelt utstyr:<\/p>\n\n\n\n<ul class=\"wp-block-list\"><li>Kl\u00e6r etter v\u00e6ret<\/li><li>Fjellsko\/anmarsjsko<\/li><li>Camputstyr (telt, liggeunderlag &#8230;)<\/li><li>Hodelykt<\/li><li>Vann. Det er vanskelig \u00e5 finne ferskvann n\u00e6r feltet s\u00e5 ta med mye vann!<\/li><\/ul>\n\n\n\n<h3 class=\"wp-block-heading\">M\u00e5l for kurset<\/h3>\n\n\n\n<p>-V\u00e6re i stand til \u00e5 f\u00f8lge som toer p\u00e5 ruter av samme type som benyttes p\u00e5 kurset.  <\/p>\n\n\n\n<p>-Kunne bruke naturlige sikringsmidler p\u00e5 en sikker m\u00e5te p\u00e5 lignende ruter.<\/p>\n\n\n\n<p>-Kunne grunnleggende taulagsrutiner for klatring p\u00e5 en og flerlengdes klatreruter.<\/p>\n\n\n\n<p>-Ha en forst\u00e5else av viktige problemstillinger; kommunikasjon, sikring, hva det inneb\u00e6rer \u00e5 lede, sikkerhetsvurderinger, klatreetikk og mer.<\/p>\n\n\n\n<h2 class=\"wp-block-heading\">P\u00e5melding\/kj\u00f8p av kurs<\/h2>\n\n\n\n<p>Hvis det ikke vises noen kurs under er det fordi de ikke er lagt ut for registrering\/kj\u00f8p enda. Se kursplan for n\u00e5r dette skjer.<\/p>\n\n\n","protected":false},"excerpt":{"rendered":"<p>Hva er et kilekurs? Et kilekurs, ogs\u00e5 kalt tradkurs, er et viderekommende utend\u00f8rs klatrekurs med fokus p\u00e5 sikring og sikker klatring p\u00e5 naturlige sikringer i fjellet. Praktisk info om kurset Pris: 1500 kroner Tidspunkt: Oppm\u00f8te for kurset er kl 16:00 (dette kan variere, se mail dere f\u00e5r fra instrukt\u00f8r f\u00f8r kurset) utenfor hovedbygget p\u00e5 Gl\u00f8shaugen [&hellip;]<\/p>\n","protected":false},"author":219,"featured_media":0,"parent":0,"menu_order":0,"comment_status":"closed","ping_status":"closed","template":"","meta":{"_coblocks_attr":"Times New Roman,Arvo,Barlow,Cormorant Garamond,IBM Plex Sans,Lato,Lora,","_coblocks_dimensions":"","_coblocks_responsive_height":"","_coblocks_accordion_ie_support":"","_price":"","_stock":"","_tribe_ticket_header":"","_tribe_default_ticket_provider":"","_tribe_ticket_capacity":"0","_ticket_start_date":"","_ticket_end_date":"","_tribe_ticket_show_description":"","_tribe_ticket_show_not_going":false,"_tribe_ticket_use_global_stock":"","_tribe_ticket_global_stock_level":"","_global_stock_mode":"","_global_stock_cap":"","_tribe_rsvp_for_event":"","_tribe_ticket_going_count":"","_tribe_ticket_not_going_count":"","_tribe_tickets_list":[],"_tribe_ticket_has_attendee_info_fields":false,"footnotes":""},"class_list":["post-3033","page","type-page","status-publish","hentry"],"featured_image_src":null,"featured_image_src_square":null,"ticketed":false,"_links":{"self":[{"href":"https:\/\/ntnui.no\/tindegruppa\/wp-json\/wp\/v2\/pages\/3033","targetHints":{"allow":["GET"]}}],"collection":[{"href":"https:\/\/ntnui.no\/tindegruppa\/wp-json\/wp\/v2\/pages"}],"about":[{"href":"https:\/\/ntnui.no\/tindegruppa\/wp-json\/wp\/v2\/types\/page"}],"author":[{"embeddable":true,"href":"https:\/\/ntnui.no\/tindegruppa\/wp-json\/wp\/v2\/users\/219"}],"replies":[{"embeddable":true,"href":"https:\/\/ntnui.no\/tindegruppa\/wp-json\/wp\/v2\/comments?post=3033"}],"version-history":[{"count":21,"href":"https:\/\/ntnui.no\/tindegruppa\/wp-json\/wp\/v2\/pages\/3033\/revisions"}],"predecessor-version":[{"id":5227,"href":"https:\/\/ntnui.no\/tindegruppa\/wp-json\/wp\/v2\/pages\/3033\/revisions\/5227"}],"wp:attachment":[{"href":"https:\/\/ntnui.no\/tindegruppa\/wp-json\/wp\/v2\/media?parent=3033"}],"curies":[{"name":"wp","href":"https:\/\/api.w.org\/{rel}","templated":true}]}}