{"id":3031,"date":"2021-02-27T15:20:30","date_gmt":"2021-02-27T14:20:30","guid":{"rendered":"https:\/\/ntnui.no\/tindegruppa\/?page_id=3031"},"modified":"2025-09-08T15:04:06","modified_gmt":"2025-09-08T13:04:06","slug":"grunnkurs-inne","status":"publish","type":"page","link":"https:\/\/ntnui.no\/tindegruppa\/grunnkurs-inne\/","title":{"rendered":"Grunnkurs inne"},"content":{"rendered":"\n<h3 class=\"wp-block-heading\">Hva er et grunnkurs inne?<\/h3>\n\n\n\n<p>Grunnkurs inne er et grunnleggende kurs i sikring og klatring med tau p\u00e5 innend\u00f8rsvegger. P\u00e5 kurset l\u00e6rer man om sikringsutstyr, hvordan man sikrer med tau og taubrems og hvordan man klatrer og sikrer p\u00e5 topptau og led. Kurset i seg selv gir ikke brattkort, men kunnskapsgrunnlaget for \u00e5 ta brattkorttesten. Mer info om det under <a href=\"https:\/\/ntnui.no\/tindegruppa\/brattkort-og-brattkorttest\/\"><strong>&#8220;Brattkort&#8221;<\/strong><\/a>.<\/p>\n\n\n\n<h3 class=\"wp-block-heading\">Praktisk info om kurset:<\/h3>\n\n\n\n<p class=\"mb-0 pb-0 mt-0 pt-0\"><strong>Pris:<\/strong> 900,-<\/p>\n\n\n\n<p class=\"mb-0 pb-0 mt-0 pt-0\"><strong>Tidspunkt:<\/strong> Kurset foreg\u00e5r fra kl: 17.00 til 22.00 p\u00e5 ukedager og 10-15 i helgene. Andre tidspunkt er mulig, men vil i s\u00e5fall bli presisert. (Kan forekomme endringer med kurs p\u00e5 Sit \u00f8ya). <\/p>\n\n\n\n<p><strong>Hvor:<\/strong> Klatrerommet p\u00e5 Sit \u00f8ya, Elgeseter Gate 10, 7030 Trondheim.<\/p>\n\n\n\n<p><strong>Forkunnskaper:<\/strong> Ingen forkunnskaper kreves, men det er selvf\u00f8lgelig en fordel hvis du har klatret f\u00f8r:) <\/p>\n\n\n\n<p><strong>Utstyr:<\/strong> Tindegruppa stiller med alt n\u00f8dvendig utstyr. Dette innbefatter sele, sko, taubrems og tau.<\/p>\n\n\n\n<p class=\"mb-0 pb-0 mt-0 pt-0\"><strong>Brattkort:<\/strong> Kurset garanterer ikke brattkort. Om man tilfredsstiller alle kravene til NKF og instrukt\u00f8ren anser deg som klar for \u00e5 ta pr\u00f8ven er det mulig \u00e5 avtale tidspunkt for brattkortpr\u00f8ve. Tidspunkt for pr\u00f8ven er vanligvis en til to uker etter endt kurs. TG setter ogs\u00e5 opp egne brattkorttester ila semesteret, s\u00e5 hvis tidspunkt foresl\u00e5tt av instrukt\u00f8ren ikke passer er det mulig \u00e5 ta testen senere. <\/p>\n\n\n\n<p>Ved godkjent test, registrerer du dette p\u00e5 <a rel=\"noreferrer noopener\" href=\"https:\/\/www.brattkompetanse.no\/\" target=\"_blank\"><span class=\"has-inline-color has-coblocks-blue-color\">brattkompetanse sin nettside<\/span><\/a>.<\/p>\n\n\n\n<p class=\"mb-0 pb-0 mt-0 pt-0\"> <strong>Krav: <\/strong>Det kreves at du er medlem av Sit for \u00e5 ta kurs p\u00e5 Sit \u00d8ya, dersom du ikke er det kan du kj\u00f8pe inngang i resepsjonen p\u00e5 idrettsbygget eller via Sit&#8217;s app.<\/p>\n\n\n\n<p><strong>Refusjon:<\/strong> P\u00e5melding til kurset er bindene. Om man ikke kan m\u00f8te opp oppfordres det til \u00e5 selge plassen videre. Dette kan for eksempel gj\u00f8res gjennom Slack kanalen  v\u00e5r eller TG m\u00f8teplassen. Hvis plassen videreselges m\u00e5 kursansvarlig informeres om den nye deltakeren sitt navn, emailadresse og tlf nr.<\/p>\n\n\n\n<h3 class=\"wp-block-heading\"><strong>M\u00e5l for kurset:<\/strong><\/h3>\n\n\n\n<p>&#8211; \u00c5 kunne klatre innend\u00f8rs p\u00e5 egenh\u00e5nd p\u00e5 en sikker m\u00e5te.<\/p>\n\n\n\n<p>&#8211; L\u00e6re nok om sikringsteknikk og opptreden til \u00e5 kunne ta vare p\u00e5 sin egen og medklatrere sin sikkerhet.<\/p>\n\n\n\n<p>&#8211; \u00c5 bli bevisst p\u00e5 den potensielle faren som er forbundet med klatring.<\/p>\n\n\n\n<p>&#8211; \u00c5 v\u00e6re godt forberedt og skikket til \u00e5 ta Brattkort.<\/p>\n\n\n\n<p>-\u00c5 f\u00e5 glede av \u00e5 bevege seg i en klatrevegg gjennom grunnleggende klatreteknikk.<\/p>\n\n\n\n<h3 class=\"wp-block-heading\">P\u00e5melding:<\/h3>\n\n\n<div data-block-name=\"woocommerce\/product-category\" data-categories=\"[103]\" class=\"wc-block-grid wp-block-product-category wp-block-woocommerce-product-category wc-block-product-category has-3-columns has-multiple-rows\"><ul class=\"wc-block-grid__products\"><li class=\"wc-block-grid__product\">\n\t\t\t\t<a href=\"https:\/\/ntnui.no\/tindegruppa\/product\/grunnkurs-inne-13-og-14-april\/\" class=\"wc-block-grid__product-link\">\n\t\t\t\t\t\n\t\t\t\t\t<div class=\"wc-block-grid__product-image\"><img loading=\"lazy\" decoding=\"async\" width=\"300\" height=\"194\" src=\"https:\/\/ntnui.no\/tindegruppa\/wp-content\/uploads\/sites\/261\/2025\/01\/Oya-treningsenter_20.jpg\" class=\"attachment-woocommerce_thumbnail size-woocommerce_thumbnail\" alt=\"Grunnkurs inne 13. og 14. april\" \/><\/div>\n\t\t\t\t\t<div class=\"wc-block-grid__product-title\">Grunnkurs inne 13. og 14. april<\/div>\n\t\t\t\t<\/a>\n\t\t\t\t<div class=\"wc-block-grid__product-price price\"><span class=\"woocommerce-Price-amount amount\"><span class=\"woocommerce-Price-currencySymbol\">&#107;&#114;<\/span>900.00<\/span><\/div>\n\t\t\t\t\n\t\t\t\t<div class=\"wp-block-button wc-block-grid__product-add-to-cart\"><a href=\"\/tindegruppa\/wp-json\/wp\/v2\/pages\/3031?add-to-cart=7015\" aria-label=\"Add to cart: &ldquo;Grunnkurs inne 13. og 14. april&rdquo;\" data-quantity=\"1\" data-product_id=\"7015\" data-product_sku=\"\" data-price=\"900\" rel=\"nofollow\" class=\"wp-block-button__link  add_to_cart_button ajax_add_to_cart\">Kj\u00f8p<\/a><\/div>\n\t\t\t<\/li><li class=\"wc-block-grid__product\">\n\t\t\t\t<a href=\"https:\/\/ntnui.no\/tindegruppa\/product\/grunnkurs-inne-18-og-19-mars\/\" class=\"wc-block-grid__product-link\">\n\t\t\t\t\t\n\t\t\t\t\t<div class=\"wc-block-grid__product-image\"><img loading=\"lazy\" decoding=\"async\" width=\"300\" height=\"194\" src=\"https:\/\/ntnui.no\/tindegruppa\/wp-content\/uploads\/sites\/261\/2025\/01\/Oya-treningsenter_20.jpg\" class=\"attachment-woocommerce_thumbnail size-woocommerce_thumbnail\" alt=\"Grunnkurs inne 23. og 24. mars\" \/><\/div>\n\t\t\t\t\t<div class=\"wc-block-grid__product-title\">Grunnkurs inne 23. og 24. mars<\/div>\n\t\t\t\t<\/a>\n\t\t\t\t<div class=\"wc-block-grid__product-price price\"><span class=\"woocommerce-Price-amount amount\"><span class=\"woocommerce-Price-currencySymbol\">&#107;&#114;<\/span>900.00<\/span><\/div>\n\t\t\t\t\n\t\t\t\t<div class=\"wp-block-button wc-block-grid__product-add-to-cart\"><a href=\"\/tindegruppa\/wp-json\/wp\/v2\/pages\/3031?add-to-cart=7014\" aria-label=\"Add to cart: &ldquo;Grunnkurs inne 23. og 24. mars&rdquo;\" data-quantity=\"1\" data-product_id=\"7014\" data-product_sku=\"\" data-price=\"900\" rel=\"nofollow\" class=\"wp-block-button__link  add_to_cart_button ajax_add_to_cart\">Kj\u00f8p<\/a><\/div>\n\t\t\t<\/li><\/ul><\/div>","protected":false},"excerpt":{"rendered":"<p>Hva er et grunnkurs inne? Grunnkurs inne er et grunnleggende kurs i sikring og klatring med tau p\u00e5 innend\u00f8rsvegger. P\u00e5 kurset l\u00e6rer man om sikringsutstyr, hvordan man sikrer med tau og taubrems og hvordan man klatrer og sikrer p\u00e5 topptau og led. Kurset i seg selv gir ikke brattkort, men kunnskapsgrunnlaget for \u00e5 ta brattkorttesten. [&hellip;]<\/p>\n","protected":false},"author":219,"featured_media":0,"parent":0,"menu_order":0,"comment_status":"closed","ping_status":"closed","template":"","meta":{"_coblocks_attr":"","_coblocks_dimensions":"","_coblocks_responsive_height":"","_coblocks_accordion_ie_support":"","_price":"","_stock":"","_tribe_ticket_header":"","_tribe_default_ticket_provider":"","_tribe_ticket_capacity":"0","_ticket_start_date":"","_ticket_end_date":"","_tribe_ticket_show_description":"","_tribe_ticket_show_not_going":false,"_tribe_ticket_use_global_stock":"","_tribe_ticket_global_stock_level":"","_global_stock_mode":"","_global_stock_cap":"","_tribe_rsvp_for_event":"","_tribe_ticket_going_count":"","_tribe_ticket_not_going_count":"","_tribe_tickets_list":[],"_tribe_ticket_has_attendee_info_fields":false,"footnotes":""},"class_list":["post-3031","page","type-page","status-publish","hentry"],"featured_image_src":null,"featured_image_src_square":null,"ticketed":false,"_links":{"self":[{"href":"https:\/\/ntnui.no\/tindegruppa\/wp-json\/wp\/v2\/pages\/3031","targetHints":{"allow":["GET"]}}],"collection":[{"href":"https:\/\/ntnui.no\/tindegruppa\/wp-json\/wp\/v2\/pages"}],"about":[{"href":"https:\/\/ntnui.no\/tindegruppa\/wp-json\/wp\/v2\/types\/page"}],"author":[{"embeddable":true,"href":"https:\/\/ntnui.no\/tindegruppa\/wp-json\/wp\/v2\/users\/219"}],"replies":[{"embeddable":true,"href":"https:\/\/ntnui.no\/tindegruppa\/wp-json\/wp\/v2\/comments?post=3031"}],"version-history":[{"count":32,"href":"https:\/\/ntnui.no\/tindegruppa\/wp-json\/wp\/v2\/pages\/3031\/revisions"}],"predecessor-version":[{"id":6780,"href":"https:\/\/ntnui.no\/tindegruppa\/wp-json\/wp\/v2\/pages\/3031\/revisions\/6780"}],"wp:attachment":[{"href":"https:\/\/ntnui.no\/tindegruppa\/wp-json\/wp\/v2\/media?parent=3031"}],"curies":[{"name":"wp","href":"https:\/\/api.w.org\/{rel}","templated":true}]}}