{"id":1604,"date":"2018-11-21T17:56:45","date_gmt":"2018-11-21T16:56:45","guid":{"rendered":"https:\/\/ntnui.no\/tindegruppa\/?page_id=1604"},"modified":"2026-03-21T16:37:40","modified_gmt":"2026-03-21T15:37:40","slug":"i-bygget","status":"publish","type":"page","link":"https:\/\/ntnui.no\/tindegruppa\/i-bygget\/","title":{"rendered":"I-bygget"},"content":{"rendered":"<p>Da er vi endelig tilbake p\u00e5 I-bygget! Dette er et lite buldrerom p\u00e5 Idrettsbygget Gl\u00f8shaugen med forskjellige grader av overheng, pluss noe rettvegg. Et flott sted for en effektiv trenings\u00f8kt!<\/p>\n<p>\u00a0<\/p>\n\n\n<div class=\"wp-block-media-text alignwide\"><figure class=\"wp-block-media-text__media\"><img loading=\"lazy\" decoding=\"async\" width=\"887\" height=\"874\" src=\"https:\/\/ntnui.no\/tindegruppa\/wp-content\/uploads\/sites\/261\/2018\/08\/TGruppa.png\" alt=\"\" class=\"wp-image-1208 size-full\" srcset=\"https:\/\/ntnui.no\/tindegruppa\/wp-content\/uploads\/sites\/261\/2018\/08\/TGruppa.png 887w, https:\/\/ntnui.no\/tindegruppa\/wp-content\/uploads\/sites\/261\/2018\/08\/TGruppa-300x296.png 300w, https:\/\/ntnui.no\/tindegruppa\/wp-content\/uploads\/sites\/261\/2018\/08\/TGruppa-768x757.png 768w, https:\/\/ntnui.no\/tindegruppa\/wp-content\/uploads\/sites\/261\/2018\/08\/TGruppa-600x591.png 600w, https:\/\/ntnui.no\/tindegruppa\/wp-content\/uploads\/sites\/261\/2018\/08\/TGruppa-100x100.png 100w\" sizes=\"auto, (max-width: 887px) 100vw, 887px\" \/><\/figure><div class=\"wp-block-media-text__content\">\n<p class=\"has-large-font-size\"><strong>\u00c5pningstider<\/strong><\/p>\n\n\n\n<p> Mandag og onsdag: 06.30-23.00<br>Tirsdag, torsdag og&nbsp;fredag: 07.30\u201323.00<br>L\u00f8rdag:&nbsp;10.00\u201320.00<br>S\u00f8ndag:10.00\u201322.00<\/p>\n\n\n\n<p><\/p>\n<\/div><\/div>\n\n\n\n<p style=\"font-size:29px\"><strong>Boulder Creator<\/strong><\/p>\n\n\n\n<p>I-Bygget bruker appen &#8220;Boulder Creator&#8221; til \u00e5 lage og dele buldre. En stor del av veggene i buldrerommet er s\u00e5kalte &#8220;Spray Walls&#8221; eller &#8220;Kaosvegger&#8221;. Her er det ikke typiske buldre som man finner i tradisjonelle klatresentere, men heller skrudd opp mange tak, tett i tett, slik at en kan lage egne buldre.<\/p>\n\n\n\n<p>Boulder Creator gj\u00f8r at vi kan dele buldre med hverandre. Bare last ned appen, lag en bruker, og s\u00f8k opp &#8220;I-bygget&#8221;. <\/p>\n\n\n\n<figure class=\"wp-block-image size-large\"><img decoding=\"async\" src=\"https:\/\/cdn3.f-cdn.com\/\/files\/download\/150706008\/Boulder%20Creator%20-%20Freelancer.1.jpg?width=780&amp;height=585&amp;fit=crop\" alt=\"\" \/><\/figure>\n\n\n\n<figure class=\"wp-block-image size-full\"><img loading=\"lazy\" decoding=\"async\" width=\"4032\" height=\"3024\" src=\"https:\/\/ntnui.no\/tindegruppa\/wp-content\/uploads\/sites\/261\/2026\/03\/IMG_1421-2.jpeg\" alt=\"\" class=\"wp-image-7432\" \/><\/figure>\n","protected":false},"excerpt":{"rendered":"<p>Da er vi endelig tilbake p\u00e5 I-bygget! Dette er et lite buldrerom p\u00e5 Idrettsbygget Gl\u00f8shaugen med forskjellige grader av overheng, pluss noe rettvegg. Et flott sted for en effektiv trenings\u00f8kt! \u00a0 \u00c5pningstider Mandag og onsdag: 06.30-23.00Tirsdag, torsdag og&nbsp;fredag: 07.30\u201323.00L\u00f8rdag:&nbsp;10.00\u201320.00S\u00f8ndag:10.00\u201322.00 Boulder Creator I-Bygget bruker appen &#8220;Boulder Creator&#8221; til \u00e5 lage og dele buldre. En stor del [&hellip;]<\/p>\n","protected":false},"author":134,"featured_media":0,"parent":0,"menu_order":0,"comment_status":"closed","ping_status":"closed","template":"","meta":{"_coblocks_attr":"","_coblocks_dimensions":"","_coblocks_responsive_height":"","_coblocks_accordion_ie_support":"","_price":"","_stock":"","_tribe_ticket_header":"","_tribe_default_ticket_provider":"","_tribe_ticket_capacity":"0","_ticket_start_date":"","_ticket_end_date":"","_tribe_ticket_show_description":"","_tribe_ticket_show_not_going":false,"_tribe_ticket_use_global_stock":"","_tribe_ticket_global_stock_level":"","_global_stock_mode":"","_global_stock_cap":"","_tribe_rsvp_for_event":"","_tribe_ticket_going_count":"","_tribe_ticket_not_going_count":"","_tribe_tickets_list":[],"_tribe_ticket_has_attendee_info_fields":false,"footnotes":""},"class_list":["post-1604","page","type-page","status-publish","hentry"],"featured_image_src":null,"featured_image_src_square":null,"ticketed":false,"_links":{"self":[{"href":"https:\/\/ntnui.no\/tindegruppa\/wp-json\/wp\/v2\/pages\/1604","targetHints":{"allow":["GET"]}}],"collection":[{"href":"https:\/\/ntnui.no\/tindegruppa\/wp-json\/wp\/v2\/pages"}],"about":[{"href":"https:\/\/ntnui.no\/tindegruppa\/wp-json\/wp\/v2\/types\/page"}],"author":[{"embeddable":true,"href":"https:\/\/ntnui.no\/tindegruppa\/wp-json\/wp\/v2\/users\/134"}],"replies":[{"embeddable":true,"href":"https:\/\/ntnui.no\/tindegruppa\/wp-json\/wp\/v2\/comments?post=1604"}],"version-history":[{"count":19,"href":"https:\/\/ntnui.no\/tindegruppa\/wp-json\/wp\/v2\/pages\/1604\/revisions"}],"predecessor-version":[{"id":7433,"href":"https:\/\/ntnui.no\/tindegruppa\/wp-json\/wp\/v2\/pages\/1604\/revisions\/7433"}],"wp:attachment":[{"href":"https:\/\/ntnui.no\/tindegruppa\/wp-json\/wp\/v2\/media?parent=1604"}],"curies":[{"name":"wp","href":"https:\/\/api.w.org\/{rel}","templated":true}]}}