{"id":1289,"date":"2018-08-31T09:33:06","date_gmt":"2018-08-31T07:33:06","guid":{"rendered":"https:\/\/ntnui.no\/tindegruppa\/?page_id=1289"},"modified":"2021-03-24T20:28:20","modified_gmt":"2021-03-24T19:28:20","slug":"selneskoia","status":"publish","type":"page","link":"https:\/\/ntnui.no\/tindegruppa\/selneskoia\/","title":{"rendered":"Selneskoia"},"content":{"rendered":"\n<div class=\"wp-block-image\"><figure class=\"aligncenter size-large\"><img loading=\"lazy\" decoding=\"async\" width=\"600\" height=\"450\" src=\"https:\/\/ntnui.no\/tindegruppa\/wp-content\/uploads\/sites\/261\/2019\/06\/bildenr1749.jpg\" alt=\"\" class=\"wp-image-2310\" srcset=\"https:\/\/ntnui.no\/tindegruppa\/wp-content\/uploads\/sites\/261\/2019\/06\/bildenr1749.jpg 600w, https:\/\/ntnui.no\/tindegruppa\/wp-content\/uploads\/sites\/261\/2019\/06\/bildenr1749-300x225.jpg 300w\" sizes=\"auto, (max-width: 600px) 100vw, 600px\" \/><\/figure><\/div>\n\n\n\n<p>Tindegruppa har ei koie p\u00e5 Selnes som alle medlem kan l\u00e5ne gratis! Koia har sengeplass til 5, men tar ein med liggeunderlag kan ein fint f\u00e5 plass til 14 stykk. Koia er utstyr med gasskomfyr og vedovn. Koia st\u00e5r \u00e5pen, s\u00e5 det er bare \u00e5 reise dit n\u00e5r du f\u00f8ler for! Dersom du reiser med en gruppa p\u00e5 5 eller fler, setter vi pris p\u00e5 om du sender beskjed til&nbsp;<a href=\"mailto:tindegruppa-web@ntnui.no\"><strong>webansvarlig<\/strong><\/a><strong>.<\/strong> Om du ikke er TG-medlem kan du l\u00e5ne koia for 50 kr per pers per natt.<\/p>\n\n\n\n<p>For \u00e5 komme deg til koia k\u00f8yrer du til ferjekaien p\u00e5 Flakk og tar ferja over til R\u00f8rvik. F\u00f8lg fv 717 vest mot Rissa til du kjem til eit vegkryss med ein bensinstasjon. Her k\u00f8yrer du til venstre p\u00e5 fv 718. Etter totalt 62 km k\u00f8yring fra Trondheim skal Selnesveggen komme til syne p\u00e5 h\u00f8gre side. Parker bilen ved \u00c5svang grendehus. Det g\u00e5r ogs\u00e5 buss fra Trondheim S eit par gangar i d\u00f8gnet.<\/p>\n\n\n\n<p>Stien opp til koia begynner bak grendehuset og g\u00e5r langs jordet og opp i lia til h\u00f8gre for hovedveggen. Turen fra grendehuset til koia tar ca 40 min.<\/p>\n\n\n\n<p><\/p>\n\n\n\n<p class=\"has-dark-black-color has-text-color\">Dersom du ikke er medlem kan du betale <a href=\"https:\/\/ntnui.no\/tindegruppa\/product\/leie-av-selneskoia\/\" data-type=\"product\" data-id=\"3347\"><strong>HER<\/strong><\/a><\/p>\n","protected":false},"excerpt":{"rendered":"<p>Tindegruppa har ei koie p\u00e5 Selnes som alle medlem kan l\u00e5ne gratis! Koia har sengeplass til 5, men tar ein med liggeunderlag kan ein fint f\u00e5 plass til 14 stykk. Koia er utstyr med gasskomfyr og vedovn. Koia st\u00e5r \u00e5pen, s\u00e5 det er bare \u00e5 reise dit n\u00e5r du f\u00f8ler for! Dersom du reiser med [&hellip;]<\/p>\n","protected":false},"author":134,"featured_media":0,"parent":0,"menu_order":0,"comment_status":"closed","ping_status":"closed","template":"","meta":{"_coblocks_attr":"","_coblocks_dimensions":"","_coblocks_responsive_height":"","_coblocks_accordion_ie_support":"","_price":"","_stock":"","_tribe_ticket_header":"","_tribe_default_ticket_provider":"","_tribe_ticket_capacity":"0","_ticket_start_date":"","_ticket_end_date":"","_tribe_ticket_show_description":"","_tribe_ticket_show_not_going":false,"_tribe_ticket_use_global_stock":"","_tribe_ticket_global_stock_level":"","_global_stock_mode":"","_global_stock_cap":"","_tribe_rsvp_for_event":"","_tribe_ticket_going_count":"","_tribe_ticket_not_going_count":"","_tribe_tickets_list":[],"_tribe_ticket_has_attendee_info_fields":false,"footnotes":""},"class_list":["post-1289","page","type-page","status-publish","hentry"],"featured_image_src":null,"featured_image_src_square":null,"ticketed":false,"_links":{"self":[{"href":"https:\/\/ntnui.no\/tindegruppa\/wp-json\/wp\/v2\/pages\/1289","targetHints":{"allow":["GET"]}}],"collection":[{"href":"https:\/\/ntnui.no\/tindegruppa\/wp-json\/wp\/v2\/pages"}],"about":[{"href":"https:\/\/ntnui.no\/tindegruppa\/wp-json\/wp\/v2\/types\/page"}],"author":[{"embeddable":true,"href":"https:\/\/ntnui.no\/tindegruppa\/wp-json\/wp\/v2\/users\/134"}],"replies":[{"embeddable":true,"href":"https:\/\/ntnui.no\/tindegruppa\/wp-json\/wp\/v2\/comments?post=1289"}],"version-history":[{"count":6,"href":"https:\/\/ntnui.no\/tindegruppa\/wp-json\/wp\/v2\/pages\/1289\/revisions"}],"predecessor-version":[{"id":3383,"href":"https:\/\/ntnui.no\/tindegruppa\/wp-json\/wp\/v2\/pages\/1289\/revisions\/3383"}],"wp:attachment":[{"href":"https:\/\/ntnui.no\/tindegruppa\/wp-json\/wp\/v2\/media?parent=1289"}],"curies":[{"name":"wp","href":"https:\/\/api.w.org\/{rel}","templated":true}]}}