{"id":1285,"date":"2018-08-31T09:31:06","date_gmt":"2018-08-31T07:31:06","guid":{"rendered":"https:\/\/ntnui.no\/tindegruppa\/?page_id=1285"},"modified":"2026-03-20T11:22:19","modified_gmt":"2026-03-20T10:22:19","slug":"utlan-av-utstyr","status":"publish","type":"page","link":"https:\/\/ntnui.no\/tindegruppa\/utlan-av-utstyr\/","title":{"rendered":"Utl\u00e5n av utstyr"},"content":{"rendered":"\n<div class=\"wp-block-media-text alignwide\"><figure class=\"wp-block-media-text__media\"><img loading=\"lazy\" decoding=\"async\" width=\"1000\" height=\"667\" src=\"https:\/\/ntnui.no\/tindegruppa-ny\/wp-content\/uploads\/sites\/261\/2018\/08\/indian-creek-ut-jonathan-ingraham-2.jpg\" alt=\"\" class=\"wp-image-1306 size-full\" srcset=\"https:\/\/ntnui.no\/tindegruppa\/wp-content\/uploads\/sites\/261\/2018\/08\/indian-creek-ut-jonathan-ingraham-2.jpg 1000w, https:\/\/ntnui.no\/tindegruppa\/wp-content\/uploads\/sites\/261\/2018\/08\/indian-creek-ut-jonathan-ingraham-2-300x200.jpg 300w, https:\/\/ntnui.no\/tindegruppa\/wp-content\/uploads\/sites\/261\/2018\/08\/indian-creek-ut-jonathan-ingraham-2-768x512.jpg 768w, https:\/\/ntnui.no\/tindegruppa\/wp-content\/uploads\/sites\/261\/2018\/08\/indian-creek-ut-jonathan-ingraham-2-600x400.jpg 600w\" sizes=\"auto, (max-width: 1000px) 100vw, 1000px\" \/><\/figure><div class=\"wp-block-media-text__content\">\n<p class=\"has-large-font-size\">Tindegruppa har en del utstyr til utl\u00e5n, blant annet kamkiler, kiler, is\u00f8kser, isskruer, stegjern og crash pad (men ikke slynger, tau, sele, sko og annet personlig utstyr). <\/p>\n\n\n\n<p class=\"has-large-font-size\">Dette kan l\u00e5nes gratis av medlemmer av Tindegruppa. Utstyr kan hentes og levers p\u00e5 I-bygget (SiT Gl\u00f8shaugen) med avtale med <a href=\"https:\/\/ntnui.no\/tindegruppa\/styret-2\/\"><em><strong>utstyrsansvarlig<\/strong><\/em><\/a> via <a href=\"mailto:tindegruppa-utstyr@ntnui.no\"><em><strong>email<\/strong><\/em><\/a> (tindegruppa-utstyr@ntnui.no). Du kan se hva slags utstyr som er tilgjengelig p\u00e5 siden <a href=\"https:\/\/docs.google.com\/spreadsheets\/d\/1VykP-TAw6THqgXo87i8s813RTCJuk84CIf0ZcggZtZ0\/edit?usp=sharing\"><em><strong>her<\/strong><\/em><\/a>.<\/p>\n<\/div><\/div>\n\n\n","protected":false},"excerpt":{"rendered":"<p>Tindegruppa har en del utstyr til utl\u00e5n, blant annet kamkiler, kiler, is\u00f8kser, isskruer, stegjern og crash pad (men ikke slynger, tau, sele, sko og annet personlig utstyr). Dette kan l\u00e5nes gratis av medlemmer av Tindegruppa. Utstyr kan hentes og levers p\u00e5 I-bygget (SiT Gl\u00f8shaugen) med avtale med utstyrsansvarlig via email (tindegruppa-utstyr@ntnui.no). Du kan se hva [&hellip;]<\/p>\n","protected":false},"author":134,"featured_media":0,"parent":0,"menu_order":0,"comment_status":"closed","ping_status":"closed","template":"","meta":{"_coblocks_attr":"","_coblocks_dimensions":"","_coblocks_responsive_height":"","_coblocks_accordion_ie_support":"","_price":"","_stock":"","_tribe_ticket_header":"","_tribe_default_ticket_provider":"","_tribe_ticket_capacity":"0","_ticket_start_date":"","_ticket_end_date":"","_tribe_ticket_show_description":"","_tribe_ticket_show_not_going":false,"_tribe_ticket_use_global_stock":"","_tribe_ticket_global_stock_level":"","_global_stock_mode":"","_global_stock_cap":"","_tribe_rsvp_for_event":"","_tribe_ticket_going_count":"","_tribe_ticket_not_going_count":"","_tribe_tickets_list":[],"_tribe_ticket_has_attendee_info_fields":false,"footnotes":""},"class_list":["post-1285","page","type-page","status-publish","hentry"],"featured_image_src":null,"featured_image_src_square":null,"ticketed":false,"_links":{"self":[{"href":"https:\/\/ntnui.no\/tindegruppa\/wp-json\/wp\/v2\/pages\/1285","targetHints":{"allow":["GET"]}}],"collection":[{"href":"https:\/\/ntnui.no\/tindegruppa\/wp-json\/wp\/v2\/pages"}],"about":[{"href":"https:\/\/ntnui.no\/tindegruppa\/wp-json\/wp\/v2\/types\/page"}],"author":[{"embeddable":true,"href":"https:\/\/ntnui.no\/tindegruppa\/wp-json\/wp\/v2\/users\/134"}],"replies":[{"embeddable":true,"href":"https:\/\/ntnui.no\/tindegruppa\/wp-json\/wp\/v2\/comments?post=1285"}],"version-history":[{"count":14,"href":"https:\/\/ntnui.no\/tindegruppa\/wp-json\/wp\/v2\/pages\/1285\/revisions"}],"predecessor-version":[{"id":7228,"href":"https:\/\/ntnui.no\/tindegruppa\/wp-json\/wp\/v2\/pages\/1285\/revisions\/7228"}],"wp:attachment":[{"href":"https:\/\/ntnui.no\/tindegruppa\/wp-json\/wp\/v2\/media?parent=1285"}],"curies":[{"name":"wp","href":"https:\/\/api.w.org\/{rel}","templated":true}]}}