{"id":1279,"date":"2018-08-31T09:28:31","date_gmt":"2018-08-31T07:28:31","guid":{"rendered":"https:\/\/ntnui.no\/tindegruppa\/?page_id=1279"},"modified":"2026-03-21T16:12:48","modified_gmt":"2026-03-21T15:12:48","slug":"tindegruppas-historie","status":"publish","type":"page","link":"https:\/\/ntnui.no\/tindegruppa\/tindegruppas-historie\/","title":{"rendered":"Tindegruppas historie"},"content":{"rendered":"\n<p>Tindegruppa ble stiftet i 1959, og var da Norges f\u00f8rste klatreklubb \u00e5pen for almuen. Fram til da hadde Norsk Tindeklub v\u00e6rt den eneste \u201cklatreklubben\u201d i landet, men her ble det stilt krav til nye medlemmer. Flere store personer og foregangsmenn i klatresporten har v\u00e6rt innom Tindegruppa opp gjennom tidene.<\/p>\n\n\n\n<p>Tindegruppa som startet som en liten gjeng p\u00e5 Gl\u00f8shaugen teller n\u00e5 250-300 aktive medlemmer og er med dette en av de st\u00f8rre klatreklubbene i Norge. Hoved\u00e5rsaken til dette skyldes nok den \u00f8kte interessen for sports- og innend\u00f8rsklatring. Men gruppa har fortsatt aktive personer innen alle omr\u00e5der av sporten, alt fra is- og storveggsklatring til buldring og konkurranseklatring.<\/p>\n\n\n\n<figure class=\"wp-block-gallery has-nested-images columns-default is-cropped wp-block-gallery-1 is-layout-flex wp-block-gallery-is-layout-flex\">\n<figure class=\"wp-block-image size-large\"><img loading=\"lazy\" decoding=\"async\" width=\"640\" height=\"427\" data-id=\"7402\" src=\"https:\/\/ntnui.no\/tindegruppa\/wp-content\/uploads\/sites\/261\/2026\/03\/20250906-DSC07678.png\" alt=\"\" class=\"wp-image-7402\" \/><\/figure>\n<\/figure>\n\n\n\n<h2 class=\"wp-block-heading has-custom-lineheight\" style=\"line-height:3\">Tindegruppas form\u00e5l<\/h2>\n\n\n\n<p>Klatresporten og klatremilj\u00f8et er ikke som ved annen idrett. Mangelen p\u00e5 organisering og regler er sentralt i sporten. Allikevel er det behov for organisering. Dette for \u00e5 f\u00e5 til blant annet innend\u00f8rs treningsmuligheter, koier til utl\u00e5n, bolting og rebolting, uh\u00f8ytidelige konkurranser og et sosialt milj\u00f8.<\/p>\n\n\n\n<figure class=\"wp-block-gallery has-nested-images columns-default is-cropped wp-block-gallery-2 is-layout-flex wp-block-gallery-is-layout-flex\">\n<figure class=\"wp-block-image size-large\"><img loading=\"lazy\" decoding=\"async\" width=\"640\" height=\"427\" data-id=\"7403\" src=\"https:\/\/ntnui.no\/tindegruppa\/wp-content\/uploads\/sites\/261\/2026\/03\/20250906-DSC07686.png\" alt=\"\" class=\"wp-image-7403\" \/><\/figure>\n<\/figure>\n\n\n\n<h2 class=\"wp-block-heading has-custom-lineheight\" style=\"line-height:3\">Tindegruppas form\u00e5lsparagraf<\/h2>\n\n\n\n<p><strong>\u00a71. Tindegruppas form\u00e5l<\/strong><\/p>\n\n\n\n<p>Tindegruppa har som form\u00e5l \u00e5 representere klatre- og fjellsportinteresserte studenter i Trondheim og tilrettelegge forholdene for allsidig klatre- og fjellsportaktivitet for disse.<\/p>\n\n\n\n<p>Tindegruppa skal v\u00e6re med p\u00e5 \u00e5 opprettholde et h\u00f8yt kompetanseniv\u00e5 i klatreh\u00e5ndverket og med dette bidra til en sikker ut\u00f8velse av-, og utvikling i, klatresporten.<\/p>\n\n\n\n<p>Tindegruppa skal ogs\u00e5 ta vare p\u00e5 klatresportens kultur og historie i regionen. Gruppas aktivitet skal ha forankring i norsk fjellsports verdier og tradisjon.<\/p>\n\n\n\n<figure class=\"wp-block-gallery has-nested-images columns-default is-cropped wp-block-gallery-3 is-layout-flex wp-block-gallery-is-layout-flex\">\n<figure class=\"wp-block-image size-large\"><img loading=\"lazy\" decoding=\"async\" width=\"640\" height=\"427\" data-id=\"7404\" src=\"https:\/\/ntnui.no\/tindegruppa\/wp-content\/uploads\/sites\/261\/2026\/03\/20250907-DSC07851.png\" alt=\"\" class=\"wp-image-7404\" \/><\/figure>\n<\/figure>\n","protected":false},"excerpt":{"rendered":"<p>Tindegruppa ble stiftet i 1959, og var da Norges f\u00f8rste klatreklubb \u00e5pen for almuen. Fram til da hadde Norsk Tindeklub v\u00e6rt den eneste \u201cklatreklubben\u201d i landet, men her ble det stilt krav til nye medlemmer. Flere store personer og foregangsmenn i klatresporten har v\u00e6rt innom Tindegruppa opp gjennom tidene. Tindegruppa som startet som en liten [&hellip;]<\/p>\n","protected":false},"author":134,"featured_media":0,"parent":0,"menu_order":0,"comment_status":"closed","ping_status":"closed","template":"","meta":{"_coblocks_attr":"","_coblocks_dimensions":"","_coblocks_responsive_height":"","_coblocks_accordion_ie_support":"","_price":"","_stock":"","_tribe_ticket_header":"","_tribe_default_ticket_provider":"","_tribe_ticket_capacity":"0","_ticket_start_date":"","_ticket_end_date":"","_tribe_ticket_show_description":"","_tribe_ticket_show_not_going":false,"_tribe_ticket_use_global_stock":"","_tribe_ticket_global_stock_level":"","_global_stock_mode":"","_global_stock_cap":"","_tribe_rsvp_for_event":"","_tribe_ticket_going_count":"","_tribe_ticket_not_going_count":"","_tribe_tickets_list":[],"_tribe_ticket_has_attendee_info_fields":false,"footnotes":""},"class_list":["post-1279","page","type-page","status-publish","hentry"],"featured_image_src":null,"featured_image_src_square":null,"ticketed":false,"_links":{"self":[{"href":"https:\/\/ntnui.no\/tindegruppa\/wp-json\/wp\/v2\/pages\/1279","targetHints":{"allow":["GET"]}}],"collection":[{"href":"https:\/\/ntnui.no\/tindegruppa\/wp-json\/wp\/v2\/pages"}],"about":[{"href":"https:\/\/ntnui.no\/tindegruppa\/wp-json\/wp\/v2\/types\/page"}],"author":[{"embeddable":true,"href":"https:\/\/ntnui.no\/tindegruppa\/wp-json\/wp\/v2\/users\/134"}],"replies":[{"embeddable":true,"href":"https:\/\/ntnui.no\/tindegruppa\/wp-json\/wp\/v2\/comments?post=1279"}],"version-history":[{"count":4,"href":"https:\/\/ntnui.no\/tindegruppa\/wp-json\/wp\/v2\/pages\/1279\/revisions"}],"predecessor-version":[{"id":7405,"href":"https:\/\/ntnui.no\/tindegruppa\/wp-json\/wp\/v2\/pages\/1279\/revisions\/7405"}],"wp:attachment":[{"href":"https:\/\/ntnui.no\/tindegruppa\/wp-json\/wp\/v2\/media?parent=1279"}],"curies":[{"name":"wp","href":"https:\/\/api.w.org\/{rel}","templated":true}]}}