{"id":1262,"date":"2018-08-31T08:52:01","date_gmt":"2018-08-31T06:52:01","guid":{"rendered":"https:\/\/ntnui.no\/tindegruppa\/?page_id=1262"},"modified":"2019-04-04T13:19:31","modified_gmt":"2019-04-04T13:19:31","slug":"om-tindegruppa","status":"publish","type":"page","link":"https:\/\/ntnui.no\/tindegruppa\/om-tindegruppa\/","title":{"rendered":"Om tindegruppa"},"content":{"rendered":"\n<figure class=\"wp-block-image\"><img loading=\"lazy\" decoding=\"async\" width=\"974\" height=\"650\" src=\"https:\/\/ntnui.no\/tindegruppa-ny\/wp-content\/uploads\/sites\/261\/2018\/08\/Picture1.png\" alt=\"\" class=\"wp-image-1206\" srcset=\"https:\/\/ntnui.no\/tindegruppa\/wp-content\/uploads\/sites\/261\/2018\/08\/Picture1.png 974w, https:\/\/ntnui.no\/tindegruppa\/wp-content\/uploads\/sites\/261\/2018\/08\/Picture1-300x200.png 300w, https:\/\/ntnui.no\/tindegruppa\/wp-content\/uploads\/sites\/261\/2018\/08\/Picture1-768x513.png 768w, https:\/\/ntnui.no\/tindegruppa\/wp-content\/uploads\/sites\/261\/2018\/08\/Picture1-600x400.png 600w\" sizes=\"auto, (max-width: 974px) 100vw, 974px\" \/><figcaption>\t\t\t\t\t\t<\/figcaption><\/figure>\n\n\n\n<p><strong>NTNUI Tindegruppa (TG) ble stiftet I 1959 og har en lang historie bak seg. Gruppas m\u00e5l er \u00e5 tilrettelegge for klatring b\u00e5de inne og ute, i og rundt Trondheim. I tr\u00e5d med dette drifter vi en klatrevegg p\u00e5 Dragvoll, og en buldrevegg p\u00e5 Idrettsbygget Gl\u00f8shaugen som man kan benytte seg av (merk at man m\u00e5 ha brattkort for \u00e5 sikre p\u00e5 dragvoll).<\/strong><\/p>\n\n\n\n<p>Vi er en klatregruppe for alle studenter ved NTNU, uansett niv\u00e5. I l\u00f8pet av et \u00e5r blir det arrangert konkurranser ved idrettsbygget p\u00e5 Dragvoll og p\u00e5 Gl\u00f8shaugen. To til tre ganger i semesteret arrangerer vi samlinger utenfor Trondheim for \u00e5 sportsklatre, buldre eller tradde. Selneskoia, TG sin egen koie, er tilgjengelig for alle gruppens medlemmer, og vi har utstyr til utl\u00e5n! Gruppa organiserer ogs\u00e5 kurs (nybegynnerkurs, kilekurs, instrukt\u00f8rkurs mm.) for de som er interessert i \u00e5 l\u00e6re mer om klatring. All informasjon om eventene kommer p\u00e5 v\u00e5r nettside og facebook side, f\u00f8lg med!<\/p>\n\n\n\n<p>Hvis du vil ta en prat med oss, kom gjerne innom p\u00e5 TG gr\u00f8t p\u00e5 fredager i Hangaren! Velkommen til Trondheim!<\/p>\n\n\n\n<p>Mer info kan du finne p\u00e5 her eller p\u00e5 v\u00e5r <a rel=\"noreferrer noopener\" aria-label=\" (\u00e5pner i en ny fane)\" href=\"https:\/\/www.facebook.com\/ntnuiTG\/?fb_dtsg_ag=AdzSGhdO-fNqa-f0HPcq_1tiVYTRI4FeW0dmT4MNpTWskg%3AAdynWh38aQoQfxKikiNY7Drgred_gim9nZQfo6GYymQQxg\" target=\"_blank\"><strong>Facebook<\/strong><\/a><\/p>\n\n\n\n<p>Vi anbefaler ogs\u00e5 at du blir medlem av v\u00e5r Facebook gruppe:&nbsp;<a rel=\"noreferrer noopener\" aria-label=\" (\u00e5pner i en ny fane)\" href=\"https:\/\/www.facebook.com\/groups\/1428561710796885\/\" target=\"_blank\"><strong>TG m\u00f8teplassen<\/strong><\/a><\/p>\n","protected":false},"excerpt":{"rendered":"<p>NTNUI Tindegruppa (TG) ble stiftet I 1959 og har en lang historie bak seg. Gruppas m\u00e5l er \u00e5 tilrettelegge for klatring b\u00e5de inne og ute, i og rundt Trondheim. I tr\u00e5d med dette drifter vi en klatrevegg p\u00e5 Dragvoll, og en buldrevegg p\u00e5 Idrettsbygget Gl\u00f8shaugen som man kan benytte seg av (merk at man m\u00e5 [&hellip;]<\/p>\n","protected":false},"author":134,"featured_media":0,"parent":0,"menu_order":0,"comment_status":"closed","ping_status":"closed","template":"","meta":{"_coblocks_attr":"","_coblocks_dimensions":"","_coblocks_responsive_height":"","_coblocks_accordion_ie_support":"","_price":"","_stock":"","_tribe_ticket_header":"","_tribe_default_ticket_provider":"","_tribe_ticket_capacity":"0","_ticket_start_date":"","_ticket_end_date":"","_tribe_ticket_show_description":"","_tribe_ticket_show_not_going":false,"_tribe_ticket_use_global_stock":"","_tribe_ticket_global_stock_level":"","_global_stock_mode":"","_global_stock_cap":"","_tribe_rsvp_for_event":"","_tribe_ticket_going_count":"","_tribe_ticket_not_going_count":"","_tribe_tickets_list":[],"_tribe_ticket_has_attendee_info_fields":false,"footnotes":""},"class_list":["post-1262","page","type-page","status-publish","hentry"],"featured_image_src":null,"featured_image_src_square":null,"ticketed":false,"_links":{"self":[{"href":"https:\/\/ntnui.no\/tindegruppa\/wp-json\/wp\/v2\/pages\/1262","targetHints":{"allow":["GET"]}}],"collection":[{"href":"https:\/\/ntnui.no\/tindegruppa\/wp-json\/wp\/v2\/pages"}],"about":[{"href":"https:\/\/ntnui.no\/tindegruppa\/wp-json\/wp\/v2\/types\/page"}],"author":[{"embeddable":true,"href":"https:\/\/ntnui.no\/tindegruppa\/wp-json\/wp\/v2\/users\/134"}],"replies":[{"embeddable":true,"href":"https:\/\/ntnui.no\/tindegruppa\/wp-json\/wp\/v2\/comments?post=1262"}],"version-history":[{"count":8,"href":"https:\/\/ntnui.no\/tindegruppa\/wp-json\/wp\/v2\/pages\/1262\/revisions"}],"predecessor-version":[{"id":2168,"href":"https:\/\/ntnui.no\/tindegruppa\/wp-json\/wp\/v2\/pages\/1262\/revisions\/2168"}],"wp:attachment":[{"href":"https:\/\/ntnui.no\/tindegruppa\/wp-json\/wp\/v2\/media?parent=1262"}],"curies":[{"name":"wp","href":"https:\/\/api.w.org\/{rel}","templated":true}]}}