{"id":1176,"date":"2018-08-30T10:38:03","date_gmt":"2018-08-30T08:38:03","guid":{"rendered":"https:\/\/ntnui.no\/tindegruppa\/?page_id=1176"},"modified":"2024-07-07T09:19:31","modified_gmt":"2024-07-07T07:19:31","slug":"forer-2","status":"publish","type":"page","link":"https:\/\/ntnui.no\/tindegruppa\/forer-2\/","title":{"rendered":"F\u00f8rer"},"content":{"rendered":"\n<div class=\"wp-block-media-text alignwide\"><figure class=\"wp-block-media-text__media\"><img loading=\"lazy\" decoding=\"async\" width=\"680\" height=\"680\" src=\"https:\/\/ntnui.no\/tindegruppa-ny\/wp-content\/uploads\/sites\/261\/2019\/06\/forer.jpg\" alt=\"\" class=\"wp-image-2347\" srcset=\"https:\/\/ntnui.no\/tindegruppa\/wp-content\/uploads\/sites\/261\/2019\/06\/forer.jpg 680w, https:\/\/ntnui.no\/tindegruppa\/wp-content\/uploads\/sites\/261\/2019\/06\/forer-150x150.jpg 150w, https:\/\/ntnui.no\/tindegruppa\/wp-content\/uploads\/sites\/261\/2019\/06\/forer-300x300.jpg 300w, https:\/\/ntnui.no\/tindegruppa\/wp-content\/uploads\/sites\/261\/2019\/06\/forer-600x600.jpg 600w, https:\/\/ntnui.no\/tindegruppa\/wp-content\/uploads\/sites\/261\/2019\/06\/forer-100x100.jpg 100w\" sizes=\"auto, (max-width: 680px) 100vw, 680px\" \/><\/figure><div class=\"wp-block-media-text__content\">\n<h4 class=\"wp-block-heading\">Tr\u00f8nderrock<\/h4>\n\n\n\n<p>Tindegruppa NTNUI ga i august 2011 ut en ny klatref\u00f8rer for Trondheimsomr\u00e5det. Klatref\u00f8reren er en praktisk bruksf\u00f8rer med et godt design som dekker alle de mest brukte klatrefeltene i Trondheimsomr\u00e5det.<\/p>\n\n\n\n<p><strong>Salg av f\u00f8reren<\/strong><\/p>\n\n\n\n<p>Boka kan kj\u00f8pes i f\u00f8lgende butikker Sportsbua, VPG og Ute. Prisen er kr 300,-. Alt overskudd av salget av f\u00f8reren g\u00e5r uavkortet til bolter og boltemateriell gjennom Tindegruppas f\u00f8rerfond. Dette gj\u00f8r det mulig \u00e5 etablere nye ruter og rebolte gamle ruter i Trondheimsomr\u00e5det. Alle som kj\u00f8per boka bidrar dermed til en sikker utvikling og forvaltning av klatrefelt i regionen.<\/p>\n<\/div><\/div>\n\n\n\n<p><\/p>\n\n\n\n<div class=\"wp-block-image\"><figure class=\"alignleft size-large\"><img loading=\"lazy\" decoding=\"async\" width=\"720\" height=\"1022\" src=\"https:\/\/ntnui.no\/tindegruppa\/wp-content\/uploads\/sites\/261\/2024\/07\/image-1.png\" alt=\"\" class=\"wp-image-5845\" \/><\/figure><\/div>\n\n\n\n<p><br>Vi jobber med ny utgave av Tr\u00f8nderrock f\u00f8reren. Her finner du en forel\u00f8pig versjon av det vi har s\u00e5 langt. Felt som er godt beskrevet i den tidligere versjonen av Tr\u00f8nderrock er ikke tatt med her men vil bli med i den endelige papirutgaven. M\u00e5let er \u00e5 f\u00e5 ut en status underveis s\u00e5 dere kan utforske nye felt og gi oss tilbakemelding, win-win\ud83d\ude0a Dette gjelder spesielt tings om st\u00e5r i r\u00f8dt, her mangler vi info. Husk at dette er et dokument under arbeid og noen ting er sannsynligvis feil.I tillegg trenger vi din hjelp for \u00e5 skrive gode rutebeskrivelser. Derfor ber vi deg \u00e5 skrive et par setninger om rutene du har g\u00e5tt, spesielt der det ikke st\u00e5r noe s\u00e6rlig beskrivelse i den gamle f\u00f8reren. Dette kan du gj\u00f8re via dette skjemaet <a href=\"https:\/\/forms.gle\/Vwf5ePJKKSVDkqWA7\">https:\/\/forms.gle\/Vwf5ePJKKSVDkqWA7<\/a> eller ved \u00e5 ta kontakt med Lukas (lukas.lindner@ntnui.no)<\/p>\n\n\n\n<p>Hvis du har noen gode bilder du kan tenke deg \u00e5 dele med oss til bruk i f\u00f8reren kan du gjerne laste de opp her (du blir selvf\u00f8lgelig nevnt som fotograf):<br><a href=\"https:\/\/rock-upload.vercel.app\">https:\/\/rock-upload.vercel.app<\/a><\/p>\n\n\n\n<p>Dette er et dugnadsprosjekt og inntekten av f\u00f8rersalg g\u00e5r 100% til Tindegruppa sitt eget boltefond. Disse pengene er \u00f8remerket vedlikehold og nyetablering av klatrefelt i Tr\u00f8ndelag.<\/p>\n\n\n\n<p>Ved \u00e5 st\u00f8tte dette prosjektet st\u00f8tter du ogs\u00e5 klatringen i Tr\u00f8ndelag. Vi er takknemlig for alle som bidrar. Har du andre innspill? Ikke n\u00f8l \u00e5 ta kontakt med Lukas (lukas.lindner@ntnui.no)<\/p>\n\n\n\n<p>F\u00f8reren ligger her:<br><a href=\"https:\/\/drive.google.com\/drive\/folders\/13PKzmEPy25VgGtSt49A0WOJtj-zaObwN?usp=sharing\" target=\"_blank\" rel=\"noreferrer noopener\">https:\/\/drive.google.com\/drive\/folders\/13PKzmEPy25VgGtSt49A0WOJtj-zaObwN?usp=sharing<\/a><\/p>\n","protected":false},"excerpt":{"rendered":"<p>Tr\u00f8nderrock Tindegruppa NTNUI ga i august 2011 ut en ny klatref\u00f8rer for Trondheimsomr\u00e5det. Klatref\u00f8reren er en praktisk bruksf\u00f8rer med et godt design som dekker alle de mest brukte klatrefeltene i Trondheimsomr\u00e5det. Salg av f\u00f8reren Boka kan kj\u00f8pes i f\u00f8lgende butikker Sportsbua, VPG og Ute. Prisen er kr 300,-. Alt overskudd av salget av f\u00f8reren g\u00e5r [&hellip;]<\/p>\n","protected":false},"author":134,"featured_media":0,"parent":0,"menu_order":0,"comment_status":"closed","ping_status":"closed","template":"","meta":{"_coblocks_attr":"","_coblocks_dimensions":"","_coblocks_responsive_height":"","_coblocks_accordion_ie_support":"","_price":"","_stock":"","_tribe_ticket_header":"","_tribe_default_ticket_provider":"","_tribe_ticket_capacity":"0","_ticket_start_date":"","_ticket_end_date":"","_tribe_ticket_show_description":"","_tribe_ticket_show_not_going":false,"_tribe_ticket_use_global_stock":"","_tribe_ticket_global_stock_level":"","_global_stock_mode":"","_global_stock_cap":"","_tribe_rsvp_for_event":"","_tribe_ticket_going_count":"","_tribe_ticket_not_going_count":"","_tribe_tickets_list":[],"_tribe_ticket_has_attendee_info_fields":false,"footnotes":""},"class_list":["post-1176","page","type-page","status-publish","hentry"],"featured_image_src":null,"featured_image_src_square":null,"ticketed":false,"_links":{"self":[{"href":"https:\/\/ntnui.no\/tindegruppa\/wp-json\/wp\/v2\/pages\/1176","targetHints":{"allow":["GET"]}}],"collection":[{"href":"https:\/\/ntnui.no\/tindegruppa\/wp-json\/wp\/v2\/pages"}],"about":[{"href":"https:\/\/ntnui.no\/tindegruppa\/wp-json\/wp\/v2\/types\/page"}],"author":[{"embeddable":true,"href":"https:\/\/ntnui.no\/tindegruppa\/wp-json\/wp\/v2\/users\/134"}],"replies":[{"embeddable":true,"href":"https:\/\/ntnui.no\/tindegruppa\/wp-json\/wp\/v2\/comments?post=1176"}],"version-history":[{"count":12,"href":"https:\/\/ntnui.no\/tindegruppa\/wp-json\/wp\/v2\/pages\/1176\/revisions"}],"predecessor-version":[{"id":5851,"href":"https:\/\/ntnui.no\/tindegruppa\/wp-json\/wp\/v2\/pages\/1176\/revisions\/5851"}],"wp:attachment":[{"href":"https:\/\/ntnui.no\/tindegruppa\/wp-json\/wp\/v2\/media?parent=1176"}],"curies":[{"name":"wp","href":"https:\/\/api.w.org\/{rel}","templated":true}]}}