{"id":935,"date":"2019-09-28T19:56:54","date_gmt":"2019-09-28T19:56:54","guid":{"rendered":"https:\/\/ntnui.no\/swingogfolkedans\/arrangement\/"},"modified":"2025-01-14T08:59:03","modified_gmt":"2025-01-14T08:59:03","slug":"arrangement","status":"publish","type":"page","link":"https:\/\/ntnui.no\/swingogfolkedans\/arrangement\/","title":{"rendered":"Arrangementer"},"content":{"rendered":"\n<p>Nedenfor finner du tidspuntker for alle arrangementer og treninger i regi as swinggruppa. P\u00e5melding gj\u00f8res p\u00e5 <a href=\"https:\/\/swing.pameldinger.no\">swing.pameldinger.no<\/a> Se <a href=\"https:\/\/ntnui.no\/swingogfolkedans\/vare-treninger\/\">V\u00e5re treninger<\/a> for mer informasjon om swingkursene v\u00e5re.<\/p>\n\n\n\n<div style=\"text-align:center\">\n<iframe loading=\"lazy\" src=\"https:\/\/calendar.google.com\/calendar\/embed?src=c_53ce2a5d9e646e769eb5f5d6660b6ee03c93c222fdd15d1dc31f5b0303368fae%40group.calendar.google.com&amp;ctz=Europe%2FOslo\" style=\"border: 0\" width=\"800\" height=\"600\" frameborder=\"0\" scrolling=\"no\"><\/iframe>\n<\/div>\n\n\n\n<p><\/p>\n","protected":false},"excerpt":{"rendered":"<p>CONTENTS<\/p>\n","protected":false},"author":104,"featured_media":0,"parent":0,"menu_order":0,"comment_status":"closed","ping_status":"open","template":"","meta":{"_coblocks_attr":"","_coblocks_dimensions":"","_coblocks_responsive_height":"","_coblocks_accordion_ie_support":"","_price":"","_stock":"","_tribe_ticket_header":"","_tribe_default_ticket_provider":"","_tribe_ticket_capacity":"0","_ticket_start_date":"","_ticket_end_date":"","_tribe_ticket_show_description":"","_tribe_ticket_show_not_going":false,"_tribe_ticket_use_global_stock":"","_tribe_ticket_global_stock_level":"","_global_stock_mode":"","_global_stock_cap":"","_tribe_rsvp_for_event":"","_tribe_ticket_going_count":"","_tribe_ticket_not_going_count":"","_tribe_tickets_list":[],"_tribe_ticket_has_attendee_info_fields":false,"footnotes":""},"class_list":["post-935","page","type-page","status-publish","hentry"],"featured_image_src":null,"featured_image_src_square":null,"yoast_head":"<!-- This site is optimized with the Yoast SEO plugin v15.1.1 - https:\/\/yoast.com\/wordpress\/plugins\/seo\/ -->\n<title>Arrangementer - NTNUI Swing og Folkedans<\/title>\n<meta name=\"robots\" content=\"index, follow, max-snippet:-1, max-image-preview:large, max-video-preview:-1\" \/>\n<link rel=\"canonical\" href=\"https:\/\/ntnui.no\/swingogfolkedans\/arrangement\/\" \/>\n<meta property=\"og:locale\" content=\"nb_NO\" \/>\n<meta property=\"og:type\" content=\"article\" \/>\n<meta property=\"og:title\" content=\"Arrangementer - NTNUI Swing og Folkedans\" \/>\n<meta property=\"og:description\" content=\"CONTENTS\" \/>\n<meta property=\"og:url\" content=\"https:\/\/ntnui.no\/swingogfolkedans\/arrangement\/\" \/>\n<meta property=\"og:site_name\" content=\"NTNUI Swing og Folkedans\" \/>\n<meta property=\"article:modified_time\" content=\"2025-01-14T08:59:03+00:00\" \/>\n<meta name=\"twitter:card\" content=\"summary_large_image\" \/>\n<script type=\"application\/ld+json\" class=\"yoast-schema-graph\">{\"@context\":\"https:\/\/schema.org\",\"@graph\":[{\"@type\":\"WebSite\",\"@id\":\"https:\/\/ntnui.no\/swingogfolkedans\/#website\",\"url\":\"https:\/\/ntnui.no\/swingogfolkedans\/\",\"name\":\"NTNUI Swing og Folkedans\",\"description\":\"\",\"potentialAction\":[{\"@type\":\"SearchAction\",\"target\":\"https:\/\/ntnui.no\/swingogfolkedans\/?s={search_term_string}\",\"query-input\":\"required name=search_term_string\"}],\"inLanguage\":\"nb-NO\"},{\"@type\":\"WebPage\",\"@id\":\"https:\/\/ntnui.no\/swingogfolkedans\/arrangement\/#webpage\",\"url\":\"https:\/\/ntnui.no\/swingogfolkedans\/arrangement\/\",\"name\":\"Arrangementer - NTNUI Swing og Folkedans\",\"isPartOf\":{\"@id\":\"https:\/\/ntnui.no\/swingogfolkedans\/#website\"},\"datePublished\":\"2019-09-28T19:56:54+00:00\",\"dateModified\":\"2025-01-14T08:59:03+00:00\",\"inLanguage\":\"nb-NO\",\"potentialAction\":[{\"@type\":\"ReadAction\",\"target\":[\"https:\/\/ntnui.no\/swingogfolkedans\/arrangement\/\"]}]}]}<\/script>\n<!-- \/ Yoast SEO plugin. -->","_links":{"self":[{"href":"https:\/\/ntnui.no\/swingogfolkedans\/wp-json\/wp\/v2\/pages\/935","targetHints":{"allow":["GET"]}}],"collection":[{"href":"https:\/\/ntnui.no\/swingogfolkedans\/wp-json\/wp\/v2\/pages"}],"about":[{"href":"https:\/\/ntnui.no\/swingogfolkedans\/wp-json\/wp\/v2\/types\/page"}],"author":[{"embeddable":true,"href":"https:\/\/ntnui.no\/swingogfolkedans\/wp-json\/wp\/v2\/users\/104"}],"replies":[{"embeddable":true,"href":"https:\/\/ntnui.no\/swingogfolkedans\/wp-json\/wp\/v2\/comments?post=935"}],"version-history":[{"count":14,"href":"https:\/\/ntnui.no\/swingogfolkedans\/wp-json\/wp\/v2\/pages\/935\/revisions"}],"predecessor-version":[{"id":1521,"href":"https:\/\/ntnui.no\/swingogfolkedans\/wp-json\/wp\/v2\/pages\/935\/revisions\/1521"}],"wp:attachment":[{"href":"https:\/\/ntnui.no\/swingogfolkedans\/wp-json\/wp\/v2\/media?parent=935"}],"curies":[{"name":"wp","href":"https:\/\/api.w.org\/{rel}","templated":true}]}}