{"id":7,"date":"2019-01-10T17:36:13","date_gmt":"2019-01-10T17:36:13","guid":{"rendered":"https:\/\/ntnui.no\/swingogfolkedans2\/?page_id=7"},"modified":"2025-11-18T19:25:43","modified_gmt":"2025-11-18T19:25:43","slug":"forside","status":"publish","type":"page","link":"https:\/\/ntnui.no\/swingogfolkedans\/","title":{"rendered":""},"content":{"rendered":"\n<div class=\"wp-block-cover alignfull is-light\" style=\"min-height:948px;aspect-ratio:unset;\"><span aria-hidden=\"true\" class=\"wp-block-cover__background has-background-dim\"><\/span><img loading=\"lazy\" decoding=\"async\" width=\"1292\" height=\"969\" class=\"wp-block-cover__image-background wp-image-1437\" alt=\"\" src=\"https:\/\/ntnui.no\/swingogfolkedans\/wp-content\/uploads\/sites\/236\/2023\/07\/IMG_20200202_190446.jpg\" style=\"object-position:58% 45%\" data-object-fit=\"cover\" data-object-position=\"58% 45%\" \/><div class=\"wp-block-cover__inner-container is-layout-flow wp-block-cover-is-layout-flow\">\n<h2 class=\"wp-block-heading has-text-align-center has-large-font-size has-coblocks-yellow-color has-text-color\" style=\"font-size:68px\"><strong>Samhold, inkludering og danseglede<\/strong><\/h2>\n<\/div><\/div>\n\n\n\n<div class=\"wp-block-group\"><div class=\"wp-block-group__inner-container is-layout-flow wp-block-group-is-layout-flow\"><\/div><\/div>\n\n\n\n<div class=\"wp-block-media-text alignwide has-media-on-the-right is-stacked-on-mobile\"><div class=\"wp-block-media-text__content\">\n<h3 class=\"wp-block-heading\">Velkommen til nye kurs<\/h3>\n\n\n\n<p>Vi starter opp igjen med nye kurs i starten av september og slutten av januar. Nybegynnerkursene starter helt fra scratch s\u00e5 alle kan bli med. M\u00f8t opp alene, eller ta med en venn eller resten av kollektivet! Se <a href=\"https:\/\/swing.pameldinger.no\/ \">swing.pameldinger.no <\/a>for p\u00e5melding og mer informasjon!<\/p>\n\n\n\n<p>Foto: NTNUI Swing og Folkdans (CC BY 4.0)<\/p>\n<\/div><figure class=\"wp-block-media-text__media\"><img loading=\"lazy\" decoding=\"async\" width=\"1292\" height=\"969\" src=\"https:\/\/ntnui.no\/swingogfolkedans\/wp-content\/uploads\/sites\/236\/2023\/07\/IMG_20200202_190446.jpg\" alt=\"\" class=\"wp-image-1437 size-full\" \/><\/figure><\/div>\n\n\n\n<div class=\"wp-block-media-text alignwide is-stacked-on-mobile\"><figure class=\"wp-block-media-text__media\"><img loading=\"lazy\" decoding=\"async\" width=\"1024\" height=\"658\" src=\"https:\/\/ntnui.no\/swingogfolkedans\/wp-content\/uploads\/sites\/236\/2017\/09\/bli-kjent-fest-styre-e1505771433570-1024x658.jpg\" alt=\"\" class=\"wp-image-367 size-full\" srcset=\"https:\/\/ntnui.no\/swingogfolkedans\/wp-content\/uploads\/sites\/236\/2017\/09\/bli-kjent-fest-styre-e1505771433570.jpg 1024w, https:\/\/ntnui.no\/swingogfolkedans\/wp-content\/uploads\/sites\/236\/2017\/09\/bli-kjent-fest-styre-e1505771433570-300x193.jpg 300w, https:\/\/ntnui.no\/swingogfolkedans\/wp-content\/uploads\/sites\/236\/2017\/09\/bli-kjent-fest-styre-e1505771433570-768x494.jpg 768w, https:\/\/ntnui.no\/swingogfolkedans\/wp-content\/uploads\/sites\/236\/2017\/09\/bli-kjent-fest-styre-e1505771433570-600x386.jpg 600w\" sizes=\"auto, (max-width: 1024px) 100vw, 1024px\" \/><\/figure><div class=\"wp-block-media-text__content\">\n<h3 class=\"wp-block-heading\">Bli-kjent-fest<\/h3>\n\n\n\n<p>Bli med p\u00e5 bli-kjent-fest (dato kommer)! Dette er for alle niv\u00e5er inkludert dere som har startet \u00e5 danse dette semesteret, og det er en fin anledning for \u00e5 bli kjent med flere av v\u00e5re medlemmer. Det blir danse bingo med premier, det blir snacks og det blir selvf\u00f8lgelig mye dans utover kvelden. Overstadig berusede personer blir bortvist (&#8220;And charged with treason&#8221; -Joffrey). Arrangementet er gratis for v\u00e5re medlemmer. Registrering gj\u00f8res ved oppm\u00f8te.<\/p>\n\n\n\n<p>Foto: NTNUI Swing og Folkdans (CC BY 4.0)<\/p>\n<\/div><\/div>\n\n\n\n<div class=\"wp-block-media-text alignwide has-media-on-the-right is-stacked-on-mobile\"><div class=\"wp-block-media-text__content\">\n<h3 class=\"wp-block-heading\">Vil du l\u00e6re \u00e5 danse?<\/h3>\n\n\n\n<p>Vi er en av to&nbsp;undergrupper i NTNUI (Norges Tekniske-Naturvitenskaplige Universitets Idrettsforening) som driver med dans. Vi holder swingkurs og folkedanskurs for Trondheims studenter med fokus p\u00e5 det sosiale og gleden av \u00e5 danse. Hos oss er alle NTNUI-medlemmer velkomne uavhengig av danseerfaring!<\/p>\n\n\n\n<p>Foto: NTNUI Swing og Folkdans (CC BY 4.0)<\/p>\n<\/div><figure class=\"wp-block-media-text__media\"><img loading=\"lazy\" decoding=\"async\" width=\"2730\" height=\"1536\" src=\"https:\/\/ntnui.no\/swingogfolkedans\/wp-content\/uploads\/sites\/236\/2022\/04\/2022-03-18_NTNUI_E_Jolsgard_SF_StH-0109818_c.jpg\" alt=\"\" class=\"wp-image-1264 size-full\" \/><\/figure><\/div>\n\n\n\n<div style=\"height:10px\" aria-hidden=\"true\" class=\"wp-block-spacer\"><\/div>\n\n\n\n<div class=\"wp-block-media-text alignwide is-stacked-on-mobile\"><figure class=\"wp-block-media-text__media\"><img loading=\"lazy\" decoding=\"async\" width=\"1024\" height=\"576\" src=\"https:\/\/ntnui.no\/swingogfolkedans\/wp-content\/uploads\/sites\/236\/2019\/02\/40640173_2382323125131028_6834424455595294720_o-1024x576.jpg\" alt=\"\" class=\"wp-image-79 size-full\" srcset=\"https:\/\/ntnui.no\/swingogfolkedans\/wp-content\/uploads\/sites\/236\/2019\/02\/40640173_2382323125131028_6834424455595294720_o-1024x576.jpg 1024w, https:\/\/ntnui.no\/swingogfolkedans\/wp-content\/uploads\/sites\/236\/2019\/02\/40640173_2382323125131028_6834424455595294720_o-300x169.jpg 300w, https:\/\/ntnui.no\/swingogfolkedans\/wp-content\/uploads\/sites\/236\/2019\/02\/40640173_2382323125131028_6834424455595294720_o-768x432.jpg 768w, https:\/\/ntnui.no\/swingogfolkedans\/wp-content\/uploads\/sites\/236\/2019\/02\/40640173_2382323125131028_6834424455595294720_o-1736x977.jpg 1736w, https:\/\/ntnui.no\/swingogfolkedans\/wp-content\/uploads\/sites\/236\/2019\/02\/40640173_2382323125131028_6834424455595294720_o-600x338.jpg 600w, https:\/\/ntnui.no\/swingogfolkedans\/wp-content\/uploads\/sites\/236\/2019\/02\/40640173_2382323125131028_6834424455595294720_o.jpg 2016w\" sizes=\"auto, (max-width: 1024px) 100vw, 1024px\" \/><\/figure><div class=\"wp-block-media-text__content\">\n<h3 class=\"wp-block-heading\">V\u00e5re treninger<\/h3>\n\n\n\n<p>Vi holder ukentlige swingkurs for Trondheims studenter. V\u00e5re treninger best\u00e5r av nybegynner-, \u00f8vet- og videreg\u00e5endekurs i swing, i tillegg til kurs i folkedans.&nbsp; Vi holder ogs\u00e5 fridans i swing gjennom hele semesteret og i eksamensperioden. Lyst til \u00e5 finne ut mer om hva vi gj\u00f8r? M\u00f8t opp p\u00e5 fridans og snakk med v\u00e5re instrukt\u00f8rer!<\/p>\n\n\n\n<div class=\"wp-block-atomic-blocks-ab-button ab-block-button\"><a href=\"https:\/\/ntnui.no\/swingogfolkedans\/vare-treninger\/\" class=\"ab-button ab-button-shape-circular ab-button-size-medium\" style=\"color:#ffffff;background-color:#007523\">Les mer<\/a><\/div>\n\n\n\n<p>Foto: NTNUI Swing og Folkedans (CC BY 4.0)<\/p>\n<\/div><\/div>\n\n\n\n<div style=\"height:10px\" aria-hidden=\"true\" class=\"wp-block-spacer\"><\/div>\n\n\n\n<div class=\"wp-block-media-text alignwide has-media-on-the-right is-stacked-on-mobile\"><div class=\"wp-block-media-text__content\">\n<h3 class=\"wp-block-heading\" id=\"block-5552bdd4-8d05-4998-975b-2ec202d7f8bc\">Eksterne kurs<\/h3>\n\n\n\n<p id=\"block-08d764e6-62fd-4225-a3d5-c0d968ba519c\">Vi f\u00e5r mange foresp\u00f8rsler om \u00e5 holde swing- eller folkedanskurs for Trondheims linjeforeninger, andre studentorganisasjoner og private akt\u00f8rer. Det gj\u00f8r vi gjerne! Vi stiller opp med dyktige instrukt\u00f8rer og holder kurs i b\u00e5de swing og folkedans.<\/p>\n\n\n\n<div class=\"wp-block-atomic-blocks-ab-button ab-block-button\"><a href=\"https:\/\/ntnui.no\/swingogfolkedans\/eksterne-kurs\/\" class=\"ab-button ab-button-shape-circular ab-button-size-medium\" style=\"color:#ffffff;background-color:#007523\">Les mer<\/a><\/div>\n\n\n\n<p>Foto: Eivind J\u00f8lsgard\/NTNUI (CC BY 4.0)<\/p>\n<\/div><figure class=\"wp-block-media-text__media\"><img loading=\"lazy\" decoding=\"async\" width=\"2730\" height=\"1536\" src=\"https:\/\/ntnui.no\/swingogfolkedans\/wp-content\/uploads\/sites\/236\/2022\/04\/2022-03-18_NTNUI_E_Jolsgard_SF_StH-0109814_c.jpg\" alt=\"\" class=\"wp-image-1271 size-full\" \/><\/figure><\/div>\n\n\n\n<div style=\"height:10px\" aria-hidden=\"true\" class=\"wp-block-spacer\"><\/div>\n\n\n\n<div class=\"wp-block-media-text alignwide is-stacked-on-mobile\"><figure class=\"wp-block-media-text__media\"><img loading=\"lazy\" decoding=\"async\" width=\"1024\" height=\"576\" src=\"https:\/\/ntnui.no\/swingogfolkedans\/wp-content\/uploads\/sites\/236\/2019\/02\/utklipp_arrangementer-1024x576.png\" alt=\"Vi har flere arrangementer gjennom semesteret\" class=\"wp-image-460 size-full\" srcset=\"https:\/\/ntnui.no\/swingogfolkedans\/wp-content\/uploads\/sites\/236\/2019\/02\/utklipp_arrangementer-1024x576.png 1024w, https:\/\/ntnui.no\/swingogfolkedans\/wp-content\/uploads\/sites\/236\/2019\/02\/utklipp_arrangementer-300x169.png 300w, https:\/\/ntnui.no\/swingogfolkedans\/wp-content\/uploads\/sites\/236\/2019\/02\/utklipp_arrangementer-768x432.png 768w, https:\/\/ntnui.no\/swingogfolkedans\/wp-content\/uploads\/sites\/236\/2019\/02\/utklipp_arrangementer-600x337.png 600w, https:\/\/ntnui.no\/swingogfolkedans\/wp-content\/uploads\/sites\/236\/2019\/02\/utklipp_arrangementer.png 1067w\" sizes=\"auto, (max-width: 1024px) 100vw, 1024px\" \/><\/figure><div class=\"wp-block-media-text__content\">\n<h3 class=\"wp-block-heading\">Arrangementer<\/h3>\n\n\n\n<p>Gjennom semesteret arrangerer vi flere sosiale begivenheter for v\u00e5re medlemmer. Vi har bli-kjent fest, jule- og v\u00e5r-ball, vi danser oss gjennom folketoget p\u00e5 17.Mai og arrangerer kakeavslutning mot slutten av semesteret. Vi har ogs\u00e5 en sosialside p\u00e5 Facebook hvor man kan avtale mer eller mindre spontane sammenkomster.<\/p>\n\n\n\n<div style=\"text-align:center\" class=\"wp-block-atomic-blocks-ab-button ab-block-button\"><a href=\"https:\/\/ntnui.no\/swingogfolkedans\/arrangement\/\" class=\"ab-button ab-button-shape-circular ab-button-size-medium\" style=\"color:#ffffff;background-color:#007523\">Les mer<\/a><\/div>\n<\/div><\/div>\n\n\n\n<h3 class=\"wp-block-heading has-text-align-center\">Noe du lurer p\u00e5?<\/h3>\n\n\n\n<div class=\"wp-block-columns has-2-columns is-layout-flex wp-container-core-columns-is-layout-1 wp-block-columns-is-layout-flex\">\n<div class=\"wp-block-column is-layout-flow wp-block-column-is-layout-flow\">\n<div style=\"text-align:right\" class=\"wp-block-atomic-blocks-ab-button ab-block-button\"><a href=\"https:\/\/ntnui.no\/swingogfolkedans\/vanlige-sporsmal\/\" class=\"ab-button ab-button-shape-circular ab-button-size-medium\" style=\"color:#ffffff;background-color:#007523\">Vanlige sp\u00f8rsm\u00e5l<\/a><\/div>\n<\/div>\n\n\n\n<div class=\"wp-block-column is-layout-flow wp-block-column-is-layout-flow\">\n<div style=\"text-align:left\" class=\"wp-block-atomic-blocks-ab-button ab-block-button\"><a href=\"mailto:swingogfolkedans@ntnui.no\" class=\"ab-button ab-button-shape-circular ab-button-size-medium\" style=\"color:#ffffff;background-color:#007523\">Kontakt oss<\/a><\/div>\n<\/div>\n<\/div>\n\n\n<div class=\"wp-block-image has-lightbox\">\n<figure class=\"aligncenter size-large\"><img loading=\"lazy\" decoding=\"async\" width=\"300\" height=\"120\" src=\"https:\/\/ntnui.no\/swingogfolkedans\/wp-content\/uploads\/sites\/236\/2019\/01\/ntnui-logo-header.png\" alt=\"NTNUI\" class=\"wp-image-31\" \/><\/figure><\/div>\n\n\n<div class=\"wp-block-columns has-3-columns is-layout-flex wp-container-core-columns-is-layout-2 wp-block-columns-is-layout-flex\">\n<div class=\"wp-block-column is-layout-flow wp-block-column-is-layout-flow\">\n<p><\/p>\n<\/div>\n\n\n\n<div class=\"wp-block-column is-layout-flow wp-block-column-is-layout-flow\"><\/div>\n\n\n\n<div class=\"wp-block-column is-layout-flow wp-block-column-is-layout-flow\"><\/div>\n<\/div>\n","protected":false},"excerpt":{"rendered":"<p>Velkommen til nye kurs Vi starter opp igjen med nye kurs i starten av september og slutten av januar. Nybegynnerkursene starter helt fra scratch s\u00e5 alle kan bli med. M\u00f8t opp alene, eller ta med en venn eller resten av kollektivet! Se swing.pameldinger.no for p\u00e5melding og mer informasjon! Foto: NTNUI Swing og Folkdans (CC BY [&hellip;]<\/p>\n","protected":false},"author":7,"featured_media":79,"parent":0,"menu_order":0,"comment_status":"closed","ping_status":"closed","template":"","meta":{"_coblocks_attr":"","_coblocks_dimensions":"","_coblocks_responsive_height":"","_coblocks_accordion_ie_support":"","_price":"","_stock":"","_tribe_ticket_header":"","_tribe_default_ticket_provider":"","_tribe_ticket_capacity":"0","_ticket_start_date":"","_ticket_end_date":"","_tribe_ticket_show_description":"","_tribe_ticket_show_not_going":false,"_tribe_ticket_use_global_stock":"","_tribe_ticket_global_stock_level":"","_global_stock_mode":"","_global_stock_cap":"","_tribe_rsvp_for_event":"","_tribe_ticket_going_count":"","_tribe_ticket_not_going_count":"","_tribe_tickets_list":[],"_tribe_ticket_has_attendee_info_fields":false,"footnotes":""},"class_list":["post-7","page","type-page","status-publish","has-post-thumbnail","hentry"],"featured_image_src":"https:\/\/ntnui.no\/swingogfolkedans\/wp-content\/uploads\/sites\/236\/2019\/02\/40640173_2382323125131028_6834424455595294720_o-600x400.jpg","featured_image_src_square":"https:\/\/ntnui.no\/swingogfolkedans\/wp-content\/uploads\/sites\/236\/2019\/02\/40640173_2382323125131028_6834424455595294720_o-600x600.jpg","yoast_head":"<!-- This site is optimized with the Yoast SEO plugin v15.1.1 - https:\/\/yoast.com\/wordpress\/plugins\/seo\/ -->\n<title>Swingkurs for Trondheims studenter - NTNUI Swing og Folkedans<\/title>\n<meta name=\"description\" content=\"Vi holder dansekurs i swing for Trondheims studenter med fokus p\u00e5 det sosiale og gleden av \u00e5 danse. Hos oss er alle NTNUI-medlemmer velkomne!\" \/>\n<meta name=\"robots\" content=\"index, follow, max-snippet:-1, max-image-preview:large, max-video-preview:-1\" \/>\n<link rel=\"canonical\" href=\"https:\/\/ntnui.no\/swingogfolkedans\/\" \/>\n<meta property=\"og:locale\" content=\"nb_NO\" \/>\n<meta property=\"og:type\" content=\"article\" \/>\n<meta property=\"og:title\" content=\"Swingkurs for Trondheims studenter - NTNUI Swing og Folkedans\" \/>\n<meta property=\"og:description\" content=\"Vi holder dansekurs i swing for Trondheims studenter med fokus p\u00e5 det sosiale og gleden av \u00e5 danse. Hos oss er alle NTNUI-medlemmer velkomne!\" \/>\n<meta property=\"og:url\" content=\"https:\/\/ntnui.no\/swingogfolkedans\/\" \/>\n<meta property=\"og:site_name\" content=\"NTNUI Swing og Folkedans\" \/>\n<meta property=\"article:modified_time\" content=\"2025-11-18T19:25:43+00:00\" \/>\n<meta property=\"og:image\" content=\"https:\/\/ntnui.no\/swingogfolkedans\/wp-content\/uploads\/sites\/236\/2019\/02\/40640173_2382323125131028_6834424455595294720_o.jpg\" \/>\n\t<meta property=\"og:image:width\" content=\"2016\" \/>\n\t<meta property=\"og:image:height\" content=\"1134\" \/>\n<meta name=\"twitter:card\" content=\"summary_large_image\" \/>\n<script type=\"application\/ld+json\" class=\"yoast-schema-graph\">{\"@context\":\"https:\/\/schema.org\",\"@graph\":[{\"@type\":\"WebSite\",\"@id\":\"https:\/\/ntnui.no\/swingogfolkedans\/#website\",\"url\":\"https:\/\/ntnui.no\/swingogfolkedans\/\",\"name\":\"NTNUI Swing og Folkedans\",\"description\":\"\",\"potentialAction\":[{\"@type\":\"SearchAction\",\"target\":\"https:\/\/ntnui.no\/swingogfolkedans\/?s={search_term_string}\",\"query-input\":\"required name=search_term_string\"}],\"inLanguage\":\"nb-NO\"},{\"@type\":\"ImageObject\",\"@id\":\"https:\/\/ntnui.no\/swingogfolkedans\/#primaryimage\",\"inLanguage\":\"nb-NO\",\"url\":\"https:\/\/ntnui.no\/swingogfolkedans\/wp-content\/uploads\/sites\/236\/2019\/02\/40640173_2382323125131028_6834424455595294720_o.jpg\",\"width\":2016,\"height\":1134},{\"@type\":\"WebPage\",\"@id\":\"https:\/\/ntnui.no\/swingogfolkedans\/#webpage\",\"url\":\"https:\/\/ntnui.no\/swingogfolkedans\/\",\"name\":\"Swingkurs for Trondheims studenter - NTNUI Swing og Folkedans\",\"isPartOf\":{\"@id\":\"https:\/\/ntnui.no\/swingogfolkedans\/#website\"},\"primaryImageOfPage\":{\"@id\":\"https:\/\/ntnui.no\/swingogfolkedans\/#primaryimage\"},\"datePublished\":\"2019-01-10T17:36:13+00:00\",\"dateModified\":\"2025-11-18T19:25:43+00:00\",\"description\":\"Vi holder dansekurs i swing for Trondheims studenter med fokus p\\u00e5 det sosiale og gleden av \\u00e5 danse. Hos oss er alle NTNUI-medlemmer velkomne!\",\"inLanguage\":\"nb-NO\",\"potentialAction\":[{\"@type\":\"ReadAction\",\"target\":[\"https:\/\/ntnui.no\/swingogfolkedans\/\"]}]}]}<\/script>\n<!-- \/ Yoast SEO plugin. -->","_links":{"self":[{"href":"https:\/\/ntnui.no\/swingogfolkedans\/wp-json\/wp\/v2\/pages\/7","targetHints":{"allow":["GET"]}}],"collection":[{"href":"https:\/\/ntnui.no\/swingogfolkedans\/wp-json\/wp\/v2\/pages"}],"about":[{"href":"https:\/\/ntnui.no\/swingogfolkedans\/wp-json\/wp\/v2\/types\/page"}],"author":[{"embeddable":true,"href":"https:\/\/ntnui.no\/swingogfolkedans\/wp-json\/wp\/v2\/users\/7"}],"replies":[{"embeddable":true,"href":"https:\/\/ntnui.no\/swingogfolkedans\/wp-json\/wp\/v2\/comments?post=7"}],"version-history":[{"count":182,"href":"https:\/\/ntnui.no\/swingogfolkedans\/wp-json\/wp\/v2\/pages\/7\/revisions"}],"predecessor-version":[{"id":1547,"href":"https:\/\/ntnui.no\/swingogfolkedans\/wp-json\/wp\/v2\/pages\/7\/revisions\/1547"}],"wp:featuredmedia":[{"embeddable":true,"href":"https:\/\/ntnui.no\/swingogfolkedans\/wp-json\/wp\/v2\/media\/79"}],"wp:attachment":[{"href":"https:\/\/ntnui.no\/swingogfolkedans\/wp-json\/wp\/v2\/media?parent=7"}],"curies":[{"name":"wp","href":"https:\/\/api.w.org\/{rel}","templated":true}]}}