{"id":61,"date":"2019-02-11T09:23:19","date_gmt":"2019-02-11T09:23:19","guid":{"rendered":"https:\/\/ntnui.no\/swingogfolkedans\/?page_id=61"},"modified":"2022-11-03T21:49:22","modified_gmt":"2022-11-03T21:49:22","slug":"vanlige-sporsmal","status":"publish","type":"page","link":"https:\/\/ntnui.no\/swingogfolkedans\/vanlige-sporsmal\/","title":{"rendered":"Vanlige sp\u00f8rsm\u00e5l"},"content":{"rendered":"\n<div class=\"wp-block-cover alignfull has-background-dim is-position-center-center is-style-default\" style=\"background-image:url(https:\/\/ntnui.no\/swingogfolkedans\/wp-content\/uploads\/sites\/236\/2021\/07\/N_Dittrich-JSBF-105_c.jpg);background-position:52% 44%;min-height:424px;aspect-ratio:unset;\"><div class=\"wp-block-cover__inner-container is-layout-flow wp-block-cover-is-layout-flow\">\n<p class=\"has-text-align-center has-large-font-size\"><\/p>\n<\/div><\/div>\n\n\n\n<p><strong>Trenger jeg partner for \u00e5 bli med p\u00e5 treningene?<\/strong><br><i>Svar:<\/i> Nei.&nbsp;P\u00e5 v\u00e5re&nbsp;treninger rullerer vi partnere, slik at man bytter dansepartner ganske ofte og man f\u00e5r danse med de fleste av motsatt rolle.<\/p>\n\n\n\n<p><strong>Jeg har bare lyst til \u00e5 danse med en spesifikk partner p\u00e5 kurs<br><\/strong><i>Svar:<\/i> Vi anbefaler ikke at du kun danser med \u00e9n partner under kurset, grunnet lavere progresjon og l\u00e6ringsbytte. Etter kurs er det fridans, der du kan danse mange danser med dem du \u00f8nsker!<\/p>\n\n\n\n<p><strong>Koster det noe \u00e5 delta p\u00e5 kurs?<br><\/strong><i>Svar:<\/i> Nei. Det eneste som kreves er at du er medlem av NTNUI og har registrert deg i v\u00e5r gruppe p\u00e5 <a href=\"https:\/\/medlem.ntnui.no\/groups\/swing-og-folkedans\/\">medlem.ntnui.no<\/a>. Siden treningene holdes i SiT sine lokaler kreves det ogs\u00e5 at du har tilgang til bygget, enten gjennom medlemskap eller betalt dagsbillett. For mer informasjon, se\u00a0<a href=\"https:\/\/www.sit.no\/trening\/bli-medlem\"><u>Sit sine sider<\/u>.<\/a><\/p>\n\n\n\n<p><strong>Hva slags kl\u00e6r anbefales?<br><\/strong><i>Svar:<\/i> Vi kommer tett p\u00e5 hverandre n\u00e5r vi danser. Vi oppfordrer derfor v\u00e5re deltakere om \u00e5 v\u00e6re oppmerksomme p\u00e5 personlig hygiene og sjenerende kroppslukt, samt ankomme kurs og arrangement i rent t\u00f8y. For de mest aktive kan en ekstra t-skjorte v\u00e6re lurt.<\/p>\n\n\n\n<p>Vi anbefaler treningst\u00f8y p\u00e5 v\u00e5re kurs. Bruk t-skjorte da rygg, mage og armhuler skal v\u00e6re dekket. Husk at kjoler og skj\u00f8rt kan l\u00f8fte seg under dans, s\u00e5 ha p\u00e5 en shorts under ved behov.<\/p>\n\n\n\n<p><strong>Hva slags sko anbefales?<br><\/strong><i>Svar:<\/i> Vi anbefaler sko med glatt s\u00e5le for b\u00e5de lead og follow. Vanlige treningssko er bedre enn ingen sko. Bruk av riktig skot\u00f8y forebygger faren for kneskade og gj\u00f8r det lettere \u00e5 snurre.<\/p>\n\n\n\n<p><strong>Trenger jeg \u00e5 melde meg p\u00e5 kurset?<br><\/strong><i>Svar:<\/i> Du m\u00e5 melde deg p\u00e5 f\u00f8rste kursdag grunnet bildesamtykke. Se v\u00e5r Facebook-side for p\u00e5melding i starten av semesteret. P\u00e5meldingen gjelder hele semesteret.<\/p>\n\n\n\n<p><strong>Trenger jeg \u00e5 kunne danse f\u00f8r jeg kommer p\u00e5 nybegynnerkurs?<br><\/strong><i>Svar:<\/i> Nei. Kurset tar h\u00f8yde for at de fleste aldri har danset f\u00f8r.<\/p>\n\n\n\n<p><strong>N\u00e5r kan jeg begynne p\u00e5 \u00f8vet- eller videreg\u00e5endekurs?<\/strong><br><em>Svar:<\/em> Du m\u00e5 ha deltatt jevnlig p\u00e5 nybegynnerkurset v\u00e5rt ett semester for \u00e5 v\u00e6re med p\u00e5 \u00f8vet. Likedan m\u00e5 du ha deltatt jevnlig p\u00e5 \u00f8vet for \u00e5 begynne p\u00e5 videreg\u00e5ende det p\u00e5f\u00f8lgende semesteret. Snakk gjerne med en instrukt\u00f8r om du er usikker.<\/p>\n\n\n\n<p><strong>Jeg har opplevd noe ubehagelig p\u00e5 kurs eller arrangementer. Hva gj\u00f8r jeg?<\/strong><br><em>Svar:<\/em> Vi er sv\u00e6rt opptatt av trivsel i v\u00e5r klubb. Hvis du har opplevd noe ubehagelig p\u00e5 kurs eller arrangementer, \u00f8nsker vi at du tar kontakt med <a href=\"https:\/\/ntnui.no\/swingogfolkedans\/om-oss\/\">v\u00e5re tillitsvalgte<\/a> eller <a href=\"https:\/\/ntnui.no\/varsling\/\">NTNUI Lovutvalget<\/a>. De har taushetsplikt og skal hjelpe deg.<\/p>\n\n\n\n<h2 class=\"wp-block-heading\">Hvor kan jeg finne mer informasjon?<\/h2>\n\n\n\n<p>Alt av informasjon om ting som skjer kommer p\u00e5 v\u00e5r <a href=\"https:\/\/www.facebook.com\/NTNUISwingFolkedans\">facebookside<\/a> og p\u00e5 v\u00e5r <a href=\"https:\/\/www.facebook.com\/groups\/ntnuiswingfolkedanssosialt\">sosialgruppe p\u00e5 Facebook<\/a>.<\/p>\n\n\n\n<p>P\u00e5 facebooksiden blir det lagt ut informasjon om fester, kurs, turer, treninger og mange andre ting. Lik facebooksiden v\u00e5r, s\u00e5 har du en fin mulighet til \u00e5 f\u00e5 med deg hva som skjer!<\/p>\n\n\n\n<p>Sp\u00f8rsm\u00e5l uten allmenn interesse, om f.eks. treninger, kurs o.a. kan sendes til:<\/p>\n\n\n\n<p><strong><a href=\"mailto:swingogfolkedans@ntnui.no\">swingogfolkedans@ntnui.no<\/a><\/strong><\/p>\n\n\n\n<figure class=\"wp-block-image\"><img loading=\"lazy\" decoding=\"async\" width=\"1024\" height=\"768\" src=\"https:\/\/ntnui.no\/swingogfolkedans\/wp-content\/uploads\/sites\/236\/2019\/02\/16797978_1658096817553666_8394579514403873061_o-1024x768.jpg\" alt=\"\" class=\"wp-image-90\" srcset=\"https:\/\/ntnui.no\/swingogfolkedans\/wp-content\/uploads\/sites\/236\/2019\/02\/16797978_1658096817553666_8394579514403873061_o.jpg 1024w, https:\/\/ntnui.no\/swingogfolkedans\/wp-content\/uploads\/sites\/236\/2019\/02\/16797978_1658096817553666_8394579514403873061_o-300x225.jpg 300w, https:\/\/ntnui.no\/swingogfolkedans\/wp-content\/uploads\/sites\/236\/2019\/02\/16797978_1658096817553666_8394579514403873061_o-768x576.jpg 768w, https:\/\/ntnui.no\/swingogfolkedans\/wp-content\/uploads\/sites\/236\/2019\/02\/16797978_1658096817553666_8394579514403873061_o-600x450.jpg 600w\" sizes=\"auto, (max-width: 1024px) 100vw, 1024px\" \/><figcaption>Foto: NTNUI Swing og Folkdans (CC BY 4.0)<\/figcaption><\/figure>\n","protected":false},"excerpt":{"rendered":"<p>Trenger jeg partner for \u00e5 bli med p\u00e5 treningene?Svar: Nei.&nbsp;P\u00e5 v\u00e5re&nbsp;treninger rullerer vi partnere, slik at man bytter dansepartner ganske ofte og man f\u00e5r danse med de fleste av motsatt rolle. Jeg har bare lyst til \u00e5 danse med en spesifikk partner p\u00e5 kursSvar: Vi anbefaler ikke at du kun danser med \u00e9n partner under [&hellip;]<\/p>\n","protected":false},"author":107,"featured_media":0,"parent":0,"menu_order":0,"comment_status":"closed","ping_status":"closed","template":"","meta":{"_coblocks_attr":"","_coblocks_dimensions":"","_coblocks_responsive_height":"","_coblocks_accordion_ie_support":"","_price":"","_stock":"","_tribe_ticket_header":"","_tribe_default_ticket_provider":"","_tribe_ticket_capacity":"0","_ticket_start_date":"","_ticket_end_date":"","_tribe_ticket_show_description":"","_tribe_ticket_show_not_going":false,"_tribe_ticket_use_global_stock":"","_tribe_ticket_global_stock_level":"","_global_stock_mode":"","_global_stock_cap":"","_tribe_rsvp_for_event":"","_tribe_ticket_going_count":"","_tribe_ticket_not_going_count":"","_tribe_tickets_list":[],"_tribe_ticket_has_attendee_info_fields":false,"footnotes":""},"class_list":["post-61","page","type-page","status-publish","hentry"],"featured_image_src":null,"featured_image_src_square":null,"yoast_head":"<!-- This site is optimized with the Yoast SEO plugin v15.1.1 - https:\/\/yoast.com\/wordpress\/plugins\/seo\/ -->\n<title>Vanlige sp\u00f8rsm\u00e5l - NTNUI Swing og Folkedans<\/title>\n<meta name=\"robots\" content=\"index, follow, max-snippet:-1, max-image-preview:large, max-video-preview:-1\" \/>\n<link rel=\"canonical\" href=\"https:\/\/ntnui.no\/swingogfolkedans\/vanlige-sporsmal\/\" \/>\n<meta property=\"og:locale\" content=\"nb_NO\" \/>\n<meta property=\"og:type\" content=\"article\" \/>\n<meta property=\"og:title\" content=\"Vanlige sp\u00f8rsm\u00e5l - NTNUI Swing og Folkedans\" \/>\n<meta property=\"og:description\" content=\"Trenger jeg partner for \u00e5 bli med p\u00e5 treningene?Svar: Nei.&nbsp;P\u00e5 v\u00e5re&nbsp;treninger rullerer vi partnere, slik at man bytter dansepartner ganske ofte og man f\u00e5r danse med de fleste av motsatt rolle. Jeg har bare lyst til \u00e5 danse med en spesifikk partner p\u00e5 kursSvar: Vi anbefaler ikke at du kun danser med \u00e9n partner under [&hellip;]\" \/>\n<meta property=\"og:url\" content=\"https:\/\/ntnui.no\/swingogfolkedans\/vanlige-sporsmal\/\" \/>\n<meta property=\"og:site_name\" content=\"NTNUI Swing og Folkedans\" \/>\n<meta property=\"article:modified_time\" content=\"2022-11-03T21:49:22+00:00\" \/>\n<meta property=\"og:image\" content=\"https:\/\/ntnui.no\/swingogfolkedans\/wp-content\/uploads\/sites\/236\/2019\/02\/16797978_1658096817553666_8394579514403873061_o-1024x768.jpg\" \/>\n<meta name=\"twitter:card\" content=\"summary_large_image\" \/>\n<script type=\"application\/ld+json\" class=\"yoast-schema-graph\">{\"@context\":\"https:\/\/schema.org\",\"@graph\":[{\"@type\":\"WebSite\",\"@id\":\"https:\/\/ntnui.no\/swingogfolkedans\/#website\",\"url\":\"https:\/\/ntnui.no\/swingogfolkedans\/\",\"name\":\"NTNUI Swing og Folkedans\",\"description\":\"\",\"potentialAction\":[{\"@type\":\"SearchAction\",\"target\":\"https:\/\/ntnui.no\/swingogfolkedans\/?s={search_term_string}\",\"query-input\":\"required name=search_term_string\"}],\"inLanguage\":\"nb-NO\"},{\"@type\":\"ImageObject\",\"@id\":\"https:\/\/ntnui.no\/swingogfolkedans\/vanlige-sporsmal\/#primaryimage\",\"inLanguage\":\"nb-NO\",\"url\":\"https:\/\/ntnui.no\/swingogfolkedans\/wp-content\/uploads\/sites\/236\/2019\/02\/16797978_1658096817553666_8394579514403873061_o.jpg\",\"width\":1024,\"height\":768},{\"@type\":\"WebPage\",\"@id\":\"https:\/\/ntnui.no\/swingogfolkedans\/vanlige-sporsmal\/#webpage\",\"url\":\"https:\/\/ntnui.no\/swingogfolkedans\/vanlige-sporsmal\/\",\"name\":\"Vanlige sp\\u00f8rsm\\u00e5l - NTNUI Swing og Folkedans\",\"isPartOf\":{\"@id\":\"https:\/\/ntnui.no\/swingogfolkedans\/#website\"},\"primaryImageOfPage\":{\"@id\":\"https:\/\/ntnui.no\/swingogfolkedans\/vanlige-sporsmal\/#primaryimage\"},\"datePublished\":\"2019-02-11T09:23:19+00:00\",\"dateModified\":\"2022-11-03T21:49:22+00:00\",\"inLanguage\":\"nb-NO\",\"potentialAction\":[{\"@type\":\"ReadAction\",\"target\":[\"https:\/\/ntnui.no\/swingogfolkedans\/vanlige-sporsmal\/\"]}]}]}<\/script>\n<!-- \/ Yoast SEO plugin. -->","_links":{"self":[{"href":"https:\/\/ntnui.no\/swingogfolkedans\/wp-json\/wp\/v2\/pages\/61","targetHints":{"allow":["GET"]}}],"collection":[{"href":"https:\/\/ntnui.no\/swingogfolkedans\/wp-json\/wp\/v2\/pages"}],"about":[{"href":"https:\/\/ntnui.no\/swingogfolkedans\/wp-json\/wp\/v2\/types\/page"}],"author":[{"embeddable":true,"href":"https:\/\/ntnui.no\/swingogfolkedans\/wp-json\/wp\/v2\/users\/107"}],"replies":[{"embeddable":true,"href":"https:\/\/ntnui.no\/swingogfolkedans\/wp-json\/wp\/v2\/comments?post=61"}],"version-history":[{"count":25,"href":"https:\/\/ntnui.no\/swingogfolkedans\/wp-json\/wp\/v2\/pages\/61\/revisions"}],"predecessor-version":[{"id":1372,"href":"https:\/\/ntnui.no\/swingogfolkedans\/wp-json\/wp\/v2\/pages\/61\/revisions\/1372"}],"wp:attachment":[{"href":"https:\/\/ntnui.no\/swingogfolkedans\/wp-json\/wp\/v2\/media?parent=61"}],"curies":[{"name":"wp","href":"https:\/\/api.w.org\/{rel}","templated":true}]}}