{"id":597,"date":"2019-02-11T11:20:59","date_gmt":"2019-02-11T11:20:59","guid":{"rendered":"https:\/\/ntnui.no\/swingogfolkedans\/?page_id=597"},"modified":"2025-11-18T20:01:04","modified_gmt":"2025-11-18T20:01:04","slug":"vare-treninger","status":"publish","type":"page","link":"https:\/\/ntnui.no\/swingogfolkedans\/vare-treninger\/","title":{"rendered":"V\u00e5re treninger"},"content":{"rendered":"\n<p>Informasjon om kursoppstart postes p\u00e5 <a href=\"https:\/\/www.facebook.com\/NTNUISwingFolkedans\">Facebook-siden v\u00e5r<\/a> ved semesterstart.<\/p>\n\n\n\n<div class=\"wp-block-coblocks-services\"><div class=\"has-columns has-2-columns has-responsive-columns has-medium-gutter\">\n<div class=\"wp-block-coblocks-service\"><figure class=\"wp-block-coblocks-service__figure\"><img decoding=\"async\" src=\"https:\/\/ntnui.no\/swingogfolkedans\/wp-content\/uploads\/sites\/236\/2019\/02\/40640173_2382323125131028_6834424455595294720_o.jpg\" alt=\"\" \/><\/figure><div class=\"wp-block-coblocks-service__content\">\n<h3 class=\"wp-block-heading\">Swing Nybegynner<\/h3>\n\n\n\n<p>Sted: Gl\u00f8shaugen idrettsbygg, Sal 4<br>Tid: S\u00f8ndager 17:00<br>Inngang: Gratis (krever Sit og NTNUI-medlemsskap)<\/p>\n\n\n\n<p>Nybegynnerkurset i swing passer for deg som aldri har danset f\u00f8r. Nybegynnerkurset g\u00e5r over 12 uker. Du m\u00e5 ha deltatt p\u00e5 mist ett av de to f\u00f8rste kursdagene eller kr\u00e6sjkurs for \u00e5 f\u00f8lge kursene ut semesteret. Vi har oppstart av dette niv\u00e5et b\u00e5de h\u00f8st og v\u00e5r.<br>Det er felles fridans etter kurset og utover kvelden.<\/p>\n\n\n\n<p>Foto: NTNUI Swing og Folkdans (CC BY 4.0)<\/p>\n<\/div><\/div>\n\n\n\n<div class=\"wp-block-coblocks-service\"><figure class=\"wp-block-coblocks-service__figure\"><img decoding=\"async\" src=\"https:\/\/ntnui.no\/swingogfolkedans\/wp-content\/uploads\/sites\/236\/2023\/07\/ovet.jpg\" alt=\"\" \/><\/figure><div class=\"wp-block-coblocks-service__content\">\n<h3 class=\"wp-block-heading\">Swing \u00d8vet<\/h3>\n\n\n\n<p>Sted: Lysholmbygget p\u00e5 Kalvskinnet, LYGYM1<br>Tid: Onsdager 18:00<\/p>\n\n\n\n<p>\u00d8vetkurset er for deg som har g\u00e5tt minst ett semester p\u00e5 v\u00e5re nybegynnerkurs tidligere. \u00d8vetkurset g\u00e5r b\u00e5de h\u00f8st og v\u00e5r.<br>Det er felles fridans etter \u00f8vetkurs fra 19:30.<\/p>\n\n\n\n<p>Foto: NTNUI Swing og Folkdans (CC BY 4.0)<\/p>\n<\/div><\/div>\n\n\n\n<div class=\"wp-block-coblocks-service\"><div class=\"wp-block-coblocks-service__content\">\n<h3 class=\"wp-block-heading\"><\/h3>\n\n\n\n<p class=\"has-text-align-none\"><\/p>\n<\/div><\/div>\n<\/div><\/div>\n\n\n\n<div class=\"wp-block-coblocks-services\"><div class=\"has-columns has-2-columns has-responsive-columns has-medium-gutter\">\n<div class=\"wp-block-coblocks-service\"><figure class=\"wp-block-coblocks-service__figure\"><img decoding=\"async\" src=\"https:\/\/ntnui.no\/swingogfolkedans\/wp-content\/uploads\/sites\/236\/2021\/03\/2021-03-14-Jolsgard-SF_SK-4_crop_2.jpg\" alt=\"\" \/><\/figure><div class=\"wp-block-coblocks-service__content\">\n<h3 class=\"wp-block-heading\">Swing Videreg\u00e5ende<\/h3>\n\n\n\n<p>Sted: Gl\u00f8shaugen idrettsbygg, Sal 3<br>Tid: S\u00f8ndager 18:30<\/p>\n\n\n\n<p>Videreg\u00e5endekurs er for deg som har g\u00e5tt p\u00e5 b\u00e5de nybegynner- og \u00f8vetkurs hos oss. Kurset g\u00e5r over 12 uker der vi arbeider med avanserte turer og teknikk.<br><\/p>\n\n\n\n<p>Foto: NTNUI Swing og Folkdans (CC BY 4.0)<\/p>\n<\/div><\/div>\n\n\n\n<div class=\"wp-block-coblocks-service\"><figure class=\"wp-block-coblocks-service__figure\"><img decoding=\"async\" src=\"https:\/\/ntnui.no\/swingogfolkedans\/wp-content\/uploads\/sites\/236\/2023\/07\/teknikktreninger.jpg\" alt=\"\" \/><\/figure><div class=\"wp-block-coblocks-service__content\">\n<h3 class=\"wp-block-heading\">Teknikktreninger<\/h3>\n\n\n\n<p>Sted: Gl\u00f8shaugen idrettsbygg, Sal 3<br>Tid: L\u00f8rdager 12:00<\/p>\n\n\n\n<p>Treninger med variert innhold og mulighet til \u00e5 f\u00e5 veiledning til egen teknikk. Krever at man avtaler med en dansepartner i forkant.<\/p>\n\n\n\n<p>Kursene blir annonsert i sosialgruppen p\u00e5 Facebook.<\/p>\n\n\n\n<p>Foto: NTNUI Swing og Folkdans (CC BY 4.0)<\/p>\n<\/div><\/div>\n\n\n\n<div class=\"wp-block-coblocks-service\"><figure class=\"wp-block-coblocks-service__figure\"><img decoding=\"async\" src=\"https:\/\/ntnui.no\/swingogfolkedans\/wp-content\/uploads\/sites\/236\/2020\/07\/14633394_1507024162660933_197229706732252417_o.jpg\" alt=\"\" \/><\/figure><div class=\"wp-block-coblocks-service__content\">\n<h3 class=\"wp-block-heading\">Folkedans<\/h3>\n\n\n\n<p>Sted: Lysholmbygget p\u00e5 Kalvskinnet, LYGYM1<br>Tid: S\u00f8ndager 14:30<\/p>\n\n\n\n<p>Folkedanskursene er for alle som har lyst til \u00e5 l\u00e6re folkedans. Det instrueres i tradisjonelle pardanser og turdanser fra reinlender til seksmannsril. <\/p>\n\n\n\n<p>Deltakelse krever NTNUI-medlemskap.<\/p>\n\n\n\n<p>Foto: NTNUI Swing og Folkdans (CC BY 4.0)<\/p>\n<\/div><\/div>\n\n\n\n<div class=\"wp-block-coblocks-service\"><div class=\"wp-block-coblocks-service__content\">\n<h3 class=\"wp-block-heading\"><\/h3>\n\n\n\n<p class=\"has-text-align-none\"><\/p>\n<\/div><\/div>\n<\/div><\/div>\n","protected":false},"excerpt":{"rendered":"<p>Informasjon om kursoppstart postes p\u00e5 Facebook-siden v\u00e5r ved semesterstart.<\/p>\n","protected":false},"author":107,"featured_media":0,"parent":0,"menu_order":0,"comment_status":"closed","ping_status":"closed","template":"","meta":{"_coblocks_attr":"","_coblocks_dimensions":"","_coblocks_responsive_height":"","_coblocks_accordion_ie_support":"","_price":"","_stock":"","_tribe_ticket_header":"","_tribe_default_ticket_provider":"","_tribe_ticket_capacity":"0","_ticket_start_date":"","_ticket_end_date":"","_tribe_ticket_show_description":"","_tribe_ticket_show_not_going":false,"_tribe_ticket_use_global_stock":"","_tribe_ticket_global_stock_level":"","_global_stock_mode":"","_global_stock_cap":"","_tribe_rsvp_for_event":"","_tribe_ticket_going_count":"","_tribe_ticket_not_going_count":"","_tribe_tickets_list":[],"_tribe_ticket_has_attendee_info_fields":false,"footnotes":""},"class_list":["post-597","page","type-page","status-publish","hentry"],"featured_image_src":null,"featured_image_src_square":null,"yoast_head":"<!-- This site is optimized with the Yoast SEO plugin v15.1.1 - https:\/\/yoast.com\/wordpress\/plugins\/seo\/ -->\n<title>Treningstider swing og folkedans - NTNUI Swing og Folkedans<\/title>\n<meta name=\"description\" content=\"Nybegynnerkurset i swing passer for de som aldri har danset f\u00f8r og de som har danset mindre enn 1-2 \u00e5r. Vi har ogs\u00e5 videreg\u00e5ende kurs.\" \/>\n<meta name=\"robots\" content=\"index, follow, max-snippet:-1, max-image-preview:large, max-video-preview:-1\" \/>\n<link rel=\"canonical\" href=\"https:\/\/ntnui.no\/swingogfolkedans\/vare-treninger\/\" \/>\n<meta property=\"og:locale\" content=\"nb_NO\" \/>\n<meta property=\"og:type\" content=\"article\" \/>\n<meta property=\"og:title\" content=\"Treningstider swing og folkedans - NTNUI Swing og Folkedans\" \/>\n<meta property=\"og:description\" content=\"Nybegynnerkurset i swing passer for de som aldri har danset f\u00f8r og de som har danset mindre enn 1-2 \u00e5r. Vi har ogs\u00e5 videreg\u00e5ende kurs.\" \/>\n<meta property=\"og:url\" content=\"https:\/\/ntnui.no\/swingogfolkedans\/vare-treninger\/\" \/>\n<meta property=\"og:site_name\" content=\"NTNUI Swing og Folkedans\" \/>\n<meta property=\"article:modified_time\" content=\"2025-11-18T20:01:04+00:00\" \/>\n<meta property=\"og:image\" content=\"https:\/\/ntnui.no\/swingogfolkedans\/wp-content\/uploads\/sites\/236\/2019\/02\/40640173_2382323125131028_6834424455595294720_o.jpg\" \/>\n<meta name=\"twitter:card\" content=\"summary_large_image\" \/>\n<script type=\"application\/ld+json\" class=\"yoast-schema-graph\">{\"@context\":\"https:\/\/schema.org\",\"@graph\":[{\"@type\":\"WebSite\",\"@id\":\"https:\/\/ntnui.no\/swingogfolkedans\/#website\",\"url\":\"https:\/\/ntnui.no\/swingogfolkedans\/\",\"name\":\"NTNUI Swing og Folkedans\",\"description\":\"\",\"potentialAction\":[{\"@type\":\"SearchAction\",\"target\":\"https:\/\/ntnui.no\/swingogfolkedans\/?s={search_term_string}\",\"query-input\":\"required name=search_term_string\"}],\"inLanguage\":\"nb-NO\"},{\"@type\":\"ImageObject\",\"@id\":\"https:\/\/ntnui.no\/swingogfolkedans\/vare-treninger\/#primaryimage\",\"inLanguage\":\"nb-NO\",\"url\":\"https:\/\/ntnui.no\/swingogfolkedans\/wp-content\/uploads\/sites\/236\/2019\/02\/40640173_2382323125131028_6834424455595294720_o.jpg\",\"width\":2016,\"height\":1134},{\"@type\":\"WebPage\",\"@id\":\"https:\/\/ntnui.no\/swingogfolkedans\/vare-treninger\/#webpage\",\"url\":\"https:\/\/ntnui.no\/swingogfolkedans\/vare-treninger\/\",\"name\":\"Treningstider swing og folkedans - NTNUI Swing og Folkedans\",\"isPartOf\":{\"@id\":\"https:\/\/ntnui.no\/swingogfolkedans\/#website\"},\"primaryImageOfPage\":{\"@id\":\"https:\/\/ntnui.no\/swingogfolkedans\/vare-treninger\/#primaryimage\"},\"datePublished\":\"2019-02-11T11:20:59+00:00\",\"dateModified\":\"2025-11-18T20:01:04+00:00\",\"description\":\"Nybegynnerkurset i swing passer for de som aldri har danset f\\u00f8r og de som har danset mindre enn 1-2 \\u00e5r. Vi har ogs\\u00e5 videreg\\u00e5ende kurs.\",\"inLanguage\":\"nb-NO\",\"potentialAction\":[{\"@type\":\"ReadAction\",\"target\":[\"https:\/\/ntnui.no\/swingogfolkedans\/vare-treninger\/\"]}]}]}<\/script>\n<!-- \/ Yoast SEO plugin. -->","_links":{"self":[{"href":"https:\/\/ntnui.no\/swingogfolkedans\/wp-json\/wp\/v2\/pages\/597","targetHints":{"allow":["GET"]}}],"collection":[{"href":"https:\/\/ntnui.no\/swingogfolkedans\/wp-json\/wp\/v2\/pages"}],"about":[{"href":"https:\/\/ntnui.no\/swingogfolkedans\/wp-json\/wp\/v2\/types\/page"}],"author":[{"embeddable":true,"href":"https:\/\/ntnui.no\/swingogfolkedans\/wp-json\/wp\/v2\/users\/107"}],"replies":[{"embeddable":true,"href":"https:\/\/ntnui.no\/swingogfolkedans\/wp-json\/wp\/v2\/comments?post=597"}],"version-history":[{"count":65,"href":"https:\/\/ntnui.no\/swingogfolkedans\/wp-json\/wp\/v2\/pages\/597\/revisions"}],"predecessor-version":[{"id":1559,"href":"https:\/\/ntnui.no\/swingogfolkedans\/wp-json\/wp\/v2\/pages\/597\/revisions\/1559"}],"wp:attachment":[{"href":"https:\/\/ntnui.no\/swingogfolkedans\/wp-json\/wp\/v2\/media?parent=597"}],"curies":[{"name":"wp","href":"https:\/\/api.w.org\/{rel}","templated":true}]}}