{"id":56,"date":"2019-02-11T09:20:44","date_gmt":"2019-02-11T09:20:44","guid":{"rendered":"https:\/\/ntnui.no\/swingogfolkedans\/?page_id=56"},"modified":"2025-03-23T14:56:41","modified_gmt":"2025-03-23T14:56:41","slug":"eksterne-kurs","status":"publish","type":"page","link":"https:\/\/ntnui.no\/swingogfolkedans\/eksterne-kurs\/","title":{"rendered":"Eksterne kurs"},"content":{"rendered":"\n<div class=\"wp-block-cover alignfull has-background-dim is-style-default\" style=\"background-image:url(https:\/\/ntnui.no\/swingogfolkedans\/wp-content\/uploads\/sites\/236\/2019\/02\/12310040_1239671529396199_6500620988489179784_o.jpg);background-position:53% 54%;min-height:412px;aspect-ratio:unset;\"><div class=\"wp-block-cover__inner-container is-layout-flow wp-block-cover-is-layout-flow\">\n<p class=\"has-text-align-center has-large-font-size\"><\/p>\n<\/div><\/div>\n\n\n\n<div class=\"wp-block-coblocks-alert is-style-info\" style=\"background-color:;color:\" aria-label=\"Alert section of type info\"><p class=\"wp-block-coblocks-alert__title\">I desember og mai-juni er det eksamensperiode. Derfor ber vi om at kurs legges utenfor disse m\u00e5nedene om mulig. Du m\u00e5 gjerne legge inn en kursforesp\u00f8rsel for p\u00e5f\u00f8lgende semester allerede n\u00e5 da vi ofte har stor ettersp\u00f8rsel.<\/p><\/div>\n\n\n\n<p>Vi holder gjerne swingkurs for dere! V\u00e5re dyktige instrukt\u00f8rer har god erfaring med \u00e5 holde kurs for b\u00e5de linjeforeninger, studentorganisasjoner og bedrifter. Dette pleier \u00e5 v\u00e6re et popul\u00e6rt innslag f\u00f8r b\u00e5de ball og julebord, men ogs\u00e5 som sosial happening!<\/p>\n\n\n\n<p>Niv\u00e5et er tilpasset nybegynnere og vi tar dere gjennom det grunnleggende og videre til noen triks man kan imponere med! \ud83d\udd7a\ud83d\udc83<\/p>\n\n\n\n<p>Se bestillingsskjema nederst p\u00e5 denne siden.<\/p>\n\n\n\n<h3 class=\"wp-block-heading\">Ofte stilte sp\u00f8rsm\u00e5l:<\/h3>\n\n\n\n<p><strong>Hvor mye koster et eksternkurs?<\/strong> Kurset koster 4000,- for studentorganisasjoner med opptil 60 kursdeltakere. NTNUI-grupper f\u00e5r 25 % rabatt. Vi anbefaler minst 30 deltakere p\u00e5 kurs. Kurs med flere enn 60 deltakere eller for n\u00e6ringsliv holdes etter avtale. Kontakt oss for et tilbud!<\/p>\n\n\n\n<p><strong>Hvor lenge varer kurset? <\/strong>Kurset varer i to timer. Vi legger inn en liten pause midt i kurset. Her m\u00e5 dere gjerne stille med sjokolade eller liknende for \u00e5 hjelpe deltakerne med \u00e5 f\u00e5 opp blodsukkeret igjen \ud83c\udf6b\ud83c\udf6c<\/p>\n\n\n\n<p><strong>Har dere forslag til lokale?<\/strong> Vi har gode erfaringer med \u00e5 holde kurs p\u00e5 Realfagparketten, i R10 (Realfagbygget), LYGYM2 (Kalvskinnet) og K5 (Kjemi). I tillegg kan Sal 1, 3 og 4 p\u00e5 Idrettsbygget Gl\u00f8shaugen brukes, samt Aerobicsalen og Gymsalen p\u00e5 Dragvoll Idrettssenter, eller Lysholmhallen p\u00e5 Kalvskinnet. Reservasjon m\u00e5 gj\u00f8res av bestillende til <a href=\"https:\/\/i.ntnu.no\/romreservasjon\">NTNU<\/a> eller <a href=\"mailto:trening@sit.no\">Sit<\/a>. <\/p>\n\n\n\n<p><strong>Trenger vi musikkanlegg til kurset?<\/strong> Mange av lokalene nevnt ovenfor har eget musikkanlegg. Vi har i tillegg en h\u00f8yttaler som kan brukes p\u00e5 Gl\u00f8shaugen. P\u00e5 lokaler uten musikkanlegg er det bestiller som s\u00f8rger for dette.<\/p>\n\n\n\n<p><strong>Hvor lenge i forveien b\u00f8r vi bestille kurs?<\/strong> V\u00e6r gjerne tidlig ute med \u00e5 bestille kurs, helst minst fire uker i forveien. Dette er for at vi kan sikre at vi har instrukt\u00f8rer som kan stille p\u00e5 \u00f8nsket tidspunkt og gi oss tid til planlegging. <\/p>\n\n\n\n<p><strong>Koster det noe \u00e5 avbestille kurs?<\/strong> V\u00e5re instrukt\u00f8rer bruker tid til \u00e5 forberede seg i forkant av kurs. Avbestilling er gratis s\u00e5 lenge det gj\u00f8res innen to uker f\u00f8r kurset skal holdes. Avbestilles kurset senere enn to uker f\u00f8r fakturerer vi 50% av kursprisen. Avbestilling innen 48 timer f\u00f8r kurset faktureres 75% av kursprisen. <\/p>\n\n\n\n<p><strong>Hvilket spr\u00e5k holdes kurset p\u00e5?<\/strong> V\u00e5re kurs holdes kun p\u00e5 norsk, da vi per i dag ikke har et kvalitetssikret opplegg p\u00e5 engelsk. Deltakere p\u00e5 kurs m\u00e5 gjerne stille sp\u00f8rsm\u00e5l og f\u00e5 svar p\u00e5 engelsk.<\/p>\n\n\n\n<p><strong>Vi er en liten gruppe. Kan vi fortsatt f\u00e5 kurs?<\/strong> Det tar like lang tid \u00e5 organisere og holde et kurs for 10 personer som for 60. Ettersom prisen blir den samme anbefaler at sm\u00e5 grupper sl\u00e5r seg sammen for \u00e5 f\u00e5 opp antall deltakere. Dere m\u00e5 gjerne dele p\u00e5 kursavgiften. St\u00f8rre grupper er ogs\u00e5 mindre utsatt for frafall og d\u00e5rlig kj\u00f8nnsbalanse.<\/p>\n\n\n\n<p><strong>Hva g\u00e5r kursinntektene til?<\/strong> Kursinntektene g\u00e5r direkte til drift av swinggruppen og er v\u00e5r eneste inntektskilde. Alle v\u00e5re instrukt\u00f8rerer er frivillige og f\u00e5r ikke betalt for \u00e5 holde kurs. Ved \u00e5 bestille kurs fra oss st\u00f8tter du dermed v\u00e5rt idrettstilbud!<\/p>\n\n\n\n<h3 class=\"wp-block-heading\">Hvordan booke kurs:<\/h3>\n\n\n\n<ol class=\"wp-block-list\"><li>Finn en foretrukket og en alternativ dato for kurset<\/li><li>Sjekk at det er ledige lokaler de to datoene<\/li><li>Send inn en foresp\u00f8rsel med <em><a rel=\"noreferrer noopener\" href=\"http:\/\/forms.gle\/ybCMfkM8g1DjMESBA\" target=\"_blank\"><strong>dette skjemaet (lenke)<\/strong><\/a><\/em> minst fire uker i forveien<\/li><li>Vi mottar foresp\u00f8rselen og sjekker om vi har ledige instrukt\u00f8rer<\/li><li>Vi svarer p\u00e5 foresp\u00f8rselen p\u00e5 e-post<\/li><li>Vi avholder kurs<\/li><li>Vi sender faktura til bestiller p\u00e5 e-post<\/li><\/ol>\n\n\n\n<p>\u00d8vrige sp\u00f8rsm\u00e5l kan sendes til <a href=\"mailto:swing-og-folkedans@ntnui.no\">swing-og-folkedans@ntnui.no<\/a>.<\/p>\n\n\n\n<figure class=\"wp-block-image size-large\"><img loading=\"lazy\" decoding=\"async\" width=\"2730\" height=\"1536\" src=\"https:\/\/ntnui.no\/swingogfolkedans\/wp-content\/uploads\/sites\/236\/2022\/04\/2022-04-02_NTNUI_E_Jolsgard_SF_Acr-0107424_c.jpg\" alt=\"\" class=\"wp-image-1261\" \/><figcaption>Foto: Eivind J\u00f8lsgard\/NTNUI (CC BY 4.0)<\/figcaption><\/figure>\n","protected":false},"excerpt":{"rendered":"<p>Vi holder gjerne swingkurs for dere! V\u00e5re dyktige instrukt\u00f8rer har god erfaring med \u00e5 holde kurs for b\u00e5de linjeforeninger, studentorganisasjoner og bedrifter. Dette pleier \u00e5 v\u00e6re et popul\u00e6rt innslag f\u00f8r b\u00e5de ball og julebord, men ogs\u00e5 som sosial happening! Niv\u00e5et er tilpasset nybegynnere og vi tar dere gjennom det grunnleggende og videre til noen triks [&hellip;]<\/p>\n","protected":false},"author":107,"featured_media":0,"parent":0,"menu_order":0,"comment_status":"closed","ping_status":"closed","template":"","meta":{"_coblocks_attr":"","_coblocks_dimensions":"","_coblocks_responsive_height":"","_coblocks_accordion_ie_support":"","_price":"","_stock":"","_tribe_ticket_header":"","_tribe_default_ticket_provider":"","_tribe_ticket_capacity":"0","_ticket_start_date":"","_ticket_end_date":"","_tribe_ticket_show_description":"","_tribe_ticket_show_not_going":false,"_tribe_ticket_use_global_stock":"","_tribe_ticket_global_stock_level":"","_global_stock_mode":"","_global_stock_cap":"","_tribe_rsvp_for_event":"","_tribe_ticket_going_count":"","_tribe_ticket_not_going_count":"","_tribe_tickets_list":[],"_tribe_ticket_has_attendee_info_fields":false,"footnotes":""},"class_list":["post-56","page","type-page","status-publish","hentry"],"featured_image_src":null,"featured_image_src_square":null,"yoast_head":"<!-- This site is optimized with the Yoast SEO plugin v15.1.1 - https:\/\/yoast.com\/wordpress\/plugins\/seo\/ -->\n<title>Eksterne kurs - NTNUI Swing og Folkedans<\/title>\n<meta name=\"robots\" content=\"index, follow, max-snippet:-1, max-image-preview:large, max-video-preview:-1\" \/>\n<link rel=\"canonical\" href=\"https:\/\/ntnui.no\/swingogfolkedans\/eksterne-kurs\/\" \/>\n<meta property=\"og:locale\" content=\"nb_NO\" \/>\n<meta property=\"og:type\" content=\"article\" \/>\n<meta property=\"og:title\" content=\"Eksterne kurs - NTNUI Swing og Folkedans\" \/>\n<meta property=\"og:description\" content=\"Vi holder gjerne swingkurs for dere! V\u00e5re dyktige instrukt\u00f8rer har god erfaring med \u00e5 holde kurs for b\u00e5de linjeforeninger, studentorganisasjoner og bedrifter. Dette pleier \u00e5 v\u00e6re et popul\u00e6rt innslag f\u00f8r b\u00e5de ball og julebord, men ogs\u00e5 som sosial happening! Niv\u00e5et er tilpasset nybegynnere og vi tar dere gjennom det grunnleggende og videre til noen triks [&hellip;]\" \/>\n<meta property=\"og:url\" content=\"https:\/\/ntnui.no\/swingogfolkedans\/eksterne-kurs\/\" \/>\n<meta property=\"og:site_name\" content=\"NTNUI Swing og Folkedans\" \/>\n<meta property=\"article:modified_time\" content=\"2025-03-23T14:56:41+00:00\" \/>\n<meta property=\"og:image\" content=\"https:\/\/ntnui.no\/swingogfolkedans\/wp-content\/uploads\/sites\/236\/2022\/04\/2022-04-02_NTNUI_E_Jolsgard_SF_Acr-0107424_c.jpg\" \/>\n<meta name=\"twitter:card\" content=\"summary_large_image\" \/>\n<script type=\"application\/ld+json\" class=\"yoast-schema-graph\">{\"@context\":\"https:\/\/schema.org\",\"@graph\":[{\"@type\":\"WebSite\",\"@id\":\"https:\/\/ntnui.no\/swingogfolkedans\/#website\",\"url\":\"https:\/\/ntnui.no\/swingogfolkedans\/\",\"name\":\"NTNUI Swing og Folkedans\",\"description\":\"\",\"potentialAction\":[{\"@type\":\"SearchAction\",\"target\":\"https:\/\/ntnui.no\/swingogfolkedans\/?s={search_term_string}\",\"query-input\":\"required name=search_term_string\"}],\"inLanguage\":\"nb-NO\"},{\"@type\":\"ImageObject\",\"@id\":\"https:\/\/ntnui.no\/swingogfolkedans\/eksterne-kurs\/#primaryimage\",\"inLanguage\":\"nb-NO\",\"url\":\"https:\/\/ntnui.no\/swingogfolkedans\/wp-content\/uploads\/sites\/236\/2022\/04\/2022-04-02_NTNUI_E_Jolsgard_SF_Acr-0107424_c.jpg\",\"width\":2730,\"height\":1536},{\"@type\":\"WebPage\",\"@id\":\"https:\/\/ntnui.no\/swingogfolkedans\/eksterne-kurs\/#webpage\",\"url\":\"https:\/\/ntnui.no\/swingogfolkedans\/eksterne-kurs\/\",\"name\":\"Eksterne kurs - NTNUI Swing og Folkedans\",\"isPartOf\":{\"@id\":\"https:\/\/ntnui.no\/swingogfolkedans\/#website\"},\"primaryImageOfPage\":{\"@id\":\"https:\/\/ntnui.no\/swingogfolkedans\/eksterne-kurs\/#primaryimage\"},\"datePublished\":\"2019-02-11T09:20:44+00:00\",\"dateModified\":\"2025-03-23T14:56:41+00:00\",\"inLanguage\":\"nb-NO\",\"potentialAction\":[{\"@type\":\"ReadAction\",\"target\":[\"https:\/\/ntnui.no\/swingogfolkedans\/eksterne-kurs\/\"]}]}]}<\/script>\n<!-- \/ Yoast SEO plugin. -->","_links":{"self":[{"href":"https:\/\/ntnui.no\/swingogfolkedans\/wp-json\/wp\/v2\/pages\/56","targetHints":{"allow":["GET"]}}],"collection":[{"href":"https:\/\/ntnui.no\/swingogfolkedans\/wp-json\/wp\/v2\/pages"}],"about":[{"href":"https:\/\/ntnui.no\/swingogfolkedans\/wp-json\/wp\/v2\/types\/page"}],"author":[{"embeddable":true,"href":"https:\/\/ntnui.no\/swingogfolkedans\/wp-json\/wp\/v2\/users\/107"}],"replies":[{"embeddable":true,"href":"https:\/\/ntnui.no\/swingogfolkedans\/wp-json\/wp\/v2\/comments?post=56"}],"version-history":[{"count":64,"href":"https:\/\/ntnui.no\/swingogfolkedans\/wp-json\/wp\/v2\/pages\/56\/revisions"}],"predecessor-version":[{"id":1496,"href":"https:\/\/ntnui.no\/swingogfolkedans\/wp-json\/wp\/v2\/pages\/56\/revisions\/1496"}],"wp:attachment":[{"href":"https:\/\/ntnui.no\/swingogfolkedans\/wp-json\/wp\/v2\/media?parent=56"}],"curies":[{"name":"wp","href":"https:\/\/api.w.org\/{rel}","templated":true}]}}