{"id":457,"date":"2019-02-11T10:10:47","date_gmt":"2019-02-11T10:10:47","guid":{"rendered":"https:\/\/ntnui.no\/swingogfolkedans\/?page_id=457"},"modified":"2025-03-23T19:47:46","modified_gmt":"2025-03-23T19:47:46","slug":"om-oss","status":"publish","type":"page","link":"https:\/\/ntnui.no\/swingogfolkedans\/om-oss\/","title":{"rendered":"Kontakt oss"},"content":{"rendered":"\n<p>\u00d8nsker du \u00e5 varsle om ubehagelige hendelser eller trakassering? Se <a href=\"https:\/\/ntnui.no\/swingogfolkedans\/varsle\/\">&#8220;Varsle&#8221;<\/a>.<\/p>\n\n\n\n<div class=\"wp-block-media-text alignwide has-media-on-the-right is-stacked-on-mobile\"><div class=\"wp-block-media-text__content\">\n<p><\/p>\n\n\n\n<h2 class=\"wp-block-heading\">Styret<\/h2>\n\n\n\n<p>Du kan kontakte styret p\u00e5 <strong><a href=\"mailto:swing-og-folkedans@ntnui.no\">swing-og-folkedans@ntnui.no<\/a><\/strong>. <br>Du finner ogs\u00e5 kontaktinformasjon til de ulike styremedlemmene i <a href=\"https:\/\/medlem.ntnui.no\/groups\/swing-og-folkedans\/\">medlemssystemet<\/a>.<\/p>\n\n\n\n<table id=\"tablepress-1\" class=\"tablepress tablepress-id-1\">\n<tbody class=\"row-hover\">\n<tr class=\"row-1 odd\">\n\t<td class=\"column-1\">Leder<\/td><td class=\"column-2\">Siri Mostad Larsen<\/td>\n<\/tr>\n<tr class=\"row-2 even\">\n\t<td class=\"column-1\">Nestleder<\/td><td class=\"column-2\">Kristine Amundsen<\/td>\n<\/tr>\n<tr class=\"row-3 odd\">\n\t<td class=\"column-1\">Kasserer<\/td><td class=\"column-2\">Ben Nijmeijer<\/td>\n<\/tr>\n<tr class=\"row-4 even\">\n\t<td class=\"column-1\">PR-sjef<\/td><td class=\"column-2\">Tobias Thrane<\/td>\n<\/tr>\n<tr class=\"row-5 odd\">\n\t<td class=\"column-1\">Festsjef<\/td><td class=\"column-2\">Harald Alfheim<\/td>\n<\/tr>\n<tr class=\"row-6 even\">\n\t<td class=\"column-1\">Sekret\u00e6r<\/td><td class=\"column-2\">Tora Bergan<\/td>\n<\/tr>\n<tr class=\"row-7 odd\">\n\t<td class=\"column-1\">Kursansvarlig<\/td><td class=\"column-2\">Bendik Syvertsen<\/td>\n<\/tr>\n<tr class=\"row-8 even\">\n\t<td class=\"column-1\">Instrukt\u00f8ransvarlig<\/td><td class=\"column-2\">Kristine Amundsen<\/td>\n<\/tr>\n<\/tbody>\n<\/table>\n<!-- #tablepress-1 from cache -->\n\n\n\n<p>Foto: NTNUI Swing og Folkdans (CC BY 4.0)<\/p>\n<\/div><figure class=\"wp-block-media-text__media\"><img loading=\"lazy\" decoding=\"async\" width=\"4624\" height=\"3472\" src=\"https:\/\/ntnui.no\/swingogfolkedans\/wp-content\/uploads\/sites\/236\/2025\/03\/1000006769.jpg\" alt=\"\" class=\"wp-image-1530 size-full\" \/><\/figure><\/div>\n\n\n\n<div class=\"wp-block-media-text alignwide is-stacked-on-mobile\"><figure class=\"wp-block-media-text__media\"><img loading=\"lazy\" decoding=\"async\" width=\"2646\" height=\"1489\" src=\"https:\/\/ntnui.no\/swingogfolkedans\/wp-content\/uploads\/sites\/236\/2023\/04\/N_Dittrich-JSBF-83-2.jpg\" alt=\"\" class=\"wp-image-1411 size-full\" \/><\/figure><div class=\"wp-block-media-text__content\">\n<h2 class=\"wp-block-heading\">Hvor kan jeg finne mer informasjon?<\/h2>\n\n\n\n<p>Alt av informasjon om ting som skjer kommer p\u00e5 v\u00e5r <a href=\"https:\/\/www.facebook.com\/NTNUISwingFolkedans\">facebookside<\/a> og p\u00e5 v\u00e5r <a href=\"https:\/\/www.facebook.com\/groups\/ntnuiswingfolkedanssosialt\">sosialgruppe p\u00e5 Facebook<\/a>.<\/p>\n\n\n\n<p>P\u00e5 facebooksiden blir det lagt ut informasjon om fester, kurs, turer, treninger og mange andre ting. Lik facebooksiden v\u00e5r, s\u00e5 har du en fin mulighet til \u00e5 f\u00e5 med deg hva som skjer!<\/p>\n\n\n\n<p>Sp\u00f8rsm\u00e5l uten allmenn interesse, om f.eks. treninger, kurs o.a. kan sendes til:<\/p>\n\n\n\n<p><strong><a href=\"mailto:swing-og-folkedans@ntnui.no\">swing-og-folkedans@ntnui.no<\/a><\/strong><\/p>\n\n\n\n<p>Foto: Nils Dittrich\/NTNUI (CC BY 4.0)<\/p>\n<\/div><\/div>\n\n\n","protected":false},"excerpt":{"rendered":"<p>\u00d8nsker du \u00e5 varsle om ubehagelige hendelser eller trakassering? Se &#8220;Varsle&#8221;. Hvor kan jeg finne mer informasjon? Alt av informasjon om ting som skjer kommer p\u00e5 v\u00e5r facebookside og p\u00e5 v\u00e5r sosialgruppe p\u00e5 Facebook. P\u00e5 facebooksiden blir det lagt ut informasjon om fester, kurs, turer, treninger og mange andre ting. Lik facebooksiden v\u00e5r, s\u00e5 har [&hellip;]<\/p>\n","protected":false},"author":104,"featured_media":0,"parent":0,"menu_order":0,"comment_status":"closed","ping_status":"closed","template":"","meta":{"_coblocks_attr":"","_coblocks_dimensions":"","_coblocks_responsive_height":"","_coblocks_accordion_ie_support":"","_price":"","_stock":"","_tribe_ticket_header":"","_tribe_default_ticket_provider":"","_tribe_ticket_capacity":"0","_ticket_start_date":"","_ticket_end_date":"","_tribe_ticket_show_description":"","_tribe_ticket_show_not_going":false,"_tribe_ticket_use_global_stock":"","_tribe_ticket_global_stock_level":"","_global_stock_mode":"","_global_stock_cap":"","_tribe_rsvp_for_event":"","_tribe_ticket_going_count":"","_tribe_ticket_not_going_count":"","_tribe_tickets_list":[],"_tribe_ticket_has_attendee_info_fields":false,"footnotes":""},"class_list":["post-457","page","type-page","status-publish","hentry"],"featured_image_src":null,"featured_image_src_square":null,"yoast_head":"<!-- This site is optimized with the Yoast SEO plugin v15.1.1 - https:\/\/yoast.com\/wordpress\/plugins\/seo\/ -->\n<title>Kontakt oss - NTNUI Swing og Folkedans<\/title>\n<meta name=\"robots\" content=\"index, follow, max-snippet:-1, max-image-preview:large, max-video-preview:-1\" \/>\n<link rel=\"canonical\" href=\"https:\/\/ntnui.no\/swingogfolkedans\/om-oss\/\" \/>\n<meta property=\"og:locale\" content=\"nb_NO\" \/>\n<meta property=\"og:type\" content=\"article\" \/>\n<meta property=\"og:title\" content=\"Kontakt oss - NTNUI Swing og Folkedans\" \/>\n<meta property=\"og:description\" content=\"\u00d8nsker du \u00e5 varsle om ubehagelige hendelser eller trakassering? Se &#8220;Varsle&#8221;. Hvor kan jeg finne mer informasjon? Alt av informasjon om ting som skjer kommer p\u00e5 v\u00e5r facebookside og p\u00e5 v\u00e5r sosialgruppe p\u00e5 Facebook. P\u00e5 facebooksiden blir det lagt ut informasjon om fester, kurs, turer, treninger og mange andre ting. Lik facebooksiden v\u00e5r, s\u00e5 har [&hellip;]\" \/>\n<meta property=\"og:url\" content=\"https:\/\/ntnui.no\/swingogfolkedans\/om-oss\/\" \/>\n<meta property=\"og:site_name\" content=\"NTNUI Swing og Folkedans\" \/>\n<meta property=\"article:modified_time\" content=\"2025-03-23T19:47:46+00:00\" \/>\n<meta property=\"og:image\" content=\"https:\/\/ntnui.no\/swingogfolkedans\/wp-content\/uploads\/sites\/236\/2025\/03\/1000006769.jpg\" \/>\n<meta name=\"twitter:card\" content=\"summary_large_image\" \/>\n<script type=\"application\/ld+json\" class=\"yoast-schema-graph\">{\"@context\":\"https:\/\/schema.org\",\"@graph\":[{\"@type\":\"WebSite\",\"@id\":\"https:\/\/ntnui.no\/swingogfolkedans\/#website\",\"url\":\"https:\/\/ntnui.no\/swingogfolkedans\/\",\"name\":\"NTNUI Swing og Folkedans\",\"description\":\"\",\"potentialAction\":[{\"@type\":\"SearchAction\",\"target\":\"https:\/\/ntnui.no\/swingogfolkedans\/?s={search_term_string}\",\"query-input\":\"required name=search_term_string\"}],\"inLanguage\":\"nb-NO\"},{\"@type\":\"ImageObject\",\"@id\":\"https:\/\/ntnui.no\/swingogfolkedans\/om-oss\/#primaryimage\",\"inLanguage\":\"nb-NO\",\"url\":\"https:\/\/ntnui.no\/swingogfolkedans\/wp-content\/uploads\/sites\/236\/2025\/03\/1000006769.jpg\",\"width\":4624,\"height\":3472},{\"@type\":\"WebPage\",\"@id\":\"https:\/\/ntnui.no\/swingogfolkedans\/om-oss\/#webpage\",\"url\":\"https:\/\/ntnui.no\/swingogfolkedans\/om-oss\/\",\"name\":\"Kontakt oss - NTNUI Swing og Folkedans\",\"isPartOf\":{\"@id\":\"https:\/\/ntnui.no\/swingogfolkedans\/#website\"},\"primaryImageOfPage\":{\"@id\":\"https:\/\/ntnui.no\/swingogfolkedans\/om-oss\/#primaryimage\"},\"datePublished\":\"2019-02-11T10:10:47+00:00\",\"dateModified\":\"2025-03-23T19:47:46+00:00\",\"inLanguage\":\"nb-NO\",\"potentialAction\":[{\"@type\":\"ReadAction\",\"target\":[\"https:\/\/ntnui.no\/swingogfolkedans\/om-oss\/\"]}]}]}<\/script>\n<!-- \/ Yoast SEO plugin. -->","_links":{"self":[{"href":"https:\/\/ntnui.no\/swingogfolkedans\/wp-json\/wp\/v2\/pages\/457","targetHints":{"allow":["GET"]}}],"collection":[{"href":"https:\/\/ntnui.no\/swingogfolkedans\/wp-json\/wp\/v2\/pages"}],"about":[{"href":"https:\/\/ntnui.no\/swingogfolkedans\/wp-json\/wp\/v2\/types\/page"}],"author":[{"embeddable":true,"href":"https:\/\/ntnui.no\/swingogfolkedans\/wp-json\/wp\/v2\/users\/104"}],"replies":[{"embeddable":true,"href":"https:\/\/ntnui.no\/swingogfolkedans\/wp-json\/wp\/v2\/comments?post=457"}],"version-history":[{"count":74,"href":"https:\/\/ntnui.no\/swingogfolkedans\/wp-json\/wp\/v2\/pages\/457\/revisions"}],"predecessor-version":[{"id":1537,"href":"https:\/\/ntnui.no\/swingogfolkedans\/wp-json\/wp\/v2\/pages\/457\/revisions\/1537"}],"wp:attachment":[{"href":"https:\/\/ntnui.no\/swingogfolkedans\/wp-json\/wp\/v2\/media?parent=457"}],"curies":[{"name":"wp","href":"https:\/\/api.w.org\/{rel}","templated":true}]}}