{"id":1442,"date":"2023-07-23T13:23:42","date_gmt":"2023-07-23T13:23:42","guid":{"rendered":"https:\/\/ntnui.no\/swingogfolkedans\/?page_id=1442"},"modified":"2024-02-19T20:56:11","modified_gmt":"2024-02-19T20:56:11","slug":"varsle","status":"publish","type":"page","link":"https:\/\/ntnui.no\/swingogfolkedans\/varsle\/","title":{"rendered":"Varsle"},"content":{"rendered":"\n<div class=\"wp-block-media-text alignwide is-stacked-on-mobile\"><figure class=\"wp-block-media-text__media\"><img loading=\"lazy\" decoding=\"async\" width=\"1080\" height=\"1080\" src=\"https:\/\/ntnui.no\/swingogfolkedans\/wp-content\/uploads\/sites\/236\/2024\/02\/4-tillitsvalgte.png\" alt=\"\" class=\"wp-image-1499\" \/><\/figure><div class=\"wp-block-media-text__content\">\n<h2 class=\"wp-block-heading\">Tillitsvalgte<\/h2>\n\n\n\n<p>Har du opplevd noe ubehagelig p\u00e5 v\u00e5re treninger eller arrangementer? Da \u00f8nsker vi at du tar kontakt med v\u00e5re tillitsvalgte Ingrid-Marie og Bendik. De har taushetsplikt og skal hjelpe deg. Huk tak i dem p\u00e5 kurs eller ta kontakt p\u00e5: <\/p>\n\n\n\n<p><a href=\"mailto:bendik.syvertsen@ntnui.no\">bendik.syvertsen@ntnui.no<\/a><br><a href=\"mailto:ingrid.nygard@ntnui.no\">ingrid.nygard@ntnui.no<\/a><br><a href=\"mailto:susanne.lia@ntnui.no\">susanne.lia@ntnui.no<\/a><br><a href=\"mailto:tora.bergan@ntnui.no\">tora.bergan@ntnui.no<\/a><\/p>\n\n\n\n<p>Hvis varslingen omhandler instrukt\u00f8rene kan du ogs\u00e5 ta kontakt med leder eller nestleder i styret.<\/p>\n\n\n\n<p>Foto: Peter Uran\/NTNUI (CC BY 4.0)<\/p>\n<\/div><\/div>\n\n\n\n<div class=\"wp-block-media-text alignwide has-media-on-the-right is-stacked-on-mobile\"><figure class=\"wp-block-media-text__media\"><img loading=\"lazy\" decoding=\"async\" width=\"1080\" height=\"1080\" src=\"https:\/\/ntnui.no\/swingogfolkedans\/wp-content\/uploads\/sites\/236\/2023\/07\/NTNUI-Square-Green-PNG-1.png\" alt=\"\" class=\"wp-image-1445\" \/><\/figure><div class=\"wp-block-media-text__content\">\n<h2 class=\"wp-block-heading\">NTNUI Lovutvalget<\/h2>\n\n\n\n<p>Du kan ogs\u00e5 ta direkte kontakt med NTNUI Lovutvalget for \u00e5 varsle om trakassering i NTNUI. Ta kontakt via <a href=\"mailto:varsling@ntnui.no\">varsling@ntnui.no<\/a> eller se <a href=\"https:\/\/ntnui.no\/varsling\/\">ntnui.no\/varsling<\/a> for mer informasjon.<\/p>\n<\/div><\/div>\n\n\n\n<p><\/p>\n","protected":false},"excerpt":{"rendered":"<p>Tillitsvalgte Har du opplevd noe ubehagelig p\u00e5 v\u00e5re treninger eller arrangementer? Da \u00f8nsker vi at du tar kontakt med v\u00e5re tillitsvalgte Ingrid-Marie og Bendik. De har taushetsplikt og skal hjelpe deg. Huk tak i dem p\u00e5 kurs eller ta kontakt p\u00e5: bendik.syvertsen@ntnui.noingrid.nygard@ntnui.nosusanne.lia@ntnui.notora.bergan@ntnui.no Hvis varslingen omhandler instrukt\u00f8rene kan du ogs\u00e5 ta kontakt med leder eller nestleder [&hellip;]<\/p>\n","protected":false},"author":394,"featured_media":0,"parent":0,"menu_order":0,"comment_status":"closed","ping_status":"closed","template":"","meta":{"_coblocks_attr":"","_coblocks_dimensions":"","_coblocks_responsive_height":"","_coblocks_accordion_ie_support":"","_price":"","_stock":"","_tribe_ticket_header":"","_tribe_default_ticket_provider":"","_tribe_ticket_capacity":"0","_ticket_start_date":"","_ticket_end_date":"","_tribe_ticket_show_description":"","_tribe_ticket_show_not_going":false,"_tribe_ticket_use_global_stock":"","_tribe_ticket_global_stock_level":"","_global_stock_mode":"","_global_stock_cap":"","_tribe_rsvp_for_event":"","_tribe_ticket_going_count":"","_tribe_ticket_not_going_count":"","_tribe_tickets_list":[],"_tribe_ticket_has_attendee_info_fields":false,"footnotes":""},"class_list":["post-1442","page","type-page","status-publish","hentry"],"featured_image_src":null,"featured_image_src_square":null,"yoast_head":"<!-- This site is optimized with the Yoast SEO plugin v15.1.1 - https:\/\/yoast.com\/wordpress\/plugins\/seo\/ -->\n<title>Varsle - NTNUI Swing og Folkedans<\/title>\n<meta name=\"robots\" content=\"index, follow, max-snippet:-1, max-image-preview:large, max-video-preview:-1\" \/>\n<link rel=\"canonical\" href=\"https:\/\/ntnui.no\/swingogfolkedans\/varsle\/\" \/>\n<meta property=\"og:locale\" content=\"nb_NO\" \/>\n<meta property=\"og:type\" content=\"article\" \/>\n<meta property=\"og:title\" content=\"Varsle - NTNUI Swing og Folkedans\" \/>\n<meta property=\"og:description\" content=\"Tillitsvalgte Har du opplevd noe ubehagelig p\u00e5 v\u00e5re treninger eller arrangementer? Da \u00f8nsker vi at du tar kontakt med v\u00e5re tillitsvalgte Ingrid-Marie og Bendik. De har taushetsplikt og skal hjelpe deg. Huk tak i dem p\u00e5 kurs eller ta kontakt p\u00e5: bendik.syvertsen@ntnui.noingrid.nygard@ntnui.nosusanne.lia@ntnui.notora.bergan@ntnui.no Hvis varslingen omhandler instrukt\u00f8rene kan du ogs\u00e5 ta kontakt med leder eller nestleder [&hellip;]\" \/>\n<meta property=\"og:url\" content=\"https:\/\/ntnui.no\/swingogfolkedans\/varsle\/\" \/>\n<meta property=\"og:site_name\" content=\"NTNUI Swing og Folkedans\" \/>\n<meta property=\"article:modified_time\" content=\"2024-02-19T20:56:11+00:00\" \/>\n<meta property=\"og:image\" content=\"https:\/\/ntnui.no\/swingogfolkedans\/wp-content\/uploads\/sites\/236\/2024\/02\/4-tillitsvalgte.png\" \/>\n<meta name=\"twitter:card\" content=\"summary_large_image\" \/>\n<script type=\"application\/ld+json\" class=\"yoast-schema-graph\">{\"@context\":\"https:\/\/schema.org\",\"@graph\":[{\"@type\":\"WebSite\",\"@id\":\"https:\/\/ntnui.no\/swingogfolkedans\/#website\",\"url\":\"https:\/\/ntnui.no\/swingogfolkedans\/\",\"name\":\"NTNUI Swing og Folkedans\",\"description\":\"\",\"potentialAction\":[{\"@type\":\"SearchAction\",\"target\":\"https:\/\/ntnui.no\/swingogfolkedans\/?s={search_term_string}\",\"query-input\":\"required name=search_term_string\"}],\"inLanguage\":\"nb-NO\"},{\"@type\":\"ImageObject\",\"@id\":\"https:\/\/ntnui.no\/swingogfolkedans\/varsle\/#primaryimage\",\"inLanguage\":\"nb-NO\",\"url\":\"https:\/\/ntnui.no\/swingogfolkedans\/wp-content\/uploads\/sites\/236\/2024\/02\/4-tillitsvalgte.png\",\"width\":1080,\"height\":1080},{\"@type\":\"WebPage\",\"@id\":\"https:\/\/ntnui.no\/swingogfolkedans\/varsle\/#webpage\",\"url\":\"https:\/\/ntnui.no\/swingogfolkedans\/varsle\/\",\"name\":\"Varsle - NTNUI Swing og Folkedans\",\"isPartOf\":{\"@id\":\"https:\/\/ntnui.no\/swingogfolkedans\/#website\"},\"primaryImageOfPage\":{\"@id\":\"https:\/\/ntnui.no\/swingogfolkedans\/varsle\/#primaryimage\"},\"datePublished\":\"2023-07-23T13:23:42+00:00\",\"dateModified\":\"2024-02-19T20:56:11+00:00\",\"inLanguage\":\"nb-NO\",\"potentialAction\":[{\"@type\":\"ReadAction\",\"target\":[\"https:\/\/ntnui.no\/swingogfolkedans\/varsle\/\"]}]}]}<\/script>\n<!-- \/ Yoast SEO plugin. -->","_links":{"self":[{"href":"https:\/\/ntnui.no\/swingogfolkedans\/wp-json\/wp\/v2\/pages\/1442","targetHints":{"allow":["GET"]}}],"collection":[{"href":"https:\/\/ntnui.no\/swingogfolkedans\/wp-json\/wp\/v2\/pages"}],"about":[{"href":"https:\/\/ntnui.no\/swingogfolkedans\/wp-json\/wp\/v2\/types\/page"}],"author":[{"embeddable":true,"href":"https:\/\/ntnui.no\/swingogfolkedans\/wp-json\/wp\/v2\/users\/394"}],"replies":[{"embeddable":true,"href":"https:\/\/ntnui.no\/swingogfolkedans\/wp-json\/wp\/v2\/comments?post=1442"}],"version-history":[{"count":7,"href":"https:\/\/ntnui.no\/swingogfolkedans\/wp-json\/wp\/v2\/pages\/1442\/revisions"}],"predecessor-version":[{"id":1501,"href":"https:\/\/ntnui.no\/swingogfolkedans\/wp-json\/wp\/v2\/pages\/1442\/revisions\/1501"}],"wp:attachment":[{"href":"https:\/\/ntnui.no\/swingogfolkedans\/wp-json\/wp\/v2\/media?parent=1442"}],"curies":[{"name":"wp","href":"https:\/\/api.w.org\/{rel}","templated":true}]}}