{"id":1211,"date":"2022-03-12T08:18:26","date_gmt":"2022-03-12T08:18:26","guid":{"rendered":"https:\/\/ntnui.no\/swingogfolkedans\/?page_id=1211"},"modified":"2022-04-09T17:38:40","modified_gmt":"2022-04-09T17:38:40","slug":"om-oss-2","status":"publish","type":"page","link":"https:\/\/ntnui.no\/swingogfolkedans\/om-oss-2\/","title":{"rendered":"Om oss"},"content":{"rendered":"\n<div class=\"wp-block-media-text alignwide has-media-on-the-right is-stacked-on-mobile\"><figure class=\"wp-block-media-text__media\"><img loading=\"lazy\" decoding=\"async\" width=\"2366\" height=\"1690\" src=\"https:\/\/ntnui.no\/swingogfolkedans\/wp-content\/uploads\/sites\/236\/2021\/07\/N_Dittrich-JSBF-103_c.jpg\" alt=\"\" class=\"wp-image-1108\"\/><\/figure><div class=\"wp-block-media-text__content\">\n<h3 class=\"wp-block-heading\">NTNUI Swing og Folkedans<\/h3>\n\n\n\n<p>Vi er en av to&nbsp;undergrupper av NTNUI (Norges Tekniske-Naturvitenskaplige Universitetes Idrettsforening) som driver med dans. V\u00e5rt omr\u00e5de er&nbsp;swing- og folkedans og&nbsp;vi har fokus p\u00e5 det sosiale og gleden av \u00e5 danse, og hos oss er alle NTNUI-medlemmer velkomne!<\/p>\n\n\n\n<p>Foto: Roland Richter\/NTNUI (CC BY 4.0)<\/p>\n<\/div><\/div>\n\n\n\n<div class=\"wp-block-media-text alignwide is-stacked-on-mobile\"><figure class=\"wp-block-media-text__media\"><img loading=\"lazy\" decoding=\"async\" width=\"1024\" height=\"683\" src=\"https:\/\/ntnui.no\/swingogfolkedans\/wp-content\/uploads\/sites\/236\/2019\/02\/15110348_1531789973517685_1493836927859442997_o-1024x683.jpg\" alt=\"\" class=\"wp-image-88\" srcset=\"https:\/\/ntnui.no\/swingogfolkedans\/wp-content\/uploads\/sites\/236\/2019\/02\/15110348_1531789973517685_1493836927859442997_o-1024x683.jpg 1024w, https:\/\/ntnui.no\/swingogfolkedans\/wp-content\/uploads\/sites\/236\/2019\/02\/15110348_1531789973517685_1493836927859442997_o-300x200.jpg 300w, https:\/\/ntnui.no\/swingogfolkedans\/wp-content\/uploads\/sites\/236\/2019\/02\/15110348_1531789973517685_1493836927859442997_o-768x512.jpg 768w, https:\/\/ntnui.no\/swingogfolkedans\/wp-content\/uploads\/sites\/236\/2019\/02\/15110348_1531789973517685_1493836927859442997_o-600x400.jpg 600w, https:\/\/ntnui.no\/swingogfolkedans\/wp-content\/uploads\/sites\/236\/2019\/02\/15110348_1531789973517685_1493836927859442997_o-1736x1158.jpg 1736w, https:\/\/ntnui.no\/swingogfolkedans\/wp-content\/uploads\/sites\/236\/2019\/02\/15110348_1531789973517685_1493836927859442997_o.jpg 2048w\" sizes=\"auto, (max-width: 1024px) 100vw, 1024px\" \/><\/figure><div class=\"wp-block-media-text__content\">\n<h2 class=\"wp-block-heading\">Historie<\/h2>\n\n\n\n<p>I oktober 1991 startet en gjeng danseglade studenter Swing- og gammeldansgruppa i NTNUI, med faste treninger i kjelleren p\u00e5 Idrettsbygget Gl\u00f8shaugen hver s\u00f8ndag. Opplegget for treningene besto i et par timer med gammeldansundervisning etterfulgt av fridans i swing. 12-60 personer m\u00f8tte vanligvis p\u00e5 treningene det f\u00f8rste \u00e5ret.  I 1994 fikk aktivitetsutvalget gruppestatus, feiret med dans p\u00e5 Studenterhytta.  Fra den tid har gruppa holdt swing og gammeldanskurs p\u00e5 egen kapasitet, arrangert dansekvelder p\u00e5 Studenterhytta, danset gjennom Trondheims gater 17.mai og mye annet sosialt. Med det klare m\u00e5l om at &#8220;Alle i gruppen skal l\u00e6re noe nytt, og utvikle ferdigheter og selvtillit s\u00e5 en kan f\u00f8le seg trygg p\u00e5 et hvert dansegulv&#8221; har gruppa arbeidet for \u00e5 skape et lavterskeltilbud i dans for Trondheims studenter, og swing har blitt en s\u00e6regen del av Trondheims studentermilj\u00f8. Her danses det p\u00e5 Linjeforeningenes opptaksfester, i Bodegaen p\u00e5 Samfundet, Gudenes Natteliv og mange andre tilstelninger. Siden 2016 har gruppa hatt samarbeid med Bondeungdomslaget (BUL) i Nidaros om Folkedans, da det har v\u00e6rt for lite interesse i byen til \u00e5 ha to selvstendige folkedansgrupper. Swingkursene har imidlertid hatt godt oppm\u00f8te, med opp mot 250 deltakere. Dette er det maksimale antallet vi kan ha p\u00e5 kurs i salene vi benytter. V\u00e5ren 2020 startet en ny kursrekke i swing, \u00f8vet, for de som har deltatt p\u00e5 nybegynnerkurs tidligere. Etter en periode med nedstengning og lite aktivitet feiret gruppa 30 \u00e5r h\u00f8sten 2021 med en langhelg best\u00e5ende av kurs for alle niv\u00e5er, dansefest med live musikk, swingkonkurranser og jubileumsball p\u00e5 Banksalen. Vi ser frem til \u00e5 feire neste jubileum i 2026!<\/p>\n\n\n\n<p>Foto: NTNUI Swing og Folkdans (CC BY 4.0)<\/p>\n<\/div><\/div>\n","protected":false},"excerpt":{"rendered":"<p>NTNUI Swing og Folkedans Vi er en av to&nbsp;undergrupper av NTNUI (Norges Tekniske-Naturvitenskaplige Universitetes Idrettsforening) som driver med dans. V\u00e5rt omr\u00e5de er&nbsp;swing- og folkedans og&nbsp;vi har fokus p\u00e5 det sosiale og gleden av \u00e5 danse, og hos oss er alle NTNUI-medlemmer velkomne! Foto: Roland Richter\/NTNUI (CC BY 4.0) Historie I oktober 1991 startet en gjeng [&hellip;]<\/p>\n","protected":false},"author":107,"featured_media":0,"parent":0,"menu_order":0,"comment_status":"closed","ping_status":"closed","template":"","meta":{"_coblocks_attr":"","_coblocks_dimensions":"","_coblocks_responsive_height":"","_coblocks_accordion_ie_support":"","_price":"","_stock":"","_tribe_ticket_header":"","_tribe_default_ticket_provider":"","_tribe_ticket_capacity":"0","_ticket_start_date":"","_ticket_end_date":"","_tribe_ticket_show_description":"","_tribe_ticket_show_not_going":false,"_tribe_ticket_use_global_stock":"","_tribe_ticket_global_stock_level":"","_global_stock_mode":"","_global_stock_cap":"","_tribe_rsvp_for_event":"","_tribe_ticket_going_count":"","_tribe_ticket_not_going_count":"","_tribe_tickets_list":[],"_tribe_ticket_has_attendee_info_fields":false,"footnotes":""},"class_list":["post-1211","page","type-page","status-publish","hentry"],"featured_image_src":null,"featured_image_src_square":null,"yoast_head":"<!-- This site is optimized with the Yoast SEO plugin v15.1.1 - https:\/\/yoast.com\/wordpress\/plugins\/seo\/ -->\n<title>Om oss - NTNUI Swing og Folkedans<\/title>\n<meta name=\"robots\" content=\"index, follow, max-snippet:-1, max-image-preview:large, max-video-preview:-1\" \/>\n<link rel=\"canonical\" href=\"https:\/\/ntnui.no\/swingogfolkedans\/om-oss-2\/\" \/>\n<meta property=\"og:locale\" content=\"nb_NO\" \/>\n<meta property=\"og:type\" content=\"article\" \/>\n<meta property=\"og:title\" content=\"Om oss - NTNUI Swing og Folkedans\" \/>\n<meta property=\"og:description\" content=\"NTNUI Swing og Folkedans Vi er en av to&nbsp;undergrupper av NTNUI (Norges Tekniske-Naturvitenskaplige Universitetes Idrettsforening) som driver med dans. V\u00e5rt omr\u00e5de er&nbsp;swing- og folkedans og&nbsp;vi har fokus p\u00e5 det sosiale og gleden av \u00e5 danse, og hos oss er alle NTNUI-medlemmer velkomne! Foto: Roland Richter\/NTNUI (CC BY 4.0) Historie I oktober 1991 startet en gjeng [&hellip;]\" \/>\n<meta property=\"og:url\" content=\"https:\/\/ntnui.no\/swingogfolkedans\/om-oss-2\/\" \/>\n<meta property=\"og:site_name\" content=\"NTNUI Swing og Folkedans\" \/>\n<meta property=\"article:modified_time\" content=\"2022-04-09T17:38:40+00:00\" \/>\n<meta property=\"og:image\" content=\"https:\/\/ntnui.no\/swingogfolkedans\/wp-content\/uploads\/sites\/236\/2021\/07\/N_Dittrich-JSBF-103_c.jpg\" \/>\n<meta name=\"twitter:card\" content=\"summary_large_image\" \/>\n<script type=\"application\/ld+json\" class=\"yoast-schema-graph\">{\"@context\":\"https:\/\/schema.org\",\"@graph\":[{\"@type\":\"WebSite\",\"@id\":\"https:\/\/ntnui.no\/swingogfolkedans\/#website\",\"url\":\"https:\/\/ntnui.no\/swingogfolkedans\/\",\"name\":\"NTNUI Swing og Folkedans\",\"description\":\"\",\"potentialAction\":[{\"@type\":\"SearchAction\",\"target\":\"https:\/\/ntnui.no\/swingogfolkedans\/?s={search_term_string}\",\"query-input\":\"required name=search_term_string\"}],\"inLanguage\":\"nb-NO\"},{\"@type\":\"ImageObject\",\"@id\":\"https:\/\/ntnui.no\/swingogfolkedans\/om-oss-2\/#primaryimage\",\"inLanguage\":\"nb-NO\",\"url\":\"https:\/\/ntnui.no\/swingogfolkedans\/wp-content\/uploads\/sites\/236\/2021\/07\/N_Dittrich-JSBF-103_c.jpg\",\"width\":2366,\"height\":1690},{\"@type\":\"WebPage\",\"@id\":\"https:\/\/ntnui.no\/swingogfolkedans\/om-oss-2\/#webpage\",\"url\":\"https:\/\/ntnui.no\/swingogfolkedans\/om-oss-2\/\",\"name\":\"Om oss - NTNUI Swing og Folkedans\",\"isPartOf\":{\"@id\":\"https:\/\/ntnui.no\/swingogfolkedans\/#website\"},\"primaryImageOfPage\":{\"@id\":\"https:\/\/ntnui.no\/swingogfolkedans\/om-oss-2\/#primaryimage\"},\"datePublished\":\"2022-03-12T08:18:26+00:00\",\"dateModified\":\"2022-04-09T17:38:40+00:00\",\"inLanguage\":\"nb-NO\",\"potentialAction\":[{\"@type\":\"ReadAction\",\"target\":[\"https:\/\/ntnui.no\/swingogfolkedans\/om-oss-2\/\"]}]}]}<\/script>\n<!-- \/ Yoast SEO plugin. -->","_links":{"self":[{"href":"https:\/\/ntnui.no\/swingogfolkedans\/wp-json\/wp\/v2\/pages\/1211","targetHints":{"allow":["GET"]}}],"collection":[{"href":"https:\/\/ntnui.no\/swingogfolkedans\/wp-json\/wp\/v2\/pages"}],"about":[{"href":"https:\/\/ntnui.no\/swingogfolkedans\/wp-json\/wp\/v2\/types\/page"}],"author":[{"embeddable":true,"href":"https:\/\/ntnui.no\/swingogfolkedans\/wp-json\/wp\/v2\/users\/107"}],"replies":[{"embeddable":true,"href":"https:\/\/ntnui.no\/swingogfolkedans\/wp-json\/wp\/v2\/comments?post=1211"}],"version-history":[{"count":2,"href":"https:\/\/ntnui.no\/swingogfolkedans\/wp-json\/wp\/v2\/pages\/1211\/revisions"}],"predecessor-version":[{"id":1270,"href":"https:\/\/ntnui.no\/swingogfolkedans\/wp-json\/wp\/v2\/pages\/1211\/revisions\/1270"}],"wp:attachment":[{"href":"https:\/\/ntnui.no\/swingogfolkedans\/wp-json\/wp\/v2\/media?parent=1211"}],"curies":[{"name":"wp","href":"https:\/\/api.w.org\/{rel}","templated":true}]}}