{"id":640,"date":"2024-04-30T10:49:10","date_gmt":"2024-04-30T10:49:10","guid":{"rendered":"https:\/\/ntnui.no\/svomming\/?post_type=product&#038;p=640"},"modified":"2026-01-16T11:10:55","modified_gmt":"2026-01-16T11:10:55","slug":"arena-trenings-bag","status":"publish","type":"product","link":"https:\/\/ntnui.no\/svomming\/product\/arena-trenings-bag\/","title":{"rendered":"Arena trenings bag"},"content":{"rendered":"","protected":false},"excerpt":{"rendered":"<p>Farger<br \/>\n&#8211; svart<br \/>\n&#8211; bl\u00e5<\/p>\n<p>Ta kontakt med materialforvalter p\u00e5 Spond eller mail (svomming-material@ntnui.no) for \u00e5 planlegge henting av bestilt bag. Ogs\u00e5 oppgi \u00f8nsket farge.<\/p>\n","protected":false},"featured_media":745,"template":"","meta":{"_coblocks_attr":"","_coblocks_dimensions":"","_coblocks_responsive_height":"","_coblocks_accordion_ie_support":"","_price":"300","_stock":"","_tribe_ticket_header":"","_tribe_default_ticket_provider":"","_tribe_ticket_capacity":"1","_ticket_start_date":"","_ticket_end_date":"","_tribe_ticket_show_description":"","_tribe_ticket_show_not_going":false,"_tribe_ticket_use_global_stock":"","_tribe_ticket_global_stock_level":"","_global_stock_mode":"","_global_stock_cap":"","_tribe_rsvp_for_event":"","_tribe_ticket_going_count":"","_tribe_ticket_not_going_count":"","_tribe_tickets_list":[],"_tribe_ticket_has_attendee_info_fields":false},"product_brand":[],"product_cat":[32],"product_tag":[],"class_list":{"0":"post-640","1":"product","2":"type-product","3":"status-publish","4":"has-post-thumbnail","6":"product_cat-ukategorisert","8":"first","9":"instock","10":"shipping-taxable","11":"purchasable","12":"product-type-simple"},"_links":{"self":[{"href":"https:\/\/ntnui.no\/svomming\/wp-json\/wp\/v2\/product\/640","targetHints":{"allow":["GET"]}}],"collection":[{"href":"https:\/\/ntnui.no\/svomming\/wp-json\/wp\/v2\/product"}],"about":[{"href":"https:\/\/ntnui.no\/svomming\/wp-json\/wp\/v2\/types\/product"}],"wp:featuredmedia":[{"embeddable":true,"href":"https:\/\/ntnui.no\/svomming\/wp-json\/wp\/v2\/media\/745"}],"wp:attachment":[{"href":"https:\/\/ntnui.no\/svomming\/wp-json\/wp\/v2\/media?parent=640"}],"wp:term":[{"taxonomy":"product_brand","embeddable":true,"href":"https:\/\/ntnui.no\/svomming\/wp-json\/wp\/v2\/product_brand?post=640"},{"taxonomy":"product_cat","embeddable":true,"href":"https:\/\/ntnui.no\/svomming\/wp-json\/wp\/v2\/product_cat?post=640"},{"taxonomy":"product_tag","embeddable":true,"href":"https:\/\/ntnui.no\/svomming\/wp-json\/wp\/v2\/product_tag?post=640"}],"curies":[{"name":"wp","href":"https:\/\/api.w.org\/{rel}","templated":true}]}}