{"id":521,"date":"2024-03-08T16:19:16","date_gmt":"2024-03-08T16:19:16","guid":{"rendered":"https:\/\/ntnui.no\/svomming\/?post_type=product&#038;p=521"},"modified":"2026-01-16T11:10:45","modified_gmt":"2026-01-16T11:10:45","slug":"swedish-goggles","status":"publish","type":"product","link":"https:\/\/ntnui.no\/svomming\/product\/swedish-goggles\/","title":{"rendered":"Swedish Goggles"},"content":{"rendered":"","protected":false},"excerpt":{"rendered":"<p>Selges i b\u00e5de hvit, oransj, r\u00f8d og gr\u00f8nn. M\u00e5 monteres selv<\/p>\n<p>Ta kontakt med materialforvalter p\u00e5 Spond eller mail (svomming-material@ntnui.no) for \u00e5 planlegge henting av bestilt sv\u00f8mmebrille.<\/p>\n","protected":false},"featured_media":522,"template":"","meta":{"_coblocks_attr":"","_coblocks_dimensions":"","_coblocks_responsive_height":"","_coblocks_accordion_ie_support":"","_price":"30","_stock":"","_tribe_ticket_header":"","_tribe_default_ticket_provider":"","_tribe_ticket_capacity":"3","_ticket_start_date":"","_ticket_end_date":"","_tribe_ticket_show_description":"","_tribe_ticket_show_not_going":false,"_tribe_ticket_use_global_stock":"","_tribe_ticket_global_stock_level":"","_global_stock_mode":"","_global_stock_cap":"","_tribe_rsvp_for_event":"","_tribe_ticket_going_count":"","_tribe_ticket_not_going_count":"","_tribe_tickets_list":[],"_tribe_ticket_has_attendee_info_fields":false},"product_brand":[],"product_cat":[32],"product_tag":[],"class_list":{"0":"post-521","1":"product","2":"type-product","3":"status-publish","4":"has-post-thumbnail","6":"product_cat-ukategorisert","8":"first","9":"instock","10":"shipping-taxable","11":"purchasable","12":"product-type-simple"},"_links":{"self":[{"href":"https:\/\/ntnui.no\/svomming\/wp-json\/wp\/v2\/product\/521","targetHints":{"allow":["GET"]}}],"collection":[{"href":"https:\/\/ntnui.no\/svomming\/wp-json\/wp\/v2\/product"}],"about":[{"href":"https:\/\/ntnui.no\/svomming\/wp-json\/wp\/v2\/types\/product"}],"wp:featuredmedia":[{"embeddable":true,"href":"https:\/\/ntnui.no\/svomming\/wp-json\/wp\/v2\/media\/522"}],"wp:attachment":[{"href":"https:\/\/ntnui.no\/svomming\/wp-json\/wp\/v2\/media?parent=521"}],"wp:term":[{"taxonomy":"product_brand","embeddable":true,"href":"https:\/\/ntnui.no\/svomming\/wp-json\/wp\/v2\/product_brand?post=521"},{"taxonomy":"product_cat","embeddable":true,"href":"https:\/\/ntnui.no\/svomming\/wp-json\/wp\/v2\/product_cat?post=521"},{"taxonomy":"product_tag","embeddable":true,"href":"https:\/\/ntnui.no\/svomming\/wp-json\/wp\/v2\/product_tag?post=521"}],"curies":[{"name":"wp","href":"https:\/\/api.w.org\/{rel}","templated":true}]}}