{"id":2537,"date":"2026-01-16T10:27:31","date_gmt":"2026-01-16T10:27:31","guid":{"rendered":"https:\/\/ntnui.no\/svomming\/?post_type=product&#038;p=2537"},"modified":"2026-03-25T21:02:44","modified_gmt":"2026-03-25T21:02:44","slug":"ikke-student-jubileumsbankett","status":"publish","type":"product","link":"https:\/\/ntnui.no\/svomming\/product\/ikke-student-jubileumsbankett\/","title":{"rendered":"Ikke Student Jubileums bankett"},"content":{"rendered":"<p><span style=\"font-weight: 400\">Hu og hei<\/span><\/p>\n<p><span style=\"font-weight: 400\">NTNUI Sv\u00f8mmegruppe inviterer til feiring av 80 \u00e5r med sv\u00f8mming, samhold og stolte tradisjoner. I den anledning \u00f8nsker vi velkommen til jubileumsbankett p\u00e5 Radisson Blu Royal garden Trondheim, 11 april 2026.<\/span><\/p>\n<p><span style=\"font-weight: 400\">Kvelden vil by p\u00e5 et hyggelig og variert opplegg, og dette blir en flott anledning til \u00e5 samle b\u00e5de n\u00e5v\u00e6rende og tidligere medlemmer til feiring og fellesskap.\u00a0<\/span><\/p>\n<p><span style=\"font-weight: 400\">Oppm\u00f8te er kl. 18.00.<\/span><span style=\"font-weight: 400\"><br \/>\n<\/span><span style=\"font-weight: 400\"> Pris for banketten er 500 kroner for studenter og 650 kroner for ikke-studenter.<\/span><span style=\"font-weight: 400\"><br \/>\n<\/span><\/p>\n<p><span style=\"font-weight: 400\">Mer informasjon om programmet vil bli publisert fortl\u00f8pende i Facebook-arrangementet.<\/span><\/p>\n<p><span style=\"font-weight: 400\">Vi h\u00e5per s\u00e5 mange som mulig \u00f8nsker \u00e5 v\u00e6re med og markere denne milep\u00e6len sammen med oss.<\/span><\/p>\n<p>\/\/\/\/\/\/\/ENGLISH\/\/\/\/\/\/<\/p>\n<p><span style=\"font-weight: 400\">NTNUI Swimming Group invites you to celebrate 80 years of swimming, community, and proud traditions. On this occasion, we are pleased to welcome you to an anniversary banquet at Radisson Blu royal garden Trondheim, 11 of april 2026 .<\/span><\/p>\n<p><span style=\"font-weight: 400\">The evening will feature a pleasant and varied program, and this will be a great opportunity to bring together both current and former members for celebration and fellowship.<\/span><\/p>\n<p><span style=\"font-weight: 400\">The event begins at 6:00 PM.<\/span><span style=\"font-weight: 400\"><br \/>\n<\/span><span style=\"font-weight: 400\"> The price for the banquet is 500 NOK for students and 650 NOK for non-students.<\/span><span style=\"font-weight: 400\"><br \/>\n<\/span><\/p>\n<p><span style=\"font-weight: 400\">More information about the program will be published continuously in the Facebook event.<\/span><\/p>\n","protected":false},"excerpt":{"rendered":"<p>See below the picture for more information!<\/p>\n","protected":false},"featured_media":2536,"template":"","meta":{"_coblocks_attr":"","_coblocks_dimensions":"","_coblocks_responsive_height":"","_coblocks_accordion_ie_support":"","_price":"650","_stock":"23","_tribe_ticket_header":"","_tribe_default_ticket_provider":"","_tribe_ticket_capacity":"50","_ticket_start_date":"","_ticket_end_date":"","_tribe_ticket_show_description":"","_tribe_ticket_show_not_going":false,"_tribe_ticket_use_global_stock":"","_tribe_ticket_global_stock_level":"","_global_stock_mode":"","_global_stock_cap":"","_tribe_rsvp_for_event":"","_tribe_ticket_going_count":"","_tribe_ticket_not_going_count":"","_tribe_tickets_list":[],"_tribe_ticket_has_attendee_info_fields":false},"product_brand":[],"product_cat":[32],"product_tag":[],"class_list":{"0":"post-2537","1":"product","2":"type-product","3":"status-publish","4":"has-post-thumbnail","6":"product_cat-ukategorisert","8":"first","9":"instock","10":"shipping-taxable","11":"purchasable","12":"product-type-simple"},"_links":{"self":[{"href":"https:\/\/ntnui.no\/svomming\/wp-json\/wp\/v2\/product\/2537","targetHints":{"allow":["GET"]}}],"collection":[{"href":"https:\/\/ntnui.no\/svomming\/wp-json\/wp\/v2\/product"}],"about":[{"href":"https:\/\/ntnui.no\/svomming\/wp-json\/wp\/v2\/types\/product"}],"wp:featuredmedia":[{"embeddable":true,"href":"https:\/\/ntnui.no\/svomming\/wp-json\/wp\/v2\/media\/2536"}],"wp:attachment":[{"href":"https:\/\/ntnui.no\/svomming\/wp-json\/wp\/v2\/media?parent=2537"}],"wp:term":[{"taxonomy":"product_brand","embeddable":true,"href":"https:\/\/ntnui.no\/svomming\/wp-json\/wp\/v2\/product_brand?post=2537"},{"taxonomy":"product_cat","embeddable":true,"href":"https:\/\/ntnui.no\/svomming\/wp-json\/wp\/v2\/product_cat?post=2537"},{"taxonomy":"product_tag","embeddable":true,"href":"https:\/\/ntnui.no\/svomming\/wp-json\/wp\/v2\/product_tag?post=2537"}],"curies":[{"name":"wp","href":"https:\/\/api.w.org\/{rel}","templated":true}]}}