{"id":253,"date":"2023-12-20T17:30:17","date_gmt":"2023-12-20T17:30:17","guid":{"rendered":"https:\/\/ntnui.no\/svomming\/?post_type=product&#038;p=253"},"modified":"2026-01-16T10:54:34","modified_gmt":"2026-01-16T10:54:34","slug":"treningsforsikring","status":"publish","type":"product","link":"https:\/\/ntnui.no\/svomming\/product\/treningsforsikring\/","title":{"rendered":"Medlemsavgift"},"content":{"rendered":"<p class=\"p1\">Medlemsavgiften gir tilgang til trening og <b>inkluderer forsikring under trening<\/b>, men gir ikke rett til deltakelse p\u00e5 sv\u00f8mmestevner. Medlemsavgiften er gyldig for et semester og m\u00e5 fornyes. For mer informasjon om forsikring, se <a href=\"https:\/\/ntnui.no\/svomming\/forsikring\/\">her<\/a>.<\/p>\n<p>\u2014\u2014\u2014\u2014\u2014\u2014\u2013ENGLISH\u2014\u2014\u2014\u2014\u2013<\/p>\n<p>The membership fee provides access to training and includes insurance during training, but does not entitle the member to participate in swimming competitions. The membership fee is valid for one semester and must be renewed. For more information about insurance, see <a href=\"https:\/\/ntnui.no\/svomming\/forsikring\/\">here<\/a>.<\/p>\n","protected":false},"excerpt":{"rendered":"<p>Medlemsavgiften gir tilgang til trening og inkluderer forsikring under trening, men gir ikke rett til deltakelse p\u00e5 sv\u00f8mmestevner. Medlemsavgiften er gyldig for et semester og m\u00e5 fornyes. For mer informasjon om forsikring, se her. \u2014\u2014\u2014\u2014\u2014\u2014\u2013ENGLISH\u2014\u2014\u2014\u2014\u2013 The membership fee provides access to training and includes insurance during training, but does not entitle the member to participate [&hellip;]<\/p>\n","protected":false},"featured_media":2463,"template":"","meta":{"_coblocks_attr":"","_coblocks_dimensions":"","_coblocks_responsive_height":"","_coblocks_accordion_ie_support":"","_price":"200","_stock":"","_tribe_ticket_header":"","_tribe_default_ticket_provider":"","_tribe_ticket_capacity":"152","_ticket_start_date":"","_ticket_end_date":"","_tribe_ticket_show_description":"","_tribe_ticket_show_not_going":false,"_tribe_ticket_use_global_stock":"","_tribe_ticket_global_stock_level":"","_global_stock_mode":"","_global_stock_cap":"","_tribe_rsvp_for_event":"","_tribe_ticket_going_count":"","_tribe_ticket_not_going_count":"","_tribe_tickets_list":[],"_tribe_ticket_has_attendee_info_fields":false},"product_brand":[],"product_cat":[32],"product_tag":[],"class_list":{"0":"post-253","1":"product","2":"type-product","3":"status-publish","4":"has-post-thumbnail","6":"product_cat-ukategorisert","8":"first","9":"instock","10":"virtual","11":"purchasable","12":"product-type-simple"},"_links":{"self":[{"href":"https:\/\/ntnui.no\/svomming\/wp-json\/wp\/v2\/product\/253","targetHints":{"allow":["GET"]}}],"collection":[{"href":"https:\/\/ntnui.no\/svomming\/wp-json\/wp\/v2\/product"}],"about":[{"href":"https:\/\/ntnui.no\/svomming\/wp-json\/wp\/v2\/types\/product"}],"wp:featuredmedia":[{"embeddable":true,"href":"https:\/\/ntnui.no\/svomming\/wp-json\/wp\/v2\/media\/2463"}],"wp:attachment":[{"href":"https:\/\/ntnui.no\/svomming\/wp-json\/wp\/v2\/media?parent=253"}],"wp:term":[{"taxonomy":"product_brand","embeddable":true,"href":"https:\/\/ntnui.no\/svomming\/wp-json\/wp\/v2\/product_brand?post=253"},{"taxonomy":"product_cat","embeddable":true,"href":"https:\/\/ntnui.no\/svomming\/wp-json\/wp\/v2\/product_cat?post=253"},{"taxonomy":"product_tag","embeddable":true,"href":"https:\/\/ntnui.no\/svomming\/wp-json\/wp\/v2\/product_tag?post=253"}],"curies":[{"name":"wp","href":"https:\/\/api.w.org\/{rel}","templated":true}]}}