{"id":237,"date":"2023-12-20T13:47:54","date_gmt":"2023-12-20T13:47:54","guid":{"rendered":"https:\/\/ntnui.no\/svomming\/?post_type=product&#038;p=237"},"modified":"2026-01-16T10:57:48","modified_gmt":"2026-01-16T10:57:48","slug":"nsf-lisens","status":"publish","type":"product","link":"https:\/\/ntnui.no\/svomming\/product\/nsf-lisens\/","title":{"rendered":"NSF lisens"},"content":{"rendered":"<p>Lisen<span dir=\"ltr\" role=\"presentation\">sen gir deg <\/span><span dir=\"ltr\" role=\"presentation\">adgang til <\/span><span dir=\"ltr\" role=\"presentation\">nasjonale <\/span><span dir=\"ltr\" role=\"presentation\">stevner og <\/span><span dir=\"ltr\" role=\"presentation\">obligatorisk <\/span><span dir=\"ltr\" role=\"presentation\">treningsforsi<\/span><span dir=\"ltr\" role=\"presentation\">kring. <\/span><span dir=\"ltr\" role=\"presentation\">Lisensen <\/span><span dir=\"ltr\" role=\"presentation\">har en <\/span><span dir=\"ltr\" role=\"presentation\">gyldighet i <\/span><span dir=\"ltr\" role=\"presentation\">ett kalender <\/span><span dir=\"ltr\" role=\"presentation\">\u00e5r fra januar <\/span><span dir=\"ltr\" role=\"presentation\">til desember<\/span><span dir=\"ltr\" role=\"presentation\">. Hvis du ikke \u00f8nsker \u00e5 konkurrere kan du kj\u00f8pe forsikringen som finnes <a href=\"https:\/\/ntnui.no\/svomming\/product\/treningsforsikring\/\">her<\/a> isteden.<\/span><\/p>\n","protected":false},"excerpt":{"rendered":"<p>Lisensen gir deg adgang til nasjonale stevner og obligatorisk treningsforsikring. Lisensen har en gyldighet i ett kalender \u00e5r fra januar til desember. Hvis du ikke \u00f8nsker \u00e5 konkurrere kan du kj\u00f8pe forsikringen som finnes her isteden.<\/p>\n","protected":false},"featured_media":238,"template":"","meta":{"_coblocks_attr":"","_coblocks_dimensions":"","_coblocks_responsive_height":"","_coblocks_accordion_ie_support":"","_price":"815","_stock":"","_tribe_ticket_header":"","_tribe_default_ticket_provider":"","_tribe_ticket_capacity":"24","_ticket_start_date":"","_ticket_end_date":"","_tribe_ticket_show_description":"","_tribe_ticket_show_not_going":false,"_tribe_ticket_use_global_stock":"","_tribe_ticket_global_stock_level":"","_global_stock_mode":"","_global_stock_cap":"","_tribe_rsvp_for_event":"","_tribe_ticket_going_count":"","_tribe_ticket_not_going_count":"","_tribe_tickets_list":[],"_tribe_ticket_has_attendee_info_fields":false},"product_brand":[],"product_cat":[32],"product_tag":[],"class_list":{"0":"post-237","1":"product","2":"type-product","3":"status-publish","4":"has-post-thumbnail","6":"product_cat-ukategorisert","8":"first","9":"instock","10":"virtual","11":"sold-individually","12":"purchasable","13":"product-type-simple"},"_links":{"self":[{"href":"https:\/\/ntnui.no\/svomming\/wp-json\/wp\/v2\/product\/237","targetHints":{"allow":["GET"]}}],"collection":[{"href":"https:\/\/ntnui.no\/svomming\/wp-json\/wp\/v2\/product"}],"about":[{"href":"https:\/\/ntnui.no\/svomming\/wp-json\/wp\/v2\/types\/product"}],"wp:featuredmedia":[{"embeddable":true,"href":"https:\/\/ntnui.no\/svomming\/wp-json\/wp\/v2\/media\/238"}],"wp:attachment":[{"href":"https:\/\/ntnui.no\/svomming\/wp-json\/wp\/v2\/media?parent=237"}],"wp:term":[{"taxonomy":"product_brand","embeddable":true,"href":"https:\/\/ntnui.no\/svomming\/wp-json\/wp\/v2\/product_brand?post=237"},{"taxonomy":"product_cat","embeddable":true,"href":"https:\/\/ntnui.no\/svomming\/wp-json\/wp\/v2\/product_cat?post=237"},{"taxonomy":"product_tag","embeddable":true,"href":"https:\/\/ntnui.no\/svomming\/wp-json\/wp\/v2\/product_tag?post=237"}],"curies":[{"name":"wp","href":"https:\/\/api.w.org\/{rel}","templated":true}]}}