{"id":70,"date":"2023-05-25T11:35:23","date_gmt":"2023-05-25T11:35:23","guid":{"rendered":"https:\/\/ntnui.no\/svomming\/?page_id=70"},"modified":"2023-05-26T12:30:03","modified_gmt":"2023-05-26T12:30:03","slug":"aktiviteter","status":"publish","type":"page","link":"https:\/\/ntnui.no\/svomming\/aktiviteter\/","title":{"rendered":"Arrangementer"},"content":{"rendered":"\n<div class=\"wp-block-media-text alignwide has-media-on-the-right is-stacked-on-mobile\"><figure class=\"wp-block-media-text__media\"><img loading=\"lazy\" decoding=\"async\" width=\"1125\" height=\"837\" src=\"https:\/\/ntnui.no\/svomming\/wp-content\/uploads\/sites\/301\/2023\/05\/Blikjent-2.jpg\" alt=\"\" class=\"wp-image-185\" \/><\/figure><div class=\"wp-block-media-text__content\">\n<p><strong>Bli-kjent fest<\/strong><\/p>\n\n\n\n<p>Hver h\u00f8st blir det arrangert en bli-kjent fest s\u00e5 nye medlemmer skal f\u00e5 en mulighet til \u00e5 bli kjent med andre medlemmer av gruppen. Her deles vi inn i lag og har diverse konkurranser. <\/p>\n<\/div><\/div>\n\n\n\n<div class=\"wp-block-media-text alignwide is-stacked-on-mobile\"><figure class=\"wp-block-media-text__media\"><img loading=\"lazy\" decoding=\"async\" width=\"1600\" height=\"1067\" src=\"https:\/\/ntnui.no\/svomming\/wp-content\/uploads\/sites\/301\/2023\/05\/Svommekurs-2.jpg\" alt=\"\" class=\"wp-image-186\" \/><\/figure><div class=\"wp-block-media-text__content\">\n<p><strong>Sv\u00f8mmekurs<\/strong><\/p>\n\n\n\n<p>Vi arrangerer jevnlig sv\u00f8mmekurs. Kursene arrangeres etter ettersp\u00f8rsel og varierer alt fra \u00e5 flyte i vann til \u00e5 sv\u00f8mme butterfly for f\u00f8rste gang. Om du f\u00f8ler at du kan og \u00f8nsker \u00e5 holde et sv\u00f8mmekurs for v\u00e5re medlemmer, s\u00e5 kan du det. Du f\u00e5r til og med honorarer for din tid. Vi annonserer som regel nye kurs, men du m\u00e5 ogs\u00e5 gjerne ta kontakt med treneren.<\/p>\n\n\n\n<p>Foto: Leonie Richarz\/NTNUI (CC BY 4.0)<\/p>\n<\/div><\/div>\n\n\n\n<div class=\"wp-block-media-text alignwide has-media-on-the-right is-stacked-on-mobile\"><figure class=\"wp-block-media-text__media\"><img loading=\"lazy\" decoding=\"async\" width=\"1600\" height=\"1067\" src=\"https:\/\/ntnui.no\/svomming\/wp-content\/uploads\/sites\/301\/2023\/05\/SL-1.jpg\" alt=\"\" class=\"wp-image-187\" \/><\/figure><div class=\"wp-block-media-text__content\">\n<p><strong>Studentlekene<\/strong><\/p>\n\n\n\n<p>Jevnlig arrangeres studentlekene i forskjellige idretter blandt annet ogs\u00e5 i sv\u00f8mming. Da samles alle studentidrettslagene for \u00e5 konkurrere om hvem som er den beste studentklubben.<\/p>\n\n\n\n<p>Foto: Leonie Richarz\/NTNUI (CC BY 4.0)<\/p>\n<\/div><\/div>\n\n\n\n<div class=\"wp-block-media-text alignwide is-stacked-on-mobile\"><figure class=\"wp-block-media-text__media\"><img loading=\"lazy\" decoding=\"async\" width=\"526\" height=\"937\" src=\"https:\/\/ntnui.no\/svomming\/wp-content\/uploads\/sites\/301\/2023\/05\/Koie-1.jpg\" alt=\"\" class=\"wp-image-188\" \/><\/figure><div class=\"wp-block-media-text__content\">\n<p><strong>Koieturer<\/strong><\/p>\n\n\n\n<p>Koieturene er en lang og viktig tradisjon i sv\u00f8mmegruppa. Koieturene blir arrangert to ganger i \u00e5ret; en i starten av v\u00e5rsemesteret og en i starten av h\u00f8stsemesteret. Form\u00e5let er \u00e5 bli bedre kjent med nye og gamle medlemmer samt opprettholde det gode samholdet i sv\u00f8mmegruppa. Koiene vi benytter har badstue. Disse blir hyppig brukt med isbad og p\u00e5fyll i koppen mellom slagene. Ellers blir det turg\u00e5ing\/skig\u00e5ing, vedhogging, god mat, sosialt samv\u00e6r, sang og til tider stafett og lek i fine naturomgivelser. Varm opp sangstemmen, ta med det gode hum\u00f8ret og sleng deg med!<\/p>\n<\/div><\/div>\n\n\n\n<div class=\"wp-block-media-text alignwide has-media-on-the-right is-stacked-on-mobile\"><figure class=\"wp-block-media-text__media\"><img loading=\"lazy\" decoding=\"async\" width=\"737\" height=\"985\" src=\"https:\/\/ntnui.no\/svomming\/wp-content\/uploads\/sites\/301\/2023\/05\/Munkholm-1.png\" alt=\"\" class=\"wp-image-189\" \/><\/figure><div class=\"wp-block-media-text__content\">\n<p><strong>Munkholmstafetten<\/strong><\/p>\n\n\n\n<p>En annen gammel tradisjon i sv\u00f8mmegruppen er Munkholmstafetten. Denne blir som regel arrangert en gang i semesteret. Bli med og se om du kan sette en ny klubbrekord!<\/p>\n<\/div><\/div>\n\n\n\n<div class=\"wp-block-media-text alignwide is-stacked-on-mobile\"><figure class=\"wp-block-media-text__media\"><img loading=\"lazy\" decoding=\"async\" width=\"720\" height=\"960\" src=\"https:\/\/ntnui.no\/svomming\/wp-content\/uploads\/sites\/301\/2023\/05\/Dommerkurs-1.jpg\" alt=\"\" class=\"wp-image-190\" \/><\/figure><div class=\"wp-block-media-text__content\">\n<p><strong>Dommerkurs<\/strong><\/p>\n\n\n\n<p>\u00d8nsker du \u00e5 bli sv\u00f8mmedommer? Det kreves ingen forkunskaper i sv\u00f8mming. All oppl\u00e6ring vil bli gitt p\u00e5 kurset. NTNUI holder sv\u00f8mmekurs av h\u00f8y kvalitet og har mange dommere i dag som d\u00f8mmer b\u00e5de nasjonalt og internasjonalt. Medlemmer i NTNUI Sv\u00f8mming f\u00e5r muligheten til \u00e5 ta dommerkurset helt gratis og de som stiller for NTNUI Sv\u00f8mming p\u00e5 stevner f\u00e5r honorarer for tiden sin p\u00e5 stevnet.<\/p>\n\n\n\n<p>Foto: Leonie Richarz\/NTNUI (CC BY 4.0)<\/p>\n<\/div><\/div>\n\n\n\n<div class=\"wp-block-media-text alignwide has-media-on-the-right is-stacked-on-mobile\"><figure class=\"wp-block-media-text__media\"><img loading=\"lazy\" decoding=\"async\" width=\"587\" height=\"880\" src=\"https:\/\/ntnui.no\/svomming\/wp-content\/uploads\/sites\/301\/2023\/05\/Gudenes-1.jpg\" alt=\"\" class=\"wp-image-191\" \/><\/figure><div class=\"wp-block-media-text__content\">\n<p><strong>Gudenes natteliv<\/strong><\/p>\n\n\n\n<p>Sv\u00f8mmegruppa pleier \u00e5 stille sterkt p\u00e5 Gudenes natteliv, en felles kveld p\u00e5 Samfundet for alle NTNUI gruppene. Dette vil du ikke g\u00e5 glipp av!<\/p>\n\n\n\n<p>Foto: foto.samfundet.no<\/p>\n<\/div><\/div>\n\n\n\n<div class=\"wp-block-media-text alignwide is-stacked-on-mobile\"><figure class=\"wp-block-media-text__media\"><img loading=\"lazy\" decoding=\"async\" width=\"1600\" height=\"1067\" src=\"https:\/\/ntnui.no\/svomming\/wp-content\/uploads\/sites\/301\/2023\/05\/Stevner-1.jpg\" alt=\"\" class=\"wp-image-192\" \/><\/figure><div class=\"wp-block-media-text__content\">\n<p><strong>Sv\u00f8mmestevner<\/strong><\/p>\n\n\n\n<p>NTNUI Sv\u00f8mming deltar p\u00e5 flere lokale stevner i \u00e5ret. Dette er et lavterskeltilbud til alle sv\u00f8mmere i NTNUI. F\u00f8lg med p\u00e5 v\u00e5r Spondgruppe slik at du holder deg oppdatert p\u00e5 kommende stevner. Som medlem kan du delta p\u00e5 alle stevner i landet. Vi varsler som regel kun om lokale stevner i n\u00e6romr\u00e5det, men det hender seg at vi drar til st\u00f8rre stevner andre steder i Norge ogs\u00e5. F\u00f8lg med p\u00e5 Spond v\u00e5r for \u00e5 f\u00e5 med deg alle stevnene vi er med p\u00e5! Stevner er g\u00f8y!<\/p>\n\n\n\n<p>Foto: Leonie Richarz\/NTNUI (CC BY 4.0)<\/p>\n<\/div><\/div>\n\n\n\n<div class=\"wp-block-media-text alignwide has-media-on-the-right is-stacked-on-mobile\"><figure class=\"wp-block-media-text__media\"><img loading=\"lazy\" decoding=\"async\" width=\"1440\" height=\"1080\" src=\"https:\/\/ntnui.no\/svomming\/wp-content\/uploads\/sites\/301\/2023\/05\/Treningsleir-1.jpg\" alt=\"\" class=\"wp-image-193\" \/><\/figure><div class=\"wp-block-media-text__content\">\n<p><strong>Treningsleir<\/strong><\/p>\n\n\n\n<p>Av og til drar vi sammen p\u00e5 treningsleir for \u00e5 maksimere treningsmengden og t\u00e6ningen. Slike treningsleirer er kostbare s\u00e5 de arrangeres litt sjeldnere enn resten og avhenger av at medlemmene har bidratt med nok dugnadsarbeid. For \u00e5 bli med s\u00e5 settes det ogs\u00e5 krav til trening og dugnadsarbeid.<\/p>\n<\/div><\/div>\n\n\n\n<p><\/p>\n","protected":false},"excerpt":{"rendered":"<p>Bli-kjent fest Hver h\u00f8st blir det arrangert en bli-kjent fest s\u00e5 nye medlemmer skal f\u00e5 en mulighet til \u00e5 bli kjent med andre medlemmer av gruppen. Her deles vi inn i lag og har diverse konkurranser. Sv\u00f8mmekurs Vi arrangerer jevnlig sv\u00f8mmekurs. Kursene arrangeres etter ettersp\u00f8rsel og varierer alt fra \u00e5 flyte i vann til \u00e5 [&hellip;]<\/p>\n","protected":false},"author":513,"featured_media":0,"parent":0,"menu_order":0,"comment_status":"closed","ping_status":"closed","template":"","meta":{"_coblocks_attr":"","_coblocks_dimensions":"","_coblocks_responsive_height":"","_coblocks_accordion_ie_support":"","_price":"","_stock":"","_tribe_ticket_header":"","_tribe_default_ticket_provider":"","_tribe_ticket_capacity":"0","_ticket_start_date":"","_ticket_end_date":"","_tribe_ticket_show_description":"","_tribe_ticket_show_not_going":false,"_tribe_ticket_use_global_stock":"","_tribe_ticket_global_stock_level":"","_global_stock_mode":"","_global_stock_cap":"","_tribe_rsvp_for_event":"","_tribe_ticket_going_count":"","_tribe_ticket_not_going_count":"","_tribe_tickets_list":[],"_tribe_ticket_has_attendee_info_fields":false,"footnotes":""},"class_list":["post-70","page","type-page","status-publish","hentry"],"featured_image_src":null,"featured_image_src_square":null,"_links":{"self":[{"href":"https:\/\/ntnui.no\/svomming\/wp-json\/wp\/v2\/pages\/70","targetHints":{"allow":["GET"]}}],"collection":[{"href":"https:\/\/ntnui.no\/svomming\/wp-json\/wp\/v2\/pages"}],"about":[{"href":"https:\/\/ntnui.no\/svomming\/wp-json\/wp\/v2\/types\/page"}],"author":[{"embeddable":true,"href":"https:\/\/ntnui.no\/svomming\/wp-json\/wp\/v2\/users\/513"}],"replies":[{"embeddable":true,"href":"https:\/\/ntnui.no\/svomming\/wp-json\/wp\/v2\/comments?post=70"}],"version-history":[{"count":21,"href":"https:\/\/ntnui.no\/svomming\/wp-json\/wp\/v2\/pages\/70\/revisions"}],"predecessor-version":[{"id":1771,"href":"https:\/\/ntnui.no\/svomming\/wp-json\/wp\/v2\/pages\/70\/revisions\/1771"}],"wp:attachment":[{"href":"https:\/\/ntnui.no\/svomming\/wp-json\/wp\/v2\/media?parent=70"}],"curies":[{"name":"wp","href":"https:\/\/api.w.org\/{rel}","templated":true}]}}