{"id":59,"date":"2023-05-23T10:34:27","date_gmt":"2023-05-23T10:34:27","guid":{"rendered":"https:\/\/ntnui.no\/svomming\/?page_id=59"},"modified":"2026-01-01T17:32:58","modified_gmt":"2026-01-01T17:32:58","slug":"innmelding","status":"publish","type":"page","link":"https:\/\/ntnui.no\/svomming\/innmelding\/","title":{"rendered":"Bli medlem"},"content":{"rendered":"\n<h2 class=\"wp-block-heading\">Innmelding NTNUI<\/h2>\n\n\n\n<ul class=\"wp-block-list\">\n<li>Du m\u00e5 v\u00e6re&nbsp;<a href=\"https:\/\/ntnui.no\/blimedlem\/\">medlem i NTNUI<\/a>&nbsp;for \u00e5 bli medlem i sv\u00f8mmegruppa.<\/li>\n<\/ul>\n\n\n\n<div class=\"wp-block-atomic-blocks-ab-button ab-block-button\"><a href=\"https:\/\/ntnui.no\/blimedlem\/\" class=\"ab-button ab-button-shape-rounded ab-button-size-medium\" style=\"color:#ffffff;background-color:#3373dc\">Innmelding NTNUI<\/a><\/div>\n\n\n\n<h2 class=\"wp-block-heading\">Innmelding NTNUI Sv\u00f8mming<\/h2>\n\n\n\n<p><\/p>\n\n\n\n<p>Som NTNUI medlem m\u00e5 du gj\u00f8re f\u00f8lgende:<\/p>\n\n\n\n<ul class=\"wp-block-list\">\n<li>Betale for medlemsavgift i nettbutikken (medlemsavgiften m\u00e5 fornyes hvert semester og dekker blant annet forsikring n\u00e5r du trener med oss).<\/li>\n<\/ul>\n\n\n\n<p><\/p>\n\n\n\n<ul class=\"wp-block-list\">\n<li>G\u00e5 til<a href=\"https:\/\/medlem.ntnui.no\/groups\/svomming\/\" data-type=\"URL\" data-id=\"https:\/\/medlem.ntnui.no\/groups\/svomming\/\">&nbsp;https:\/\/medlem.ntnui.no\/groups\/svomming\/<\/a> og send en foresp\u00f8rsel om \u00e5 bli med i sv\u00f8mmegruppa. Var du med i fjor, m\u00e5 du bekrefte at du vil fornye medlemskapet ditt.<\/li>\n<\/ul>\n\n\n\n<p><\/p>\n\n\n\n<ul class=\"wp-block-list\">\n<li>Send foresp\u00f8rsel p\u00e5 Spond (gruppekode: HJAVO)<\/li>\n<\/ul>\n\n\n\n<p>Har du tatt de f\u00f8rste to stegene, blir du registrert som medlem av sv\u00f8mmegruppa og har forsikring n\u00e5r trener med oss.<\/p>\n\n\n\n<p>OBS: Vi m\u00e5 legge folk til manuelt, s\u00e5 det kan ta noen dager f\u00f8r du blir med. Sjekk status p\u00e5 medlem.ntnui.no. Hvis du ikke blir lagt til etter en uke, gjerne dobbeltsjekk om du har betalt medlemsavgift, har gyldig medlemskap med NTNUI og s\u00f8kt p\u00e5 medlemskap p\u00e5 riktig m\u00e5te f\u00f8r du tar kontakt med medlemsansvarlig.<\/p>\n\n\n\n<h2 class=\"wp-block-heading\"><strong>NSF lisens<\/strong><\/h2>\n\n\n\n<p>Dersom du \u00f8nsker \u00e5 delta p\u00e5 sv\u00f8mmestevner m\u00e5 du ha gyldig NSF lisens for 2026. Denne f\u00f8r du kj\u00f8pt i nettbutikken v\u00e5r. NSF lisensen varer ut hvert kalender\u00e5r, men for \u00e5 f\u00e5 tilgang til treningene v\u00e5re m\u00e5 du i tillegg betale for medlemsavgiften hvert semester og v\u00e6re registrert som medlem av sv\u00f8mmegruppen p\u00e5 <a href=\"https:\/\/medlem.ntnui.no\/groups\/svomming\/\">https:\/\/medlem.ntnui.no\/groups\/svomming\/<\/a>. <\/p>\n\n\n\n<h2 class=\"wp-block-heading\">Treninger, informasjon og tilgang til Pirbadet<\/h2>\n\n\n\n<p>Informasjon om blant annet treninger, sosialt og sv\u00f8mmestevner vil bli publisert p\u00e5 appen Spond.<\/p>\n\n\n\n<ul class=\"wp-block-list\">\n<li>Last ned appen \u201cSpond\u201d p\u00e5 telefonen din<\/li>\n\n\n\n<li>Opprett en bruker med epost<\/li>\n\n\n\n<li>Klikk p\u00e5 knappen nedenfor og vent p\u00e5 godkjenning:<\/li>\n<\/ul>\n\n\n\n<div class=\"wp-block-atomic-blocks-ab-button ab-block-button\"><a href=\"https:\/\/group.spond.com\/HJAVO\" class=\"ab-button ab-button-shape-rounded ab-button-size-medium\" style=\"color:#ffffff;background-color:#3373dc\">Bli medlem i NTNUI Sv\u00f8mming p\u00e5 Spond<\/a><\/div>\n\n\n\n<p>Du vil bli lagt til gruppen &#8220;medlemmer v\u00e5r 2026&#8221; n\u00e5r medlemskapet p\u00e5 medlem.ntnui.no er bekreftet &#8211; s\u00e5 f\u00e5r du tilgang til treningsarrengementer.<\/p>\n","protected":false},"excerpt":{"rendered":"<p>Innmelding NTNUI Innmelding NTNUI Sv\u00f8mming Som NTNUI medlem m\u00e5 du gj\u00f8re f\u00f8lgende: Har du tatt de f\u00f8rste to stegene, blir du registrert som medlem av sv\u00f8mmegruppa og har forsikring n\u00e5r trener med oss. OBS: Vi m\u00e5 legge folk til manuelt, s\u00e5 det kan ta noen dager f\u00f8r du blir med. Sjekk status p\u00e5 medlem.ntnui.no. Hvis [&hellip;]<\/p>\n","protected":false},"author":513,"featured_media":0,"parent":0,"menu_order":0,"comment_status":"closed","ping_status":"closed","template":"","meta":{"_coblocks_attr":"","_coblocks_dimensions":"","_coblocks_responsive_height":"","_coblocks_accordion_ie_support":"","_price":"","_stock":"","_tribe_ticket_header":"","_tribe_default_ticket_provider":"","_tribe_ticket_capacity":"0","_ticket_start_date":"","_ticket_end_date":"","_tribe_ticket_show_description":"","_tribe_ticket_show_not_going":false,"_tribe_ticket_use_global_stock":"","_tribe_ticket_global_stock_level":"","_global_stock_mode":"","_global_stock_cap":"","_tribe_rsvp_for_event":"","_tribe_ticket_going_count":"","_tribe_ticket_not_going_count":"","_tribe_tickets_list":[],"_tribe_ticket_has_attendee_info_fields":false,"footnotes":""},"class_list":["post-59","page","type-page","status-publish","hentry"],"featured_image_src":null,"featured_image_src_square":null,"_links":{"self":[{"href":"https:\/\/ntnui.no\/svomming\/wp-json\/wp\/v2\/pages\/59","targetHints":{"allow":["GET"]}}],"collection":[{"href":"https:\/\/ntnui.no\/svomming\/wp-json\/wp\/v2\/pages"}],"about":[{"href":"https:\/\/ntnui.no\/svomming\/wp-json\/wp\/v2\/types\/page"}],"author":[{"embeddable":true,"href":"https:\/\/ntnui.no\/svomming\/wp-json\/wp\/v2\/users\/513"}],"replies":[{"embeddable":true,"href":"https:\/\/ntnui.no\/svomming\/wp-json\/wp\/v2\/comments?post=59"}],"version-history":[{"count":17,"href":"https:\/\/ntnui.no\/svomming\/wp-json\/wp\/v2\/pages\/59\/revisions"}],"predecessor-version":[{"id":2469,"href":"https:\/\/ntnui.no\/svomming\/wp-json\/wp\/v2\/pages\/59\/revisions\/2469"}],"wp:attachment":[{"href":"https:\/\/ntnui.no\/svomming\/wp-json\/wp\/v2\/media?parent=59"}],"curies":[{"name":"wp","href":"https:\/\/api.w.org\/{rel}","templated":true}]}}