{"id":55,"date":"2023-05-23T10:33:40","date_gmt":"2023-05-23T10:33:40","guid":{"rendered":"https:\/\/ntnui.no\/svomming\/?page_id=55"},"modified":"2025-01-13T13:01:28","modified_gmt":"2025-01-13T13:01:28","slug":"faq","status":"publish","type":"page","link":"https:\/\/ntnui.no\/svomming\/faq\/","title":{"rendered":"FAQ"},"content":{"rendered":"\n<div class=\"wp-block-coblocks-faq\">\n<h3 class=\"wp-block-coblocks-faq__title wp-block-heading\"><\/h3>\n\n\n\n<details class=\"wp-block-coblocks-faq-item\"><summary class=\"wp-block-coblocks-faq-item__question\"><div class=\"wp-block-coblocks-faq-item__question__content\">Hvordan blir jeg medlem i NTNUI Sv\u00f8mming?<\/div><\/summary><div class=\"wp-block-coblocks-faq-item__answer\"><div>\n<p>Instrukser kan finnes under &#8220;Bli medlem&#8221; i menyen over.<\/p>\n<\/div><\/div><\/details>\n\n\n\n<details class=\"wp-block-coblocks-faq-item\"><summary class=\"wp-block-coblocks-faq-item__question\"><div class=\"wp-block-coblocks-faq-item__question__content\">Hvor mye koster det \u00e5 v\u00e6re medlem i NTNUI Sv\u00f8mming?<\/div><\/summary><div class=\"wp-block-coblocks-faq-item__answer\"><div>\n<p>Du trenger bare NTNUI medlemskap og enten lisens i Norges Sv\u00f8mmeforbund eller treningsforsikring for \u00e5 bli medlem. Sjekk prisene prisene for NTNUI medlemskapet p\u00e5 <a href=\"https:\/\/ntnui.no\/blimedlem\/\">ntnui.no<\/a> og sv\u00f8mmelisens\/forsikring i nettbutikken v\u00e5r. Lisensen og forsikringen i varer ett kalender\u00e5r.<\/p>\n<\/div><\/div><\/details>\n\n\n\n<details class=\"wp-block-coblocks-faq-item\"><summary class=\"wp-block-coblocks-faq-item__question\"><div class=\"wp-block-coblocks-faq-item__question__content\">Er det mulig \u00e5 komme og pr\u00f8ve en trening f\u00f8r jeg melder meg inn?<\/div><\/summary><div class=\"wp-block-coblocks-faq-item__answer\"><div>\n<p>Ja! I starten av hvert semester har vi vanligvis to uker med pr\u00f8vetreninger som er helt gratis \u00e5 v\u00e6re med p\u00e5. Utenom disse ukene m\u00e5 du bli medlem og betale lisens f\u00f8r du kan trene med oss.<\/p>\n<\/div><\/div><\/details>\n\n\n\n<details class=\"wp-block-coblocks-faq-item\"><summary class=\"wp-block-coblocks-faq-item__question\"><div class=\"wp-block-coblocks-faq-item__question__content\">Hvilke niv\u00e5 er det p\u00e5 treningene?<\/div><\/summary><div class=\"wp-block-coblocks-faq-item__answer\"><div>\n<p>Ferdighetsniv\u00e5et i NTNUI Sv\u00f8mming er veldig varierende og man har flere baner \u00e5 velge i mellom basert p\u00e5 dine ferdigheter og motivasjoner. Langs kanten ligger det treningsprogram som du kan benytte til inspirasjon hvis du \u00f8nsker dette. Man organiserer seg i baner etter \u00f8nsker om \u00e5 f\u00f8lge programmet, trene teknikk eller bare \u00e5 prate med andre om man \u00f8nsker det. Men alle m\u00e5 uansett kunne sv\u00f8mme 50 meter uten hjelp eller pause for \u00e5 kunne bli med.<\/p>\n<\/div><\/div><\/details>\n\n\n\n<details class=\"wp-block-coblocks-faq-item\"><summary class=\"wp-block-coblocks-faq-item__question\"><div class=\"wp-block-coblocks-faq-item__question__content\">Trenger man \u00e5 m\u00f8te opp p\u00e5 alle treningene?<\/div><\/summary><div class=\"wp-block-coblocks-faq-item__answer\"><div>\n<p>Nei. Du m\u00f8ter opp s\u00e5 ofte eller s\u00e5 sjeldent du \u00f8nsker. Alt oppm\u00f8te er frivillig.<\/p>\n<\/div><\/div><\/details>\n\n\n\n<details class=\"wp-block-coblocks-faq-item\"><summary class=\"wp-block-coblocks-faq-item__question\"><div class=\"wp-block-coblocks-faq-item__question__content\">Hvordan sjekker jeg om jeg har gyldig NSF lisens?<\/div><\/summary><div class=\"wp-block-coblocks-faq-item__answer\"><div>\n<p>Sjekk medley.no<\/p>\n<\/div><\/div><\/details>\n\n\n\n<details class=\"wp-block-coblocks-faq-item\"><summary class=\"wp-block-coblocks-faq-item__question\"><div class=\"wp-block-coblocks-faq-item__question__content\">Jeg har v\u00e6rt medlem i en annen sv\u00f8mmeklubb frem til nylig. M\u00e5 jeg melde overgang?<\/div><\/summary><div class=\"wp-block-coblocks-faq-item__answer\"><div>\n<p>Du trenger ikke \u00e5 melde overgang med mindre du \u00f8nsker \u00e5 konkurrere for NTNUI.<\/p>\n<\/div><\/div><\/details>\n\n\n\n<details class=\"wp-block-coblocks-faq-item\"><summary class=\"wp-block-coblocks-faq-item__question\"><div class=\"wp-block-coblocks-faq-item__question__content\">Kan man komme inn p\u00e5 Pirbadet utenom treningstid?<\/div><\/summary><div class=\"wp-block-coblocks-faq-item__answer\"><div>\n<p>Nei, man kan kun komme seg inn bare under treningstiden. Skal man inn utenom treningstid m\u00e5 man betale seg inn. Pirbadet har studentrabatt hvis du skulle \u00f8nske \u00e5 g\u00e5 inn og bade under \u00e5pningstidene.<\/p>\n<\/div><\/div><\/details>\n\n\n\n<details class=\"wp-block-coblocks-faq-item\"><summary class=\"wp-block-coblocks-faq-item__question\"><div class=\"wp-block-coblocks-faq-item__question__content\">Hvilke utstyr trenger jeg for \u00e5 v\u00e6re med p\u00e5 trening?<\/div><\/summary><div class=\"wp-block-coblocks-faq-item__answer\"><div>\n<p>Du trenger kun en badebukse\/badedrakt, men det anbefales \u00e5 ha et par sv\u00f8mmebriller og eventuelt en badehette ogs\u00e5.<\/p>\n<\/div><\/div><\/details>\n<\/div>\n\n\n\n<p>Send gjerne en mail til svomming-medlem@ntnui.no dersom du ikke fant sp\u00f8rsm\u00e5let ditt!<\/p>\n","protected":false},"excerpt":{"rendered":"<p>Send gjerne en mail til svomming-medlem@ntnui.no dersom du ikke fant sp\u00f8rsm\u00e5let ditt!<\/p>\n","protected":false},"author":513,"featured_media":0,"parent":0,"menu_order":0,"comment_status":"closed","ping_status":"closed","template":"","meta":{"_coblocks_attr":"","_coblocks_dimensions":"","_coblocks_responsive_height":"","_coblocks_accordion_ie_support":"","_price":"","_stock":"","_tribe_ticket_header":"","_tribe_default_ticket_provider":"","_tribe_ticket_capacity":"0","_ticket_start_date":"","_ticket_end_date":"","_tribe_ticket_show_description":"","_tribe_ticket_show_not_going":false,"_tribe_ticket_use_global_stock":"","_tribe_ticket_global_stock_level":"","_global_stock_mode":"","_global_stock_cap":"","_tribe_rsvp_for_event":"","_tribe_ticket_going_count":"","_tribe_ticket_not_going_count":"","_tribe_tickets_list":[],"_tribe_ticket_has_attendee_info_fields":false,"footnotes":""},"class_list":["post-55","page","type-page","status-publish","hentry"],"featured_image_src":null,"featured_image_src_square":null,"_links":{"self":[{"href":"https:\/\/ntnui.no\/svomming\/wp-json\/wp\/v2\/pages\/55","targetHints":{"allow":["GET"]}}],"collection":[{"href":"https:\/\/ntnui.no\/svomming\/wp-json\/wp\/v2\/pages"}],"about":[{"href":"https:\/\/ntnui.no\/svomming\/wp-json\/wp\/v2\/types\/page"}],"author":[{"embeddable":true,"href":"https:\/\/ntnui.no\/svomming\/wp-json\/wp\/v2\/users\/513"}],"replies":[{"embeddable":true,"href":"https:\/\/ntnui.no\/svomming\/wp-json\/wp\/v2\/comments?post=55"}],"version-history":[{"count":8,"href":"https:\/\/ntnui.no\/svomming\/wp-json\/wp\/v2\/pages\/55\/revisions"}],"predecessor-version":[{"id":1368,"href":"https:\/\/ntnui.no\/svomming\/wp-json\/wp\/v2\/pages\/55\/revisions\/1368"}],"wp:attachment":[{"href":"https:\/\/ntnui.no\/svomming\/wp-json\/wp\/v2\/media?parent=55"}],"curies":[{"name":"wp","href":"https:\/\/api.w.org\/{rel}","templated":true}]}}