{"id":53,"date":"2023-05-23T10:29:27","date_gmt":"2023-05-23T10:29:27","guid":{"rendered":"https:\/\/ntnui.no\/svomming\/?page_id=53"},"modified":"2025-04-09T14:10:52","modified_gmt":"2025-04-09T14:10:52","slug":"club-records-monkholmrelay","status":"publish","type":"page","link":"https:\/\/ntnui.no\/svomming\/en\/club-records-monkholmrelay\/","title":{"rendered":"Club records Monkholmrelay"},"content":{"rendered":"\n<h2 class=\"wp-block-heading\">All time best<\/h2>\n\n\n\n<table id=\"tablepress-1\" class=\"tablepress tablepress-id-1\">\n<thead>\n<tr class=\"row-1 odd\">\n\t<th class=\"column-1\">Navn<\/th><th class=\"column-2\">Tid<\/th><th class=\"column-3\">\u00c5r<\/th>\n<\/tr>\n<\/thead>\n<tbody class=\"row-hover\">\n<tr class=\"row-2 even\">\n\t<td class=\"column-1\">Scott Ren\u00e9 H\u00f8genhaug <\/td><td class=\"column-2\">1:37:50<\/td><td class=\"column-3\">2022<\/td>\n<\/tr>\n<tr class=\"row-3 odd\">\n\t<td class=\"column-1\">Henrik Bakke<\/td><td class=\"column-2\">1:44:36<\/td><td class=\"column-3\">V\u00e5r 2026 <\/td>\n<\/tr>\n<tr class=\"row-4 even\">\n\t<td class=\"column-1\">Ben Rose <\/td><td class=\"column-2\">1:51:50<\/td><td class=\"column-3\">V\u00e5r 2026<\/td>\n<\/tr>\n<tr class=\"row-5 odd\">\n\t<td class=\"column-1\">Dennis Hillesund<\/td><td class=\"column-2\">1:53:41<\/td><td class=\"column-3\">V\u00e5r 2026<\/td>\n<\/tr>\n<tr class=\"row-6 even\">\n\t<td class=\"column-1\">Jens Petter Tur\u00f8y<\/td><td class=\"column-2\">1:54:00<\/td><td class=\"column-3\">2021<\/td>\n<\/tr>\n<\/tbody>\n<\/table>\n<!-- #tablepress-1 from cache -->\n\n\n\n<h2 class=\"wp-block-heading\">Results for Approbert by year<\/h2>\n\n\n\n<div id=\"table-7\">\n<h3>V\u00e5r 2025 Individuell<\/h3>\n\n<table id=\"tablepress-11\" class=\"tablepress tablepress-id-11\">\n<thead>\n<tr class=\"row-1 odd\">\n\t<th class=\"column-1\">Navn<\/th><th class=\"column-2\">Tid<\/th><th class=\"column-3\">Kj\u00f8nn<\/th>\n<\/tr>\n<\/thead>\n<tbody class=\"row-hover\">\n<tr class=\"row-2 even\">\n\t<td class=\"column-1\">Henrik Bakke<\/td><td class=\"column-2\">1:46:37<\/td><td class=\"column-3\">Herre<\/td>\n<\/tr>\n<tr class=\"row-3 odd\">\n\t<td class=\"column-1\">Nikolai Skogen Ditlefsen<\/td><td class=\"column-2\">02:03:09<\/td><td class=\"column-3\">Herre<\/td>\n<\/tr>\n<tr class=\"row-4 even\">\n\t<td class=\"column-1\">Harald aakre<\/td><td class=\"column-2\">02:03:32<\/td><td class=\"column-3\">Herre<\/td>\n<\/tr>\n<tr class=\"row-5 odd\">\n\t<td class=\"column-1\">Eirik Norvoll<\/td><td class=\"column-2\">2:09:28<\/td><td class=\"column-3\">Herre<\/td>\n<\/tr>\n<tr class=\"row-6 even\">\n\t<td class=\"column-1\">Joakim flaata<\/td><td class=\"column-2\">2:21:71<\/td><td class=\"column-3\">Herre<\/td>\n<\/tr>\n<tr class=\"row-7 odd\">\n\t<td class=\"column-1\">Alexey Koryachko Johansen<\/td><td class=\"column-2\">2:26:65<\/td><td class=\"column-3\">Herre<\/td>\n<\/tr>\n<tr class=\"row-8 even\">\n\t<td class=\"column-1\">Lennart Rigartic<\/td><td class=\"column-2\">2:27:12<\/td><td class=\"column-3\">Herre<\/td>\n<\/tr>\n<tr class=\"row-9 odd\">\n\t<td class=\"column-1\">Enrico Melani<\/td><td class=\"column-2\">02:32:98<\/td><td class=\"column-3\">Herre<\/td>\n<\/tr>\n<tr class=\"row-10 even\">\n\t<td class=\"column-1\">Dennis Stellmacher<\/td><td class=\"column-2\">2:50:74<\/td><td class=\"column-3\">Herre<\/td>\n<\/tr>\n<tr class=\"row-11 odd\">\n\t<td class=\"column-1\">Leo liberkowski<\/td><td class=\"column-2\">03:07:12<\/td><td class=\"column-3\">Herre<\/td>\n<\/tr>\n<tr class=\"row-12 even\">\n\t<td class=\"column-1\">Tomasso gori <\/td><td class=\"column-2\">03:24:45<\/td><td class=\"column-3\">Herre<\/td>\n<\/tr>\n<tr class=\"row-13 odd\">\n\t<td class=\"column-1\">Karol Boniecki<\/td><td class=\"column-2\">05:02:97<\/td><td class=\"column-3\">Herre<\/td>\n<\/tr>\n<tr class=\"row-14 even\">\n\t<td class=\"column-1\">Maud le pape<\/td><td class=\"column-2\">2:34:00<\/td><td class=\"column-3\">Dame<\/td>\n<\/tr>\n<tr class=\"row-15 odd\">\n\t<td class=\"column-1\">Amira id-Leifgh<\/td><td class=\"column-2\">3:39:29<\/td><td class=\"column-3\">Dame<\/td>\n<\/tr>\n<tr class=\"row-16 even\">\n\t<td class=\"column-1\">Karoline \u00f8yen<\/td><td class=\"column-2\">4:03:43<\/td><td class=\"column-3\">Dame<\/td>\n<\/tr>\n<tr class=\"row-17 odd\">\n\t<td class=\"column-1\">Solveig Ramstad<\/td><td class=\"column-2\">6:57:64<\/td><td class=\"column-3\">Dame<\/td>\n<\/tr>\n<\/tbody>\n<\/table>\n<!-- #tablepress-11 from cache -->\n<h3>V\u00e5r 2025 Stafett<\/h3>\n\n<table id=\"tablepress-13\" class=\"tablepress tablepress-id-13\">\n<thead>\n<tr class=\"row-1 odd\">\n\t<th class=\"column-1\">Navn<\/th><th class=\"column-2\">Gutt 1&amp;2<\/th><th class=\"column-3\">Jente 1&amp;2<\/th><th class=\"column-4\">Tid<\/th>\n<\/tr>\n<\/thead>\n<tbody class=\"row-hover\">\n<tr class=\"row-2 even\">\n\t<td class=\"column-1\">The Gooners <\/td><td class=\"column-2\">M\u00e0t\u00e8 &amp; Lennart<\/td><td class=\"column-3\">Juliane &amp; Sofie<\/td><td class=\"column-4\">3:41:62<\/td>\n<\/tr>\n<tr class=\"row-3 odd\">\n\t<td class=\"column-1\">The imigrants <\/td><td class=\"column-2\">Alexey &amp; Leo<\/td><td class=\"column-3\">Maude &amp; Sarah<\/td><td class=\"column-4\">3:47:04<\/td>\n<\/tr>\n<tr class=\"row-4 even\">\n\t<td class=\"column-1\">West Africa babes<\/td><td class=\"column-2\">Harald &amp; dennis &amp; Eirik<\/td><td class=\"column-3\">Amira<\/td><td class=\"column-4\">3:15:13<\/td>\n<\/tr>\n<tr class=\"row-5 odd\">\n\t<td class=\"column-1\">The flying Dutchman <\/td><td class=\"column-2\">Arn &amp; Joakim<\/td><td class=\"column-3\">Patrica &amp; amira<\/td><td class=\"column-4\">4:57:83<\/td>\n<\/tr>\n<tr class=\"row-6 even\">\n\t<td class=\"column-1\">Cali + Jonas<\/td><td class=\"column-2\">Nikolai &amp; jonas &amp; gulleik<\/td><td class=\"column-3\">Sofie<\/td><td class=\"column-4\">4:14:30<\/td>\n<\/tr>\n<tr class=\"row-7 odd\">\n\t<td class=\"column-1\">Br\u00f8drene Dahls <\/td><td class=\"column-2\">Dennis still &amp; Espen &amp; Enrico<\/td><td class=\"column-3\">Karoline <\/td><td class=\"column-4\">4:54:63<\/td>\n<\/tr>\n<\/tbody>\n<\/table>\n<!-- #tablepress-13 from cache -->\n<\/div>\n\n\n<div id=\"table-6\">\n<h3>H\u00f8st 2024 individuell<\/h3>\n\n<table id=\"tablepress-12\" class=\"tablepress tablepress-id-12\">\n<thead>\n<tr class=\"row-1 odd\">\n\t<th class=\"column-1\">Navn<\/th><th class=\"column-2\">Tid<\/th><th class=\"column-3\">Kj\u00f8nn<\/th>\n<\/tr>\n<\/thead>\n<tbody class=\"row-hover\">\n<tr class=\"row-2 even\">\n\t<td class=\"column-1\">Henrik Schi\u00f8tz<\/td><td class=\"column-2\">2:15:03<\/td><td class=\"column-3\">Herrre<\/td>\n<\/tr>\n<tr class=\"row-3 odd\">\n\t<td class=\"column-1\">Tomasso Gori<\/td><td class=\"column-2\">2:27:50<\/td><td class=\"column-3\">Herrre<\/td>\n<\/tr>\n<tr class=\"row-4 even\">\n\t<td class=\"column-1\">Liam Dauchat<\/td><td class=\"column-2\">2:30:53<\/td><td class=\"column-3\">Herrre<\/td>\n<\/tr>\n<tr class=\"row-5 odd\">\n\t<td class=\"column-1\">Ivar Greger Angell<\/td><td class=\"column-2\">2:38:81<\/td><td class=\"column-3\">Herrre<\/td>\n<\/tr>\n<tr class=\"row-6 even\">\n\t<td class=\"column-1\">Fabian<\/td><td class=\"column-2\">2:48:43<\/td><td class=\"column-3\">Herrre<\/td>\n<\/tr>\n<tr class=\"row-7 odd\">\n\t<td class=\"column-1\">Julianne Bui<\/td><td class=\"column-2\">2:50:45<\/td><td class=\"column-3\">Dame<\/td>\n<\/tr>\n<tr class=\"row-8 even\">\n\t<td class=\"column-1\">Oline Skaret<\/td><td class=\"column-2\">3:22:09<\/td><td class=\"column-3\">Dame<\/td>\n<\/tr>\n<tr class=\"row-9 odd\">\n\t<td class=\"column-1\">Sofie Bestvold<\/td><td class=\"column-2\">3:18:50<\/td><td class=\"column-3\">Dame<\/td>\n<\/tr>\n<tr class=\"row-10 even\">\n\t<td class=\"column-1\">Freddy Stumpf<\/td><td class=\"column-2\">3:35:82<\/td><td class=\"column-3\">Dame<\/td>\n<\/tr>\n<\/tbody>\n<\/table>\n<!-- #tablepress-12 from cache -->\n<h3>H\u00f8st 2024 stafett<\/h3>\n\n<table id=\"tablepress-10\" class=\"tablepress tablepress-id-10\">\n<thead>\n<tr class=\"row-1 odd\">\n\t<th class=\"column-1\">Navn<\/th><th class=\"column-2\">Gutt 1&amp;2<\/th><th class=\"column-3\">Jente 1&amp;2<\/th><th class=\"column-4\">Tid<\/th>\n<\/tr>\n<\/thead>\n<tbody class=\"row-hover\">\n<tr class=\"row-2 even\">\n\t<td class=\"column-1\">Pinguins<\/td><td class=\"column-2\">Birger<br \/>\nFabian<\/td><td class=\"column-3\">Sofie Bestvold<br \/>\nJulianne Bui<\/td><td class=\"column-4\">3:48:06<\/td>\n<\/tr>\n<tr class=\"row-3 odd\">\n\t<td class=\"column-1\">Mostey Drinkers<\/td><td class=\"column-2\">Arn Torsken<br \/>\nPavel Skippnes<\/td><td class=\"column-3\">Am\u00e9lie Nguyen<br \/>\nJulianne Bui<\/td><td class=\"column-4\">3:56:31<\/td>\n<\/tr>\n<tr class=\"row-4 even\">\n\t<td class=\"column-1\">Surfs Up<\/td><td class=\"column-2\">Ivar Greger Angell<br \/>\nHenrik Schi\u00f8tz<\/td><td class=\"column-3\">Am\u00e9lie Nguyen<br \/>\nOline Skaret<\/td><td class=\"column-4\">4:02:53<\/td>\n<\/tr>\n<tr class=\"row-5 odd\">\n\t<td class=\"column-1\">Beer fighers (disk pga. kj\u00f8nnsfordeling)<\/td><td class=\"column-2\">Markus Str\u00f8mme<br \/>\nSimone<\/td><td class=\"column-3\">Pia<br \/>\nAsk S\u00e5stad<\/td><td class=\"column-4\">4:21:50<\/td>\n<\/tr>\n<tr class=\"row-6 even\">\n\t<td class=\"column-1\">Macchecazzo<\/td><td class=\"column-2\">Alessio Serraglio<br \/>\nTomasso Gori<\/td><td class=\"column-3\">Lisa Miconi<br \/>\nSofie Bestvold<\/td><td class=\"column-4\">5:04:44<\/td>\n<\/tr>\n<tr class=\"row-7 odd\">\n\t<td class=\"column-1\">The German Team<\/td><td class=\"column-2\">Dant\u00e9<br \/>\nCameron Simoleit<\/td><td class=\"column-3\">Cassandra Bache<br \/>\nFreddy Stumpf<\/td><td class=\"column-4\">6:15:90<\/td>\n<\/tr>\n<\/tbody>\n<\/table>\n<!-- #tablepress-10 from cache -->\n<\/div>\n\n\n<div id=\"table-5\">\n<h3>V\u00e5r 2024 individuell<\/h3>\n\n<table id=\"tablepress-5\" class=\"tablepress tablepress-id-5\">\n<thead>\n<tr class=\"row-1 odd\">\n\t<th class=\"column-1\">Navn<\/th><th class=\"column-2\">Tid<\/th><th class=\"column-3\">Kj\u00f8nn<\/th>\n<\/tr>\n<\/thead>\n<tbody class=\"row-hover\">\n<tr class=\"row-2 even\">\n\t<td class=\"column-1\">Titus Phillipson<\/td><td class=\"column-2\">1:56:22<\/td><td class=\"column-3\">Herre<\/td>\n<\/tr>\n<tr class=\"row-3 odd\">\n\t<td class=\"column-1\">Lennart Ansch\u00fctz Rigadis<\/td><td class=\"column-2\">2:18:30<\/td><td class=\"column-3\">Herre<\/td>\n<\/tr>\n<tr class=\"row-4 even\">\n\t<td class=\"column-1\">Mikkel Ofrim<\/td><td class=\"column-2\">2:18:38<\/td><td class=\"column-3\">Herre<\/td>\n<\/tr>\n<tr class=\"row-5 odd\">\n\t<td class=\"column-1\">Andreas Barnholt Skulberg<\/td><td class=\"column-2\">2:31:39<\/td><td class=\"column-3\">Herre<\/td>\n<\/tr>\n<tr class=\"row-6 even\">\n\t<td class=\"column-1\">Alexey Koryachko Johansen<\/td><td class=\"column-2\">2:34:64<\/td><td class=\"column-3\">Herre<\/td>\n<\/tr>\n<tr class=\"row-7 odd\">\n\t<td class=\"column-1\">Nora N\u00e6ssen<\/td><td class=\"column-2\">2:29:00<\/td><td class=\"column-3\">Dame<\/td>\n<\/tr>\n<tr class=\"row-8 even\">\n\t<td class=\"column-1\">Julianne Bui<\/td><td class=\"column-2\">2:37:77<\/td><td class=\"column-3\">Dame<\/td>\n<\/tr>\n<tr class=\"row-9 odd\">\n\t<td class=\"column-1\">Sofie Bestvold<\/td><td class=\"column-2\">2:42:87<\/td><td class=\"column-3\">Dame<\/td>\n<\/tr>\n<\/tbody>\n<\/table>\n<!-- #tablepress-5 from cache -->\n<h3>V\u00e5r 2024 stafett<\/h3>\n\n<table id=\"tablepress-g2\" class=\"tablepress tablepress-id-g2\">\n<thead>\n<tr class=\"row-1 odd\">\n\t<th class=\"column-1\">Lagnavn<\/th><th class=\"column-2\">Gutt 1 &amp; 2<\/th><th class=\"column-3\">Jente 1 &amp; 2<\/th><th class=\"column-4\">Tid<\/th>\n<\/tr>\n<\/thead>\n<tbody class=\"row-hover\">\n<tr class=\"row-2 even\">\n\t<td class=\"column-1\">Mils for Pils<\/td><td class=\"column-2\">Jon<br \/>\nHenrik H<\/td><td class=\"column-3\">Julianne Bui<br \/>\nKristine Johnsson<\/td><td class=\"column-4\">3:54:45<\/td>\n<\/tr>\n<tr class=\"row-3 odd\">\n\t<td class=\"column-1\">Milfs &amp; Dilfs<\/td><td class=\"column-2\">Sigurd B\u00f8en<br \/>\nJohannes Hope<\/td><td class=\"column-3\">Kristin \u00d8ie<br \/>\nNora N\u00e6ssen<\/td><td class=\"column-4\">4:08:56<\/td>\n<\/tr>\n<tr class=\"row-4 even\">\n\t<td class=\"column-1\">NTNUI Breddebading<\/td><td class=\"column-2\">Mikkel Ofrim<br \/>\nErik<\/td><td class=\"column-3\">Patricia Lysvoll<br \/>\nMia Olden Larsen<\/td><td class=\"column-4\">4:34:97<\/td>\n<\/tr>\n<tr class=\"row-5 odd\">\n\t<td class=\"column-1\">S\u00f8libatene (disk pga. kj\u00f8nnsfordeling)<\/td><td class=\"column-2\">Alexey Johnsen<br \/>\nPavel Skipenes<\/td><td class=\"column-3\">Sofie Bestvold<br \/>\nTitus Phillipson<\/td><td class=\"column-4\">4:00:19<\/td>\n<\/tr>\n<tr class=\"row-6 even\">\n\t<td class=\"column-1\">SUGMA (disk pga. kj\u00f8nnsfordeling)<\/td><td class=\"column-2\">Lennart Rigadis<br \/>\nArn Torske<\/td><td class=\"column-3\">Am\u00e9lie Nguyen <br \/>\nAndreas<\/td><td class=\"column-4\">4:00:57<\/td>\n<\/tr>\n<tr class=\"row-7 odd\">\n\t<td class=\"column-1\">Boblebad (disk pga. kj\u00f8nnsfordeling)<\/td><td class=\"column-2\">Anders<br \/>\nMathias<\/td><td class=\"column-3\">Markus Str\u00f8mme<br \/>\nSofie<\/td><td class=\"column-4\">4:10:55<\/td>\n<\/tr>\n<\/tbody>\n<\/table>\n<!-- #tablepress-g2 from cache -->\n<\/div>\n\n<div id=\"table-4\">\n<h3>2022<\/h3>\n\n<table id=\"tablepress-4\" class=\"tablepress tablepress-id-4\">\n<thead>\n<tr class=\"row-1 odd\">\n\t<th class=\"column-1\">Navn<\/th><th class=\"column-2\">Tid<\/th><th class=\"column-3\">Kj\u00f8nn<\/th>\n<\/tr>\n<\/thead>\n<tbody class=\"row-hover\">\n<tr class=\"row-2 even\">\n\t<td class=\"column-1\">Scott Ren\u00e9 H\u00f8genhaug <\/td><td class=\"column-2\">1:37:50<\/td><td class=\"column-3\">Herre<\/td>\n<\/tr>\n<tr class=\"row-3 odd\">\n\t<td class=\"column-1\">Markus Str\u00f8mme<\/td><td class=\"column-2\">2:08:78<\/td><td class=\"column-3\">Herre<\/td>\n<\/tr>\n<tr class=\"row-4 even\">\n\t<td class=\"column-1\">Jon Olav B\u00e5tbukt<\/td><td class=\"column-2\">2:09:94<\/td><td class=\"column-3\">Herre<\/td>\n<\/tr>\n<tr class=\"row-5 odd\">\n\t<td class=\"column-1\">Morten Olden Larsen<\/td><td class=\"column-2\">2:12:43<\/td><td class=\"column-3\">Herre<\/td>\n<\/tr>\n<tr class=\"row-6 even\">\n\t<td class=\"column-1\">Mikkel Ofrim<\/td><td class=\"column-2\">2:14:78<\/td><td class=\"column-3\">Herre<\/td>\n<\/tr>\n<\/tbody>\n<\/table>\n<!-- #tablepress-4 from cache -->\n<\/div>\n\n<div id=\"table-3\">\n<h3>2021<\/h3>\n\n<table id=\"tablepress-3\" class=\"tablepress tablepress-id-3\">\n<thead>\n<tr class=\"row-1 odd\">\n\t<th class=\"column-1\">Navn<\/th><th class=\"column-2\">Tid<\/th><th class=\"column-3\">Kj\u00f8nn<\/th>\n<\/tr>\n<\/thead>\n<tbody class=\"row-hover\">\n<tr class=\"row-2 even\">\n\t<td class=\"column-1\">Scott Ren\u00e9 H\u00f8genhaug <\/td><td class=\"column-2\">1:42<\/td><td class=\"column-3\">Herre<\/td>\n<\/tr>\n<tr class=\"row-3 odd\">\n\t<td class=\"column-1\">Jens Petter Tur\u00f8y<\/td><td class=\"column-2\">1:54<\/td><td class=\"column-3\">Herre<\/td>\n<\/tr>\n<tr class=\"row-4 even\">\n\t<td class=\"column-1\">Mikkel Ofrim<\/td><td class=\"column-2\">2:04<\/td><td class=\"column-3\">Herre<\/td>\n<\/tr>\n<tr class=\"row-5 odd\">\n\t<td class=\"column-1\">Johannes Hope<\/td><td class=\"column-2\">2:14<\/td><td class=\"column-3\">Herre<\/td>\n<\/tr>\n<tr class=\"row-6 even\">\n\t<td class=\"column-1\">Jon-Olav B\u00e5tbukt<\/td><td class=\"column-2\">2:20<\/td><td class=\"column-3\">Herre<\/td>\n<\/tr>\n<tr class=\"row-7 odd\">\n\t<td class=\"column-1\">Nora N\u00e6ssen<\/td><td class=\"column-2\">2:19<\/td><td class=\"column-3\">Dame<\/td>\n<\/tr>\n<tr class=\"row-8 even\">\n\t<td class=\"column-1\">Julie Schult <\/td><td class=\"column-2\">2:45<\/td><td class=\"column-3\">Dame<\/td>\n<\/tr>\n<\/tbody>\n<\/table>\n<!-- #tablepress-3 from cache -->\n<\/div>\n\n\n\n<h2 class=\"wp-block-heading\">Relay<\/h2>\n\n\n\n<table id=\"tablepress-g2-no-2\" class=\"tablepress tablepress-id-g2\">\n<thead>\n<tr class=\"row-1 odd\">\n\t<th class=\"column-1\">Lagnavn<\/th><th class=\"column-2\">Gutt 1 &amp; 2<\/th><th class=\"column-3\">Jente 1 &amp; 2<\/th><th class=\"column-4\">Tid<\/th>\n<\/tr>\n<\/thead>\n<tbody class=\"row-hover\">\n<tr class=\"row-2 even\">\n\t<td class=\"column-1\">Mils for Pils<\/td><td class=\"column-2\">Jon<br \/>\nHenrik H<\/td><td class=\"column-3\">Julianne Bui<br \/>\nKristine Johnsson<\/td><td class=\"column-4\">3:54:45<\/td>\n<\/tr>\n<tr class=\"row-3 odd\">\n\t<td class=\"column-1\">Milfs &amp; Dilfs<\/td><td class=\"column-2\">Sigurd B\u00f8en<br \/>\nJohannes Hope<\/td><td class=\"column-3\">Kristin \u00d8ie<br \/>\nNora N\u00e6ssen<\/td><td class=\"column-4\">4:08:56<\/td>\n<\/tr>\n<tr class=\"row-4 even\">\n\t<td class=\"column-1\">NTNUI Breddebading<\/td><td class=\"column-2\">Mikkel Ofrim<br \/>\nErik<\/td><td class=\"column-3\">Patricia Lysvoll<br \/>\nMia Olden Larsen<\/td><td class=\"column-4\">4:34:97<\/td>\n<\/tr>\n<tr class=\"row-5 odd\">\n\t<td class=\"column-1\">S\u00f8libatene (disk pga. kj\u00f8nnsfordeling)<\/td><td class=\"column-2\">Alexey Johnsen<br \/>\nPavel Skipenes<\/td><td class=\"column-3\">Sofie Bestvold<br \/>\nTitus Phillipson<\/td><td class=\"column-4\">4:00:19<\/td>\n<\/tr>\n<tr class=\"row-6 even\">\n\t<td class=\"column-1\">SUGMA (disk pga. kj\u00f8nnsfordeling)<\/td><td class=\"column-2\">Lennart Rigadis<br \/>\nArn Torske<\/td><td class=\"column-3\">Am\u00e9lie Nguyen <br \/>\nAndreas<\/td><td class=\"column-4\">4:00:57<\/td>\n<\/tr>\n<tr class=\"row-7 odd\">\n\t<td class=\"column-1\">Boblebad (disk pga. kj\u00f8nnsfordeling)<\/td><td class=\"column-2\">Anders<br \/>\nMathias<\/td><td class=\"column-3\">Markus Str\u00f8mme<br \/>\nSofie<\/td><td class=\"column-4\">4:10:55<\/td>\n<\/tr>\n<\/tbody>\n<\/table>\n\n","protected":false},"excerpt":{"rendered":"<p>All time best Results for Approbert by year V\u00e5r 2025 Individuell V\u00e5r 2025 Stafett H\u00f8st 2024 individuell H\u00f8st 2024 stafett V\u00e5r 2024 individuell V\u00e5r 2024 stafett 2022 2021 Relay<\/p>\n","protected":false},"author":565,"featured_media":0,"parent":0,"menu_order":0,"comment_status":"closed","ping_status":"closed","template":"","meta":{"_coblocks_attr":"","_coblocks_dimensions":"","_coblocks_responsive_height":"","_coblocks_accordion_ie_support":"","_price":"","_stock":"","_tribe_ticket_header":"","_tribe_default_ticket_provider":"","_tribe_ticket_capacity":"0","_ticket_start_date":"","_ticket_end_date":"","_tribe_ticket_show_description":"","_tribe_ticket_show_not_going":false,"_tribe_ticket_use_global_stock":"","_tribe_ticket_global_stock_level":"","_global_stock_mode":"","_global_stock_cap":"","_tribe_rsvp_for_event":"","_tribe_ticket_going_count":"","_tribe_ticket_not_going_count":"","_tribe_tickets_list":[],"_tribe_ticket_has_attendee_info_fields":false,"footnotes":""},"class_list":["post-53","page","type-page","status-publish","hentry"],"featured_image_src":null,"featured_image_src_square":null,"_links":{"self":[{"href":"https:\/\/ntnui.no\/svomming\/wp-json\/wp\/v2\/pages\/53","targetHints":{"allow":["GET"]}}],"collection":[{"href":"https:\/\/ntnui.no\/svomming\/wp-json\/wp\/v2\/pages"}],"about":[{"href":"https:\/\/ntnui.no\/svomming\/wp-json\/wp\/v2\/types\/page"}],"author":[{"embeddable":true,"href":"https:\/\/ntnui.no\/svomming\/wp-json\/wp\/v2\/users\/565"}],"replies":[{"embeddable":true,"href":"https:\/\/ntnui.no\/svomming\/wp-json\/wp\/v2\/comments?post=53"}],"version-history":[{"count":19,"href":"https:\/\/ntnui.no\/svomming\/wp-json\/wp\/v2\/pages\/53\/revisions"}],"predecessor-version":[{"id":1798,"href":"https:\/\/ntnui.no\/svomming\/wp-json\/wp\/v2\/pages\/53\/revisions\/1798"}],"wp:attachment":[{"href":"https:\/\/ntnui.no\/svomming\/wp-json\/wp\/v2\/media?parent=53"}],"curies":[{"name":"wp","href":"https:\/\/api.w.org\/{rel}","templated":true}]}}