{"id":231,"date":"2023-12-20T13:31:03","date_gmt":"2023-12-20T13:31:03","guid":{"rendered":"https:\/\/ntnui.no\/svomming\/?page_id=231"},"modified":"2025-12-21T15:00:16","modified_gmt":"2025-12-21T15:00:16","slug":"forsikring","status":"publish","type":"page","link":"https:\/\/ntnui.no\/svomming\/forsikring\/","title":{"rendered":"Forsikring"},"content":{"rendered":"\n<p>Alle medlemmer i NTNUI Sv\u00f8mming er forsikret via enten IF eller Gjensidige. Har du kj\u00f8pt NSF Sv\u00f8mmelisens er du forsikret gjennom Gjensidige, mens treningsforsikringen sikrer deg forsikring gjennom IF.<\/p>\n\n\n\n<p><strong>Viktig \u00e5 merke seg<\/strong>: Forsikringene gjelder ikke skade som har direkte eller indirekte sammenheng med bruk av stoffer eller metoder som omfattes av NIF\u2019s bestemmelser om doping.<\/p>\n\n\n\n<h1 class=\"wp-block-heading\">Treningsforsikring \u2013 IF<\/h1>\n\n\n\n<p>N\u00e5r du har du kj\u00f8pt v\u00e5r Medlemsavgift er det IF sin Personforsikring og Idrettsforsikring du har. Her dekkes blant annet skader, kostnader ved behandling eller operasjon, og idrettsskader. Du kan melde skade p\u00e5 if.no eller p\u00e5 telefon, 21 49 24 00. Ta kontakt med medlemsansvarlig eller en i styret f\u00f8r du melder skade.<\/p>\n\n\n\n<p>For \u00e5 bli dekket av Forsikringen er det viktig at du har blitt registrert p\u00e5 IF sine sider, hvis du er i tvil kan du pr\u00f8ve \u00e5 logge inn her (<a href=\"https:\/\/www.if.no\/bedrift\/logg-inn\/mine-sider-ansatte\">https:\/\/www.if.no\/bedrift\/logg-inn\/mine-sider-ansatte<\/a>) med BankID. Hvis du ikke kommer inn, eller ikke finner NTNUI sin forsikring er det viktig \u00e5 si ifra til medlemsansvarlig p\u00e5 <a href=\"mailto:svomming-medlem@ntnui.no\">svomming-medlem@ntnui.no<\/a>.<\/p>\n\n\n\n<p>Logger du inn her (<a href=\"https:\/\/www.if.no\/bedrift\/logg-inn\/mine-sider-ansatte\">https:\/\/www.if.no\/bedrift\/logg-inn\/mine-sider-ansatte<\/a>) kan du se hva forsikringene dekker og laste ned nyttig informasjon til mobilen, slik at den er lett tilgjengelig om de skulle trenge v\u00e5r (IF\u2019s) hjelp.<\/p>\n\n\n\n<h1 class=\"wp-block-heading\">NSF Lisens \u2013 Gjensidige<\/h1>\n\n\n\n<p>Skader skal meldes umiddelbart til Skadetelefonen p\u00e5 telefon 987 020 33 (alle dager 09.00-21.00). Alle som har betalt lisens skal ha tilgang til Skadetelefonen<\/p>\n\n\n\n<p>Du kan lese mer om forsikringen p\u00e5 NSF sine sider her: <a href=\"https:\/\/svomming.no\/forbundet\/klubbdrift\/organisasjon\/forsikringer\/\">https:\/\/svomming.no\/forbundet\/klubbdrift\/organisasjon\/forsikringer\/<\/a><\/p>\n","protected":false},"excerpt":{"rendered":"<p>Alle medlemmer i NTNUI Sv\u00f8mming er forsikret via enten IF eller Gjensidige. Har du kj\u00f8pt NSF Sv\u00f8mmelisens er du forsikret gjennom Gjensidige, mens treningsforsikringen sikrer deg forsikring gjennom IF. Viktig \u00e5 merke seg: Forsikringene gjelder ikke skade som har direkte eller indirekte sammenheng med bruk av stoffer eller metoder som omfattes av NIF\u2019s bestemmelser om [&hellip;]<\/p>\n","protected":false},"author":513,"featured_media":0,"parent":0,"menu_order":0,"comment_status":"closed","ping_status":"closed","template":"","meta":{"_coblocks_attr":"","_coblocks_dimensions":"","_coblocks_responsive_height":"","_coblocks_accordion_ie_support":"","_price":"","_stock":"","_tribe_ticket_header":"","_tribe_default_ticket_provider":"","_tribe_ticket_capacity":"0","_ticket_start_date":"","_ticket_end_date":"","_tribe_ticket_show_description":"","_tribe_ticket_show_not_going":false,"_tribe_ticket_use_global_stock":"","_tribe_ticket_global_stock_level":"","_global_stock_mode":"","_global_stock_cap":"","_tribe_rsvp_for_event":"","_tribe_ticket_going_count":"","_tribe_ticket_not_going_count":"","_tribe_tickets_list":[],"_tribe_ticket_has_attendee_info_fields":false,"footnotes":""},"class_list":["post-231","page","type-page","status-publish","hentry"],"featured_image_src":null,"featured_image_src_square":null,"_links":{"self":[{"href":"https:\/\/ntnui.no\/svomming\/wp-json\/wp\/v2\/pages\/231","targetHints":{"allow":["GET"]}}],"collection":[{"href":"https:\/\/ntnui.no\/svomming\/wp-json\/wp\/v2\/pages"}],"about":[{"href":"https:\/\/ntnui.no\/svomming\/wp-json\/wp\/v2\/types\/page"}],"author":[{"embeddable":true,"href":"https:\/\/ntnui.no\/svomming\/wp-json\/wp\/v2\/users\/513"}],"replies":[{"embeddable":true,"href":"https:\/\/ntnui.no\/svomming\/wp-json\/wp\/v2\/comments?post=231"}],"version-history":[{"count":6,"href":"https:\/\/ntnui.no\/svomming\/wp-json\/wp\/v2\/pages\/231\/revisions"}],"predecessor-version":[{"id":2465,"href":"https:\/\/ntnui.no\/svomming\/wp-json\/wp\/v2\/pages\/231\/revisions\/2465"}],"wp:attachment":[{"href":"https:\/\/ntnui.no\/svomming\/wp-json\/wp\/v2\/media?parent=231"}],"curies":[{"name":"wp","href":"https:\/\/api.w.org\/{rel}","templated":true}]}}