{"id":19,"date":"2019-01-10T17:38:32","date_gmt":"2019-01-10T17:38:32","guid":{"rendered":"https:\/\/ntnui.no\/svomming2\/?page_id=19"},"modified":"2026-01-07T11:40:08","modified_gmt":"2026-01-07T11:40:08","slug":"treninger","status":"publish","type":"page","link":"https:\/\/ntnui.no\/svomming\/treninger\/","title":{"rendered":"Treninger"},"content":{"rendered":"\n<div class=\"wp-block-group\"><div class=\"wp-block-group__inner-container is-layout-flow wp-block-group-is-layout-flow\">\n<h2 class=\"wp-block-heading has-text-align-center\">Treningstider<\/h2>\n\n\n\n<div class=\"wp-block-columns is-layout-flex wp-container-core-columns-is-layout-1 wp-block-columns-is-layout-flex\">\n<div class=\"wp-block-column is-layout-flow wp-block-column-is-layout-flow\">\n<p class=\"has-text-align-center\">Mandag 21:00-22:30<\/p>\n\n\n\n<p class=\"has-text-align-center\">Tirsdag 21:00-22:30<\/p>\n\n\n\n<p class=\"has-text-align-center\">Onsdag 20:30-22:00<\/p>\n\n\n\n<p class=\"has-text-align-center\">Fredag 20:30-22:00<\/p>\n<\/div>\n<\/div>\n\n\n\n<p class=\"has-text-align-center\"><strong>Pr\u00f8vetrening<\/strong><\/p>\n\n\n\n<p>V\u00e5ren 2026 har vi pr\u00f8vetreninger i uke 3 og 4, alts\u00e5 12. januar &#8211; 23. januar. Det er bare \u00e5 m\u00f8te opp ved Pirbadets resepsjon. Etter pr\u00f8vetreningene er det desverre ikke mulig \u00e5 delta i treningene uten \u00e5 v\u00e6re medlem og betale medlemsavgift. <\/p>\n<\/div><\/div>\n\n\n\n<div class=\"wp-block-group\"><div class=\"wp-block-group__inner-container is-layout-flow wp-block-group-is-layout-flow\">\n<h2 class=\"wp-block-heading has-text-align-center\">Banefordeling<\/h2>\n\n\n\n<p>NTNUI Sv\u00f8mming har 8 baner, to langbaner (50m) og seks kortbaner (25m). P\u00e5 onsdager og fredager har vi kun fire baner frem til klokken 21:00, men alle \u00e5tte fra og med da. Disse banene er fordelt p\u00e5 hastighet og motivasjon for \u00e5 forsikre at alle skal ha en bane som passer for dem. <\/p>\n\n\n\n<p><strong>De roligste banene<\/strong><\/p>\n\n\n\n<p>Bane 8 og 7 passer for deg som er ny til sv\u00f8mming som idrett, eller rett og slett bare \u00f8nsker \u00e5 ta det rolig og slappe av i bassenget.<\/p>\n\n\n\n<p><strong>Trimsv\u00f8mmingsbanene<\/strong><\/p>\n\n\n\n<p>Bane 6, 5 og 1 passer for deg som har sv\u00f8mt litt f\u00f8r men ikke n\u00f8dvendigvis har v\u00e6rt med p\u00e5 konkurranser. Ogs\u00e5 noen av disse sv\u00f8mmer program, men noe kortere enn de raskeste banene.<\/p>\n\n\n\n<p><strong>De raskeste banene<\/strong><\/p>\n\n\n\n<p>Bane 4, 3 og 2 passer for deg som er tidligere konkurransesv\u00f8mmer, eller fortsatt er aktiv. Disse banene sv\u00f8mmer som regel program.<\/p>\n<\/div><\/div>\n","protected":false},"excerpt":{"rendered":"<p>Treningstider Mandag 21:00-22:30 Tirsdag 21:00-22:30 Onsdag 20:30-22:00 Fredag 20:30-22:00 Pr\u00f8vetrening V\u00e5ren 2026 har vi pr\u00f8vetreninger i uke 3 og 4, alts\u00e5 12. januar &#8211; 23. januar. Det er bare \u00e5 m\u00f8te opp ved Pirbadets resepsjon. Etter pr\u00f8vetreningene er det desverre ikke mulig \u00e5 delta i treningene uten \u00e5 v\u00e6re medlem og betale medlemsavgift. Banefordeling NTNUI [&hellip;]<\/p>\n","protected":false},"author":7,"featured_media":0,"parent":0,"menu_order":0,"comment_status":"closed","ping_status":"closed","template":"","meta":{"_coblocks_attr":"","_coblocks_dimensions":"","_coblocks_responsive_height":"","_coblocks_accordion_ie_support":"","_price":"","_stock":"","_tribe_ticket_header":"","_tribe_default_ticket_provider":"","_tribe_ticket_capacity":"0","_ticket_start_date":"","_ticket_end_date":"","_tribe_ticket_show_description":"","_tribe_ticket_show_not_going":false,"_tribe_ticket_use_global_stock":"","_tribe_ticket_global_stock_level":"","_global_stock_mode":"","_global_stock_cap":"","_tribe_rsvp_for_event":"","_tribe_ticket_going_count":"","_tribe_ticket_not_going_count":"","_tribe_tickets_list":[],"_tribe_ticket_has_attendee_info_fields":false,"footnotes":""},"class_list":["post-19","page","type-page","status-publish","hentry"],"featured_image_src":null,"featured_image_src_square":null,"_links":{"self":[{"href":"https:\/\/ntnui.no\/svomming\/wp-json\/wp\/v2\/pages\/19","targetHints":{"allow":["GET"]}}],"collection":[{"href":"https:\/\/ntnui.no\/svomming\/wp-json\/wp\/v2\/pages"}],"about":[{"href":"https:\/\/ntnui.no\/svomming\/wp-json\/wp\/v2\/types\/page"}],"author":[{"embeddable":true,"href":"https:\/\/ntnui.no\/svomming\/wp-json\/wp\/v2\/users\/7"}],"replies":[{"embeddable":true,"href":"https:\/\/ntnui.no\/svomming\/wp-json\/wp\/v2\/comments?post=19"}],"version-history":[{"count":18,"href":"https:\/\/ntnui.no\/svomming\/wp-json\/wp\/v2\/pages\/19\/revisions"}],"predecessor-version":[{"id":2504,"href":"https:\/\/ntnui.no\/svomming\/wp-json\/wp\/v2\/pages\/19\/revisions\/2504"}],"wp:attachment":[{"href":"https:\/\/ntnui.no\/svomming\/wp-json\/wp\/v2\/media?parent=19"}],"curies":[{"name":"wp","href":"https:\/\/api.w.org\/{rel}","templated":true}]}}