{"id":77,"date":"2021-03-24T18:23:33","date_gmt":"2021-03-24T17:23:33","guid":{"rendered":"https:\/\/ntnui.no\/surf\/?page_id=77"},"modified":"2024-04-10T20:45:02","modified_gmt":"2024-04-10T19:45:02","slug":"om-oss","status":"publish","type":"page","link":"https:\/\/ntnui.no\/surf\/om-oss\/","title":{"rendered":"Om oss"},"content":{"rendered":"\n<div class=\"wp-block-media-text alignwide is-stacked-on-mobile is-style-default\"><figure class=\"wp-block-media-text__media\"><img loading=\"lazy\" decoding=\"async\" width=\"1667\" height=\"1250\" src=\"https:\/\/ntnui.no\/surf\/wp-content\/uploads\/sites\/237\/2021\/03\/IMG_2871.jpg\" alt=\"\" class=\"wp-image-78\" \/><\/figure><div class=\"wp-block-media-text__content\">\n<h2 class=\"wp-block-heading\">Hvem er vi?<\/h2>\n\n\n\n<p><\/p>\n\n\n\n<p>Velkommen til NTNUI Surf, Trondheims og sannsynligvis Norges st\u00f8rste surfegruppe. Vi er en gruppe for deg som er interessert i surfing, enten du er nybegynner eller har surfet i mange \u00e5r. Som medlem i NTNUI surf f\u00e5r du ta del i et sosialt milj\u00f8 sammen med mange andre surfeglade medstudenter.<\/p>\n\n\n\n<p style=\"font-size:15px\"><\/p>\n<\/div><\/div>\n\n\n\n<div class=\"wp-block-media-text alignwide has-media-on-the-right is-stacked-on-mobile is-style-default\"><figure class=\"wp-block-media-text__media\"><img loading=\"lazy\" decoding=\"async\" width=\"2048\" height=\"1536\" src=\"https:\/\/ntnui.no\/surf\/wp-content\/uploads\/sites\/237\/2021\/03\/LOFOTEN-1.jpg\" alt=\"\" class=\"wp-image-81\" \/><\/figure><div class=\"wp-block-media-text__content\">\n<p><\/p>\n\n\n\n<p><\/p>\n\n\n\n<h2 class=\"wp-block-heading\">Turer<\/h2>\n\n\n\n<p><\/p>\n\n\n\n<p>Siden det ikke er noe s\u00e6rlig med b\u00f8lger her i Trondheim arrangerer vi turer til ulike surfespots rundt om i landet. Popul\u00e6re destinasjoner er Hoddevik, J\u00e6ren og Lofoten! Vi er ogs\u00e5 en gruppe hvor surfeengasjerte kan ta intiativ til andre, private turer. Som medlem av NTNUI Surf f\u00e5r du ogs\u00e5 muligheten til \u00e5 delta p\u00e5 surfeturer til utlandet. Tidligere har vi dratt til Portugal, Marrocco og Frankrike. Australia next???<\/p>\n\n\n\n<p style=\"font-size:15px\"><br><\/p>\n<\/div><\/div>\n\n\n\n<div class=\"wp-block-media-text alignwide is-stacked-on-mobile is-style-default\"><figure class=\"wp-block-media-text__media\"><img loading=\"lazy\" decoding=\"async\" width=\"1827\" height=\"1220\" src=\"https:\/\/ntnui.no\/surf\/wp-content\/uploads\/sites\/237\/2021\/03\/PORTUGAL-9.jpg\" alt=\"\" class=\"wp-image-82\" \/><\/figure><div class=\"wp-block-media-text__content\">\n<h2 class=\"wp-block-heading\">Kurs<\/h2>\n\n\n\n<p><\/p>\n\n\n\n<p>P\u00e5 v\u00e5re arrangerte turer vil det ofte v\u00e6re mulig \u00e5 melde seg p\u00e5 kursing. Det betyr at du kan bli med enten om du aldri har sett et surfebrett f\u00f8r eller er en proff surfer som konkurrerer i NM. P\u00e5 flere av destinasjonene er det mulig \u00e5 melde seg p\u00e5 b\u00e5de level 1 og level 2 kurs<\/p>\n<\/div><\/div>\n\n\n\n<div class=\"wp-block-media-text alignwide has-media-on-the-right is-stacked-on-mobile is-style-default\"><figure class=\"wp-block-media-text__media\"><img loading=\"lazy\" decoding=\"async\" width=\"760\" height=\"562\" src=\"https:\/\/ntnui.no\/surf\/wp-content\/uploads\/sites\/237\/2021\/03\/svomming.png\" alt=\"\" class=\"wp-image-84\" \/><\/figure><div class=\"wp-block-media-text__content\">\n<h2 class=\"wp-block-heading\">Sosialt<\/h2>\n\n\n\n<p><\/p>\n\n\n\n<p>Vi har flere sosiale arrangementer gjennom \u00e5ret. Klassikere er kickoff, Fri Flyt-fest og julebord. Andre ting vi kan finne p\u00e5 er spikeball tournament, surfepils, padletrening p\u00e5 Skansen, longboard og surfskate cruise sessions, og mye annet fett. Vi poster forl\u00f8pende arrangementer p\u00e5 Facebooksiden v\u00e5r, s\u00e5 f\u00f8lg med!<\/p>\n<\/div><\/div>\n\n\n\n<div style=\"background-color:#f2f2f2;color:#32373c\" class=\"wp-block-atomic-blocks-ab-testimonial left-aligned ab-has-avatar ab-font-size-18 ab-block-testimonial\"><div class=\"ab-testimonial-text\"><p>\u201cVar med p\u00e5 den f\u00f8rste turen til Marokko i februar 2017, og tok min f\u00f8rste gr\u00f8nne b\u00f8lge der. Solnedgangene i Taghazout var helt magiske, og vi som ikke var helt m\u00f8re etter \u00e5 ha surfet v\u00e5re f\u00f8rste gr\u00f8nne b\u00f8lger den dagen trosset gangsperren og padlet ut for en sunset session med surf en kveld. Vi surfet perfekte b\u00f8lger mens solen gikk ned langt ute i havet. Topp 3 surfeopplevelser! Takk NTNUI Surf &lt;3\u201d<\/p><\/div><div class=\"ab-testimonial-info\"><div class=\"ab-testimonial-avatar-wrap\"><div class=\"ab-testimonial-image-wrap\"><img decoding=\"async\" class=\"ab-testimonial-avatar\" src=\"https:\/\/ntnui.no\/surf\/wp-content\/uploads\/sites\/237\/2021\/03\/Screenshot_20210113-105250_Instagram.jpg\" alt=\"avatar\" \/><\/div><\/div><h2 class=\"ab-testimonial-name\" style=\"color:#32373c\">H\u00e5kon Eidsvik<\/h2><small class=\"ab-testimonial-title\" style=\"color:#32373c\"><\/small><\/div><\/div>\n","protected":false},"excerpt":{"rendered":"<p>Hvem er vi? Velkommen til NTNUI Surf, Trondheims og sannsynligvis Norges st\u00f8rste surfegruppe. Vi er en gruppe for deg som er interessert i surfing, enten du er nybegynner eller har surfet i mange \u00e5r. Som medlem i NTNUI surf f\u00e5r du ta del i et sosialt milj\u00f8 sammen med mange andre surfeglade medstudenter. Turer Siden [&hellip;]<\/p>\n","protected":false},"author":106,"featured_media":78,"parent":0,"menu_order":0,"comment_status":"closed","ping_status":"closed","template":"","meta":{"_coblocks_attr":"","_coblocks_dimensions":"","_coblocks_responsive_height":"","_coblocks_accordion_ie_support":"","_price":"","_stock":"","_tribe_ticket_header":"","_tribe_default_ticket_provider":"","_tribe_ticket_capacity":"0","_ticket_start_date":"","_ticket_end_date":"","_tribe_ticket_show_description":"","_tribe_ticket_show_not_going":false,"_tribe_ticket_use_global_stock":"","_tribe_ticket_global_stock_level":"","_global_stock_mode":"","_global_stock_cap":"","_tribe_rsvp_for_event":"","_tribe_ticket_going_count":"","_tribe_ticket_not_going_count":"","_tribe_tickets_list":[],"_tribe_ticket_has_attendee_info_fields":false,"footnotes":""},"class_list":["post-77","page","type-page","status-publish","has-post-thumbnail","hentry"],"featured_image_src":"https:\/\/ntnui.no\/surf\/wp-content\/uploads\/sites\/237\/2021\/03\/IMG_2871.jpg","featured_image_src_square":"https:\/\/ntnui.no\/surf\/wp-content\/uploads\/sites\/237\/2021\/03\/IMG_2871.jpg","jetpack_sharing_enabled":true,"_links":{"self":[{"href":"https:\/\/ntnui.no\/surf\/wp-json\/wp\/v2\/pages\/77","targetHints":{"allow":["GET"]}}],"collection":[{"href":"https:\/\/ntnui.no\/surf\/wp-json\/wp\/v2\/pages"}],"about":[{"href":"https:\/\/ntnui.no\/surf\/wp-json\/wp\/v2\/types\/page"}],"author":[{"embeddable":true,"href":"https:\/\/ntnui.no\/surf\/wp-json\/wp\/v2\/users\/106"}],"replies":[{"embeddable":true,"href":"https:\/\/ntnui.no\/surf\/wp-json\/wp\/v2\/comments?post=77"}],"version-history":[{"count":11,"href":"https:\/\/ntnui.no\/surf\/wp-json\/wp\/v2\/pages\/77\/revisions"}],"predecessor-version":[{"id":299,"href":"https:\/\/ntnui.no\/surf\/wp-json\/wp\/v2\/pages\/77\/revisions\/299"}],"wp:featuredmedia":[{"embeddable":true,"href":"https:\/\/ntnui.no\/surf\/wp-json\/wp\/v2\/media\/78"}],"wp:attachment":[{"href":"https:\/\/ntnui.no\/surf\/wp-json\/wp\/v2\/media?parent=77"}],"curies":[{"name":"wp","href":"https:\/\/api.w.org\/{rel}","templated":true}]}}