{"id":363,"date":"2024-10-21T12:07:41","date_gmt":"2024-10-21T11:07:41","guid":{"rendered":"https:\/\/ntnui.no\/surf\/?page_id=363"},"modified":"2026-04-20T16:42:52","modified_gmt":"2026-04-20T15:42:52","slug":"surfebrett","status":"publish","type":"page","link":"https:\/\/ntnui.no\/surf\/for-medlemmer\/surfebrett\/","title":{"rendered":"V\u00e5re surfebrett"},"content":{"rendered":"\n<p>Vi har et variert utvalg av surfebrett til leie, b\u00e5de for nybegynnere og mer erfarne surfere. For nybegynnere anbefales det \u00e5 velge et brett med mye volum og lengde, f.eks. Indio Mini Long 8&#8217;0. I tillegg anbefales det \u00e5 velge et softtop-brett. Ta gjerne kontakt med oss dersom du er usikker p\u00e5 hvilket brett som passer deg og ditt niv\u00e5. Under finner du en liste av alle brettene vi har n\u00e5:<\/p>\n\n\n\n<figure class=\"wp-block-table is-style-stripes\"><table><tbody><tr><td><strong>Surfebrett<\/strong><\/td><td><strong>Antall<\/strong><\/td><\/tr><tr><td>Firewire Glazer Machado Lft 5&#8217;5 30.9L<\/td><td>1<\/td><\/tr><tr><td>Haydenshapes Hypto Krypto 6&#8217;0 41.6L<\/td><td>1<\/td><\/tr><tr><td>Long Fish {e}  \/ EPS Epoxy 7&#8217;6 60L<\/td><td>1<\/td><\/tr><tr><td>TORQ Longboard Epoxy 9&#8217;1 77L<\/td><td>2<\/td><\/tr><tr><td>Aloha 7&#8217;0 44.6L<\/td><td>2<\/td><\/tr><tr><td>Comet 7&#8217;8 65L<\/td><td>1<\/td><\/tr><tr><td>Ocean &amp; Earth Joy Flight 6&#8217;8 52L<\/td><td>1<\/td><\/tr><tr><td>Ocean &amp; Earth Ezi Rider 6&#8217;6 52L<\/td><td>2<\/td><\/tr><tr><td>Ocean &amp; Earth EZI Rider 8&#8217;0 <\/td><td>2<\/td><\/tr><tr><td>Ocean &amp; Earth EZI Rider 9&#8217;0 <\/td><td>1<\/td><\/tr><tr><td>GO Softboards 9&#8217;0<\/td><td>1<\/td><\/tr><tr><td>Darkhorse 7&#8217;4 70L<\/td><td>1<\/td><\/tr><tr><td>Darkhorse 8&#8217;4<\/td><td>1<\/td><\/tr><tr><td>Touch Tech Peter Pan Magnum 8&#8217;4<\/td><td>1<\/td><\/tr><tr><td>Channel Islands 6&#8217;11<\/td><td>1<\/td><\/tr><tr><td>TORQ Surfboards 7&#8217;6<\/td><td>1<\/td><\/tr><tr><td>Indio Mini Long 8&#8217;0 (86L)<\/td><td>3<\/td><\/tr><\/tbody><\/table><\/figure>\n\n\n\n<p><\/p>\n","protected":false},"excerpt":{"rendered":"<p>Vi har et variert utvalg av surfebrett til leie, b\u00e5de for nybegynnere og mer erfarne surfere. For nybegynnere anbefales det \u00e5 velge et brett med mye volum og lengde, f.eks. Indio Mini Long 8&#8217;0. I tillegg anbefales det \u00e5 velge et softtop-brett. Ta gjerne kontakt med oss dersom du er usikker p\u00e5 hvilket brett som [&hellip;]<\/p>\n","protected":false},"author":598,"featured_media":0,"parent":19,"menu_order":0,"comment_status":"closed","ping_status":"closed","template":"","meta":{"_coblocks_attr":"","_coblocks_dimensions":"","_coblocks_responsive_height":"","_coblocks_accordion_ie_support":"","_price":"","_stock":"","_tribe_ticket_header":"","_tribe_default_ticket_provider":"","_tribe_ticket_capacity":"0","_ticket_start_date":"","_ticket_end_date":"","_tribe_ticket_show_description":"","_tribe_ticket_show_not_going":false,"_tribe_ticket_use_global_stock":"","_tribe_ticket_global_stock_level":"","_global_stock_mode":"","_global_stock_cap":"","_tribe_rsvp_for_event":"","_tribe_ticket_going_count":"","_tribe_ticket_not_going_count":"","_tribe_tickets_list":[],"_tribe_ticket_has_attendee_info_fields":false,"footnotes":""},"class_list":["post-363","page","type-page","status-publish","hentry"],"featured_image_src":null,"featured_image_src_square":null,"jetpack_sharing_enabled":true,"_links":{"self":[{"href":"https:\/\/ntnui.no\/surf\/wp-json\/wp\/v2\/pages\/363","targetHints":{"allow":["GET"]}}],"collection":[{"href":"https:\/\/ntnui.no\/surf\/wp-json\/wp\/v2\/pages"}],"about":[{"href":"https:\/\/ntnui.no\/surf\/wp-json\/wp\/v2\/types\/page"}],"author":[{"embeddable":true,"href":"https:\/\/ntnui.no\/surf\/wp-json\/wp\/v2\/users\/598"}],"replies":[{"embeddable":true,"href":"https:\/\/ntnui.no\/surf\/wp-json\/wp\/v2\/comments?post=363"}],"version-history":[{"count":6,"href":"https:\/\/ntnui.no\/surf\/wp-json\/wp\/v2\/pages\/363\/revisions"}],"predecessor-version":[{"id":517,"href":"https:\/\/ntnui.no\/surf\/wp-json\/wp\/v2\/pages\/363\/revisions\/517"}],"up":[{"embeddable":true,"href":"https:\/\/ntnui.no\/surf\/wp-json\/wp\/v2\/pages\/19"}],"wp:attachment":[{"href":"https:\/\/ntnui.no\/surf\/wp-json\/wp\/v2\/media?parent=363"}],"curies":[{"name":"wp","href":"https:\/\/api.w.org\/{rel}","templated":true}]}}