{"id":19,"date":"2019-01-10T17:38:32","date_gmt":"2019-01-10T17:38:32","guid":{"rendered":"https:\/\/ntnui.no\/surf\/?page_id=19"},"modified":"2026-02-18T22:28:04","modified_gmt":"2026-02-18T21:28:04","slug":"for-medlemmer","status":"publish","type":"page","link":"https:\/\/ntnui.no\/surf\/for-medlemmer\/","title":{"rendered":"For medlemmer"},"content":{"rendered":"\n<figure class=\"wp-block-gallery has-nested-images columns-default is-cropped wp-block-gallery-1 is-layout-flex wp-block-gallery-is-layout-flex\">\n<figure class=\"wp-block-image size-large\"><img loading=\"lazy\" decoding=\"async\" width=\"760\" height=\"562\" data-id=\"91\" src=\"https:\/\/ntnui.no\/surf\/wp-content\/uploads\/sites\/237\/2021\/03\/svomming-1.png\" alt=\"\" class=\"wp-image-91\" \/><\/figure>\n\n\n\n<figure class=\"wp-block-image size-large\"><img loading=\"lazy\" decoding=\"async\" width=\"1827\" height=\"1220\" data-id=\"92\" src=\"https:\/\/ntnui.no\/surf\/wp-content\/uploads\/sites\/237\/2021\/03\/PORTUGAL-9-1.jpg\" alt=\"\" class=\"wp-image-92\" \/><\/figure>\n\n\n\n<figure class=\"wp-block-image size-large\"><img loading=\"lazy\" decoding=\"async\" width=\"1242\" height=\"932\" data-id=\"93\" src=\"https:\/\/ntnui.no\/surf\/wp-content\/uploads\/sites\/237\/2021\/03\/IMG_9231-1.jpg\" alt=\"\" class=\"wp-image-93\" \/><\/figure>\n<\/figure>\n\n\n\n<div class=\"wp-block-group\"><div class=\"wp-block-group__inner-container is-layout-flow wp-block-group-is-layout-flow\">\n<h2 class=\"wp-block-heading\"><strong>P\u00e5melding til arrangementer<\/strong><\/h2>\n\n\n\n<p><\/p>\n\n\n\n<p>P\u00e5melding til turer legges ut p\u00e5 <a href=\"https:\/\/ntnui.no\/surf\/arrangementer\/\" data-type=\"page\" data-id=\"149\">arrangementer<\/a>-siden. Tidspunkt for p\u00e5melding blir annonsert p\u00e5 Facebook og Instagram i forkant. <\/p>\n\n\n\n<div style=\"color:#ddd\" class=\"wp-block-atomic-blocks-ab-spacer ab-block-spacer ab-divider-solid ab-divider-size-1\"><hr style=\"height:30px\" \/><\/div>\n\n\n\n<h2 class=\"wp-block-heading\"><strong>Utstyrsleie<\/strong><\/h2>\n\n\n\n<p><\/p>\n\n\n\n<p>Vi har et variert utvalg surfebrett til leie for v\u00e5re medlemmer, i tillegg til tre fulle sett med hel\u00e5rs-v\u00e5tdrakter, en dobbel boardbag for reise, og to surfskates. <a href=\"https:\/\/ntnui.no\/surf\/for-medlemmer\/surfebrett\/\" data-type=\"page\" data-id=\"363\">Her<\/a> er en enkel oversikt over hvilke brett vi har. For mer informasjon om utstyret vi har, samt n\u00e5r det er tilgjengelig for utleie, kan du trykke <a rel=\"noreferrer noopener\" href=\"https:\/\/docs.google.com\/spreadsheets\/d\/1gyGYIVLMdeKeBvJHza_VSJucNhTDi6VGHi4sonDwUzs\/edit?usp=sharing\" target=\"_blank\">her<\/a>.<\/p>\n\n\n\n<p>Alle som er medlem i NTNUI kan leie utstyr av oss! Vi i NTNUI Surf f\u00e5r imidlertid st\u00f8tte basert p\u00e5 antall aktive medlemmer per semester, og for at vi skal kunne fortsette \u00e5 utvide tilbudet v\u00e5rt \u00f8nsker vi derfor i tillegg at du <a href=\"https:\/\/ntnui.no\/surf\/bli-medlem\/\" data-type=\"page\" data-id=\"145\">melder deg inn<\/a> i surfegruppa.<\/p>\n\n\n\n<h3 class=\"wp-block-heading\"><strong>Priser for utleie<\/strong><\/h3>\n\n\n\n<p><\/p>\n\n\n\n<figure class=\"wp-block-table\"><table><tbody><tr><td><strong>Utstyr<\/strong><\/td><td><strong>Pris <em>per dag<\/em><\/strong><\/td><\/tr><tr><td>Surfebrett<\/td><td>90,-<\/td><\/tr><tr><td>V\u00e5tdrakt, inkl. sko og hansker<\/td><td>90,-<\/td><\/tr><\/tbody><\/table><\/figure>\n\n\n\n<p><em>NB! Vi leier maksimalt ut brett og v\u00e5tdrakt i 14 dager i strekk.<\/em><\/p>\n\n\n\n<h3 class=\"wp-block-heading\"><strong>Informasjon og vilk\u00e5r<\/strong><\/h3>\n\n\n\n<p><\/p>\n\n\n\n<p>For utfyllende informasjon om utleie og gjeldende vilk\u00e5r, se v\u00e5r <em><a href=\"https:\/\/docs.google.com\/document\/d\/1_Q73lP738nsul4uMBet4NJzNuf8_Uo91\/edit?usp=sharing&amp;ouid=118270540560466222796&amp;rtpof=true&amp;sd=true\" data-type=\"URL\" data-id=\"https:\/\/docs.google.com\/document\/d\/1_Q73lP738nsul4uMBet4NJzNuf8_Uo91\/edit?usp=sharing&amp;ouid=118270540560466222796&amp;rtpof=true&amp;sd=true\">Policy for leie av utstyr<\/a><\/em>.<\/p>\n\n\n\n<h3 class=\"wp-block-heading\"><strong>Reservasjon<\/strong><\/h3>\n\n\n\n<p><\/p>\n\n\n\n<p>Utstyr reserveres ved \u00e5 kontakte utstyrsansvarlig i NTNUI Surf via mail; anders.bergan@ntnui.no<\/p>\n\n\n\n<h2 class=\"wp-block-heading has-dark-black-color has-text-color\"><strong>Medlemsavtale med surfshop.no<\/strong><\/h2>\n\n\n\n<p><\/p>\n\n\n\n<p>P\u00e5 tide med ny v\u00e5tdrakt? Eller kanskje en surfeponcho hadde v\u00e6rt nais? Som medlem av NTNUI Surf f\u00e5r du sv\u00e6rt gode rabatter p\u00e5 diverse utstyr hos Surfshop.no! <\/p>\n\n\n\n<p>Ta kontakt med utstyrsansvarlig i NTNUI Surf, via mail; anders.bergan@ntnui.no, for rabatt p\u00e5 utstyr via Surfshop.no (Rabatt gjelder ikke surfebrett).<\/p>\n<\/div><\/div>\n\n\n\n<p><\/p>\n","protected":false},"excerpt":{"rendered":"<p>P\u00e5melding til arrangementer P\u00e5melding til turer legges ut p\u00e5 arrangementer-siden. Tidspunkt for p\u00e5melding blir annonsert p\u00e5 Facebook og Instagram i forkant. Utstyrsleie Vi har et variert utvalg surfebrett til leie for v\u00e5re medlemmer, i tillegg til tre fulle sett med hel\u00e5rs-v\u00e5tdrakter, en dobbel boardbag for reise, og to surfskates. Her er en enkel oversikt over [&hellip;]<\/p>\n","protected":false},"author":7,"featured_media":0,"parent":0,"menu_order":0,"comment_status":"closed","ping_status":"closed","template":"","meta":{"_coblocks_attr":"","_coblocks_dimensions":"","_coblocks_responsive_height":"","_coblocks_accordion_ie_support":"","_price":"","_stock":"","_tribe_ticket_header":"","_tribe_default_ticket_provider":"","_tribe_ticket_capacity":"0","_ticket_start_date":"","_ticket_end_date":"","_tribe_ticket_show_description":"","_tribe_ticket_show_not_going":false,"_tribe_ticket_use_global_stock":"","_tribe_ticket_global_stock_level":"","_global_stock_mode":"","_global_stock_cap":"","_tribe_rsvp_for_event":"","_tribe_ticket_going_count":"","_tribe_ticket_not_going_count":"","_tribe_tickets_list":[],"_tribe_ticket_has_attendee_info_fields":false,"footnotes":""},"class_list":["post-19","page","type-page","status-publish","hentry"],"featured_image_src":null,"featured_image_src_square":null,"jetpack_sharing_enabled":true,"_links":{"self":[{"href":"https:\/\/ntnui.no\/surf\/wp-json\/wp\/v2\/pages\/19","targetHints":{"allow":["GET"]}}],"collection":[{"href":"https:\/\/ntnui.no\/surf\/wp-json\/wp\/v2\/pages"}],"about":[{"href":"https:\/\/ntnui.no\/surf\/wp-json\/wp\/v2\/types\/page"}],"author":[{"embeddable":true,"href":"https:\/\/ntnui.no\/surf\/wp-json\/wp\/v2\/users\/7"}],"replies":[{"embeddable":true,"href":"https:\/\/ntnui.no\/surf\/wp-json\/wp\/v2\/comments?post=19"}],"version-history":[{"count":28,"href":"https:\/\/ntnui.no\/surf\/wp-json\/wp\/v2\/pages\/19\/revisions"}],"predecessor-version":[{"id":479,"href":"https:\/\/ntnui.no\/surf\/wp-json\/wp\/v2\/pages\/19\/revisions\/479"}],"wp:attachment":[{"href":"https:\/\/ntnui.no\/surf\/wp-json\/wp\/v2\/media?parent=19"}],"curies":[{"name":"wp","href":"https:\/\/api.w.org\/{rel}","templated":true}]}}