{"id":149,"date":"2022-02-20T17:27:45","date_gmt":"2022-02-20T16:27:45","guid":{"rendered":"https:\/\/ntnui.no\/surf\/?page_id=149"},"modified":"2026-04-08T17:51:12","modified_gmt":"2026-04-08T16:51:12","slug":"arrangementer","status":"publish","type":"page","link":"https:\/\/ntnui.no\/surf\/arrangementer\/","title":{"rendered":"Arrangementer"},"content":{"rendered":"\n<p>P\u00e5 denne siden finner du informasjon om ulike arrangementer i l\u00f8pet av semesteret. Det vil ogs\u00e5 bli lagt ut informasjon om v\u00e5re arrangementer, aktiviteter og sosiale begivenheter p\u00e5 Facebook og Instragram.<\/p>\n\n\n\n<div class=\"wp-block-group is-nowrap is-layout-flex wp-container-core-group-is-layout-1 wp-block-group-is-layout-flex\"><\/div>\n\n\n\n<div class=\"wp-block-group\"><div class=\"wp-block-group__inner-container is-layout-flow wp-block-group-is-layout-flow\">\n<h3 class=\"wp-block-heading\" id=\"block-f9bd0f1a-7ed6-4407-bbb7-ed89218c9a34\">11. &#8211; 14. september 2026 &#8211; Tur til Hoddevik (P\u00e5melding 5.august kl.12.00)<\/h3>\n\n\n\n<p><\/p>\n\n\n\n<p class=\"has-text-align-left has-helvetica-font-family has-custom-font\" style=\"font-family:Helvetica;font-size:28px\"><strong>Utenlandstur &#8211; <\/strong><em>(sannsynligvis i oktober, mer info kommer i l\u00f8pet av v\u00e5ren 2026<\/em>)<\/p>\n<\/div><\/div>\n\n\n\n<h3 class=\"wp-block-heading\" id=\"block-f9bd0f1a-7ed6-4407-bbb7-ed89218c9a34\">22. &#8211; 25. oktober 2026 &#8211; Tur til Hoddevik &#8211; (<em>p\u00e5melding kommer rundt en m\u00e5ned f\u00f8r<\/em>)<\/h3>\n\n\n\n<div class=\"wp-block-group\"><div class=\"wp-block-group__inner-container is-layout-flow wp-block-group-is-layout-flow\">\n<h3 class=\"wp-block-heading\" id=\"block-f685615a-930d-4723-82c5-a2e3d00e2aa6\">12. &#8211; 15. november 2026 &#8211; Tur til Hoddevik<br>&#8211; (<em>p\u00e5melding kommer rundt en m\u00e5ned f\u00f8r<\/em>)<\/h3>\n\n\n\n<p><\/p>\n\n\n\n<p><\/p>\n<\/div><\/div>\n\n\n\n<p><\/p>\n\n\n\n<p><\/p>\n\n\n\n<p><\/p>\n\n\n\n<div class=\"wp-block-blockgallery-carousel\"><div class=\"is-cropped blockgallery has-no-alignment has-caption-style-dark has-horizontal-gutter\"><div class=\"has-carousel has-carousel-lrg\" style=\"height:621px\" data-flickity=\"{&quot;autoPlay&quot;:false,&quot;draggable&quot;:true,&quot;pageDots&quot;:false,&quot;prevNextButtons&quot;:true,&quot;wrapAround&quot;:true,&quot;arrowShape&quot;:{&quot;x0&quot;:10,&quot;x1&quot;:60,&quot;y1&quot;:50,&quot;x2&quot;:65,&quot;y2&quot;:45,&quot;x3&quot;:20}}\"><div class=\"blockgallery--item\"><figure class=\"blockgallery--figure has-margin-left-5 has-margin-left-mobile-5 has-margin-right-5 has-margin-right-mobile-5\"><img loading=\"lazy\" decoding=\"async\" width=\"903\" height=\"1354\" src=\"https:\/\/ntnui.no\/surf\/wp-content\/uploads\/sites\/237\/2023\/01\/Hodde_rev1-62.jpeg\" alt=\"\" data-id=\"217\" data-link=\"https:\/\/ntnui.no\/surf\/arrangementer\/hodde_rev1-62\/\" class=\"wp-image-217\" \/><\/figure><\/div><div class=\"blockgallery--item\"><figure class=\"blockgallery--figure has-margin-left-5 has-margin-left-mobile-5 has-margin-right-5 has-margin-right-mobile-5\"><img loading=\"lazy\" decoding=\"async\" width=\"903\" height=\"1354\" src=\"https:\/\/ntnui.no\/surf\/wp-content\/uploads\/sites\/237\/2023\/01\/Hodde_rev1-108.jpeg\" alt=\"\" data-id=\"216\" data-link=\"https:\/\/ntnui.no\/surf\/arrangementer\/hodde_rev1-108\/\" class=\"wp-image-216\" \/><\/figure><\/div><div class=\"blockgallery--item\"><figure class=\"blockgallery--figure has-margin-left-5 has-margin-left-mobile-5 has-margin-right-5 has-margin-right-mobile-5\"><img loading=\"lazy\" decoding=\"async\" width=\"5472\" height=\"3648\" src=\"https:\/\/ntnui.no\/surf\/wp-content\/uploads\/sites\/237\/2023\/01\/IMG_0918.jpg\" alt=\"\" data-id=\"206\" data-link=\"https:\/\/ntnui.no\/surf\/arrangementer\/img_0918\/\" class=\"wp-image-206\" \/><\/figure><\/div><div class=\"blockgallery--item\"><figure class=\"blockgallery--figure has-margin-left-5 has-margin-left-mobile-5 has-margin-right-5 has-margin-right-mobile-5\"><img loading=\"lazy\" decoding=\"async\" width=\"5472\" height=\"3648\" src=\"https:\/\/ntnui.no\/surf\/wp-content\/uploads\/sites\/237\/2023\/01\/IMG_0970.jpg\" alt=\"\" data-id=\"208\" data-link=\"https:\/\/ntnui.no\/surf\/arrangementer\/img_0970\/\" class=\"wp-image-208\" \/><\/figure><\/div><div class=\"blockgallery--item\"><figure class=\"blockgallery--figure has-margin-left-5 has-margin-left-mobile-5 has-margin-right-5 has-margin-right-mobile-5\"><img loading=\"lazy\" decoding=\"async\" width=\"5472\" height=\"3648\" src=\"https:\/\/ntnui.no\/surf\/wp-content\/uploads\/sites\/237\/2023\/01\/IMG_1356.jpg\" alt=\"\" data-id=\"209\" data-link=\"https:\/\/ntnui.no\/surf\/arrangementer\/img_1356\/\" class=\"wp-image-209\" \/><\/figure><\/div><div class=\"blockgallery--item\"><figure class=\"blockgallery--figure has-margin-left-5 has-margin-left-mobile-5 has-margin-right-5 has-margin-right-mobile-5\"><img loading=\"lazy\" decoding=\"async\" width=\"5472\" height=\"3648\" src=\"https:\/\/ntnui.no\/surf\/wp-content\/uploads\/sites\/237\/2023\/01\/IMG_1397.jpg\" alt=\"\" data-id=\"210\" data-link=\"https:\/\/ntnui.no\/surf\/arrangementer\/img_1397\/\" class=\"wp-image-210\" \/><\/figure><\/div><div class=\"blockgallery--item\"><figure class=\"blockgallery--figure has-margin-left-5 has-margin-left-mobile-5 has-margin-right-5 has-margin-right-mobile-5\"><img loading=\"lazy\" decoding=\"async\" width=\"2060\" height=\"2575\" src=\"https:\/\/ntnui.no\/surf\/wp-content\/uploads\/sites\/237\/2023\/01\/136A5076.jpg\" alt=\"\" data-id=\"205\" data-link=\"https:\/\/ntnui.no\/surf\/arrangementer\/136a5076\/\" class=\"wp-image-205\" \/><\/figure><\/div><\/div><\/div><\/div>\n\n\n\n\n\n<p><\/p>\n","protected":false},"excerpt":{"rendered":"<p>P\u00e5 denne siden finner du informasjon om ulike arrangementer i l\u00f8pet av semesteret. Det vil ogs\u00e5 bli lagt ut informasjon om v\u00e5re arrangementer, aktiviteter og sosiale begivenheter p\u00e5 Facebook og Instragram. 11. &#8211; 14. september 2026 &#8211; Tur til Hoddevik (P\u00e5melding 5.august kl.12.00) Utenlandstur &#8211; (sannsynligvis i oktober, mer info kommer i l\u00f8pet av v\u00e5ren [&hellip;]<\/p>\n","protected":false},"author":354,"featured_media":191,"parent":0,"menu_order":0,"comment_status":"closed","ping_status":"closed","template":"","meta":{"_coblocks_attr":"Arial,Georgia,Anton,Abril Fatface,Arvo,Asap Condensed,Barlow,Cormorant Garamond,Faustina,Fira Sans,IBM Plex Sans,Inconsolata,Heebo,Karla,Noto Sans,Noto Serif,Open Sans,Oswald,Playfair Display,PT Serif,Roboto,Rubik,Tajawal,Ubuntu,Yrsa,Montserrat,Merriweather,Lora,Lato,Arial,Helvetica","_coblocks_dimensions":"","_coblocks_responsive_height":"","_coblocks_accordion_ie_support":"","_price":"","_stock":"","_tribe_ticket_header":"","_tribe_default_ticket_provider":"","_tribe_ticket_capacity":"0","_ticket_start_date":"","_ticket_end_date":"","_tribe_ticket_show_description":"","_tribe_ticket_show_not_going":false,"_tribe_ticket_use_global_stock":"","_tribe_ticket_global_stock_level":"","_global_stock_mode":"","_global_stock_cap":"","_tribe_rsvp_for_event":"","_tribe_ticket_going_count":"","_tribe_ticket_not_going_count":"","_tribe_tickets_list":[],"_tribe_ticket_has_attendee_info_fields":false,"footnotes":""},"class_list":["post-149","page","type-page","status-publish","has-post-thumbnail","hentry"],"featured_image_src":"https:\/\/ntnui.no\/surf\/wp-content\/uploads\/sites\/237\/2022\/09\/surf_n.jpg","featured_image_src_square":"https:\/\/ntnui.no\/surf\/wp-content\/uploads\/sites\/237\/2022\/09\/surf_n.jpg","jetpack_sharing_enabled":true,"_links":{"self":[{"href":"https:\/\/ntnui.no\/surf\/wp-json\/wp\/v2\/pages\/149","targetHints":{"allow":["GET"]}}],"collection":[{"href":"https:\/\/ntnui.no\/surf\/wp-json\/wp\/v2\/pages"}],"about":[{"href":"https:\/\/ntnui.no\/surf\/wp-json\/wp\/v2\/types\/page"}],"author":[{"embeddable":true,"href":"https:\/\/ntnui.no\/surf\/wp-json\/wp\/v2\/users\/354"}],"replies":[{"embeddable":true,"href":"https:\/\/ntnui.no\/surf\/wp-json\/wp\/v2\/comments?post=149"}],"version-history":[{"count":111,"href":"https:\/\/ntnui.no\/surf\/wp-json\/wp\/v2\/pages\/149\/revisions"}],"predecessor-version":[{"id":506,"href":"https:\/\/ntnui.no\/surf\/wp-json\/wp\/v2\/pages\/149\/revisions\/506"}],"wp:featuredmedia":[{"embeddable":true,"href":"https:\/\/ntnui.no\/surf\/wp-json\/wp\/v2\/media\/191"}],"wp:attachment":[{"href":"https:\/\/ntnui.no\/surf\/wp-json\/wp\/v2\/media?parent=149"}],"curies":[{"name":"wp","href":"https:\/\/api.w.org\/{rel}","templated":true}]}}