{"id":145,"date":"2022-02-20T17:24:02","date_gmt":"2022-02-20T16:24:02","guid":{"rendered":"https:\/\/ntnui.no\/surf\/?page_id=145"},"modified":"2024-04-10T19:42:19","modified_gmt":"2024-04-10T18:42:19","slug":"bli-medlem","status":"publish","type":"page","link":"https:\/\/ntnui.no\/surf\/bli-medlem\/","title":{"rendered":"Bli medlem"},"content":{"rendered":"\n<p>For \u00e5 bli medlem i NTNUI Surf m\u00e5 man melde seg inn p\u00e5 medlemssiden til NTNUI.  Alle kan bli medlem av gruppa, men man m\u00e5 ha et aktivt NTNUI-medlemskap for \u00e5 kunne bli med p\u00e5 v\u00e5re turer. Dersom man har \u00e5rsmedlemskap hos Sit Trening har man automatisk NTNUI-medlemskap. <\/p>\n\n\n\n<p><strong>F\u00f8lg linken under for \u00e5 bli medlem:<\/strong><\/p>\n\n\n\n<p><a href=\"https:\/\/medlem.ntnui.no\/groups\/surf\/\">https:\/\/medlem.ntnui.no\/groups\/surf\/<\/a><\/p>\n\n\n\n<p><\/p>\n","protected":false},"excerpt":{"rendered":"<p>For \u00e5 bli medlem i NTNUI Surf m\u00e5 man melde seg inn p\u00e5 medlemssiden til NTNUI. Alle kan bli medlem av gruppa, men man m\u00e5 ha et aktivt NTNUI-medlemskap for \u00e5 kunne bli med p\u00e5 v\u00e5re turer. Dersom man har \u00e5rsmedlemskap hos Sit Trening har man automatisk NTNUI-medlemskap. F\u00f8lg linken under for \u00e5 bli medlem: [&hellip;]<\/p>\n","protected":false},"author":354,"featured_media":0,"parent":0,"menu_order":0,"comment_status":"closed","ping_status":"closed","template":"","meta":{"_coblocks_attr":"","_coblocks_dimensions":"","_coblocks_responsive_height":"","_coblocks_accordion_ie_support":"","_price":"","_stock":"","_tribe_ticket_header":"","_tribe_default_ticket_provider":"","_tribe_ticket_capacity":"0","_ticket_start_date":"","_ticket_end_date":"","_tribe_ticket_show_description":"","_tribe_ticket_show_not_going":false,"_tribe_ticket_use_global_stock":"","_tribe_ticket_global_stock_level":"","_global_stock_mode":"","_global_stock_cap":"","_tribe_rsvp_for_event":"","_tribe_ticket_going_count":"","_tribe_ticket_not_going_count":"","_tribe_tickets_list":[],"_tribe_ticket_has_attendee_info_fields":false,"footnotes":""},"class_list":["post-145","page","type-page","status-publish","hentry"],"featured_image_src":null,"featured_image_src_square":null,"jetpack_sharing_enabled":true,"_links":{"self":[{"href":"https:\/\/ntnui.no\/surf\/wp-json\/wp\/v2\/pages\/145","targetHints":{"allow":["GET"]}}],"collection":[{"href":"https:\/\/ntnui.no\/surf\/wp-json\/wp\/v2\/pages"}],"about":[{"href":"https:\/\/ntnui.no\/surf\/wp-json\/wp\/v2\/types\/page"}],"author":[{"embeddable":true,"href":"https:\/\/ntnui.no\/surf\/wp-json\/wp\/v2\/users\/354"}],"replies":[{"embeddable":true,"href":"https:\/\/ntnui.no\/surf\/wp-json\/wp\/v2\/comments?post=145"}],"version-history":[{"count":4,"href":"https:\/\/ntnui.no\/surf\/wp-json\/wp\/v2\/pages\/145\/revisions"}],"predecessor-version":[{"id":320,"href":"https:\/\/ntnui.no\/surf\/wp-json\/wp\/v2\/pages\/145\/revisions\/320"}],"wp:attachment":[{"href":"https:\/\/ntnui.no\/surf\/wp-json\/wp\/v2\/media?parent=145"}],"curies":[{"name":"wp","href":"https:\/\/api.w.org\/{rel}","templated":true}]}}