{"id":99,"date":"2025-11-30T23:29:46","date_gmt":"2025-11-30T23:29:46","guid":{"rendered":"https:\/\/ntnui.no\/studenterhytta\/?page_id=99"},"modified":"2026-02-18T18:52:57","modified_gmt":"2026-02-18T18:52:57","slug":"hyttestyret","status":"publish","type":"page","link":"https:\/\/ntnui.no\/studenterhytta\/hyttestyret\/","title":{"rendered":"Hyttestyret"},"content":{"rendered":"\n<div class=\"wp-block-media-text alignwide is-stacked-on-mobile\" style=\"grid-template-columns:65% auto\"><figure class=\"wp-block-media-text__media\"><img loading=\"lazy\" decoding=\"async\" width=\"3200\" height=\"4266\" src=\"https:\/\/ntnui.no\/studenterhytta\/wp-content\/uploads\/sites\/310\/2026\/02\/2026-02-07_Thomas-Vinnes_styrebilde-2.jpg\" alt=\"\" class=\"wp-image-948 size-full\" \/><\/figure><div class=\"wp-block-media-text__content\">\n<h4 class=\"wp-block-heading\">Hva er Hyttestyret?<\/h4>\n\n\n\n<p>Hyttestyret er gruppen som har det overordnede ansvaret for driften p\u00e5 Hytta. Vi har m\u00f8ter ca 2 ganger i m\u00e5neden. Ansvarsomr\u00e5dene som ligger under styret er blant annet planlegging av \u00e5ret, organisering av Hyttegruppa, utleie og \u00f8konomi.<\/p>\n\n\n\n<div class=\"wp-block-buttons is-layout-flex wp-block-buttons-is-layout-flex\">\n<div class=\"wp-block-button\"><a class=\"wp-block-button__link wp-element-button\" href=\"https:\/\/ntnui.no\/studenterhytta\/kontakt-oss\/\">Hyttestyret 25\/26<\/a><\/div>\n<\/div>\n\n\n\n<p><\/p>\n<\/div><\/div>\n\n\n\n<h2 class=\"wp-block-heading\">Vervene i Hyttestyret<\/h2>\n\n\n\n<p><strong>Hyttesjef<\/strong><br>Hyttesjefens hovedoppgaver best\u00e5r av \u00e5 holde den generelle oversikten over hva som skjer p\u00e5 Hytta, lede hyttestyrem\u00f8tene og legge til rette for at medlemmene i Hyttestyret kan utf\u00f8re sine oppgaver. I tillegg er hyttesjefen gruppas ansikt utad og er kontaktperson inn mot hovedstyret i NTNUI og alumniforeningen Hyttas venner.<\/p>\n\n\n\n<p><strong>Visehyttesjef<\/strong><br>Som visehyttesjef er du hyttesjefens h\u00f8yre h\u00e5nd, og hjelper med oppgaver som dukker opp. Visehyttesjefen har ansvaret for organiseringen av Hyttegruppa, inkludert opptaket, oppl\u00e6ring, og erfaringsoverf\u00f8ring. Visehyttesjef er ogs\u00e5 hyttesjefens stedfortreder p\u00e5 m\u00f8ter\/arrangementer hvis hyttesjef ikke kan delta.<\/p>\n\n\n\n<p><strong>\u00d8konomiansvarlig<\/strong><br>\u00d8konomiansvarlig har et overordnet ansvar for Hyttas \u00f8konomi. Det inneb\u00e6rer \u00e5 utarbeide budsjett, og bruke regnskapet til \u00e5 forst\u00e5 Hyttas \u00f8konomiske situasjon. Ansvaret inkluderer ogs\u00e5 s\u00f8knader om st\u00f8tte fra akt\u00f8rer som Hyttas venner og Velferdstinget. Som \u00f8konomiansvarlig er det viktig med et godt samarbeid med \u00f8konomiutvalget i NTNUI og Hyttas kasserer.<\/p>\n\n\n\n<p><strong>Kasserer<\/strong><br>Kasserer er ansvarlig for Hyttas regnskap, alts\u00e5 oversikten over penger ut og inn av Hytta. I dette inng\u00e5r \u00e5 bokf\u00f8re og betale fakturaer som Hytta f\u00e5r, sende ut fakturaer fra Hytta og administrere refusjoner. Kasserer og \u00f8konomiansvarlig b\u00f8r ha et tett samarbeid med hverandre og \u00f8konomiutvalget i NTNUI.<\/p>\n\n\n\n<p><strong>PR-sjef<\/strong><br>PR-sjefen er ansvarlig for at Trondhjemsstudentene f\u00e5r kjennskap til Studenterhytta. PR-sjefen planlegger og gjennomf\u00f8rer bl\u00e6sting ved hjelp av PR-gruppa. Man er ansvarlig for Hyttas ansikt utad, gjennom nettside, sosiale medier, merch og tavler\/plakater p\u00e5 Hytta og campus.<\/p>\n\n\n\n<p><strong>Arrangementssjef<\/strong><br>Arrangementssjef er ansvarlig for arrangmenter og utleie av Hytta. Dette innb\u00e6rer \u00e5 holde kontakten med grupper og foreninger som \u00f8nsker \u00e5 leie Hytta, utarbeide Hyttas arrangementskalender, sette opp vaktlister for arrangementer og s\u00f8rge for at Hyttas rutiner for arrangement er gode.<\/p>\n\n\n\n<p><strong>Vedlikeholdssjef<\/strong><br>Vedlikeholdssjefen skal ha en generell oversikt over tilstanden til Hyttas bygningsmasse, og samarbeide tett med hyttesjef, Sit, Hovedstyret og leverand\u00f8rer\/bedrifter som utf\u00f8rer st\u00f8rre arbeid p\u00e5 Hytta. Vedlikeholdssjefen har ogs\u00e5 ansvar for HMS-arbeidet (brannvern\/f\u00f8rstehjelp\/skadedyr), og ansvar for at Hytta har det utstyret og materiellet som er n\u00f8dvendig.<br>Vedlikeholdssjefen skal ogs\u00e5 planlegge og gjennomf\u00f8re mindre arbeid som kan utf\u00f8res p\u00e5 dugnad, og har ansvaret for aktiviteten i vedlikeholdsgruppa.<\/p>\n\n\n\n<p><strong>Kj\u00f8kkensjef<\/strong><br>Kj\u00f8kkensjefen har ansvaret for driften p\u00e5 Hyttas kj\u00f8kken. Det innb\u00e6rer \u00e5 s\u00f8rge for at man har gode rutiner for oppl\u00e6ring og bruk av kj\u00f8kkenet. Kj\u00f8kkensjefen har ogs\u00e5 ansvaret for beholdning, og bestilling av mat og materiell til driften av kj\u00f8kkenet.<\/p>\n\n\n\n<p><strong>\u00d8lbusjef<\/strong><br>\u00d8lbusjef skal s\u00f8rge for at \u00f8lbua er i god stand og kan brukes p\u00e5 en god m\u00e5te. \u00d8lbusjefen skal ogs\u00e5 utforme vareutvalget, bestille inn varer til \u00f8lbua, og s\u00f8rge for oppl\u00e6ringen i \u00f8lbua.<\/p>\n\n\n\n<p><strong>Badstuoppmann<\/strong><br>Badstuoppmann har ansvar for at Hyttas kultur og tradisjoner blir tatt vare p\u00e5.  Vervet krever erfaring p\u00e5 Hytta, derfor er det et verv som man f\u00f8rst kan ha etter at man har v\u00e6rt i Hyttegruppa\/Hyttestyret en stund.<\/p>\n\n\n\n<p><\/p>\n","protected":false},"excerpt":{"rendered":"<p>Vervene i Hyttestyret HyttesjefHyttesjefens hovedoppgaver best\u00e5r av \u00e5 holde den generelle oversikten over hva som skjer p\u00e5 Hytta, lede hyttestyrem\u00f8tene og legge til rette for at medlemmene i Hyttestyret kan [&hellip;]<\/p>\n","protected":false},"author":333,"featured_media":0,"parent":0,"menu_order":0,"comment_status":"closed","ping_status":"closed","template":"","meta":{"_coblocks_attr":"","_coblocks_dimensions":"","_coblocks_responsive_height":"","_coblocks_accordion_ie_support":"","_price":"","_stock":"","_tribe_ticket_header":"","_tribe_default_ticket_provider":"","_tribe_ticket_capacity":"0","_ticket_start_date":"","_ticket_end_date":"","_tribe_ticket_show_description":"","_tribe_ticket_show_not_going":false,"_tribe_ticket_use_global_stock":"","_tribe_ticket_global_stock_level":"","_global_stock_mode":"","_global_stock_cap":"","_tribe_rsvp_for_event":"","_tribe_ticket_going_count":"","_tribe_ticket_not_going_count":"","_tribe_tickets_list":[],"_tribe_ticket_has_attendee_info_fields":false,"_EventAllDay":false,"_EventTimezone":"","_EventStartDate":"","_EventEndDate":"","_EventStartDateUTC":"","_EventEndDateUTC":"","_EventShowMap":false,"_EventShowMapLink":false,"_EventURL":"","_EventCost":"","_EventCostDescription":"","_EventCurrencySymbol":"","_EventCurrencyPosition":"","_EventDateTimeSeparator":"","_EventTimeRangeSeparator":"","_EventOrganizerID":[],"_EventVenueID":0,"_OrganizerEmail":"","_OrganizerPhone":"","_OrganizerWebsite":"","_VenueAddress":"","_VenueCity":"","_VenueCountry":"","_VenueProvince":"","_VenueZip":"","_VenuePhone":"","_VenueURL":"","_VenueStateProvince":"","_VenueLat":"","_VenueLng":"","footnotes":""},"class_list":["post-99","page","type-page","status-publish","hentry"],"featured_image_src":null,"featured_image_src_square":null,"_links":{"self":[{"href":"https:\/\/ntnui.no\/studenterhytta\/wp-json\/wp\/v2\/pages\/99","targetHints":{"allow":["GET"]}}],"collection":[{"href":"https:\/\/ntnui.no\/studenterhytta\/wp-json\/wp\/v2\/pages"}],"about":[{"href":"https:\/\/ntnui.no\/studenterhytta\/wp-json\/wp\/v2\/types\/page"}],"author":[{"embeddable":true,"href":"https:\/\/ntnui.no\/studenterhytta\/wp-json\/wp\/v2\/users\/333"}],"replies":[{"embeddable":true,"href":"https:\/\/ntnui.no\/studenterhytta\/wp-json\/wp\/v2\/comments?post=99"}],"version-history":[{"count":19,"href":"https:\/\/ntnui.no\/studenterhytta\/wp-json\/wp\/v2\/pages\/99\/revisions"}],"predecessor-version":[{"id":959,"href":"https:\/\/ntnui.no\/studenterhytta\/wp-json\/wp\/v2\/pages\/99\/revisions\/959"}],"wp:attachment":[{"href":"https:\/\/ntnui.no\/studenterhytta\/wp-json\/wp\/v2\/media?parent=99"}],"curies":[{"name":"wp","href":"https:\/\/api.w.org\/{rel}","templated":true}]}}