{"id":696,"date":"2025-12-12T20:26:36","date_gmt":"2025-12-12T20:26:36","guid":{"rendered":"https:\/\/ntnui.no\/studenterhytta\/?page_id=696"},"modified":"2025-12-12T20:29:38","modified_gmt":"2025-12-12T20:29:38","slug":"faq","status":"publish","type":"page","link":"https:\/\/ntnui.no\/studenterhytta\/faq\/","title":{"rendered":"FAQ"},"content":{"rendered":"\n<h2 class=\"wp-block-heading\">Ofte stilte sp\u00f8rsm\u00e5l<\/h2>\n\n\n\n<p><\/p>\n\n\n\n<p><strong>Jeg har glemt igjen noe p\u00e5 Hytta, hvordan kan jeg hente det?<\/strong><\/p>\n\n\n\n<p>Vi tar vare p\u00e5 gjenglemt ut hvert semester, etter dette gis kl\u00e6r til Fretex eller kastes. Gjenglemt samles i en gjenglemtkurv i kjelleren. Mest praktisk for oss er at du henter det selv n\u00e5r Hytta er \u00e5pen. Om det er vanskelig \u00e5 f\u00e5 til kan du ta kontakt med oss p\u00e5 melding p\u00e5 Instagram eller Facebook, evt mail.<\/p>\n\n\n\n<p><strong>Er Hytta \u00e5pen til helgen?<\/strong><\/p>\n\n\n\n<p>Hytta er ikke alltid \u00e5pen, f\u00f8lg med p\u00e5 forsiden for \u00e5 vite n\u00e5r vi planlegger \u00e5 ha \u00e5pent. Vi legger det ogs\u00e5 ut p\u00e5 sosiale medier n\u00e5r det n\u00e6rmer seg.<\/p>\n","protected":false},"excerpt":{"rendered":"<p>Ofte stilte sp\u00f8rsm\u00e5l Jeg har glemt igjen noe p\u00e5 Hytta, hvordan kan jeg hente det? Vi tar vare p\u00e5 gjenglemt ut hvert semester, etter dette gis kl\u00e6r til Fretex eller [&hellip;]<\/p>\n","protected":false},"author":333,"featured_media":0,"parent":0,"menu_order":0,"comment_status":"closed","ping_status":"closed","template":"","meta":{"_coblocks_attr":"","_coblocks_dimensions":"","_coblocks_responsive_height":"","_coblocks_accordion_ie_support":"","_price":"","_stock":"","_tribe_ticket_header":"","_tribe_default_ticket_provider":"","_tribe_ticket_capacity":"0","_ticket_start_date":"","_ticket_end_date":"","_tribe_ticket_show_description":"","_tribe_ticket_show_not_going":false,"_tribe_ticket_use_global_stock":"","_tribe_ticket_global_stock_level":"","_global_stock_mode":"","_global_stock_cap":"","_tribe_rsvp_for_event":"","_tribe_ticket_going_count":"","_tribe_ticket_not_going_count":"","_tribe_tickets_list":[],"_tribe_ticket_has_attendee_info_fields":false,"_EventAllDay":false,"_EventTimezone":"","_EventStartDate":"","_EventEndDate":"","_EventStartDateUTC":"","_EventEndDateUTC":"","_EventShowMap":false,"_EventShowMapLink":false,"_EventURL":"","_EventCost":"","_EventCostDescription":"","_EventCurrencySymbol":"","_EventCurrencyPosition":"","_EventDateTimeSeparator":"","_EventTimeRangeSeparator":"","_EventOrganizerID":[],"_EventVenueID":0,"_OrganizerEmail":"","_OrganizerPhone":"","_OrganizerWebsite":"","_VenueAddress":"","_VenueCity":"","_VenueCountry":"","_VenueProvince":"","_VenueZip":"","_VenuePhone":"","_VenueURL":"","_VenueStateProvince":"","_VenueLat":"","_VenueLng":"","footnotes":""},"class_list":["post-696","page","type-page","status-publish","hentry"],"featured_image_src":null,"featured_image_src_square":null,"_links":{"self":[{"href":"https:\/\/ntnui.no\/studenterhytta\/wp-json\/wp\/v2\/pages\/696","targetHints":{"allow":["GET"]}}],"collection":[{"href":"https:\/\/ntnui.no\/studenterhytta\/wp-json\/wp\/v2\/pages"}],"about":[{"href":"https:\/\/ntnui.no\/studenterhytta\/wp-json\/wp\/v2\/types\/page"}],"author":[{"embeddable":true,"href":"https:\/\/ntnui.no\/studenterhytta\/wp-json\/wp\/v2\/users\/333"}],"replies":[{"embeddable":true,"href":"https:\/\/ntnui.no\/studenterhytta\/wp-json\/wp\/v2\/comments?post=696"}],"version-history":[{"count":2,"href":"https:\/\/ntnui.no\/studenterhytta\/wp-json\/wp\/v2\/pages\/696\/revisions"}],"predecessor-version":[{"id":699,"href":"https:\/\/ntnui.no\/studenterhytta\/wp-json\/wp\/v2\/pages\/696\/revisions\/699"}],"wp:attachment":[{"href":"https:\/\/ntnui.no\/studenterhytta\/wp-json\/wp\/v2\/media?parent=696"}],"curies":[{"name":"wp","href":"https:\/\/api.w.org\/{rel}","templated":true}]}}