{"id":64,"date":"2025-11-30T17:42:37","date_gmt":"2025-11-30T17:42:37","guid":{"rendered":"https:\/\/ntnui.no\/studenterhytta\/?page_id=64"},"modified":"2026-03-07T18:55:38","modified_gmt":"2026-03-07T18:55:38","slug":"utleie","status":"publish","type":"page","link":"https:\/\/ntnui.no\/studenterhytta\/utleie\/","title":{"rendered":"Utleie"},"content":{"rendered":"\n<h2 class=\"wp-block-heading\">Sportshytte (for NTNUI-grupper)<\/h2>\n\n\n\n<p><\/p>\n\n\n\n<p>For NTNUI-grupper som \u00f8nsker \u00e5 v\u00e6re p\u00e5 Hytta en kveld, f eks til en sosial samling eller etter trening i Bymarka, er det mulig \u00e5 bruke Hytta p\u00e5 kortere varsel enn ved festutleie. Ta kontakt helst minst to uker f\u00f8r (jo tidligere, jo mer sannsynlig at vi f\u00e5r det til). Dette gjelder mandag-torsdag fra kl 18 til 22.<\/p>\n\n\n\n<p>Fasiliteter som kan brukes er storepeis\/lillepeis\/matsalen, pluss garderober og badstu. Vi kan ogs\u00e5 ha \u00f8lbua \u00e5pen deler av kvelden. Avhengig av v\u00e5r kapasitet av frivillige\/gruppens egne \u00f8nsker, kan vi samarbeide om matservering. Alternativt kan gruppen ha med egen mat. <\/p>\n\n\n\n<p>For grupper som ser for seg \u00e5 bruke Hytta mer enn \u00e9n gang i semesteret, kan vi ordne en avtale om oppl\u00e6ring p\u00e5 Hytta. Da kan gruppa bruke Hytta uten at det m\u00e5 v\u00e6re hyttevakter til stede. Med en slik avtale blir leien gratis, og det er enda mer lavterskel for gruppa \u00e5 bruke Hytta.<\/p>\n\n\n\n<div class=\"wp-block-buttons is-layout-flex wp-block-buttons-is-layout-flex\">\n<div class=\"wp-block-button\"><a class=\"wp-block-button__link wp-element-button\">Ta kontakt her!<\/a><\/div>\n<\/div>\n\n\n\n<h2 class=\"wp-block-heading\">Festutleie (for grupper med tilknytning til NTNU\/NTNUI)<\/h2>\n\n\n\n<h3 class=\"wp-block-heading\"><strong>S\u00f8knads<\/strong>perioder<\/h3>\n\n\n\n<p>H\u00f8stsemesteret: <strong>1. mars &#8211; 31. mars<\/strong>. <br>V\u00e5rsemesteret: <strong>1. september &#8211; 31. september<\/strong><\/p>\n\n\n\n<p>S\u00f8knader vi mottar innenfor perioden f\u00e5r ingen egen prioritering mtp s\u00f8knadstidspunkt. Henvendelser etter fristen kan ikke garanteres behandlet.<\/p>\n\n\n\n<h4 class=\"wp-block-heading\"><strong>N\u00e5r kan man leie Studenterhytta?<\/strong><\/h4>\n\n\n\n<ul class=\"wp-block-list\">\n<li><strong>Utleieperioder:<\/strong>\n<ul class=\"wp-block-list\">\n<li><strong>H\u00f8st:<\/strong> slutten av august \u2013 midten av november<\/li>\n\n\n\n<li><strong>V\u00e5r:<\/strong> midten av januar \u2013 slutten av april<\/li>\n<\/ul>\n<\/li>\n\n\n\n<li>Hytta er stengt i eksamensperiodene.<\/li>\n\n\n\n<li>Det kan ikke leies p\u00e5 l\u00f8rdager og s\u00f8ndager p\u00e5 grunn av helge\u00e5pent eller interne arrangementer.<\/li>\n\n\n\n<li>Vi foretrekker utleie p\u00e5 torsdager og fredager.<\/li>\n\n\n\n<li>Man kan maksimalt leie hytta \u00e9n natt.<\/li>\n\n\n\n<li>Oppm\u00f8te avtales med hyttas ansvarlige, men gjerne rundt kl. 16 av hensyn til frivillige.<\/li>\n\n\n\n<li>Ved overnatting skal hytta v\u00e6re vasket og klar innen kl. 11.30 dagen etter.<\/li>\n<\/ul>\n\n\n\n<h4 class=\"wp-block-heading\"><strong>Hvem f\u00e5r leie?<\/strong><\/h4>\n\n\n\n<ul class=\"wp-block-list\">\n<li>Hytta leies ut i hovedsak til NTNUI-grupper og foreninger med tilknytning til NTNU.<\/li>\n\n\n\n<li>Ved flere s\u00f8knader samme dato prioriteres NTNUI-grupper.<\/li>\n\n\n\n<li>Hytta har begrenset kapasitet, og innsendt s\u00f8knad er ingen garanti for \u00e5 f\u00e5 leie.<\/li>\n<\/ul>\n\n\n\n<h4 class=\"wp-block-heading\"><strong>Kapasitet<\/strong><\/h4>\n\n\n\n<ul class=\"wp-block-list\">\n<li>150 personer totalt<\/li>\n\n\n\n<li>45 overnattingsplasser<\/li>\n\n\n\n<li>150 middagsgjester maksimum<\/li>\n<\/ul>\n\n\n\n<h3 class=\"wp-block-heading\"><strong>Priser<\/strong><\/h3>\n\n\n\n<h4 class=\"wp-block-heading\"><strong>Leie<\/strong><\/h4>\n\n\n\n<ul class=\"wp-block-list\">\n<li><strong>NTNUI-grupper:<\/strong> 80 kr per person<\/li>\n\n\n\n<li><strong>Andre grupper:<\/strong> 130 kr per person<\/li>\n\n\n\n<li>Det er minstepris tilsvarende 45 personer, selv ved f\u00e6rre deltakere.<\/li>\n<\/ul>\n\n\n\n<h4 class=\"wp-block-heading\"><strong>Overnatting (inkludert frokost)<\/strong><\/h4>\n\n\n\n<ul class=\"wp-block-list\">\n<li><strong>NTNUI-grupper:<\/strong> 100 kr per person<\/li>\n\n\n\n<li><strong>Andre grupper:<\/strong> 110 kr per person<\/li>\n<\/ul>\n\n\n\n<h4 class=\"wp-block-heading\"><strong>Tillegg<\/strong><\/h4>\n\n\n\n<ul class=\"wp-block-list\">\n<li><strong>Stamp:<\/strong> 2000 \/ 3000 kr (NTNUI \/ ikke-NTNUI)<\/li>\n\n\n\n<li><strong>Stor badstue:<\/strong> 600 \/ 750 kr<\/li>\n\n\n\n<li><strong>Liten badstue:<\/strong> 150 \/ 250 kr<\/li>\n<\/ul>\n\n\n\n<p><strong>Vask:<\/strong><br>Leietaker vasker vanligvis selv. Hvis dette ikke er \u00f8nskelig, m\u00e5 leietaker selv kontakte et vaskefirma og avtale med Hyttas ansvarlige p\u00e5 forh\u00e5nd.<\/p>\n\n\n\n<h4 class=\"wp-block-heading\"><strong>Mat<\/strong><\/h4>\n\n\n\n<ul class=\"wp-block-list\">\n<li>Middag bestilles vanligvis gjennom Sit Catering, som vi har en avtale med. Meny her:<strong><em> <a href=\"https:\/\/ntnui.no\/studenterhytta\/wp-content\/uploads\/sites\/310\/2026\/01\/Studenterhytta-meny.pdf\" data-type=\"attachment\" data-id=\"879\">Studenterhyttas meny<\/a><\/em><\/strong><\/li>\n\n\n\n<li><strong>Merk:<\/strong> Det er Hytta som bestiller, gruppen skal <strong>ikke<\/strong> bestille fra Sit selv.<\/li>\n\n\n\n<li>Senest 2 uker f\u00f8r arrangementet m\u00e5 dere oppgi:\n<ul class=\"wp-block-list\">\n<li>menyvalg<\/li>\n\n\n\n<li>antall porsjoner<\/li>\n\n\n\n<li>allergener og vegetarianere\/veganere<\/li>\n<\/ul>\n<\/li>\n\n\n\n<li>Andre retter kan \u00f8nskes, men Sit kan ikke garantere at de kan leveres.<\/li>\n\n\n\n<li>Egen catering er mulig, men det m\u00e5 avklares med Studenterhytta f\u00f8rst, og leietaker m\u00e5 selv:\n<ul class=\"wp-block-list\">\n<li>bestille maten<\/li>\n\n\n\n<li>s\u00f8rge for transport<\/li>\n<\/ul>\n<\/li>\n\n\n\n<li>Leietaker kan ikke bruke hyttas kj\u00f8kken uten avtale.<\/li>\n\n\n\n<li>Medbrakt mat kan ikke spises p\u00e5 hyttas omr\u00e5de uten avtale.<\/li>\n\n\n\n<li>Medbrakt alkohol er forbudt (nulltoleranse).<\/li>\n<\/ul>\n\n\n\n<h4 class=\"wp-block-heading\"><strong>Gruppevakter og edruansvarlige<\/strong><\/h4>\n\n\n\n<ul class=\"wp-block-list\">\n<li>Hytta stiller med en hyttevert som har ansvar for arrangementet, og ytterligere hyttevakter ved behov<\/li>\n\n\n\n<li>Gruppen skal stille med egne vakter, 4-8 stk, avhengig av arrangementets st\u00f8rrelse.<\/li>\n\n\n\n<li>Gruppevaktene dekker bord, rydder, tar oppvask m.m.<\/li>\n\n\n\n<li>Leietaker skaffer gruppevakter selv (kan v\u00e6re fra andre foreninger\/NTNUI-grupper).<\/li>\n\n\n\n<li>Det skal v\u00e6re 1\u20132 edruansvarlige fra gruppen som leier, som kjenner deltakerne og skal v\u00e6re edru hele kvelden.<\/li>\n<\/ul>\n\n\n\n<h4 class=\"wp-block-heading\"><strong>S\u00f8knad om utleie<\/strong><\/h4>\n\n\n\n<p><\/p>\n\n\n\n<h5 class=\"wp-block-heading\"><strong>Informasjon som m\u00e5 v\u00e6re med:<\/strong><\/h5>\n\n\n\n<ol class=\"wp-block-list\">\n<li>Kontaktperson (navn + telefonnummer)<\/li>\n\n\n\n<li>Navn p\u00e5 forening<\/li>\n\n\n\n<li>Navn p\u00e5 arrangement<\/li>\n\n\n\n<li>Kort beskrivelse av arrangementet<\/li>\n\n\n\n<li>Antall deltakere (maks 150)<\/li>\n\n\n\n<li>Antall som skal overnatte (maks 45)<\/li>\n\n\n\n<li>Tre alternative datoer (torsdag eller fredag, maks \u00e9n natt)<\/li>\n<\/ol>\n\n\n\n<div class=\"wp-block-buttons is-layout-flex wp-block-buttons-is-layout-flex\">\n<div class=\"wp-block-button\"><a class=\"wp-block-button__link wp-element-button\" href=\"mailto:studenterhytta-utleie@ntnui.no\">Send s\u00f8knad hit<\/a><\/div>\n<\/div>\n","protected":false},"excerpt":{"rendered":"<p>Sportshytte (for NTNUI-grupper) For NTNUI-grupper som \u00f8nsker \u00e5 v\u00e6re p\u00e5 Hytta en kveld, f eks til en sosial samling eller etter trening i Bymarka, er det mulig \u00e5 bruke Hytta [&hellip;]<\/p>\n","protected":false},"author":333,"featured_media":0,"parent":0,"menu_order":0,"comment_status":"closed","ping_status":"closed","template":"","meta":{"_coblocks_attr":"","_coblocks_dimensions":"","_coblocks_responsive_height":"","_coblocks_accordion_ie_support":"","_price":"","_stock":"","_tribe_ticket_header":"","_tribe_default_ticket_provider":"","_tribe_ticket_capacity":"0","_ticket_start_date":"","_ticket_end_date":"","_tribe_ticket_show_description":"","_tribe_ticket_show_not_going":false,"_tribe_ticket_use_global_stock":"","_tribe_ticket_global_stock_level":"","_global_stock_mode":"","_global_stock_cap":"","_tribe_rsvp_for_event":"","_tribe_ticket_going_count":"","_tribe_ticket_not_going_count":"","_tribe_tickets_list":[],"_tribe_ticket_has_attendee_info_fields":false,"_EventAllDay":false,"_EventTimezone":"","_EventStartDate":"","_EventEndDate":"","_EventStartDateUTC":"","_EventEndDateUTC":"","_EventShowMap":false,"_EventShowMapLink":false,"_EventURL":"","_EventCost":"","_EventCostDescription":"","_EventCurrencySymbol":"","_EventCurrencyPosition":"","_EventDateTimeSeparator":"","_EventTimeRangeSeparator":"","_EventOrganizerID":[],"_EventVenueID":0,"_OrganizerEmail":"","_OrganizerPhone":"","_OrganizerWebsite":"","_VenueAddress":"","_VenueCity":"","_VenueCountry":"","_VenueProvince":"","_VenueZip":"","_VenuePhone":"","_VenueURL":"","_VenueStateProvince":"","_VenueLat":"","_VenueLng":"","footnotes":""},"class_list":["post-64","page","type-page","status-publish","hentry"],"featured_image_src":null,"featured_image_src_square":null,"_links":{"self":[{"href":"https:\/\/ntnui.no\/studenterhytta\/wp-json\/wp\/v2\/pages\/64","targetHints":{"allow":["GET"]}}],"collection":[{"href":"https:\/\/ntnui.no\/studenterhytta\/wp-json\/wp\/v2\/pages"}],"about":[{"href":"https:\/\/ntnui.no\/studenterhytta\/wp-json\/wp\/v2\/types\/page"}],"author":[{"embeddable":true,"href":"https:\/\/ntnui.no\/studenterhytta\/wp-json\/wp\/v2\/users\/333"}],"replies":[{"embeddable":true,"href":"https:\/\/ntnui.no\/studenterhytta\/wp-json\/wp\/v2\/comments?post=64"}],"version-history":[{"count":28,"href":"https:\/\/ntnui.no\/studenterhytta\/wp-json\/wp\/v2\/pages\/64\/revisions"}],"predecessor-version":[{"id":970,"href":"https:\/\/ntnui.no\/studenterhytta\/wp-json\/wp\/v2\/pages\/64\/revisions\/970"}],"wp:attachment":[{"href":"https:\/\/ntnui.no\/studenterhytta\/wp-json\/wp\/v2\/media?parent=64"}],"curies":[{"name":"wp","href":"https:\/\/api.w.org\/{rel}","templated":true}]}}