{"id":63,"date":"2025-11-30T17:42:37","date_gmt":"2025-11-30T17:42:37","guid":{"rendered":"https:\/\/ntnui.no\/studenterhytta\/?page_id=63"},"modified":"2025-12-31T14:01:04","modified_gmt":"2025-12-31T14:01:04","slug":"apen-hytte-2","status":"publish","type":"page","link":"https:\/\/ntnui.no\/studenterhytta\/apen-hytte-2\/","title":{"rendered":"\u00c5pent p\u00e5 Hytta"},"content":{"rendered":"\n<div class=\"wp-block-media-text alignwide is-stacked-on-mobile\"><figure class=\"wp-block-media-text__media\"><img loading=\"lazy\" decoding=\"async\" width=\"3648\" height=\"2736\" src=\"https:\/\/ntnui.no\/studenterhytta\/wp-content\/uploads\/sites\/310\/2025\/12\/IMG_20200725_210353-1-3.jpg\" alt=\"\" class=\"wp-image-776 size-full\" \/><\/figure><div class=\"wp-block-media-text__content\">\n<p><\/p>\n\n\n\n<h2 class=\"wp-block-heading\">\u00c5pen hverdag<\/h2>\n\n\n\n<p><\/p>\n\n\n\n<p>N\u00e5r Hytta er \u00e5pen p\u00e5 en hverdag er det \u00e5pent fra 18-22. Det serveres kveldsmat og badstua er varm. Kom innom for et lite avbrekk i hverdagen!<\/p>\n\n\n\n<div class=\"wp-block-buttons is-content-justification-center is-layout-flex wp-container-core-buttons-is-layout-1 wp-block-buttons-is-layout-flex\">\n<div class=\"wp-block-button\"><a class=\"wp-block-button__link wp-element-button\" href=\"https:\/\/ntnui.no\/studenterhytta\/apen-hverdag\/\">Les mer<\/a><\/div>\n<\/div>\n<\/div><\/div>\n\n\n\n<div class=\"wp-block-media-text alignwide is-stacked-on-mobile\"><figure class=\"wp-block-media-text__media\"><img loading=\"lazy\" decoding=\"async\" width=\"3000\" height=\"3077\" src=\"https:\/\/ntnui.no\/studenterhytta\/wp-content\/uploads\/sites\/310\/2025\/12\/hytta_jul-4.jpg\" alt=\"\" class=\"wp-image-503 size-full\" \/><\/figure><div class=\"wp-block-media-text__content\">\n<p><\/p>\n\n\n\n<h2 class=\"wp-block-heading\">\u00c5pen helg<\/h2>\n\n\n\n<p><\/p>\n\n\n\n<p>Hytta er \u00e5pen fra l\u00f8rdag morgen til s\u00f8ndag ettermiddag, og du kan overnatte. Det serveres pannekakelunsj og kveldsmat p\u00e5 l\u00f8rdag, og frokost p\u00e5 s\u00f8ndag. P\u00e5 l\u00f8rdag kveld er ogs\u00e5 badstua og stampen varm. Ta deg en tur i Bymarka, og kom innom p\u00e5 Hytta f\u00f8r eller etter!<\/p>\n\n\n\n<div class=\"wp-block-buttons is-content-justification-center is-layout-flex wp-container-core-buttons-is-layout-2 wp-block-buttons-is-layout-flex\">\n<div class=\"wp-block-button\"><a class=\"wp-block-button__link wp-element-button\" href=\"https:\/\/ntnui.no\/studenterhytta\/apen-helg\/\">Les mer<\/a><\/div>\n<\/div>\n<\/div><\/div>\n","protected":false},"excerpt":{"rendered":"","protected":false},"author":333,"featured_media":0,"parent":0,"menu_order":0,"comment_status":"closed","ping_status":"closed","template":"","meta":{"_coblocks_attr":"","_coblocks_dimensions":"","_coblocks_responsive_height":"","_coblocks_accordion_ie_support":"","_price":"","_stock":"","_tribe_ticket_header":"","_tribe_default_ticket_provider":"","_tribe_ticket_capacity":"0","_ticket_start_date":"","_ticket_end_date":"","_tribe_ticket_show_description":"","_tribe_ticket_show_not_going":false,"_tribe_ticket_use_global_stock":"","_tribe_ticket_global_stock_level":"","_global_stock_mode":"","_global_stock_cap":"","_tribe_rsvp_for_event":"","_tribe_ticket_going_count":"","_tribe_ticket_not_going_count":"","_tribe_tickets_list":[],"_tribe_ticket_has_attendee_info_fields":false,"_EventAllDay":false,"_EventTimezone":"","_EventStartDate":"","_EventEndDate":"","_EventStartDateUTC":"","_EventEndDateUTC":"","_EventShowMap":false,"_EventShowMapLink":false,"_EventURL":"","_EventCost":"","_EventCostDescription":"","_EventCurrencySymbol":"","_EventCurrencyPosition":"","_EventDateTimeSeparator":"","_EventTimeRangeSeparator":"","_EventOrganizerID":[],"_EventVenueID":0,"_OrganizerEmail":"","_OrganizerPhone":"","_OrganizerWebsite":"","_VenueAddress":"","_VenueCity":"","_VenueCountry":"","_VenueProvince":"","_VenueZip":"","_VenuePhone":"","_VenueURL":"","_VenueStateProvince":"","_VenueLat":"","_VenueLng":"","footnotes":""},"class_list":["post-63","page","type-page","status-publish","hentry"],"featured_image_src":null,"featured_image_src_square":null,"_links":{"self":[{"href":"https:\/\/ntnui.no\/studenterhytta\/wp-json\/wp\/v2\/pages\/63","targetHints":{"allow":["GET"]}}],"collection":[{"href":"https:\/\/ntnui.no\/studenterhytta\/wp-json\/wp\/v2\/pages"}],"about":[{"href":"https:\/\/ntnui.no\/studenterhytta\/wp-json\/wp\/v2\/types\/page"}],"author":[{"embeddable":true,"href":"https:\/\/ntnui.no\/studenterhytta\/wp-json\/wp\/v2\/users\/333"}],"replies":[{"embeddable":true,"href":"https:\/\/ntnui.no\/studenterhytta\/wp-json\/wp\/v2\/comments?post=63"}],"version-history":[{"count":9,"href":"https:\/\/ntnui.no\/studenterhytta\/wp-json\/wp\/v2\/pages\/63\/revisions"}],"predecessor-version":[{"id":799,"href":"https:\/\/ntnui.no\/studenterhytta\/wp-json\/wp\/v2\/pages\/63\/revisions\/799"}],"wp:attachment":[{"href":"https:\/\/ntnui.no\/studenterhytta\/wp-json\/wp\/v2\/media?parent=63"}],"curies":[{"name":"wp","href":"https:\/\/api.w.org\/{rel}","templated":true}]}}