{"id":513,"date":"2025-12-11T19:31:41","date_gmt":"2025-12-11T19:31:41","guid":{"rendered":"https:\/\/ntnui.no\/studenterhytta\/?page_id=513"},"modified":"2026-02-09T22:10:11","modified_gmt":"2026-02-09T22:10:11","slug":"aret-pa-hytta","status":"publish","type":"page","link":"https:\/\/ntnui.no\/studenterhytta\/aret-pa-hytta\/","title":{"rendered":"\u00c5ret p\u00e5 Hytta"},"content":{"rendered":"\n<div class=\"wp-block-media-text alignwide is-stacked-on-mobile\"><figure class=\"wp-block-media-text__media\"><img loading=\"lazy\" decoding=\"async\" width=\"2748\" height=\"1832\" src=\"https:\/\/ntnui.no\/studenterhytta\/wp-content\/uploads\/sites\/310\/2025\/12\/2023-09-23_Eirik-Halvard-Norseth_Dugnad-0108504.jpg\" alt=\"\" class=\"wp-image-526 size-full\" \/><\/figure><div class=\"wp-block-media-text__content\">\n<p><\/p>\n\n\n\n<h4 class=\"wp-block-heading\">Dugnad p\u00e5 Hytta<\/h4>\n\n\n\n<p>\u00c5 delta p\u00e5 dugnad er kanskje den beste m\u00e5ten \u00e5 bli kjent med Hytta og milj\u00f8et p\u00e5. Dugnader arrangeres ofte i begynnelsen av hvert semester, og ellers ved behov. Alle er velkomne, eneste som kreves er arbeidslyst og godt hum\u00f8r. Arbeidsoppgavene er varierte, og best\u00e5r av b\u00e5de stort og sm\u00e5tt som skal til for \u00e5 gj\u00f8re Hytta varig og fin.<\/p>\n\n\n\n<p style=\"font-size:16px\"><em><em>Foto: Eirik Halvard Norseth\/NTNUI (CC BY 4.0)<\/em><\/em><\/p>\n<\/div><\/div>\n\n\n\n<div class=\"wp-block-media-text alignwide is-stacked-on-mobile\"><figure class=\"wp-block-media-text__media\"><img loading=\"lazy\" decoding=\"async\" width=\"738\" height=\"492\" src=\"https:\/\/ntnui.no\/studenterhytta\/wp-content\/uploads\/sites\/310\/2025\/12\/513867899_24382301061376654_171661650552937014_n.jpg\" alt=\"\" class=\"wp-image-514 size-full\" \/><\/figure><div class=\"wp-block-media-text__content\">\n<p><\/p>\n\n\n\n<h4 class=\"wp-block-heading\">Hu &amp; Hei<\/h4>\n\n\n\n<p>Et 30 km langt orienteringsl\u00f8p som foreg\u00e5r i Bymarka med start og m\u00e5l ved Hytta. L\u00f8pet g\u00e5r gjennom blaute tr\u00f8nderske myrer, skog og t\u00e5ke. Det er en friluftsopplevelse og kraftpr\u00f8ve av ypperste klasse. NTNUI Orientering arrangerer l\u00f8pet f\u00f8rste helgen i oktober, og l\u00f8pet har funnet sted hvert \u00e5r siden 1960.<\/p>\n\n\n\n<p style=\"font-size:16px\"><em>Foto: NTNUI Orientering<\/em><\/p>\n<\/div><\/div>\n\n\n\n<div class=\"wp-block-media-text alignwide is-stacked-on-mobile\"><figure class=\"wp-block-media-text__media\"><img loading=\"lazy\" decoding=\"async\" width=\"3000\" height=\"2000\" src=\"https:\/\/ntnui.no\/studenterhytta\/wp-content\/uploads\/sites\/310\/2025\/12\/N-Dittrich-28_2.jpg\" alt=\"\" class=\"wp-image-517 size-full\" \/><\/figure><div class=\"wp-block-media-text__content\">\n<p><\/p>\n\n\n\n<h4 class=\"wp-block-heading\">Generalforsamling og Staup<\/h4>\n\n\n\n<p>Generalforsamlingen til NTNUI blir avholdt hver h\u00f8st og v\u00e5r. Etter at genfors er over er det klart for Sigmonds Staup (stiftet i 1958), fra Lerkendal til Skistua. Tradisjonelt blir den raskeste tiden p\u00e5 Staup i l\u00f8pet av et \u00e5r premiert med inngravering i Staup-pokalen. Det er innlagte v\u00e6skestasjoner underveis. Her er det fritt frem for treningsnarkomane, selvplagere og dyrkere av melkesyrekulturen. Vel fremme p\u00e5 Hytta er det mat, badstu, stamp og god stemning.<\/p>\n\n\n\n<p style=\"font-size:16px\"><em>Foto: N. Dittrich\/NTNUI (CC BY 4.0)<\/em><\/p>\n<\/div><\/div>\n\n\n\n<div class=\"wp-block-media-text alignwide is-stacked-on-mobile\"><figure class=\"wp-block-media-text__media\"><img loading=\"lazy\" decoding=\"async\" width=\"4000\" height=\"3000\" src=\"https:\/\/ntnui.no\/studenterhytta\/wp-content\/uploads\/sites\/310\/2025\/12\/DSC_0319.jpg\" alt=\"\" class=\"wp-image-520 size-full\" \/><\/figure><div class=\"wp-block-media-text__content\">\n<p><\/p>\n\n\n\n<h4 class=\"wp-block-heading\">Julegildet<\/h4>\n\n\n\n<p>Julegildet har lange tradisjoner p\u00e5 Hytta som en siste fest f\u00f8r eksamensperioden, og markerer avslutningen p\u00e5 \u00e5ret for Hyttegruppa. Etter et stemningsfullt b\u00e5lvorspiel dekkes langbordet i Storepeis, der det serves julemat, holdes taler og synges sanger.<\/p>\n\n\n\n<p style=\"font-size:16px\"><em>Foto: Studenterhytta<\/em><\/p>\n<\/div><\/div>\n\n\n\n<div class=\"wp-block-media-text alignwide is-stacked-on-mobile\"><figure class=\"wp-block-media-text__media\"><img loading=\"lazy\" decoding=\"async\" width=\"3655\" height=\"2285\" src=\"https:\/\/ntnui.no\/studenterhytta\/wp-content\/uploads\/sites\/310\/2026\/02\/2026-02-07_Thomas-Vinnes_ake.jpg\" alt=\"\" class=\"wp-image-900 size-full\" \/><\/figure><div class=\"wp-block-media-text__content\">\n<p><\/p>\n\n\n\n<h4 class=\"wp-block-heading\">Akefesten<\/h4>\n\n\n\n<p>Akefesten finner sted en gang i februar. Her k\u00e5res det en akeprins og en akeprinsesse etter visse kriterier, og vinnerne f\u00e5r navnet inngravert i kjelketrofeet. Etter vel gjennomf\u00f8rt aking  b\u00e6rer det inn p\u00e5 Hytta til badstu og middag.<\/p>\n\n\n\n<p style=\"font-size:16px\"><em>Foto: <\/em>NTNUI Blits \/ Thomas Vinnes<\/p>\n<\/div><\/div>\n\n\n\n<div class=\"wp-block-media-text alignwide is-stacked-on-mobile\"><figure class=\"wp-block-media-text__media\"><img loading=\"lazy\" decoding=\"async\" width=\"720\" height=\"480\" src=\"https:\/\/ntnui.no\/studenterhytta\/wp-content\/uploads\/sites\/310\/2025\/12\/18189412612_5c0ab6d0dd_c.jpg\" alt=\"\" class=\"wp-image-522 size-full\" \/><\/figure><div class=\"wp-block-media-text__content\">\n<p><\/p>\n\n\n\n<h4 class=\"wp-block-heading\">Hyttestyrets skirenn<\/h4>\n\n\n\n<p>N\u00e5r v\u00e5ren n\u00e6rmer seg og sn\u00f8smeltinga har begynt, er det klart for Hyttestyrets skirenn, som ble arrangert for f\u00f8rste gang i 1939. Til denne festen blir alle som har v\u00e6rt hyttevakter gjennom \u00e5ret invitert, i tillegg til hovedstyret og koiegruppa. Skirennet er utradisjonelt, med innslag av hinderl\u00f8ype og drikkeposter. Mangel p\u00e5 sn\u00f8 er ingen hindring! Deretter blir det bespisning et mer eller mindre egnet sted p\u00e5 Hytta.<\/p>\n\n\n\n<p style=\"font-size:16px\"><em>Foto: Studenterhytta<\/em><\/p>\n<\/div><\/div>\n","protected":false},"excerpt":{"rendered":"<p>Dugnad p\u00e5 Hytta \u00c5 delta p\u00e5 dugnad er kanskje den beste m\u00e5ten \u00e5 bli kjent med Hytta og milj\u00f8et p\u00e5. Dugnader arrangeres ofte i begynnelsen av hvert semester, og ellers [&hellip;]<\/p>\n","protected":false},"author":333,"featured_media":0,"parent":0,"menu_order":0,"comment_status":"closed","ping_status":"closed","template":"","meta":{"_coblocks_attr":"","_coblocks_dimensions":"","_coblocks_responsive_height":"","_coblocks_accordion_ie_support":"","_price":"","_stock":"","_tribe_ticket_header":"","_tribe_default_ticket_provider":"","_tribe_ticket_capacity":"0","_ticket_start_date":"","_ticket_end_date":"","_tribe_ticket_show_description":"","_tribe_ticket_show_not_going":false,"_tribe_ticket_use_global_stock":"","_tribe_ticket_global_stock_level":"","_global_stock_mode":"","_global_stock_cap":"","_tribe_rsvp_for_event":"","_tribe_ticket_going_count":"","_tribe_ticket_not_going_count":"","_tribe_tickets_list":[],"_tribe_ticket_has_attendee_info_fields":false,"_EventAllDay":false,"_EventTimezone":"","_EventStartDate":"","_EventEndDate":"","_EventStartDateUTC":"","_EventEndDateUTC":"","_EventShowMap":false,"_EventShowMapLink":false,"_EventURL":"","_EventCost":"","_EventCostDescription":"","_EventCurrencySymbol":"","_EventCurrencyPosition":"","_EventDateTimeSeparator":"","_EventTimeRangeSeparator":"","_EventOrganizerID":[],"_EventVenueID":0,"_OrganizerEmail":"","_OrganizerPhone":"","_OrganizerWebsite":"","_VenueAddress":"","_VenueCity":"","_VenueCountry":"","_VenueProvince":"","_VenueZip":"","_VenuePhone":"","_VenueURL":"","_VenueStateProvince":"","_VenueLat":"","_VenueLng":"","footnotes":""},"class_list":["post-513","page","type-page","status-publish","hentry"],"featured_image_src":null,"featured_image_src_square":null,"_links":{"self":[{"href":"https:\/\/ntnui.no\/studenterhytta\/wp-json\/wp\/v2\/pages\/513","targetHints":{"allow":["GET"]}}],"collection":[{"href":"https:\/\/ntnui.no\/studenterhytta\/wp-json\/wp\/v2\/pages"}],"about":[{"href":"https:\/\/ntnui.no\/studenterhytta\/wp-json\/wp\/v2\/types\/page"}],"author":[{"embeddable":true,"href":"https:\/\/ntnui.no\/studenterhytta\/wp-json\/wp\/v2\/users\/333"}],"replies":[{"embeddable":true,"href":"https:\/\/ntnui.no\/studenterhytta\/wp-json\/wp\/v2\/comments?post=513"}],"version-history":[{"count":8,"href":"https:\/\/ntnui.no\/studenterhytta\/wp-json\/wp\/v2\/pages\/513\/revisions"}],"predecessor-version":[{"id":901,"href":"https:\/\/ntnui.no\/studenterhytta\/wp-json\/wp\/v2\/pages\/513\/revisions\/901"}],"wp:attachment":[{"href":"https:\/\/ntnui.no\/studenterhytta\/wp-json\/wp\/v2\/media?parent=513"}],"curies":[{"name":"wp","href":"https:\/\/api.w.org\/{rel}","templated":true}]}}