{"id":267,"date":"2025-12-10T00:10:05","date_gmt":"2025-12-10T00:10:05","guid":{"rendered":"https:\/\/ntnui.no\/studenterhytta\/?page_id=267"},"modified":"2025-12-12T22:37:38","modified_gmt":"2025-12-12T22:37:38","slug":"hva-er-hytta","status":"publish","type":"page","link":"https:\/\/ntnui.no\/studenterhytta\/hva-er-hytta\/","title":{"rendered":"Hva er Hytta?"},"content":{"rendered":"\n<h2 class=\"wp-block-heading\">Hva er Hytta?<\/h2>\n\n\n\n<p>Beliggende nedenfor Gr\u00e5kallen og skuende utover Trondheim st\u00e5r en r\u00f8dmalt bygning, med over 100 \u00e5rs studenterhistorie i veggene.<\/p>\n\n\n\n<p>Hytta ble bygget allerede i 1913, som studentenes &#8220;sportshytte&#8221;, og er dermed en av de eldste h\u00e5ndfaste studenttradisjonene vi har i byen. Siden den tid har den v\u00e6rt med p\u00e5 studentenes og studentmilj\u00f8ets utvikling, blitt utvidet og oppgradert, og er fortsatt et samlingspunkt i Bymarka for byens studenter.<\/p>\n\n\n\n<p>Som student i Trondheim m\u00e5 Hytta oppleves. Avslapning foran peisen eller i badstua sammen med gamle og nye venner gir nye krefter til en sliten student.<\/p>\n\n\n\n<figure class=\"wp-block-gallery has-nested-images columns-default is-cropped wp-block-gallery-1 is-layout-flex wp-block-gallery-is-layout-flex\">\n<figure class=\"wp-block-image size-large\"><img loading=\"lazy\" decoding=\"async\" width=\"3888\" height=\"2806\" data-id=\"583\" src=\"https:\/\/ntnui.no\/studenterhytta\/wp-content\/uploads\/sites\/310\/2025\/12\/hifling_hytts.jpg\" alt=\"\" class=\"wp-image-583\" \/><figcaption class=\"wp-element-caption\"><strong>Foto: Hifling-Rasmussen, 1939<\/strong><\/figcaption><\/figure>\n\n\n\n<figure class=\"wp-block-image size-full\"><img loading=\"lazy\" decoding=\"async\" width=\"1024\" height=\"768\" data-id=\"693\" src=\"https:\/\/ntnui.no\/studenterhytta\/wp-content\/uploads\/sites\/310\/2025\/12\/14489479648_ba80d92c33_b.jpg\" alt=\"\" class=\"wp-image-693\" \/><figcaption class=\"wp-element-caption\"><strong>Foto: Studenterhytta<\/strong><\/figcaption><\/figure>\n<\/figure>\n\n\n\n<hr class=\"wp-block-separator has-alpha-channel-opacity\" \/>\n\n\n\n<h2 class=\"wp-block-heading\"><\/h2>\n\n\n\n<div class=\"wp-block-media-text alignwide is-stacked-on-mobile\"><figure class=\"wp-block-media-text__media\"><img loading=\"lazy\" decoding=\"async\" width=\"1558\" height=\"2337\" src=\"https:\/\/ntnui.no\/studenterhytta\/wp-content\/uploads\/sites\/310\/2025\/12\/hytta_skilt.jpg\" alt=\"\" class=\"wp-image-654 size-full\" \/><\/figure><div class=\"wp-block-media-text__content\">\n<h2 class=\"wp-block-heading\">Hvor er Hytta?<\/h2>\n\n\n\n<p>Studenterhytta ligger midt i Bymarka, n\u00e6r Gr\u00e5kallen og Skistua. Det er flere m\u00e5ter \u00e5 komme seg til Hytta p\u00e5, b\u00e5de til fots, sykkel, bil, buss og trikk:<\/p>\n\n\n\n<p><strong>Til fots:<\/strong> B\u00e5de sommer og vinter kan du g\u00e5 til fots til Hytta. Naturlige utgangspunkt er Lian (trikk) eller Ferista\/By\u00e5sen butikksenter (buss). Fra Lian er det ca 4 km p\u00e5 turvei og skil\u00f8yper mot Hytta, og fra Ferista er det 5-6 km p\u00e5 skil\u00f8ype (med lysl\u00f8ype) og turstier. N\u00e5r du kommer opp p\u00e5 Fjellsetermyrene kan du se Hytta p\u00e5 langt hold oppe p\u00e5 kanten av Lille Gr\u00e5kallen.<\/p>\n\n\n\n<p><strong>Sykkel<\/strong>: Om du vil ha en liten trenings\u00f8kt eller bare liker \u00e5 sykle, kan du sykle Fjellseterveien opp til Hytta.<\/p>\n\n\n\n<p><strong>Buss<\/strong>: Buss nr 18 g\u00e5r helt opp til Skistua, men pass p\u00e5 at du ikke tar en av avgangene som stopper p\u00e5 Ferista. Fra Skistua er det bare et par hundre meter \u00e5 g\u00e5 p\u00e5 en grusvei \u00f8stover.<\/p>\n\n\n\n<p><strong>Bil:<\/strong> Det g\u00e5r ogs\u00e5 an \u00e5 kj\u00f8re opp Fjellseterveien. Det er begrensede parkeringsmuligheter ved Hytta, men du kan parkere p\u00e5 de offentlige parkeringsplassene ved Skistua og p\u00e5 Litj-Gr\u00e5kallen.<\/p>\n\n\n\n<div class=\"wp-block-buttons is-content-justification-center is-layout-flex wp-container-core-buttons-is-layout-1 wp-block-buttons-is-layout-flex\">\n<div class=\"wp-block-button\"><a class=\"wp-block-button__link wp-element-button\" href=\"https:\/\/maps.app.goo.gl\/GtTKWYThqdzUGTsMA\">Google Maps<\/a><\/div>\n\n\n\n<div class=\"wp-block-button\"><a class=\"wp-block-button__link wp-element-button\" href=\"https:\/\/www.norgeskart.no\/#!?project=norgeskart&amp;layers=1001&amp;zoom=13&amp;lat=7040744.46&amp;lon=263875.63&amp;markerLat=7040744.464843748&amp;markerLon=263875.62548828125&amp;p=searchOptionsPanel&amp;sok=Studenterhytta\">Norgeskart<\/a><\/div>\n<\/div>\n<\/div><\/div>\n\n\n\n<figure class=\"wp-block-image size-full\"><img loading=\"lazy\" decoding=\"async\" width=\"1920\" height=\"1061\" src=\"https:\/\/ntnui.no\/studenterhytta\/wp-content\/uploads\/sites\/310\/2025\/12\/hytta_kart-1.jpg\" alt=\"\" class=\"wp-image-615\" \/><\/figure>\n\n\n\n<div class=\"wp-block-media-text alignwide is-stacked-on-mobile\"><figure class=\"wp-block-media-text__media\"><img loading=\"lazy\" decoding=\"async\" width=\"1024\" height=\"683\" src=\"https:\/\/ntnui.no\/studenterhytta\/wp-content\/uploads\/sites\/310\/2025\/12\/17132542525_dc85986bd1_b-3.jpg\" alt=\"\" class=\"wp-image-643 size-full\" \/><\/figure><div class=\"wp-block-media-text__content\">\n<p><\/p>\n\n\n\n<h2 class=\"wp-block-heading\">Hvem kan bruke Hytta?<\/h2>\n\n\n\n<p>Hytta er \u00e5pen for alle som er studenter eller har tilknytning til Trondheim som studentby, uansett studiested.<\/p>\n\n\n\n<p>Hytta er ogs\u00e5 vertskap for en rekke av NTNUI-gruppers og linjeforeningers tradisjonrike arrangementer gjennom \u00e5ret.<\/p>\n<\/div><\/div>\n\n\n\n<div class=\"wp-block-media-text alignwide is-stacked-on-mobile\"><figure class=\"wp-block-media-text__media\"><img loading=\"lazy\" decoding=\"async\" width=\"1023\" height=\"740\" src=\"https:\/\/ntnui.no\/studenterhytta\/wp-content\/uploads\/sites\/310\/2025\/12\/14673744734_9df8d3041b_b.jpg\" alt=\"\" class=\"wp-image-646 size-full\" \/><\/figure><div class=\"wp-block-media-text__content\">\n<h2 class=\"wp-block-heading\">Hva kan du gj\u00f8re p\u00e5 Hytta?<\/h2>\n\n\n\n<p><strong>Hele \u00e5ret<\/strong>: Hytta har badstue og stamp, og peisestuer der du kan spille brettspill, kort, eller bare slappe av. Du kan ogs\u00e5 overnatte, og spise m\u00e5ltider.<\/p>\n\n\n\n<p><strong>Sommer og h\u00f8st:<\/strong> Bymarka byr p\u00e5 turmuligheter i alle retninger, enten du vil bestige Gr\u00e5kallen eller Storheia, l\u00f8pe eller sykle p\u00e5 grusveier og stier, eller kj\u00f8le deg ned i et skogsvann.<\/p>\n\n\n\n<p><strong>Vinter og v\u00e5r:<\/strong> Hytta er et godt utgangspunkt for langrennsturer i l\u00f8ypenettet i Bymarka, og Gr\u00e5kallen har utallige muligheter for topptur-, telemark og snowboardentusiaster.<\/p>\n<\/div><\/div>\n\n\n\n<div class=\"wp-block-media-text alignwide is-stacked-on-mobile\"><figure class=\"wp-block-media-text__media\"><img loading=\"lazy\" decoding=\"async\" width=\"3648\" height=\"2736\" src=\"https:\/\/ntnui.no\/studenterhytta\/wp-content\/uploads\/sites\/310\/2025\/12\/utsikt.jpg\" alt=\"\" class=\"wp-image-639 size-full\" \/><\/figure><div class=\"wp-block-media-text__content\">\n<h2 class=\"wp-block-heading\">Kom p\u00e5 Hytta!<\/h2>\n\n\n\n<p><\/p>\n\n\n\n<h4 class=\"wp-block-heading\">\u00c5pent p\u00e5 Hytta<\/h4>\n\n\n\n<p>Hytta er \u00e5pen for alle jevnlig gjennom semesteret. For datoer, sjekk kalenderen p\u00e5 forsiden. For mer info, se linken under.<\/p>\n\n\n\n<div class=\"wp-block-buttons is-content-justification-center is-layout-flex wp-container-core-buttons-is-layout-2 wp-block-buttons-is-layout-flex\">\n<div class=\"wp-block-button\"><a class=\"wp-block-button__link wp-element-button\" href=\"https:\/\/ntnui.no\/studenterhytta\/apen-hytte-2\/\">\u00c5pent p\u00e5 Hytta<\/a><\/div>\n<\/div>\n\n\n\n<p><\/p>\n\n\n\n<h4 class=\"wp-block-heading\">Bli med i Hyttegruppa<\/h4>\n\n\n\n<p><\/p>\n\n\n\n<p>Blir du glad i Hytta kan du engasjere deg som hyttevakt for en helg eller flere, og ta p\u00e5 deg ansvarsverv eller styreverv. Siden driften av Hytta baseres p\u00e5 frivillighet og dugnad, er det alltid behov for studenter som \u00f8nsker \u00e5 hjelpe til.<\/p>\n\n\n\n<div class=\"wp-block-buttons is-content-justification-center is-layout-flex wp-container-core-buttons-is-layout-3 wp-block-buttons-is-layout-flex\">\n<div class=\"wp-block-button\"><a class=\"wp-block-button__link wp-element-button\" href=\"https:\/\/ntnui.no\/studenterhytta\/hyttegruppa\/\">Hyttegruppa<\/a><\/div>\n<\/div>\n<\/div><\/div>\n","protected":false},"excerpt":{"rendered":"<p>Hva er Hytta? Beliggende nedenfor Gr\u00e5kallen og skuende utover Trondheim st\u00e5r en r\u00f8dmalt bygning, med over 100 \u00e5rs studenterhistorie i veggene. Hytta ble bygget allerede i 1913, som studentenes &#8220;sportshytte&#8221;, [&hellip;]<\/p>\n","protected":false},"author":333,"featured_media":0,"parent":0,"menu_order":0,"comment_status":"closed","ping_status":"closed","template":"","meta":{"_coblocks_attr":"","_coblocks_dimensions":"","_coblocks_responsive_height":"","_coblocks_accordion_ie_support":"","_price":"","_stock":"","_tribe_ticket_header":"","_tribe_default_ticket_provider":"","_tribe_ticket_capacity":"0","_ticket_start_date":"","_ticket_end_date":"","_tribe_ticket_show_description":"","_tribe_ticket_show_not_going":false,"_tribe_ticket_use_global_stock":"","_tribe_ticket_global_stock_level":"","_global_stock_mode":"","_global_stock_cap":"","_tribe_rsvp_for_event":"","_tribe_ticket_going_count":"","_tribe_ticket_not_going_count":"","_tribe_tickets_list":[],"_tribe_ticket_has_attendee_info_fields":false,"_EventAllDay":false,"_EventTimezone":"","_EventStartDate":"","_EventEndDate":"","_EventStartDateUTC":"","_EventEndDateUTC":"","_EventShowMap":false,"_EventShowMapLink":false,"_EventURL":"","_EventCost":"","_EventCostDescription":"","_EventCurrencySymbol":"","_EventCurrencyPosition":"","_EventDateTimeSeparator":"","_EventTimeRangeSeparator":"","_EventOrganizerID":[],"_EventVenueID":0,"_OrganizerEmail":"","_OrganizerPhone":"","_OrganizerWebsite":"","_VenueAddress":"","_VenueCity":"","_VenueCountry":"","_VenueProvince":"","_VenueZip":"","_VenuePhone":"","_VenueURL":"","_VenueStateProvince":"","_VenueLat":"","_VenueLng":"","footnotes":""},"class_list":["post-267","page","type-page","status-publish","hentry"],"featured_image_src":null,"featured_image_src_square":null,"_links":{"self":[{"href":"https:\/\/ntnui.no\/studenterhytta\/wp-json\/wp\/v2\/pages\/267","targetHints":{"allow":["GET"]}}],"collection":[{"href":"https:\/\/ntnui.no\/studenterhytta\/wp-json\/wp\/v2\/pages"}],"about":[{"href":"https:\/\/ntnui.no\/studenterhytta\/wp-json\/wp\/v2\/types\/page"}],"author":[{"embeddable":true,"href":"https:\/\/ntnui.no\/studenterhytta\/wp-json\/wp\/v2\/users\/333"}],"replies":[{"embeddable":true,"href":"https:\/\/ntnui.no\/studenterhytta\/wp-json\/wp\/v2\/comments?post=267"}],"version-history":[{"count":77,"href":"https:\/\/ntnui.no\/studenterhytta\/wp-json\/wp\/v2\/pages\/267\/revisions"}],"predecessor-version":[{"id":731,"href":"https:\/\/ntnui.no\/studenterhytta\/wp-json\/wp\/v2\/pages\/267\/revisions\/731"}],"wp:attachment":[{"href":"https:\/\/ntnui.no\/studenterhytta\/wp-json\/wp\/v2\/media?parent=267"}],"curies":[{"name":"wp","href":"https:\/\/api.w.org\/{rel}","templated":true}]}}