{"id":127,"date":"2025-12-01T11:24:37","date_gmt":"2025-12-01T11:24:37","guid":{"rendered":"https:\/\/ntnui.no\/studenterhytta\/?page_id=127"},"modified":"2026-02-17T12:17:00","modified_gmt":"2026-02-17T12:17:00","slug":"kontakt-oss","status":"publish","type":"page","link":"https:\/\/ntnui.no\/studenterhytta\/kontakt-oss\/","title":{"rendered":"Kontakt oss"},"content":{"rendered":"\n<p><\/p>\n\n\n\n<div class=\"wp-block-group alignwide\"><div class=\"wp-block-group__inner-container is-layout-constrained wp-block-group-is-layout-constrained\">\n<div class=\"wp-block-atomic-blocks-ab-columns ab-layout-team-1 ab-layout-columns-1 one-column ab-has-custom-background-color ab-columns-center alignwide\" style=\"padding-top:15%;padding-right:5%;padding-bottom:15%;padding-left:5%;background-color:#f1f1f1\"><div class=\"ab-layout-column-wrap ab-block-layout-column-gap-2 ab-is-responsive-column\" style=\"max-width:1200px\">\n<div class=\"wp-block-atomic-blocks-ab-column ab-block-layout-column\"><div class=\"ab-block-layout-column-inner\">\n<h2 class=\"wp-block-heading has-text-align-center\">Hyttestyret 25\/26<\/h2>\n\n\n\n<p><\/p>\n\n\n\n<div style=\"margin-bottom:5%\" class=\"wp-block-atomic-blocks-ab-container ab-block-container\"><div class=\"ab-container-inside\"><div class=\"ab-container-content\" style=\"max-width:700px\">\n<p class=\"has-text-align-center\">For mindre henvendelser eller praktiske sp\u00f8rsm\u00e5l kan du ta kontakt via mailen under eller sende oss meldig p\u00e5 v\u00e5re sosiale medier:<\/p>\n\n\n\n<p><\/p>\n\n\n\n<div class=\"wp-block-buttons is-content-justification-center is-layout-flex wp-container-core-buttons-is-layout-1 wp-block-buttons-is-layout-flex\">\n<div class=\"wp-block-button\"><a class=\"wp-block-button__link has-text-align-center wp-element-button\" href=\"https:\/\/www.facebook.com\/Studenterhytta\">Facebook<\/a><\/div>\n\n\n\n<div class=\"wp-block-button\"><a class=\"wp-block-button__link has-text-align-center wp-element-button\" href=\"https:\/\/www.instagram.com\/studenterhytta\/\">Instagram<\/a><\/div>\n\n\n\n<div class=\"wp-block-button\"><a class=\"wp-block-button__link wp-element-button\" href=\"https:\/\/www.tiktok.com\/@studenterhytta.nt?_r=1&amp;_t=ZN-92qJtOX8GaE\">TikTok<\/a><\/div>\n<\/div>\n\n\n\n<p><\/p>\n\n\n\n<p class=\"has-text-align-center\">Ved generelle henvendelser kan du sende mail til <a href=\"mailto:studenterhytta@ntnui.no\">studenterhytta@ntnui.no<\/a>.<\/p>\n\n\n\n<p class=\"has-text-align-center\">Ved henvendelser om utleie sendes de til studenterhytta-utleie@ntnui.no.<\/p>\n<\/div><\/div><\/div>\n\n\n\n<div class=\"wp-block-atomic-blocks-ab-columns ab-layout-columns-3 ab-3-col-equal\"><div class=\"ab-layout-column-wrap ab-block-layout-column-gap-2 ab-is-responsive-column\">\n<div class=\"wp-block-atomic-blocks-ab-column ab-block-layout-column\"><div class=\"ab-block-layout-column-inner\">\n<div style=\"background-color:#f2f2f2;color:#32373c\" class=\"wp-block-atomic-blocks-ab-profile-box square ab-has-avatar ab-font-size-18 ab-block-profile ab-profile-columns\"><div class=\"ab-profile-column ab-profile-avatar-wrap\"><div class=\"ab-profile-image-wrap\"><figure class=\"ab-profile-image-square\"><img loading=\"lazy\" decoding=\"async\" width=\"1868\" height=\"2491\" class=\"ab-profile-avatar wp-image-915\" src=\"https:\/\/ntnui.no\/studenterhytta\/wp-content\/uploads\/sites\/310\/2026\/02\/2026-02-07_Thomas-Vinnes_PRT-9.jpg\" alt=\"\" \/><\/figure><\/div><\/div><div class=\"ab-profile-column ab-profile-content-wrap\"><h2 class=\"ab-profile-name\" style=\"color:#32373c\">Hyttesjef<\/h2><p class=\"ab-profile-title\" style=\"color:#32373c\"><strong><a href=\"mailto:brede.haugland@ntnui.no\">Brede Haugland<\/a><\/strong><\/p><div class=\"ab-profile-text\"><p>Mailadresse: <a href=\"mailto:brede.haugland@ntnui.no\">brede.haugland[at]ntnui.no<\/a><\/p><p><\/p><\/div><ul class=\"ab-social-links\"><\/ul><\/div><\/div>\n<\/div><\/div>\n\n\n\n<div class=\"wp-block-atomic-blocks-ab-column ab-block-layout-column\"><div class=\"ab-block-layout-column-inner\">\n<div style=\"background-color:#f2f2f2;color:#32373c\" class=\"wp-block-atomic-blocks-ab-profile-box square ab-has-avatar ab-font-size-18 ab-block-profile ab-profile-columns\"><div class=\"ab-profile-column ab-profile-avatar-wrap\"><div class=\"ab-profile-image-wrap\"><figure class=\"ab-profile-image-square\"><img loading=\"lazy\" decoding=\"async\" width=\"1992\" height=\"2656\" class=\"ab-profile-avatar wp-image-918\" src=\"https:\/\/ntnui.no\/studenterhytta\/wp-content\/uploads\/sites\/310\/2026\/02\/2026-02-07_Thomas-Vinnes_PRT-13.jpg\" alt=\"\" \/><\/figure><\/div><\/div><div class=\"ab-profile-column ab-profile-content-wrap\"><h2 class=\"ab-profile-name\" style=\"color:#32373c\">Visehyttesjef<\/h2><p class=\"ab-profile-title\" style=\"color:#32373c\"><strong>Christina Furulund Juliussen<\/strong><\/p><div class=\"ab-profile-text\"><p>Mailadresse: <a href=\"mailto:christina.juliussen@ntnui.no\">christina.juliussen[at]ntnui.no<\/a><\/p><\/div><ul class=\"ab-social-links\"><\/ul><\/div><\/div>\n<\/div><\/div>\n\n\n\n<div class=\"wp-block-atomic-blocks-ab-column ab-block-layout-column\"><div class=\"ab-block-layout-column-inner\">\n<div style=\"background-color:#f2f2f2;color:#32373c\" class=\"wp-block-atomic-blocks-ab-profile-box square ab-has-avatar ab-font-size-18 ab-block-profile ab-profile-columns\"><div class=\"ab-profile-column ab-profile-avatar-wrap\"><div class=\"ab-profile-image-wrap\"><figure class=\"ab-profile-image-square\"><img loading=\"lazy\" decoding=\"async\" width=\"1976\" height=\"2635\" class=\"ab-profile-avatar wp-image-917\" src=\"https:\/\/ntnui.no\/studenterhytta\/wp-content\/uploads\/sites\/310\/2026\/02\/2026-02-07_Thomas-Vinnes_PRT-16.jpg\" alt=\"\" \/><\/figure><\/div><\/div><div class=\"ab-profile-column ab-profile-content-wrap\"><h2 class=\"ab-profile-name\" style=\"color:#32373c\">\u00d8konomiansvarlig<\/h2><p class=\"ab-profile-title\" style=\"color:#32373c\"><strong>Ingunn Egeberg V\u00e1ri<\/strong><\/p><div class=\"ab-profile-text\"><p>Mailadresse: <a href=\"mailto:ingunn.vari@ntnui.no\">ingunn.vari[at]ntnui.no<\/a><\/p><\/div><ul class=\"ab-social-links\"><\/ul><\/div><\/div>\n<\/div><\/div>\n<\/div><\/div>\n\n\n\n<div class=\"wp-block-atomic-blocks-ab-columns ab-layout-columns-3 ab-3-col-equal\"><div class=\"ab-layout-column-wrap ab-block-layout-column-gap-2 ab-is-responsive-column\">\n<div class=\"wp-block-atomic-blocks-ab-column ab-block-layout-column\"><div class=\"ab-block-layout-column-inner\">\n<div style=\"background-color:#f2f2f2;color:#32373c\" class=\"wp-block-atomic-blocks-ab-profile-box square ab-has-avatar ab-font-size-18 ab-block-profile ab-profile-columns\"><div class=\"ab-profile-column ab-profile-avatar-wrap\"><div class=\"ab-profile-image-wrap\"><figure class=\"ab-profile-image-square\"><img loading=\"lazy\" decoding=\"async\" width=\"1834\" height=\"2446\" class=\"ab-profile-avatar wp-image-919\" src=\"https:\/\/ntnui.no\/studenterhytta\/wp-content\/uploads\/sites\/310\/2026\/02\/2026-02-07_Thomas-Vinnes_PRT-12.jpg\" alt=\"\" \/><\/figure><\/div><\/div><div class=\"ab-profile-column ab-profile-content-wrap\"><h2 class=\"ab-profile-name\" style=\"color:#32373c\">Kasserer<\/h2><p class=\"ab-profile-title\" style=\"color:#32373c\"><strong>Asle Heide Vaskinn<\/strong><\/p><div class=\"ab-profile-text\"><p>Mailadresse: <a href=\"mailto:asle.vaskinn@ntnui.no\">asle.vaskinn[at]ntnui.no<\/a><\/p><\/div><ul class=\"ab-social-links\"><\/ul><\/div><\/div>\n<\/div><\/div>\n\n\n\n<div class=\"wp-block-atomic-blocks-ab-column ab-block-layout-column\"><div class=\"ab-block-layout-column-inner\">\n<div style=\"background-color:#f2f2f2;color:#32373c\" class=\"wp-block-atomic-blocks-ab-profile-box square ab-has-avatar ab-font-size-18 ab-block-profile ab-profile-columns\"><div class=\"ab-profile-column ab-profile-avatar-wrap\"><div class=\"ab-profile-image-wrap\"><figure class=\"ab-profile-image-square\"><img loading=\"lazy\" decoding=\"async\" width=\"1982\" height=\"2643\" class=\"ab-profile-avatar wp-image-916\" src=\"https:\/\/ntnui.no\/studenterhytta\/wp-content\/uploads\/sites\/310\/2026\/02\/2026-02-07_Thomas-Vinnes_PRT-17.jpg\" alt=\"\" \/><\/figure><\/div><\/div><div class=\"ab-profile-column ab-profile-content-wrap\"><h2 class=\"ab-profile-name\" style=\"color:#32373c\">\u00d8l- og badstuoppmann<\/h2><p class=\"ab-profile-title\" style=\"color:#32373c\"><strong><strong>Radek \u00c5sbj\u00f8rn Olejnik<\/strong><\/strong><\/p><div class=\"ab-profile-text\"><p>Mailadresse: <a href=\"mailto:asbjorn.olejnik@ntnui.no\">asbjorn.olejnik[at]ntnui.no<\/a><\/p><\/div><ul class=\"ab-social-links\"><\/ul><\/div><\/div>\n<\/div><\/div>\n\n\n\n<div class=\"wp-block-atomic-blocks-ab-column ab-block-layout-column\"><div class=\"ab-block-layout-column-inner\">\n<p><\/p>\n<\/div><\/div>\n<\/div><\/div>\n\n\n\n<p><\/p>\n\n\n\n<p><\/p>\n\n\n\n<p><em>Alle foto: Thomas Vinnes\/NTNUI Blits<\/em><\/p>\n<\/div><\/div>\n<\/div><\/div>\n<\/div><\/div>\n","protected":false},"excerpt":{"rendered":"","protected":false},"author":333,"featured_media":0,"parent":0,"menu_order":0,"comment_status":"closed","ping_status":"closed","template":"","meta":{"_coblocks_attr":"","_coblocks_dimensions":"","_coblocks_responsive_height":"","_coblocks_accordion_ie_support":"","_price":"","_stock":"","_tribe_ticket_header":"","_tribe_default_ticket_provider":"","_tribe_ticket_capacity":"0","_ticket_start_date":"","_ticket_end_date":"","_tribe_ticket_show_description":"","_tribe_ticket_show_not_going":false,"_tribe_ticket_use_global_stock":"","_tribe_ticket_global_stock_level":"","_global_stock_mode":"","_global_stock_cap":"","_tribe_rsvp_for_event":"","_tribe_ticket_going_count":"","_tribe_ticket_not_going_count":"","_tribe_tickets_list":[],"_tribe_ticket_has_attendee_info_fields":false,"_EventAllDay":false,"_EventTimezone":"","_EventStartDate":"","_EventEndDate":"","_EventStartDateUTC":"","_EventEndDateUTC":"","_EventShowMap":false,"_EventShowMapLink":false,"_EventURL":"","_EventCost":"","_EventCostDescription":"","_EventCurrencySymbol":"","_EventCurrencyPosition":"","_EventDateTimeSeparator":"","_EventTimeRangeSeparator":"","_EventOrganizerID":[],"_EventVenueID":0,"_OrganizerEmail":"","_OrganizerPhone":"","_OrganizerWebsite":"","_VenueAddress":"","_VenueCity":"","_VenueCountry":"","_VenueProvince":"","_VenueZip":"","_VenuePhone":"","_VenueURL":"","_VenueStateProvince":"","_VenueLat":"","_VenueLng":"","footnotes":""},"class_list":["post-127","page","type-page","status-publish","hentry"],"featured_image_src":null,"featured_image_src_square":null,"_links":{"self":[{"href":"https:\/\/ntnui.no\/studenterhytta\/wp-json\/wp\/v2\/pages\/127","targetHints":{"allow":["GET"]}}],"collection":[{"href":"https:\/\/ntnui.no\/studenterhytta\/wp-json\/wp\/v2\/pages"}],"about":[{"href":"https:\/\/ntnui.no\/studenterhytta\/wp-json\/wp\/v2\/types\/page"}],"author":[{"embeddable":true,"href":"https:\/\/ntnui.no\/studenterhytta\/wp-json\/wp\/v2\/users\/333"}],"replies":[{"embeddable":true,"href":"https:\/\/ntnui.no\/studenterhytta\/wp-json\/wp\/v2\/comments?post=127"}],"version-history":[{"count":31,"href":"https:\/\/ntnui.no\/studenterhytta\/wp-json\/wp\/v2\/pages\/127\/revisions"}],"predecessor-version":[{"id":941,"href":"https:\/\/ntnui.no\/studenterhytta\/wp-json\/wp\/v2\/pages\/127\/revisions\/941"}],"wp:attachment":[{"href":"https:\/\/ntnui.no\/studenterhytta\/wp-json\/wp\/v2\/media?parent=127"}],"curies":[{"name":"wp","href":"https:\/\/api.w.org\/{rel}","templated":true}]}}