{"id":119,"date":"2025-11-30T23:48:58","date_gmt":"2025-11-30T23:48:58","guid":{"rendered":"https:\/\/ntnui.no\/studenterhytta\/?page_id=119"},"modified":"2026-02-09T22:16:42","modified_gmt":"2026-02-09T22:16:42","slug":"hyttas-venner","status":"publish","type":"page","link":"https:\/\/ntnui.no\/studenterhytta\/hyttas-venner\/","title":{"rendered":"Hyttas venner"},"content":{"rendered":"\n<p>Studenterhyttas venner ble stiftet i 1967 av tidligere hytte- og koiegjengere som \u00f8nsket \u00e5 st\u00f8tte opp om milj\u00f8et og driften p\u00e5 Studenterhytta og Koiene.<\/p>\n\n\n\n<p>Foreningen best\u00e5r idag av ca 100 medlemmer. Annet hvert \u00e5r (samme \u00e5r som UKA) inviteres medlemmene til Notabelforsamlingen, som er generalforsamlingen til Hyttas venner, og ikke minst en god gammel Hyttefest med alt som h\u00f8rer til. Medlemmene kan ogs\u00e5 bruke Studenterhytta og koiene p\u00e5 lik linje med medlemmer i NTNUI.<\/p>\n\n\n\n<p>Foreningen gir betydelig \u00f8konomisk st\u00f8tte til drift og vedlikehold. De siste \u00e5rene har Hyttas venner bidratt med midler til blant annet utbedringer i vertskapsboligen p\u00e5 Hytta, og til nye piper p\u00e5 flere av koiene.<\/p>\n\n\n\n<p>Hvis du er glad i Hytta og Hyttemilj\u00f8et (og koiene), og \u00f8nsker \u00e5 bidra til at det opprettholdes, kan du melde deg inn i foreningen.<\/p>\n\n\n\n<p>Se Hyttas venners egen nettside for meldemskontingent og innmelding: <a href=\"https:\/\/www.hyttasvenner.org\/\">https:\/\/www.hyttasvenner.org\/<\/a><\/p>\n\n\n<div class=\"wp-block-image\">\n<figure class=\"aligncenter size-full\"><img loading=\"lazy\" decoding=\"async\" width=\"1024\" height=\"683\" src=\"https:\/\/ntnui.no\/studenterhytta\/wp-content\/uploads\/sites\/310\/2025\/12\/35031922696_927c673d73_b.jpg\" alt=\"\" class=\"wp-image-787\" \/><\/figure><\/div>","protected":false},"excerpt":{"rendered":"<p>Studenterhyttas venner ble stiftet i 1967 av tidligere hytte- og koiegjengere som \u00f8nsket \u00e5 st\u00f8tte opp om milj\u00f8et og driften p\u00e5 Studenterhytta og Koiene. Foreningen best\u00e5r idag av ca 100 [&hellip;]<\/p>\n","protected":false},"author":333,"featured_media":0,"parent":0,"menu_order":0,"comment_status":"closed","ping_status":"closed","template":"","meta":{"_coblocks_attr":"","_coblocks_dimensions":"","_coblocks_responsive_height":"","_coblocks_accordion_ie_support":"","_price":"","_stock":"","_tribe_ticket_header":"","_tribe_default_ticket_provider":"","_tribe_ticket_capacity":"0","_ticket_start_date":"","_ticket_end_date":"","_tribe_ticket_show_description":"","_tribe_ticket_show_not_going":false,"_tribe_ticket_use_global_stock":"","_tribe_ticket_global_stock_level":"","_global_stock_mode":"","_global_stock_cap":"","_tribe_rsvp_for_event":"","_tribe_ticket_going_count":"","_tribe_ticket_not_going_count":"","_tribe_tickets_list":[],"_tribe_ticket_has_attendee_info_fields":false,"_EventAllDay":false,"_EventTimezone":"","_EventStartDate":"","_EventEndDate":"","_EventStartDateUTC":"","_EventEndDateUTC":"","_EventShowMap":false,"_EventShowMapLink":false,"_EventURL":"","_EventCost":"","_EventCostDescription":"","_EventCurrencySymbol":"","_EventCurrencyPosition":"","_EventDateTimeSeparator":"","_EventTimeRangeSeparator":"","_EventOrganizerID":[],"_EventVenueID":0,"_OrganizerEmail":"","_OrganizerPhone":"","_OrganizerWebsite":"","_VenueAddress":"","_VenueCity":"","_VenueCountry":"","_VenueProvince":"","_VenueZip":"","_VenuePhone":"","_VenueURL":"","_VenueStateProvince":"","_VenueLat":"","_VenueLng":"","footnotes":""},"class_list":["post-119","page","type-page","status-publish","hentry"],"featured_image_src":null,"featured_image_src_square":null,"_links":{"self":[{"href":"https:\/\/ntnui.no\/studenterhytta\/wp-json\/wp\/v2\/pages\/119","targetHints":{"allow":["GET"]}}],"collection":[{"href":"https:\/\/ntnui.no\/studenterhytta\/wp-json\/wp\/v2\/pages"}],"about":[{"href":"https:\/\/ntnui.no\/studenterhytta\/wp-json\/wp\/v2\/types\/page"}],"author":[{"embeddable":true,"href":"https:\/\/ntnui.no\/studenterhytta\/wp-json\/wp\/v2\/users\/333"}],"replies":[{"embeddable":true,"href":"https:\/\/ntnui.no\/studenterhytta\/wp-json\/wp\/v2\/comments?post=119"}],"version-history":[{"count":9,"href":"https:\/\/ntnui.no\/studenterhytta\/wp-json\/wp\/v2\/pages\/119\/revisions"}],"predecessor-version":[{"id":906,"href":"https:\/\/ntnui.no\/studenterhytta\/wp-json\/wp\/v2\/pages\/119\/revisions\/906"}],"wp:attachment":[{"href":"https:\/\/ntnui.no\/studenterhytta\/wp-json\/wp\/v2\/media?parent=119"}],"curies":[{"name":"wp","href":"https:\/\/api.w.org\/{rel}","templated":true}]}}