{"id":110,"date":"2025-11-30T23:32:16","date_gmt":"2025-11-30T23:32:16","guid":{"rendered":"https:\/\/ntnui.no\/studenterhytta\/?page_id=110"},"modified":"2025-12-12T20:51:27","modified_gmt":"2025-12-12T20:51:27","slug":"apen-hverdag","status":"publish","type":"page","link":"https:\/\/ntnui.no\/studenterhytta\/apen-hverdag\/","title":{"rendered":"Hverdag"},"content":{"rendered":"\n<p><em>Det er forel\u00f8pig usikkert om Hytta skal ha hverdags\u00e5pent v\u00e5ren 2026. I s\u00e5fall legger vi det ut i oversikten p\u00e5 forsiden.<\/em><\/p>\n\n\n\n<figure class=\"wp-block-image size-full\"><img loading=\"lazy\" decoding=\"async\" width=\"3648\" height=\"1700\" src=\"https:\/\/ntnui.no\/studenterhytta\/wp-content\/uploads\/sites\/310\/2025\/12\/hytta-bak-1.jpg\" alt=\"\" class=\"wp-image-357\" \/><\/figure>\n\n\n\n<p>For \u00e5 v\u00e6re sikret kveldsmat m\u00e5 du melde deg p\u00e5 f\u00f8r kl. 17:30. P\u00e5meldingen gjelder kun for maten \u2013 du trenger ikke \u00e5 melde deg p\u00e5 for \u00e5 ta Hyttebussen eller for \u00e5 bes\u00f8ke hytta, badstua osv.\u200b<\/p>\n\n\n\n<p>P\u00e5 Studenterhytta disse kveldene er badstua varm, for de som vil ta badstue etter trening, spille badstuludo eller bare slappe av med noe kaldt fra \u00d8lbua. Vi kan fyre i peisen i Lillepeis, der man kan sitte og lese tegneserier, spille spill, piano og alt annet du m\u00e5tte finne p\u00e5. Er du sulten kan du f\u00e5 varm kveldsmat kl 19.30 til 60 kr. Hvis du melder deg til \u00e5 hjelpe til med \u00e5 ta oppvasken f\u00e5r du kveldsmaten gratis.<\/p>\n\n\n\n<p>Studenterhytta setter opp en egen buss til onsdagene. Bussen er merket &#8220;Hyttebussen&#8221; og kj\u00f8res av Trondheim Turbuss (dette st\u00e5r p\u00e5 fronten av bussen).<\/p>\n\n\n\n<p>Bussen er gratis for NTNUI-medlemmer, og ikke-medlemmer betaler 40 kr tur-retur, betaling i \u00d8lbua p\u00e5 Hytta. Bussen har 50 plasser, hvis den er full kan man ta AtB-buss.<\/p>\n\n\n\n<p>\u200b\u200b<\/p>\n\n\n\n<p><strong>Hyttebussen<\/strong><\/p>\n\n\n\n<p>Bussen stopper p\u00e5 vanlige holdeplasser. Bare vink etter bussen s\u00e5 stopper den.<\/p>\n\n\n\n<p>Rute (se kart under):\u200b\u200b\u200b\u200b<\/p>\n\n\n\n<p><\/p>\n\n\n\n<ul class=\"wp-block-list\">\n<li>Kl 17:00: Avreise fra Dragvoll<\/li>\n<\/ul>\n\n\n\n<ul class=\"wp-block-list\">\n<li>Moholt studentby<\/li>\n\n\n\n<li>Berg studentby.<\/li>\n\n\n\n<li>Kl 17:30 Hovedbygningen (Alts\u00e5 ikke H\u00f8gskoleringen)<\/li>\n\n\n\n<li>Samfundet 3 (I klostergata)<\/li>\n\n\n\n<li>St. Olavs gate<\/li>\n\n\n\n<li>Skansen<\/li>\n\n\n\n<li>Ila<\/li>\n\n\n\n<li>Kl 18:00 Ankomst Studenterhytta.<\/li>\n\n\n\n<li>Kl 22:00 Avreise Studenterhytta<\/li>\n<\/ul>\n\n\n\n<p>Det g\u00e5r ogs\u00e5 vanlige AtB-busser til Skistua (rute 18). Disse g\u00e5r ca hver time, siste g\u00e5r ned kl 21.<\/p>\n\n\n\n<p>Velkommen!\u200b<\/p>\n\n\n\n<h4 class=\"wp-block-heading\">Kart over Hyttebussen<\/h4>\n\n\n\n<p><\/p>\n\n\n\n<figure class=\"wp-block-image\"><img decoding=\"async\" src=\"https:\/\/static.wixstatic.com\/media\/92542f_8aed731404f74e5b8e2fd455f92cfc6a~mv2.png\/v1\/fill\/w_600,h_510,al_c,q_85,usm_0.66_1.00_0.01,enc_avif,quality_auto\/92542f_8aed731404f74e5b8e2fd455f92cfc6a~mv2.png\" alt=\"\" \/><\/figure>\n","protected":false},"excerpt":{"rendered":"<p>Det er forel\u00f8pig usikkert om Hytta skal ha hverdags\u00e5pent v\u00e5ren 2026. I s\u00e5fall legger vi det ut i oversikten p\u00e5 forsiden. For \u00e5 v\u00e6re sikret kveldsmat m\u00e5 du melde deg [&hellip;]<\/p>\n","protected":false},"author":333,"featured_media":0,"parent":0,"menu_order":0,"comment_status":"closed","ping_status":"closed","template":"","meta":{"_coblocks_attr":"","_coblocks_dimensions":"","_coblocks_responsive_height":"","_coblocks_accordion_ie_support":"","_price":"","_stock":"","_tribe_ticket_header":"","_tribe_default_ticket_provider":"","_tribe_ticket_capacity":"0","_ticket_start_date":"","_ticket_end_date":"","_tribe_ticket_show_description":"","_tribe_ticket_show_not_going":false,"_tribe_ticket_use_global_stock":"","_tribe_ticket_global_stock_level":"","_global_stock_mode":"","_global_stock_cap":"","_tribe_rsvp_for_event":"","_tribe_ticket_going_count":"","_tribe_ticket_not_going_count":"","_tribe_tickets_list":[],"_tribe_ticket_has_attendee_info_fields":false,"_EventAllDay":false,"_EventTimezone":"","_EventStartDate":"","_EventEndDate":"","_EventStartDateUTC":"","_EventEndDateUTC":"","_EventShowMap":false,"_EventShowMapLink":false,"_EventURL":"","_EventCost":"","_EventCostDescription":"","_EventCurrencySymbol":"","_EventCurrencyPosition":"","_EventDateTimeSeparator":"","_EventTimeRangeSeparator":"","_EventOrganizerID":[],"_EventVenueID":0,"_OrganizerEmail":"","_OrganizerPhone":"","_OrganizerWebsite":"","_VenueAddress":"","_VenueCity":"","_VenueCountry":"","_VenueProvince":"","_VenueZip":"","_VenuePhone":"","_VenueURL":"","_VenueStateProvince":"","_VenueLat":"","_VenueLng":"","footnotes":""},"class_list":["post-110","page","type-page","status-publish","hentry"],"featured_image_src":null,"featured_image_src_square":null,"_links":{"self":[{"href":"https:\/\/ntnui.no\/studenterhytta\/wp-json\/wp\/v2\/pages\/110","targetHints":{"allow":["GET"]}}],"collection":[{"href":"https:\/\/ntnui.no\/studenterhytta\/wp-json\/wp\/v2\/pages"}],"about":[{"href":"https:\/\/ntnui.no\/studenterhytta\/wp-json\/wp\/v2\/types\/page"}],"author":[{"embeddable":true,"href":"https:\/\/ntnui.no\/studenterhytta\/wp-json\/wp\/v2\/users\/333"}],"replies":[{"embeddable":true,"href":"https:\/\/ntnui.no\/studenterhytta\/wp-json\/wp\/v2\/comments?post=110"}],"version-history":[{"count":5,"href":"https:\/\/ntnui.no\/studenterhytta\/wp-json\/wp\/v2\/pages\/110\/revisions"}],"predecessor-version":[{"id":707,"href":"https:\/\/ntnui.no\/studenterhytta\/wp-json\/wp\/v2\/pages\/110\/revisions\/707"}],"wp:attachment":[{"href":"https:\/\/ntnui.no\/studenterhytta\/wp-json\/wp\/v2\/media?parent=110"}],"curies":[{"name":"wp","href":"https:\/\/api.w.org\/{rel}","templated":true}]}}