{"id":108,"date":"2025-11-30T23:31:59","date_gmt":"2025-11-30T23:31:59","guid":{"rendered":"https:\/\/ntnui.no\/studenterhytta\/?page_id=108"},"modified":"2026-03-05T17:39:03","modified_gmt":"2026-03-05T17:39:03","slug":"apen-helg","status":"publish","type":"page","link":"https:\/\/ntnui.no\/studenterhytta\/apen-helg\/","title":{"rendered":"Helg"},"content":{"rendered":"\n<p>P\u00e5melding \u00e5pen helg 7.-8. mars her: <em><a href=\"https:\/\/register.studenterhytta.org\/event\/apen-hytte-7-8-mars\">https:\/\/register.studenterhytta.org\/event\/apen-hytte-7-8-mars<\/a><\/em><\/p>\n\n\n\n<div class=\"wp-block-blockgallery-carousel\"><div class=\"is-cropped blockgallery has-no-alignment has-caption-style-dark has-horizontal-gutter\"><div class=\"has-carousel has-carousel-lrg\" style=\"height:400px\" data-flickity=\"{&quot;autoPlay&quot;:false,&quot;draggable&quot;:true,&quot;pageDots&quot;:false,&quot;prevNextButtons&quot;:true,&quot;wrapAround&quot;:true,&quot;arrowShape&quot;:{&quot;x0&quot;:10,&quot;x1&quot;:60,&quot;y1&quot;:50,&quot;x2&quot;:65,&quot;y2&quot;:45,&quot;x3&quot;:20}}\"><div class=\"blockgallery--item\"><figure class=\"blockgallery--figure has-margin-left-5 has-margin-left-mobile-5 has-margin-right-5 has-margin-right-mobile-5\"><img loading=\"lazy\" decoding=\"async\" width=\"1898\" height=\"2847\" src=\"https:\/\/ntnui.no\/studenterhytta\/wp-content\/uploads\/sites\/310\/2025\/12\/2025-04-26_Pernille-S-Osmundsen-a\u030apen-helg-18-liten-3.jpg\" alt=\"\" data-id=\"350\" data-link=\"https:\/\/ntnui.no\/studenterhytta\/apen-helg\/2025-04-26_pernille-s-osmundsen-a%cc%8apen-helg-18-liten-4\/\" class=\"wp-image-350\" \/><\/figure><\/div><div class=\"blockgallery--item\"><figure class=\"blockgallery--figure has-margin-left-5 has-margin-left-mobile-5 has-margin-right-5 has-margin-right-mobile-5\"><img loading=\"lazy\" decoding=\"async\" width=\"1365\" height=\"2048\" src=\"https:\/\/ntnui.no\/studenterhytta\/wp-content\/uploads\/sites\/310\/2025\/12\/2025-04-26_Pernille-S-Osmundsen-a\u030apen-helg-17-X4-4.jpg\" alt=\"\" data-id=\"351\" data-link=\"https:\/\/ntnui.no\/studenterhytta\/apen-helg\/2025-04-26_pernille-s-osmundsen-a%cc%8apen-helg-17-x4-5\/\" class=\"wp-image-351\" \/><\/figure><\/div><div class=\"blockgallery--item\"><figure class=\"blockgallery--figure has-margin-left-5 has-margin-left-mobile-5 has-margin-right-5 has-margin-right-mobile-5\"><img loading=\"lazy\" decoding=\"async\" width=\"4000\" height=\"3000\" src=\"https:\/\/ntnui.no\/studenterhytta\/wp-content\/uploads\/sites\/310\/2025\/12\/DSC_4069.jpg\" alt=\"\" data-id=\"445\" data-link=\"https:\/\/ntnui.no\/studenterhytta\/apen-helg\/dsc_4069\/\" class=\"wp-image-445\" \/><\/figure><\/div><div class=\"blockgallery--item\"><figure class=\"blockgallery--figure has-margin-left-5 has-margin-left-mobile-5 has-margin-right-5 has-margin-right-mobile-5\"><img loading=\"lazy\" decoding=\"async\" width=\"4000\" height=\"3000\" src=\"https:\/\/ntnui.no\/studenterhytta\/wp-content\/uploads\/sites\/310\/2025\/12\/DSC_4043-1.jpg\" alt=\"\" data-id=\"442\" data-link=\"https:\/\/ntnui.no\/studenterhytta\/apen-helg\/dsc_4043-1\/\" class=\"wp-image-442\" \/><\/figure><\/div><div class=\"blockgallery--item\"><figure class=\"blockgallery--figure has-margin-left-5 has-margin-left-mobile-5 has-margin-right-5 has-margin-right-mobile-5\"><img loading=\"lazy\" decoding=\"async\" width=\"4000\" height=\"3000\" src=\"https:\/\/ntnui.no\/studenterhytta\/wp-content\/uploads\/sites\/310\/2025\/12\/DSC_4101-1.jpg\" alt=\"\" data-id=\"443\" data-link=\"https:\/\/ntnui.no\/studenterhytta\/apen-helg\/dsc_4101-1\/\" class=\"wp-image-443\" \/><\/figure><\/div><div class=\"blockgallery--item\"><figure class=\"blockgallery--figure has-margin-left-5 has-margin-left-mobile-5 has-margin-right-5 has-margin-right-mobile-5\"><img loading=\"lazy\" decoding=\"async\" width=\"4000\" height=\"3000\" src=\"https:\/\/ntnui.no\/studenterhytta\/wp-content\/uploads\/sites\/310\/2025\/12\/DSC_4061.jpg\" alt=\"\" data-id=\"446\" data-link=\"https:\/\/ntnui.no\/studenterhytta\/apen-helg\/dsc_4061\/\" class=\"wp-image-446\" \/><\/figure><\/div><div class=\"blockgallery--item\"><figure class=\"blockgallery--figure has-margin-left-5 has-margin-left-mobile-5 has-margin-right-5 has-margin-right-mobile-5\"><img loading=\"lazy\" decoding=\"async\" width=\"4000\" height=\"3000\" src=\"https:\/\/ntnui.no\/studenterhytta\/wp-content\/uploads\/sites\/310\/2025\/12\/DSC_4077.jpg\" alt=\"\" data-id=\"444\" data-link=\"https:\/\/ntnui.no\/studenterhytta\/apen-helg\/dsc_4077\/\" class=\"wp-image-444\" \/><\/figure><\/div><\/div><\/div><\/div>\n\n\n\n<p><em>Begge foto: Pernille S. Osmundsen\/NTNUI (CC BY 4.0)<\/em><\/p>\n\n\n\n<p>Ta turen innom for kaffe eller pannekaker etter en tur i Bymarka, slapp av i badstua eller stampen, kj\u00f8p noe kaldt i \u00f8lbua, spill brettspill i peisestua eller bare ha en trivelig dag og kveld p\u00e5 Hytta!<\/p>\n\n\n\n<p>Hytta er \u00e5pen hele helgen, fra l\u00f8rdag formiddag til s\u00f8ndag ettermiddag. Det er bare \u00e5 komme innom n\u00e5r som helst, men om du vil ha pannekakemiddag er det fint om du sier ifra via skjemaet gjerne s\u00e5 tidlig som mulig, men senest innen fire timer f\u00f8r. Vi lager alltid litt ekstra mat, men det er best at flest mulig melder seg p\u00e5 forh\u00e5nd.<\/p>\n\n\n\n<p>Hvis du tar p\u00e5 deg en av de frivilige oppgavene, er du ogs\u00e5 velkommen til \u00e5 overnatte i sovesalene p\u00e5 loftet p\u00e5 Hytta, her har vi 40 sengeplasser med senger, dyner og puter. Her er det f\u00f8rstemann til m\u00f8lla for \u00e5 reservere sengen (ved \u00e5 legge soveposen\/senget\u00f8y p\u00e5 sengen, og skrive seg opp p\u00e5 sovesallisten).<\/p>\n\n\n\n<p>Antall \u00e5pne overnattingsplasser alts\u00e5 begrenset til de som hjelper til i l\u00f8pet av helgen. Medlemmer av Hyttegruppa f\u00e5r alltid plass, og kan ta med seg venner. Les mer om Hyttegruppa <a href=\"https:\/\/ntnui.no\/studenterhytta\/hyttegruppa\/\" data-type=\"page\" data-id=\"101\">her<\/a>.<\/p>\n\n\n\n<p>Husk at Hytta drives frivillig, og alle m\u00e5 bidra til at det er fint \u00e5 v\u00e6re p\u00e5 Hytta. S\u00e5 rydd opp etter deg selv etter m\u00e5ltid, og re opp senga etter at du har overnattet. Om du \u00f8nsker \u00e5 hjelpe til med noe, meld deg p\u00e5 oppgaver i p\u00e5meldingsskjemaet eller si ifra til en av oss som er Hyttevert n\u00e5r du er p\u00e5 Hytta.<\/p>\n\n\n\n<p>Det er lett \u00e5 komme seg til Studenterhytta b\u00e5de til fots og med kollektivtransport:<\/p>\n\n\n\n<ul class=\"wp-block-list\">\n<li>Buss til Skistua, 300 m unna<\/li>\n\n\n\n<li>Trikk til Lian, 4.5 km unna<\/li>\n<\/ul>\n\n\n\n<p>\u200b<\/p>\n\n\n\n<p><strong>Program<\/strong><\/p>\n\n\n\n<p>(M\u00e5ltidene serveres p\u00e5 tidspunktene under)<\/p>\n\n\n\n<p>L\u00f8rdag<\/p>\n\n\n\n<ul class=\"wp-block-list\">\n<li>Kl 12: Hytta \u00e5pner<\/li>\n\n\n\n<li>kl 15:30: Pannekakemiddag og ertesuppe 80 kr<\/li>\n\n\n\n<li>(Siste buss g\u00e5r kl 17:30)<\/li>\n\n\n\n<li>kl 20:30: Varm kveldsmat 80 kr<\/li>\n<\/ul>\n\n\n\n<p>S\u00f8ndag<\/p>\n\n\n\n<ul class=\"wp-block-list\">\n<li>Kl 10: Frokost 60 kr<\/li>\n\n\n\n<li>Kl 12: Hytta stenger<\/li>\n<\/ul>\n\n\n\n<p>Ta med:<\/p>\n\n\n\n<ul class=\"wp-block-list\">\n<li>Badet\u00f8y og h\u00e5ndkle om du vil bruke badstue eller stamp (badstua er varm fra litt etter at Hytta \u00e5pner, og stampen er varm fra etter pannekakemiddag og ut kvelden.<\/li>\n\n\n\n<li>Sovepose eller senget\u00f8y om du vil overnatte. Overnatting koster 50 kr.<\/li>\n<\/ul>\n\n\n\n<p>Ikke ta med:<\/p>\n\n\n\n<ul class=\"wp-block-list\">\n<li>Medbrakt alkohol, siden vi har skjenkebevilling<\/li>\n<\/ul>\n","protected":false},"excerpt":{"rendered":"<p>P\u00e5melding \u00e5pen helg 7.-8. mars her: https:\/\/register.studenterhytta.org\/event\/apen-hytte-7-8-mars Begge foto: Pernille S. Osmundsen\/NTNUI (CC BY 4.0) Ta turen innom for kaffe eller pannekaker etter en tur i Bymarka, slapp av i [&hellip;]<\/p>\n","protected":false},"author":333,"featured_media":0,"parent":0,"menu_order":0,"comment_status":"closed","ping_status":"closed","template":"","meta":{"_coblocks_attr":"","_coblocks_dimensions":"","_coblocks_responsive_height":"","_coblocks_accordion_ie_support":"","_price":"","_stock":"","_tribe_ticket_header":"","_tribe_default_ticket_provider":"","_tribe_ticket_capacity":"0","_ticket_start_date":"","_ticket_end_date":"","_tribe_ticket_show_description":"","_tribe_ticket_show_not_going":false,"_tribe_ticket_use_global_stock":"","_tribe_ticket_global_stock_level":"","_global_stock_mode":"","_global_stock_cap":"","_tribe_rsvp_for_event":"","_tribe_ticket_going_count":"","_tribe_ticket_not_going_count":"","_tribe_tickets_list":[],"_tribe_ticket_has_attendee_info_fields":false,"_EventAllDay":false,"_EventTimezone":"","_EventStartDate":"","_EventEndDate":"","_EventStartDateUTC":"","_EventEndDateUTC":"","_EventShowMap":false,"_EventShowMapLink":false,"_EventURL":"","_EventCost":"","_EventCostDescription":"","_EventCurrencySymbol":"","_EventCurrencyPosition":"","_EventDateTimeSeparator":"","_EventTimeRangeSeparator":"","_EventOrganizerID":[],"_EventVenueID":0,"_OrganizerEmail":"","_OrganizerPhone":"","_OrganizerWebsite":"","_VenueAddress":"","_VenueCity":"","_VenueCountry":"","_VenueProvince":"","_VenueZip":"","_VenuePhone":"","_VenueURL":"","_VenueStateProvince":"","_VenueLat":"","_VenueLng":"","footnotes":""},"class_list":["post-108","page","type-page","status-publish","hentry"],"featured_image_src":null,"featured_image_src_square":null,"_links":{"self":[{"href":"https:\/\/ntnui.no\/studenterhytta\/wp-json\/wp\/v2\/pages\/108","targetHints":{"allow":["GET"]}}],"collection":[{"href":"https:\/\/ntnui.no\/studenterhytta\/wp-json\/wp\/v2\/pages"}],"about":[{"href":"https:\/\/ntnui.no\/studenterhytta\/wp-json\/wp\/v2\/types\/page"}],"author":[{"embeddable":true,"href":"https:\/\/ntnui.no\/studenterhytta\/wp-json\/wp\/v2\/users\/333"}],"replies":[{"embeddable":true,"href":"https:\/\/ntnui.no\/studenterhytta\/wp-json\/wp\/v2\/comments?post=108"}],"version-history":[{"count":24,"href":"https:\/\/ntnui.no\/studenterhytta\/wp-json\/wp\/v2\/pages\/108\/revisions"}],"predecessor-version":[{"id":969,"href":"https:\/\/ntnui.no\/studenterhytta\/wp-json\/wp\/v2\/pages\/108\/revisions\/969"}],"wp:attachment":[{"href":"https:\/\/ntnui.no\/studenterhytta\/wp-json\/wp\/v2\/media?parent=108"}],"curies":[{"name":"wp","href":"https:\/\/api.w.org\/{rel}","templated":true}]}}